{"id":1891,"date":"2025-07-02T16:55:38","date_gmt":"2025-07-02T14:55:38","guid":{"rendered":"https:\/\/ellypara.com\/?post_type=product&#038;p=1891"},"modified":"2025-07-02T16:55:38","modified_gmt":"2025-07-02T14:55:38","slug":"acm-vitix-gel-20ml","status":"publish","type":"product","link":"https:\/\/ellypara.com\/index.php\/produit\/acm-vitix-gel-20ml\/","title":{"rendered":"ACM Vitix Gel 20ml"},"content":{"rendered":"<p>Ce soin quotidien pour le visage et le corps est un r\u00e9gulateur des peaux pr\u00e9sentant des zones d\u00e9pigment\u00e9es (Vitiligo).<\/p>\n<p>Vitix Gel poss\u00e8de un m\u00e9canisme d\u2019action innovant qui permet d\u2019am\u00e9liorer l\u2019\u00e9quilibre physiologique en radicaux libres des cellules de l\u2019\u00e9piderme gr\u00e2ce \u00e0 un extrait v\u00e9g\u00e9tal de melon brevet\u00e9, riche en agents antioxydants. Vitix Gel est un gel opaque non gras \u00e0 l\u2019aspect faiblement granuleux, il renferme des microbilles qui englobent et prot\u00e8gent l\u2019actif v\u00e9g\u00e9tal. Au moment de l\u2019application, l\u2019actif est lib\u00e9r\u00e9 au contact de la peau.<\/p>\n<p>Les \u00e9tudes* r\u00e9alis\u00e9es sur Vitix d\u00e9montrent que l\u2019application r\u00e9guli\u00e8re (deux fois par jour en association avec une phototh\u00e9rapie ou une h\u00e9lioth\u00e9rapie) peut pr\u00e9venir la progression de la d\u00e9pigmentation, freiner son \u00e9volution et permettre d\u2019obtenir, dans un nombre important de cas, des repigmentations satisfaisantes.<\/p>\n<p><strong>Conseils et astuces<\/strong><\/p>\n<p>Appliquer Vitix Gel une \u00e0 deux fois par jour sur les zones concern\u00e9es ainsi que sur leur pourtour. Apr\u00e8s p\u00e9n\u00e9tration compl\u00e8te du gel, il est possible d\u2019appliquer une cr\u00e8me de soin ou un maquillage. Vitix Gel peut s\u2019utiliser en association avec une phototh\u00e9rapie.<\/p>\n<p><strong>COMPOSITION :<\/strong><\/p>\n<p>Aqua (Water), Propylene Glycol, Hydroxypropyltrimonium Maltodextrin Crosspolymer, Cucumis Melo (Melon) Fruit Extract, Carbomer, Acrylates\/C10-30 Alkyl Acrylate Crosspolymer Sodium Hydroxide, Diazolidinyl Urea, Methylparaben, Propylparaben.<\/p>\n<p>La liste des ingr\u00e9dients peut \u00eatre soumise \u00e0 des modifications, nous vous conseillons de v\u00e9rifier la liste figurant sur le produit achet\u00e9.<\/p>\n","protected":false},"excerpt":{"rendered":"<p>Ce gel favorise la repigmentation des zones infect\u00e9es en se basant sur des actifs antioxydants et sur les extraits v\u00e9g\u00e9taux de melon brevet\u00e9. ACM VITIX Gel<\/p>\n","protected":false},"featured_media":1892,"comment_status":"open","ping_status":"closed","template":"","meta":{"ocean_post_layout":"","ocean_both_sidebars_style":"","ocean_both_sidebars_content_width":0,"ocean_both_sidebars_sidebars_width":0,"ocean_sidebar":"0","ocean_second_sidebar":"0","ocean_disable_margins":"enable","ocean_add_body_class":"","ocean_shortcode_before_top_bar":"","ocean_shortcode_after_top_bar":"","ocean_shortcode_before_header":"","ocean_shortcode_after_header":"","ocean_has_shortcode":"","ocean_shortcode_after_title":"","ocean_shortcode_before_footer_widgets":"","ocean_shortcode_after_footer_widgets":"","ocean_shortcode_before_footer_bottom":"","ocean_shortcode_after_footer_bottom":"","ocean_display_top_bar":"default","ocean_display_header":"default","ocean_header_style":"","ocean_center_header_left_menu":"0","ocean_custom_header_template":"0","ocean_custom_logo":0,"ocean_custom_retina_logo":0,"ocean_custom_logo_max_width":0,"ocean_custom_logo_tablet_max_width":0,"ocean_custom_logo_mobile_max_width":0,"ocean_custom_logo_max_height":0,"ocean_custom_logo_tablet_max_height":0,"ocean_custom_logo_mobile_max_height":0,"ocean_header_custom_menu":"0","ocean_menu_typo_font_family":"0","ocean_menu_typo_font_subset":"","ocean_menu_typo_font_size":0,"ocean_menu_typo_font_size_tablet":0,"ocean_menu_typo_font_size_mobile":0,"ocean_menu_typo_font_size_unit":"px","ocean_menu_typo_font_weight":"","ocean_menu_typo_font_weight_tablet":"","ocean_menu_typo_font_weight_mobile":"","ocean_menu_typo_transform":"","ocean_menu_typo_transform_tablet":"","ocean_menu_typo_transform_mobile":"","ocean_menu_typo_line_height":0,"ocean_menu_typo_line_height_tablet":0,"ocean_menu_typo_line_height_mobile":0,"ocean_menu_typo_line_height_unit":"","ocean_menu_typo_spacing":0,"ocean_menu_typo_spacing_tablet":0,"ocean_menu_typo_spacing_mobile":0,"ocean_menu_typo_spacing_unit":"","ocean_menu_link_color":"","ocean_menu_link_color_hover":"","ocean_menu_link_color_active":"","ocean_menu_link_background":"","ocean_menu_link_hover_background":"","ocean_menu_link_active_background":"","ocean_menu_social_links_bg":"","ocean_menu_social_hover_links_bg":"","ocean_menu_social_links_color":"","ocean_menu_social_hover_links_color":"","ocean_disable_title":"default","ocean_disable_heading":"default","ocean_post_title":"","ocean_post_subheading":"","ocean_post_title_style":"","ocean_post_title_background_color":"","ocean_post_title_background":0,"ocean_post_title_bg_image_position":"","ocean_post_title_bg_image_attachment":"","ocean_post_title_bg_image_repeat":"","ocean_post_title_bg_image_size":"","ocean_post_title_height":0,"ocean_post_title_bg_overlay":0.5,"ocean_post_title_bg_overlay_color":"","ocean_disable_breadcrumbs":"default","ocean_breadcrumbs_color":"","ocean_breadcrumbs_separator_color":"","ocean_breadcrumbs_links_color":"","ocean_breadcrumbs_links_hover_color":"","ocean_display_footer_widgets":"default","ocean_display_footer_bottom":"default","ocean_custom_footer_template":"0"},"product_brand":[],"product_cat":[22,39,47,21],"product_tag":[],"class_list":{"0":"post-1891","1":"product","2":"type-product","3":"status-publish","4":"has-post-thumbnail","6":"product_cat-corps","7":"product_cat-soins-anti-taches-et-depigmentants","8":"product_cat-soins-corps","9":"product_cat-visage","11":"entry","12":"has-media","14":"first","15":"instock","16":"taxable","17":"shipping-taxable","18":"purchasable","19":"product-type-simple","20":"has-product-nav","21":"col","22":"span_1_of_3","23":"owp-content-center","24":"owp-thumbs-layout-horizontal","25":"owp-btn-normal","26":"owp-tabs-layout-horizontal"},"_links":{"self":[{"href":"https:\/\/ellypara.com\/index.php\/wp-json\/wp\/v2\/product\/1891","targetHints":{"allow":["GET"]}}],"collection":[{"href":"https:\/\/ellypara.com\/index.php\/wp-json\/wp\/v2\/product"}],"about":[{"href":"https:\/\/ellypara.com\/index.php\/wp-json\/wp\/v2\/types\/product"}],"replies":[{"embeddable":true,"href":"https:\/\/ellypara.com\/index.php\/wp-json\/wp\/v2\/comments?post=1891"}],"wp:featuredmedia":[{"embeddable":true,"href":"https:\/\/ellypara.com\/index.php\/wp-json\/wp\/v2\/media\/1892"}],"wp:attachment":[{"href":"https:\/\/ellypara.com\/index.php\/wp-json\/wp\/v2\/media?parent=1891"}],"wp:term":[{"taxonomy":"product_brand","embeddable":true,"href":"https:\/\/ellypara.com\/index.php\/wp-json\/wp\/v2\/product_brand?post=1891"},{"taxonomy":"product_cat","embeddable":true,"href":"https:\/\/ellypara.com\/index.php\/wp-json\/wp\/v2\/product_cat?post=1891"},{"taxonomy":"product_tag","embeddable":true,"href":"https:\/\/ellypara.com\/index.php\/wp-json\/wp\/v2\/product_tag?post=1891"}],"curies":[{"name":"wp","href":"https:\/\/api.w.org\/{rel}","templated":true}]}}