{"id":1894,"date":"2025-07-02T17:03:20","date_gmt":"2025-07-02T15:03:20","guid":{"rendered":"https:\/\/ellypara.com\/?post_type=product&#038;p=1894"},"modified":"2025-07-02T17:03:20","modified_gmt":"2025-07-02T15:03:20","slug":"acm-vitix-complement-alimentaire-stress-oxydatif-30-comprimes","status":"publish","type":"product","link":"https:\/\/ellypara.com\/index.php\/produit\/acm-vitix-complement-alimentaire-stress-oxydatif-30-comprimes\/","title":{"rendered":"ACM Vitix Compl\u00e9ment Alimentaire Stress Oxydatif 30 comprim\u00e9s"},"content":{"rendered":"<p>Les\u00a0<strong>Comprim\u00e9s Vitix de ACM<\/strong>\u00a0ont \u00e9t\u00e9 \u00e9labor\u00e9s pour contribuer \u00e0 la protection des cellules contre le stress oxydatif. Ce stress oxydant est \u00e0 l\u2019origine de nombreuses maladies, c\u2019est pour cela qu\u2019il est n\u00e9cessaire de lutter contre la survenue d\u2019un tel sympt\u00f4me. En effet, les radicaux libres issus de ce ph\u00e9nom\u00e8ne s\u2019attaquent directement \u00e0 nos mol\u00e9cules les plus importantes ce qui peut devenir un r\u00e9el danger pour notre organisme.<\/p>\n<p>Ces comprim\u00e9s sont formul\u00e9s avec un extrait v\u00e9g\u00e9tal de melon brevet\u00e9, une association d\u2019antioxydants primaires et secondaires, des vitamines\u00a0C, E, B9 et B12, du s\u00e9l\u00e9nium, du cuivre et du zinc.<\/p>\n<p>Les antioxydants primaires \u00e9liminent les radicaux libres primaires par une action continue pour \u00e9viter l\u2019apparition de radicaux libres secondaires. Quant aux antioxydants secondaires, ils \u00e9liminent les radicaux libres secondaires par une action st\u0153chiom\u00e9trique. Les vitamines\u00a0C et E, le cuivre et le s\u00e9l\u00e9nium aident \u00e0 prot\u00e9ger les cellules du stress oxydatif.<\/p>\n<p><strong>Composition<\/strong><\/p>\n<p>Agents de charge : Cellulose Microcristalline, Phosphate Tricalcique ; Vitamine C (acide L-ascorbique) ; Gluconate de Zinc ; Vitamine E (Ac\u00e9tate de DL-alpha tocoph\u00e9ryle) ; Levure enrichie en S\u00e9l\u00e9nium ; anti-agglom\u00e9rant : St\u00e9arate de Magn\u00e9sium ; Vitamine B9 (acide folique) support maltodextrine ; Extrait de Melon (Cucumis melo L.) ; Gluconate de Cuivre ; Vitamine B12 (cyanocobalamine) ; enrobage : Hydroxypropylm\u00e9thylcellulose\/Cellulose Microcristalline\/esters ac\u00e9tiques des mono- et diglyc\u00e9rides d\u2019acides gras, Colorants : Dioxyde de Titane\/Oxyde de Fer\/Complexe Cuivre-Chlorophylline.<\/p>\n<p><strong>Conseil d\u2019utilisation<\/strong><\/p>\n<p>1 comprim\u00e9 par jour avec un peu d\u2019eau au cours d\u2019un repas.<\/p>\n<p>Ne pas d\u00e9passer la dose journali\u00e8re recommand\u00e9e. Tenir hors de port\u00e9e des jeunes enfants. Un compl\u00e9ment alimentaire ne doit pas se substituer \u00e0 une alimentation vari\u00e9e et \u00e9quilibr\u00e9e et \u00e0 un mode de vie sain. \u00c0 conserver \u00e0 l\u2019abri de la chaleur et l\u2019humidit\u00e9. En cas de grossesse consultez votre m\u00e9decin. Vitix est un compl\u00e9ment alimentaire, ce n\u2019est pas un m\u00e9dicament.<\/p>\n","protected":false},"excerpt":{"rendered":"<p>Le compl\u00e9ment alimentaire Vitix du laboratoire ACM est une formule originale contenant diff\u00e9rents actifs visant \u00e0 combattre le stress oxydatif.<\/p>\n","protected":false},"featured_media":1895,"comment_status":"open","ping_status":"closed","template":"","meta":{"ocean_post_layout":"","ocean_both_sidebars_style":"","ocean_both_sidebars_content_width":0,"ocean_both_sidebars_sidebars_width":0,"ocean_sidebar":"0","ocean_second_sidebar":"0","ocean_disable_margins":"enable","ocean_add_body_class":"","ocean_shortcode_before_top_bar":"","ocean_shortcode_after_top_bar":"","ocean_shortcode_before_header":"","ocean_shortcode_after_header":"","ocean_has_shortcode":"","ocean_shortcode_after_title":"","ocean_shortcode_before_footer_widgets":"","ocean_shortcode_after_footer_widgets":"","ocean_shortcode_before_footer_bottom":"","ocean_shortcode_after_footer_bottom":"","ocean_display_top_bar":"default","ocean_display_header":"default","ocean_header_style":"","ocean_center_header_left_menu":"0","ocean_custom_header_template":"0","ocean_custom_logo":0,"ocean_custom_retina_logo":0,"ocean_custom_logo_max_width":0,"ocean_custom_logo_tablet_max_width":0,"ocean_custom_logo_mobile_max_width":0,"ocean_custom_logo_max_height":0,"ocean_custom_logo_tablet_max_height":0,"ocean_custom_logo_mobile_max_height":0,"ocean_header_custom_menu":"0","ocean_menu_typo_font_family":"0","ocean_menu_typo_font_subset":"","ocean_menu_typo_font_size":0,"ocean_menu_typo_font_size_tablet":0,"ocean_menu_typo_font_size_mobile":0,"ocean_menu_typo_font_size_unit":"px","ocean_menu_typo_font_weight":"","ocean_menu_typo_font_weight_tablet":"","ocean_menu_typo_font_weight_mobile":"","ocean_menu_typo_transform":"","ocean_menu_typo_transform_tablet":"","ocean_menu_typo_transform_mobile":"","ocean_menu_typo_line_height":0,"ocean_menu_typo_line_height_tablet":0,"ocean_menu_typo_line_height_mobile":0,"ocean_menu_typo_line_height_unit":"","ocean_menu_typo_spacing":0,"ocean_menu_typo_spacing_tablet":0,"ocean_menu_typo_spacing_mobile":0,"ocean_menu_typo_spacing_unit":"","ocean_menu_link_color":"","ocean_menu_link_color_hover":"","ocean_menu_link_color_active":"","ocean_menu_link_background":"","ocean_menu_link_hover_background":"","ocean_menu_link_active_background":"","ocean_menu_social_links_bg":"","ocean_menu_social_hover_links_bg":"","ocean_menu_social_links_color":"","ocean_menu_social_hover_links_color":"","ocean_disable_title":"default","ocean_disable_heading":"default","ocean_post_title":"","ocean_post_subheading":"","ocean_post_title_style":"","ocean_post_title_background_color":"","ocean_post_title_background":0,"ocean_post_title_bg_image_position":"","ocean_post_title_bg_image_attachment":"","ocean_post_title_bg_image_repeat":"","ocean_post_title_bg_image_size":"","ocean_post_title_height":0,"ocean_post_title_bg_overlay":0.5,"ocean_post_title_bg_overlay_color":"","ocean_disable_breadcrumbs":"default","ocean_breadcrumbs_color":"","ocean_breadcrumbs_separator_color":"","ocean_breadcrumbs_links_color":"","ocean_breadcrumbs_links_hover_color":"","ocean_display_footer_widgets":"default","ocean_display_footer_bottom":"default","ocean_custom_footer_template":"0"},"product_brand":[],"product_cat":[25,66],"product_tag":[],"class_list":{"0":"post-1894","1":"product","2":"type-product","3":"status-publish","4":"has-post-thumbnail","6":"product_cat-complements-alimentaires","7":"product_cat-sante","9":"entry","10":"has-media","12":"first","13":"instock","14":"taxable","15":"shipping-taxable","16":"purchasable","17":"product-type-simple","18":"has-product-nav","19":"col","20":"span_1_of_3","21":"owp-content-center","22":"owp-thumbs-layout-horizontal","23":"owp-btn-normal","24":"owp-tabs-layout-horizontal"},"_links":{"self":[{"href":"https:\/\/ellypara.com\/index.php\/wp-json\/wp\/v2\/product\/1894","targetHints":{"allow":["GET"]}}],"collection":[{"href":"https:\/\/ellypara.com\/index.php\/wp-json\/wp\/v2\/product"}],"about":[{"href":"https:\/\/ellypara.com\/index.php\/wp-json\/wp\/v2\/types\/product"}],"replies":[{"embeddable":true,"href":"https:\/\/ellypara.com\/index.php\/wp-json\/wp\/v2\/comments?post=1894"}],"wp:featuredmedia":[{"embeddable":true,"href":"https:\/\/ellypara.com\/index.php\/wp-json\/wp\/v2\/media\/1895"}],"wp:attachment":[{"href":"https:\/\/ellypara.com\/index.php\/wp-json\/wp\/v2\/media?parent=1894"}],"wp:term":[{"taxonomy":"product_brand","embeddable":true,"href":"https:\/\/ellypara.com\/index.php\/wp-json\/wp\/v2\/product_brand?post=1894"},{"taxonomy":"product_cat","embeddable":true,"href":"https:\/\/ellypara.com\/index.php\/wp-json\/wp\/v2\/product_cat?post=1894"},{"taxonomy":"product_tag","embeddable":true,"href":"https:\/\/ellypara.com\/index.php\/wp-json\/wp\/v2\/product_tag?post=1894"}],"curies":[{"name":"wp","href":"https:\/\/api.w.org\/{rel}","templated":true}]}}