{"id":1898,"date":"2025-07-02T17:10:20","date_gmt":"2025-07-02T15:10:20","guid":{"rendered":"https:\/\/ellypara.com\/?post_type=product&#038;p=1898"},"modified":"2025-07-02T17:10:20","modified_gmt":"2025-07-02T15:10:20","slug":"acm-vitix-gel-regulateur-de-la-depigmentation-50ml","status":"publish","type":"product","link":"https:\/\/ellypara.com\/index.php\/produit\/acm-vitix-gel-regulateur-de-la-depigmentation-50ml\/","title":{"rendered":"ACM VITIX Gel R\u00e9gulateur de la D\u00e9pigmentation 50ml"},"content":{"rendered":"<p>Le\u00a0<strong>gel Vitix du Laboratoire dermatologique ACM<\/strong>\u00a0aide \u00e0 freiner la d\u00e9pigmentation et favorise la repigmentation des peaux vitiligineuses. Gr\u00e2ce \u00e0 ses agents antioxydants et \u00e0 l\u2019extrait v\u00e9g\u00e9tal de melon brevet\u00e9, cette cr\u00e8me am\u00e9liore l\u2019\u00e9quilibre physiologique de la peau atteinte de vitiligo. Cette maladie chronique de la peau se caract\u00e9rise par des taches blanches ou une d\u00e9pigmentation au niveau de l\u2019\u00e9piderme. En l\u2019absence de traitement, les zones affect\u00e9es tendent \u00e0 s\u2019agrandir. L\u2019utilisation d\u2019un soin \u00e0 l\u2019action cibl\u00e9e comme le gel Vitix peut aider \u00e0 en limiter l\u2019ampleur. Gr\u00e2ce \u00e0 la pr\u00e9sence de microbilles, ce gel b\u00e9n\u00e9ficie d\u2019une texture l\u00e9g\u00e8rement granuleuse qui favorise la lib\u00e9ration des ingr\u00e9dients actifs sur la peau. Des \u00e9tudes cliniques ont d\u00e9montr\u00e9 l\u2019efficacit\u00e9 de ce soin pour limiter la progression de la d\u00e9pigmentation. Dans une majorit\u00e9 de cas, une repigmentation significative a pu \u00eatre observ\u00e9e. Ce soin s\u2019utilise seul ou en compl\u00e9ment d\u2019une h\u00e9lioth\u00e9rapie ou phototh\u00e9rapie. Avec sa texture fluide et non grasse, il p\u00e9n\u00e8tre rapidement dans la peau.<\/p>\n<p><strong>Composition<\/strong><\/p>\n<p>Aqua (Water), Propylene Glycol, Hydroxypropyltrimonium Maltodextrin Crosspolymer, Cucumis Melo (Melon) Fruit Extract, Carbomer, Acrylates\/C10-30 Alkyl Acrylate Crosspolymer Sodium Hydroxide, Diazolidinyl Urea, Methylparaben, Propylparaben.<\/p>\n<p><strong>Conseil d\u2019utilisation<\/strong><\/p>\n<p>Appliquer le gel Vitix 1 \u00e0 2 fois par jour sur les zones affect\u00e9es, en d\u00e9bordant sur leur contour. Il est possible de se maquiller ou d\u2019appliquer une cr\u00e8me de soin apr\u00e8s totale absorption.<\/p>\n","protected":false},"excerpt":{"rendered":"<p>Le gel Vitix du Laboratoire dermatologique ACM aide \u00e0 freiner la d\u00e9pigmentation et favorise la repigmentation des peaux vitiligineuses.<\/p>\n","protected":false},"featured_media":1899,"comment_status":"open","ping_status":"closed","template":"","meta":{"ocean_post_layout":"","ocean_both_sidebars_style":"","ocean_both_sidebars_content_width":0,"ocean_both_sidebars_sidebars_width":0,"ocean_sidebar":"0","ocean_second_sidebar":"0","ocean_disable_margins":"enable","ocean_add_body_class":"","ocean_shortcode_before_top_bar":"","ocean_shortcode_after_top_bar":"","ocean_shortcode_before_header":"","ocean_shortcode_after_header":"","ocean_has_shortcode":"","ocean_shortcode_after_title":"","ocean_shortcode_before_footer_widgets":"","ocean_shortcode_after_footer_widgets":"","ocean_shortcode_before_footer_bottom":"","ocean_shortcode_after_footer_bottom":"","ocean_display_top_bar":"default","ocean_display_header":"default","ocean_header_style":"","ocean_center_header_left_menu":"0","ocean_custom_header_template":"0","ocean_custom_logo":0,"ocean_custom_retina_logo":0,"ocean_custom_logo_max_width":0,"ocean_custom_logo_tablet_max_width":0,"ocean_custom_logo_mobile_max_width":0,"ocean_custom_logo_max_height":0,"ocean_custom_logo_tablet_max_height":0,"ocean_custom_logo_mobile_max_height":0,"ocean_header_custom_menu":"0","ocean_menu_typo_font_family":"0","ocean_menu_typo_font_subset":"","ocean_menu_typo_font_size":0,"ocean_menu_typo_font_size_tablet":0,"ocean_menu_typo_font_size_mobile":0,"ocean_menu_typo_font_size_unit":"px","ocean_menu_typo_font_weight":"","ocean_menu_typo_font_weight_tablet":"","ocean_menu_typo_font_weight_mobile":"","ocean_menu_typo_transform":"","ocean_menu_typo_transform_tablet":"","ocean_menu_typo_transform_mobile":"","ocean_menu_typo_line_height":0,"ocean_menu_typo_line_height_tablet":0,"ocean_menu_typo_line_height_mobile":0,"ocean_menu_typo_line_height_unit":"","ocean_menu_typo_spacing":0,"ocean_menu_typo_spacing_tablet":0,"ocean_menu_typo_spacing_mobile":0,"ocean_menu_typo_spacing_unit":"","ocean_menu_link_color":"","ocean_menu_link_color_hover":"","ocean_menu_link_color_active":"","ocean_menu_link_background":"","ocean_menu_link_hover_background":"","ocean_menu_link_active_background":"","ocean_menu_social_links_bg":"","ocean_menu_social_hover_links_bg":"","ocean_menu_social_links_color":"","ocean_menu_social_hover_links_color":"","ocean_disable_title":"default","ocean_disable_heading":"default","ocean_post_title":"","ocean_post_subheading":"","ocean_post_title_style":"","ocean_post_title_background_color":"","ocean_post_title_background":0,"ocean_post_title_bg_image_position":"","ocean_post_title_bg_image_attachment":"","ocean_post_title_bg_image_repeat":"","ocean_post_title_bg_image_size":"","ocean_post_title_height":0,"ocean_post_title_bg_overlay":0.5,"ocean_post_title_bg_overlay_color":"","ocean_disable_breadcrumbs":"default","ocean_breadcrumbs_color":"","ocean_breadcrumbs_separator_color":"","ocean_breadcrumbs_links_color":"","ocean_breadcrumbs_links_hover_color":"","ocean_display_footer_widgets":"default","ocean_display_footer_bottom":"default","ocean_custom_footer_template":"0"},"product_brand":[],"product_cat":[39,21],"product_tag":[],"class_list":{"0":"post-1898","1":"product","2":"type-product","3":"status-publish","4":"has-post-thumbnail","6":"product_cat-soins-anti-taches-et-depigmentants","7":"product_cat-visage","9":"entry","10":"has-media","12":"first","13":"instock","14":"taxable","15":"shipping-taxable","16":"purchasable","17":"product-type-simple","18":"has-product-nav","19":"col","20":"span_1_of_3","21":"owp-content-center","22":"owp-thumbs-layout-horizontal","23":"owp-btn-normal","24":"owp-tabs-layout-horizontal"},"_links":{"self":[{"href":"https:\/\/ellypara.com\/index.php\/wp-json\/wp\/v2\/product\/1898","targetHints":{"allow":["GET"]}}],"collection":[{"href":"https:\/\/ellypara.com\/index.php\/wp-json\/wp\/v2\/product"}],"about":[{"href":"https:\/\/ellypara.com\/index.php\/wp-json\/wp\/v2\/types\/product"}],"replies":[{"embeddable":true,"href":"https:\/\/ellypara.com\/index.php\/wp-json\/wp\/v2\/comments?post=1898"}],"wp:featuredmedia":[{"embeddable":true,"href":"https:\/\/ellypara.com\/index.php\/wp-json\/wp\/v2\/media\/1899"}],"wp:attachment":[{"href":"https:\/\/ellypara.com\/index.php\/wp-json\/wp\/v2\/media?parent=1898"}],"wp:term":[{"taxonomy":"product_brand","embeddable":true,"href":"https:\/\/ellypara.com\/index.php\/wp-json\/wp\/v2\/product_brand?post=1898"},{"taxonomy":"product_cat","embeddable":true,"href":"https:\/\/ellypara.com\/index.php\/wp-json\/wp\/v2\/product_cat?post=1898"},{"taxonomy":"product_tag","embeddable":true,"href":"https:\/\/ellypara.com\/index.php\/wp-json\/wp\/v2\/product_tag?post=1898"}],"curies":[{"name":"wp","href":"https:\/\/api.w.org\/{rel}","templated":true}]}}