{"id":1907,"date":"2025-07-02T17:33:49","date_gmt":"2025-07-02T15:33:49","guid":{"rendered":"https:\/\/ellypara.com\/?post_type=product&#038;p=1907"},"modified":"2025-07-02T17:33:49","modified_gmt":"2025-07-02T15:33:49","slug":"acm-duolys-legere-soin-hydratant-anti-age-40ml","status":"publish","type":"product","link":"https:\/\/ellypara.com\/index.php\/produit\/acm-duolys-legere-soin-hydratant-anti-age-40ml\/","title":{"rendered":"ACM Duolys L\u00e9g\u00e8re Soin Hydratant Anti-\u00e2ge 40ml"},"content":{"rendered":"<p>Le\u00a0<strong>soin hydratant anti-\u00e2ge Duolys<\/strong>\u00a0est un\u00a0<strong>soin r\u00e9parateur<\/strong>\u00a0et\u00a0<strong>protecteur\u00a0<\/strong>\u00e0 la formule l\u00e9g\u00e8re pour les peaux normales \u00e0 mixtes. Elle participe au maintien d\u2019un taux d\u2019hydratation optimal gr\u00e2ce \u00e0 l\u2019action des c\u00e9ramides et de l\u2019acide hyaluronique afin de lutter contre le vieillissement cutan\u00e9 pr\u00e9matur\u00e9.<\/p>\n<p><strong>UNE FORMULE L\u00c9G\u00c8RE POUR LUTTER CONTRE LES SIGNES DE L\u2019\u00c2GE<\/strong><\/p>\n<p>Le\u00a0<strong>soin hydratant anti-\u00e2ge Duolys\u00a0<\/strong>a \u00e9t\u00e9 formul\u00e9 par les Laboratoires ACM dans une formule l\u00e9g\u00e8re, id\u00e9ale pour les peaux mixtes ou encore pour les peaux\u00a0grasses. Ce type de peaux manque g\u00e9n\u00e9ralement d\u2019hydratation mais a cependant besoin d\u2019un soin qui n\u2019alourdit pas la peau. C\u2019est pourquoi les Laboratoires ACM proposent ce\u00a0<strong>soin anti-\u00e2ge<\/strong>\u00a0en formule l\u00e9g\u00e8re et en formule riche.<\/p>\n<p>Au coeur de ce soin anti-\u00e2ge se trouvent des c\u00e9ramides destin\u00e9es \u00e0 r\u00e9parer la barri\u00e8re cutan\u00e9e afin de former un film protecteur \u00e0 la surface de la peau pour \u00e9viter que cette derni\u00e8re ne se dess\u00e8che. On y retrouve \u00e9galement de l\u2019acide hyaluronique aux propri\u00e9t\u00e9s hydratantes et repulpantes.\u00a0Outre ses\u00a0<strong>propri\u00e9t\u00e9s hydratantes<\/strong>, le soin Duolys agit \u00e9galement sur le\u00a0<strong>vieillissement cutan\u00e9<\/strong>\u00a0et les premiers signes de l\u2019\u00e2ge, tels que les rides ou encore les ridules. Apr\u00e8s avoir retrouv\u00e9 un taux d\u2019hydratation n\u00e9cessaire \u00e0 son bon fonctionnement, la peau est plus ferme, plus lumineuse et elle retrouve son confort.\u00a0La texture l\u00e9g\u00e8re de ce soin hydratant anti-\u00e2ge p\u00e9n\u00e8tre rapidement pour un toucher doux et agr\u00e9able.<\/p>\n<p><i class=\"fa fa-fw fa-user-md\"><\/i><strong>\u00a0CONSEIL DU PHARMACIEN SUR ACM DUOLYS L\u00c9G\u00c8RE SOIN HYDRATANT ANTI-\u00c2GE<\/strong><\/p>\n<p>Appliquez une noisette de soin hydratant anti-\u00e2ge le matin et\/ou le soir sur une peau propre et s\u00e8che.<\/p>\n","protected":false},"excerpt":{"rendered":"<p>Le soin hydratant anti-\u00e2ge Duolys est un soin r\u00e9parateur et protecteur \u00e0 la formule l\u00e9g\u00e8re pour les peaux normales \u00e0 mixtes. Elle participe au maintien d\u2019un taux d\u2019hydratation optimal gr\u00e2ce \u00e0 l\u2019action des c\u00e9ramides et de l\u2019acide hyaluronique<\/p>\n","protected":false},"featured_media":1908,"comment_status":"open","ping_status":"closed","template":"","meta":{"ocean_post_layout":"","ocean_both_sidebars_style":"","ocean_both_sidebars_content_width":0,"ocean_both_sidebars_sidebars_width":0,"ocean_sidebar":"0","ocean_second_sidebar":"0","ocean_disable_margins":"enable","ocean_add_body_class":"","ocean_shortcode_before_top_bar":"","ocean_shortcode_after_top_bar":"","ocean_shortcode_before_header":"","ocean_shortcode_after_header":"","ocean_has_shortcode":"","ocean_shortcode_after_title":"","ocean_shortcode_before_footer_widgets":"","ocean_shortcode_after_footer_widgets":"","ocean_shortcode_before_footer_bottom":"","ocean_shortcode_after_footer_bottom":"","ocean_display_top_bar":"default","ocean_display_header":"default","ocean_header_style":"","ocean_center_header_left_menu":"0","ocean_custom_header_template":"0","ocean_custom_logo":0,"ocean_custom_retina_logo":0,"ocean_custom_logo_max_width":0,"ocean_custom_logo_tablet_max_width":0,"ocean_custom_logo_mobile_max_width":0,"ocean_custom_logo_max_height":0,"ocean_custom_logo_tablet_max_height":0,"ocean_custom_logo_mobile_max_height":0,"ocean_header_custom_menu":"0","ocean_menu_typo_font_family":"0","ocean_menu_typo_font_subset":"","ocean_menu_typo_font_size":0,"ocean_menu_typo_font_size_tablet":0,"ocean_menu_typo_font_size_mobile":0,"ocean_menu_typo_font_size_unit":"px","ocean_menu_typo_font_weight":"","ocean_menu_typo_font_weight_tablet":"","ocean_menu_typo_font_weight_mobile":"","ocean_menu_typo_transform":"","ocean_menu_typo_transform_tablet":"","ocean_menu_typo_transform_mobile":"","ocean_menu_typo_line_height":0,"ocean_menu_typo_line_height_tablet":0,"ocean_menu_typo_line_height_mobile":0,"ocean_menu_typo_line_height_unit":"","ocean_menu_typo_spacing":0,"ocean_menu_typo_spacing_tablet":0,"ocean_menu_typo_spacing_mobile":0,"ocean_menu_typo_spacing_unit":"","ocean_menu_link_color":"","ocean_menu_link_color_hover":"","ocean_menu_link_color_active":"","ocean_menu_link_background":"","ocean_menu_link_hover_background":"","ocean_menu_link_active_background":"","ocean_menu_social_links_bg":"","ocean_menu_social_hover_links_bg":"","ocean_menu_social_links_color":"","ocean_menu_social_hover_links_color":"","ocean_disable_title":"default","ocean_disable_heading":"default","ocean_post_title":"","ocean_post_subheading":"","ocean_post_title_style":"","ocean_post_title_background_color":"","ocean_post_title_background":0,"ocean_post_title_bg_image_position":"","ocean_post_title_bg_image_attachment":"","ocean_post_title_bg_image_repeat":"","ocean_post_title_bg_image_size":"","ocean_post_title_height":0,"ocean_post_title_bg_overlay":0.5,"ocean_post_title_bg_overlay_color":"","ocean_disable_breadcrumbs":"default","ocean_breadcrumbs_color":"","ocean_breadcrumbs_separator_color":"","ocean_breadcrumbs_links_color":"","ocean_breadcrumbs_links_hover_color":"","ocean_display_footer_widgets":"default","ocean_display_footer_bottom":"default","ocean_custom_footer_template":"0"},"product_brand":[],"product_cat":[36,21],"product_tag":[],"class_list":{"0":"post-1907","1":"product","2":"type-product","3":"status-publish","4":"has-post-thumbnail","6":"product_cat-soins-anti-age-et-anti-rides","7":"product_cat-visage","9":"entry","10":"has-media","12":"first","13":"instock","14":"taxable","15":"shipping-taxable","16":"purchasable","17":"product-type-simple","18":"has-product-nav","19":"col","20":"span_1_of_3","21":"owp-content-center","22":"owp-thumbs-layout-horizontal","23":"owp-btn-normal","24":"owp-tabs-layout-horizontal"},"_links":{"self":[{"href":"https:\/\/ellypara.com\/index.php\/wp-json\/wp\/v2\/product\/1907","targetHints":{"allow":["GET"]}}],"collection":[{"href":"https:\/\/ellypara.com\/index.php\/wp-json\/wp\/v2\/product"}],"about":[{"href":"https:\/\/ellypara.com\/index.php\/wp-json\/wp\/v2\/types\/product"}],"replies":[{"embeddable":true,"href":"https:\/\/ellypara.com\/index.php\/wp-json\/wp\/v2\/comments?post=1907"}],"wp:featuredmedia":[{"embeddable":true,"href":"https:\/\/ellypara.com\/index.php\/wp-json\/wp\/v2\/media\/1908"}],"wp:attachment":[{"href":"https:\/\/ellypara.com\/index.php\/wp-json\/wp\/v2\/media?parent=1907"}],"wp:term":[{"taxonomy":"product_brand","embeddable":true,"href":"https:\/\/ellypara.com\/index.php\/wp-json\/wp\/v2\/product_brand?post=1907"},{"taxonomy":"product_cat","embeddable":true,"href":"https:\/\/ellypara.com\/index.php\/wp-json\/wp\/v2\/product_cat?post=1907"},{"taxonomy":"product_tag","embeddable":true,"href":"https:\/\/ellypara.com\/index.php\/wp-json\/wp\/v2\/product_tag?post=1907"}],"curies":[{"name":"wp","href":"https:\/\/api.w.org\/{rel}","templated":true}]}}