{"id":1910,"date":"2025-07-02T17:39:58","date_gmt":"2025-07-02T15:39:58","guid":{"rendered":"https:\/\/ellypara.com\/?post_type=product&#038;p=1910"},"modified":"2025-07-02T17:39:58","modified_gmt":"2025-07-02T15:39:58","slug":"acm-duolys-riche-soin-hydratant-anti-age-40ml","status":"publish","type":"product","link":"https:\/\/ellypara.com\/index.php\/produit\/acm-duolys-riche-soin-hydratant-anti-age-40ml\/","title":{"rendered":"ACM Duolys Riche Soin Hydratant Anti-\u00e2ge 40ml"},"content":{"rendered":"<p>Ce soin lutte contre le vieillissement cutan\u00e9 en renfor\u00e7ant l\u2019hydratation des peaux s\u00e8ches \u00e0 tr\u00e8s s\u00e8ches.<\/p>\n<p>La d\u00e9shydratation est une cause importante du vieillissement de la peau, notamment des peaux s\u00e8ches qui ont tendance \u00e0 se rider plus vite. Gr\u00e2ce \u00e0 Duolys riche la peau retrouve son taux d\u2019hydratation id\u00e9ale, ce qui la rend plus ferme, plus lumineuse et plus douce. Il s\u2019agit d\u2019une \u00e9mulsion \u00e0 cristaux liquides qui favorise une meilleure p\u00e9n\u00e9tration des actifs hydratants.<\/p>\n<p><strong>Indication<\/strong><\/p>\n<p>Peaux s\u00e8ches \u00e0 tr\u00e8s s\u00e8ches<\/p>\n<p><strong>Application<\/strong><\/p>\n<p>Appliquer matin et \/ou soir sur une peau propre et s\u00e8che sur l\u2019ensemble du visage et du cou. Peut-\u00eatre utilis\u00e9 apr\u00e8s l\u2019application du S\u00e9rum intensif anti-oxydant Duolys C.E ou le S\u00e9rum intensif anti-\u00e2ge Duolys Hyal pour optimiser l\u2019efficacit\u00e9 anti-\u00e2ge.<\/p>\n<p><strong>Ingr\u00e9dients<\/strong><\/p>\n<p>Aqua (Water), Squalane, Propanediol, Caprylic\/Capric Triglyceride, Isononyl Isononanoate, Butyrospermum Parkii (Shea) Butter, Glycerin, C10-30 Cholesterol\/Lanosterol Esters, Cetearyl Alcohol, Hydrogenated Vegetable Glycerides, Xylitol, Sodium Hyaluronate, Zinc Lactate, Ceramide NP, Hydroxypropyl Starch Phosphate, Tocopherol, Cetearyl Glucoside, Sodium Levulinate, Sodium Stearoyl Glutamate, Sodium Anisate, Xanthan Gum, Citric Acid, Isocetyl Alcohol, Cetyl Alcohol, Parfum (Fragrance)<\/p>\n","protected":false},"excerpt":{"rendered":"<p>Soin pour lutter contre le vieillissement cutan\u00e9 pour peaux s\u00e8ches \u00e0 tr\u00e8s s\u00e8ches.<\/p>\n","protected":false},"featured_media":1911,"comment_status":"open","ping_status":"closed","template":"","meta":{"ocean_post_layout":"","ocean_both_sidebars_style":"","ocean_both_sidebars_content_width":0,"ocean_both_sidebars_sidebars_width":0,"ocean_sidebar":"0","ocean_second_sidebar":"0","ocean_disable_margins":"enable","ocean_add_body_class":"","ocean_shortcode_before_top_bar":"","ocean_shortcode_after_top_bar":"","ocean_shortcode_before_header":"","ocean_shortcode_after_header":"","ocean_has_shortcode":"","ocean_shortcode_after_title":"","ocean_shortcode_before_footer_widgets":"","ocean_shortcode_after_footer_widgets":"","ocean_shortcode_before_footer_bottom":"","ocean_shortcode_after_footer_bottom":"","ocean_display_top_bar":"default","ocean_display_header":"default","ocean_header_style":"","ocean_center_header_left_menu":"0","ocean_custom_header_template":"0","ocean_custom_logo":0,"ocean_custom_retina_logo":0,"ocean_custom_logo_max_width":0,"ocean_custom_logo_tablet_max_width":0,"ocean_custom_logo_mobile_max_width":0,"ocean_custom_logo_max_height":0,"ocean_custom_logo_tablet_max_height":0,"ocean_custom_logo_mobile_max_height":0,"ocean_header_custom_menu":"0","ocean_menu_typo_font_family":"0","ocean_menu_typo_font_subset":"","ocean_menu_typo_font_size":0,"ocean_menu_typo_font_size_tablet":0,"ocean_menu_typo_font_size_mobile":0,"ocean_menu_typo_font_size_unit":"px","ocean_menu_typo_font_weight":"","ocean_menu_typo_font_weight_tablet":"","ocean_menu_typo_font_weight_mobile":"","ocean_menu_typo_transform":"","ocean_menu_typo_transform_tablet":"","ocean_menu_typo_transform_mobile":"","ocean_menu_typo_line_height":0,"ocean_menu_typo_line_height_tablet":0,"ocean_menu_typo_line_height_mobile":0,"ocean_menu_typo_line_height_unit":"","ocean_menu_typo_spacing":0,"ocean_menu_typo_spacing_tablet":0,"ocean_menu_typo_spacing_mobile":0,"ocean_menu_typo_spacing_unit":"","ocean_menu_link_color":"","ocean_menu_link_color_hover":"","ocean_menu_link_color_active":"","ocean_menu_link_background":"","ocean_menu_link_hover_background":"","ocean_menu_link_active_background":"","ocean_menu_social_links_bg":"","ocean_menu_social_hover_links_bg":"","ocean_menu_social_links_color":"","ocean_menu_social_hover_links_color":"","ocean_disable_title":"default","ocean_disable_heading":"default","ocean_post_title":"","ocean_post_subheading":"","ocean_post_title_style":"","ocean_post_title_background_color":"","ocean_post_title_background":0,"ocean_post_title_bg_image_position":"","ocean_post_title_bg_image_attachment":"","ocean_post_title_bg_image_repeat":"","ocean_post_title_bg_image_size":"","ocean_post_title_height":0,"ocean_post_title_bg_overlay":0.5,"ocean_post_title_bg_overlay_color":"","ocean_disable_breadcrumbs":"default","ocean_breadcrumbs_color":"","ocean_breadcrumbs_separator_color":"","ocean_breadcrumbs_links_color":"","ocean_breadcrumbs_links_hover_color":"","ocean_display_footer_widgets":"default","ocean_display_footer_bottom":"default","ocean_custom_footer_template":"0"},"product_brand":[],"product_cat":[42,36,21],"product_tag":[],"class_list":{"0":"post-1910","1":"product","2":"type-product","3":"status-publish","4":"has-post-thumbnail","6":"product_cat-peaux-seches","7":"product_cat-soins-anti-age-et-anti-rides","8":"product_cat-visage","10":"entry","11":"has-media","13":"first","14":"instock","15":"taxable","16":"shipping-taxable","17":"purchasable","18":"product-type-simple","19":"has-product-nav","20":"col","21":"span_1_of_3","22":"owp-content-center","23":"owp-thumbs-layout-horizontal","24":"owp-btn-normal","25":"owp-tabs-layout-horizontal"},"_links":{"self":[{"href":"https:\/\/ellypara.com\/index.php\/wp-json\/wp\/v2\/product\/1910","targetHints":{"allow":["GET"]}}],"collection":[{"href":"https:\/\/ellypara.com\/index.php\/wp-json\/wp\/v2\/product"}],"about":[{"href":"https:\/\/ellypara.com\/index.php\/wp-json\/wp\/v2\/types\/product"}],"replies":[{"embeddable":true,"href":"https:\/\/ellypara.com\/index.php\/wp-json\/wp\/v2\/comments?post=1910"}],"wp:featuredmedia":[{"embeddable":true,"href":"https:\/\/ellypara.com\/index.php\/wp-json\/wp\/v2\/media\/1911"}],"wp:attachment":[{"href":"https:\/\/ellypara.com\/index.php\/wp-json\/wp\/v2\/media?parent=1910"}],"wp:term":[{"taxonomy":"product_brand","embeddable":true,"href":"https:\/\/ellypara.com\/index.php\/wp-json\/wp\/v2\/product_brand?post=1910"},{"taxonomy":"product_cat","embeddable":true,"href":"https:\/\/ellypara.com\/index.php\/wp-json\/wp\/v2\/product_cat?post=1910"},{"taxonomy":"product_tag","embeddable":true,"href":"https:\/\/ellypara.com\/index.php\/wp-json\/wp\/v2\/product_tag?post=1910"}],"curies":[{"name":"wp","href":"https:\/\/api.w.org\/{rel}","templated":true}]}}