{"id":1914,"date":"2025-07-02T17:52:14","date_gmt":"2025-07-02T15:52:14","guid":{"rendered":"https:\/\/ellypara.com\/?post_type=product&#038;p=1914"},"modified":"2025-07-02T17:52:15","modified_gmt":"2025-07-02T15:52:15","slug":"acm-duolys-ce-serum-intensif-anti-oxydant-15ml","status":"publish","type":"product","link":"https:\/\/ellypara.com\/index.php\/produit\/acm-duolys-ce-serum-intensif-anti-oxydant-15ml\/","title":{"rendered":"ACM Duolys CE Serum Intensif Anti-Oxydant 15ml"},"content":{"rendered":"<p>Sa formule double et compartiment\u00e9e, permet \u00e0 Duolys CE de lutter simultan\u00e9ment contre tous les signes du vieillissement : rides et ridules, perte de fermet\u00e9, taches brunes et manque d\u2019\u00e9clat. La vitamine C pure dos\u00e9e \u00e0 15 % permet de bloquer les radicaux libres, de renforcer la production de collag\u00e8ne et de r\u00e9veiller l\u2019\u00e9clat du teint. Pour conserver sa stabilit\u00e9, la vitamine C est isol\u00e9e dans un compartiment qui la prot\u00e8ge. Chaque actif d\u00e9livre ainsi toute la puissance de son action anti-\u00e2ge sur le visage, le cou et le d\u00e9collet\u00e9, tout en respectant les peaux les plus fragiles.<\/p>\n<p>Le teint est unifi\u00e9, lumineux, les rides s\u2019estompent, le visage est sublim\u00e9.<\/p>\n<p>Duolys CE a \u00e9t\u00e9 test\u00e9 par 22 femmes entre 30 et 70 ans qui ont constat\u00e9 que :<\/p>\n<p>Leur teint \u00e9tait plus lumineux et unifi\u00e9 : 100%<br \/>\nLa peau \u00e9tait plus ferme : 100%<br \/>\nEffet anti-rides : 96%<br \/>\nPeau lisse et hydrat\u00e9e : 100%<br \/>\nRides et ridules att\u00e9nu\u00e9es : 96%<\/p>\n<p>% de satisfaction<\/p>\n<p><strong>Indications<\/strong><\/p>\n<p>Tous types de peaux : 30 ans et +<br \/>\nRaffermit, corrige, unifie, anti-taches<\/p>\n<p><strong>Conseils d\u2019utilisation<\/strong><\/p>\n<p>Le matin sur une peau propre, appliquer quelques gouttes de s\u00e9rum sur l\u2019ensemble du visage, le cou et le d\u00e9collet\u00e9.<\/p>\n<p>Retirer l\u2019opercule en aluminium<br \/>\nM\u00e9langer les poudres ou s\u00e9rum en pressant 2 ou 3 fois la membrane souple en bas du flacon. Agiter le flacon 5 \/ 6 fois.<br \/>\nAppuyer sur la membrane souple pour faire sortir le produit et l\u2019appliquer sur la peau<\/p>\n<p><strong>Principaux actifs<\/strong><\/p>\n<p>Vitamine C pure dos\u00e9e \u00e0 15%<br \/>\nVitamine E<\/p>\n<p><strong>Composition<\/strong><\/p>\n<p>Aqua (Water), Ascorbic Acid, Glycerin, Polymethylsilsesquioxane, Sodium Lactate, HDI\/Trimethylol Hexyllactone Crosspolymer, Dimethicone, Tocotrienols, Helianthus Annuus (Sunflower) Seed Oil, Phospholipids, Squalene, Sorbitan Caprylate, Polysilicone-11, Phenoxyethanol, Butylene Glycol, Isododecane, Polyacrylate Crosspolymer-6, Elaeis Guineensis (Palm) Oil, Tocopherol, Chlorphenesin, Dimethicone PEG-7 Phosphate, Disodium EDTA, Dimethylacrylamide\/Acrylic Acid\/Polystyrene Ethyl Methacrylate Copolymer, Coco Caprylate\/Caprate, Decyl Glucoside, Caprylyl Glycol, Hexylene Glycol Sodium Acrylates Copolymer, Hydrogenated Polyisobutene, Polyglyceryl-10 Stearate, Beta-Sitosterol, t-Butyl Alcohol, , CI 15985 (Yellow 6), CI 19140 (Yellow 5), Parfum (Fragrance).<\/p>\n<p><strong>Conditionnement<\/strong><\/p>\n<p>Flacon de 15 ml<\/p>\n","protected":false},"excerpt":{"rendered":"<p>Meilleur alli\u00e9 des peaux ternes, ce s\u00e9rum leur offre une efficacit\u00e9 inegal\u00e9e gr\u00e2ce \u00e0 une haute teneur en vitamine c pure, puissant anti-oxydant. Pour les 30 ans et plus.<\/p>\n","protected":false},"featured_media":1915,"comment_status":"open","ping_status":"closed","template":"","meta":{"ocean_post_layout":"","ocean_both_sidebars_style":"","ocean_both_sidebars_content_width":0,"ocean_both_sidebars_sidebars_width":0,"ocean_sidebar":"0","ocean_second_sidebar":"0","ocean_disable_margins":"enable","ocean_add_body_class":"","ocean_shortcode_before_top_bar":"","ocean_shortcode_after_top_bar":"","ocean_shortcode_before_header":"","ocean_shortcode_after_header":"","ocean_has_shortcode":"","ocean_shortcode_after_title":"","ocean_shortcode_before_footer_widgets":"","ocean_shortcode_after_footer_widgets":"","ocean_shortcode_before_footer_bottom":"","ocean_shortcode_after_footer_bottom":"","ocean_display_top_bar":"default","ocean_display_header":"default","ocean_header_style":"","ocean_center_header_left_menu":"0","ocean_custom_header_template":"0","ocean_custom_logo":0,"ocean_custom_retina_logo":0,"ocean_custom_logo_max_width":0,"ocean_custom_logo_tablet_max_width":0,"ocean_custom_logo_mobile_max_width":0,"ocean_custom_logo_max_height":0,"ocean_custom_logo_tablet_max_height":0,"ocean_custom_logo_mobile_max_height":0,"ocean_header_custom_menu":"0","ocean_menu_typo_font_family":"0","ocean_menu_typo_font_subset":"","ocean_menu_typo_font_size":0,"ocean_menu_typo_font_size_tablet":0,"ocean_menu_typo_font_size_mobile":0,"ocean_menu_typo_font_size_unit":"px","ocean_menu_typo_font_weight":"","ocean_menu_typo_font_weight_tablet":"","ocean_menu_typo_font_weight_mobile":"","ocean_menu_typo_transform":"","ocean_menu_typo_transform_tablet":"","ocean_menu_typo_transform_mobile":"","ocean_menu_typo_line_height":0,"ocean_menu_typo_line_height_tablet":0,"ocean_menu_typo_line_height_mobile":0,"ocean_menu_typo_line_height_unit":"","ocean_menu_typo_spacing":0,"ocean_menu_typo_spacing_tablet":0,"ocean_menu_typo_spacing_mobile":0,"ocean_menu_typo_spacing_unit":"","ocean_menu_link_color":"","ocean_menu_link_color_hover":"","ocean_menu_link_color_active":"","ocean_menu_link_background":"","ocean_menu_link_hover_background":"","ocean_menu_link_active_background":"","ocean_menu_social_links_bg":"","ocean_menu_social_hover_links_bg":"","ocean_menu_social_links_color":"","ocean_menu_social_hover_links_color":"","ocean_disable_title":"default","ocean_disable_heading":"default","ocean_post_title":"","ocean_post_subheading":"","ocean_post_title_style":"","ocean_post_title_background_color":"","ocean_post_title_background":0,"ocean_post_title_bg_image_position":"","ocean_post_title_bg_image_attachment":"","ocean_post_title_bg_image_repeat":"","ocean_post_title_bg_image_size":"","ocean_post_title_height":0,"ocean_post_title_bg_overlay":0.5,"ocean_post_title_bg_overlay_color":"","ocean_disable_breadcrumbs":"default","ocean_breadcrumbs_color":"","ocean_breadcrumbs_separator_color":"","ocean_breadcrumbs_links_color":"","ocean_breadcrumbs_links_hover_color":"","ocean_display_footer_widgets":"default","ocean_display_footer_bottom":"default","ocean_custom_footer_template":"0"},"product_brand":[],"product_cat":[15],"product_tag":[],"class_list":{"0":"post-1914","1":"product","2":"type-product","3":"status-publish","4":"has-post-thumbnail","6":"product_cat-maquillage","8":"entry","9":"has-media","11":"first","12":"outofstock","13":"taxable","14":"shipping-taxable","15":"product-type-simple","16":"has-product-nav","17":"col","18":"span_1_of_3","19":"owp-content-center","20":"owp-thumbs-layout-horizontal","21":"owp-btn-normal","22":"owp-tabs-layout-horizontal"},"_links":{"self":[{"href":"https:\/\/ellypara.com\/index.php\/wp-json\/wp\/v2\/product\/1914","targetHints":{"allow":["GET"]}}],"collection":[{"href":"https:\/\/ellypara.com\/index.php\/wp-json\/wp\/v2\/product"}],"about":[{"href":"https:\/\/ellypara.com\/index.php\/wp-json\/wp\/v2\/types\/product"}],"replies":[{"embeddable":true,"href":"https:\/\/ellypara.com\/index.php\/wp-json\/wp\/v2\/comments?post=1914"}],"wp:featuredmedia":[{"embeddable":true,"href":"https:\/\/ellypara.com\/index.php\/wp-json\/wp\/v2\/media\/1915"}],"wp:attachment":[{"href":"https:\/\/ellypara.com\/index.php\/wp-json\/wp\/v2\/media?parent=1914"}],"wp:term":[{"taxonomy":"product_brand","embeddable":true,"href":"https:\/\/ellypara.com\/index.php\/wp-json\/wp\/v2\/product_brand?post=1914"},{"taxonomy":"product_cat","embeddable":true,"href":"https:\/\/ellypara.com\/index.php\/wp-json\/wp\/v2\/product_cat?post=1914"},{"taxonomy":"product_tag","embeddable":true,"href":"https:\/\/ellypara.com\/index.php\/wp-json\/wp\/v2\/product_tag?post=1914"}],"curies":[{"name":"wp","href":"https:\/\/api.w.org\/{rel}","templated":true}]}}