{"id":1919,"date":"2025-07-02T18:26:17","date_gmt":"2025-07-02T16:26:17","guid":{"rendered":"https:\/\/ellypara.com\/?post_type=product&#038;p=1919"},"modified":"2025-07-02T18:26:18","modified_gmt":"2025-07-02T16:26:18","slug":"acm-depiwhite-active-gel-anti-tache-40ml","status":"publish","type":"product","link":"https:\/\/ellypara.com\/index.php\/produit\/acm-depiwhite-active-gel-anti-tache-40ml\/","title":{"rendered":"ACM Depiwhite Active Gel Anti-Tache 40ml"},"content":{"rendered":"<h2>D\u00c9PIWHITE ACTIVE GEL<\/h2>\n<p><a href=\"https:\/\/www.maparatunisie.tn\/wp-content\/uploads\/2021\/02\/depiwhite-gamme_1920x543px_6017c4c51e08b.jpg\"><picture><source srcset=\"https:\/\/www.maparatunisie.tn\/wp-content\/uploads\/2021\/02\/depiwhite-gamme_1920x543px_6017c4c51e08b-800x226.avif 800w,https:\/\/www.maparatunisie.tn\/wp-content\/uploads\/2021\/02\/depiwhite-gamme_1920x543px_6017c4c51e08b-64x18.avif 64w,https:\/\/www.maparatunisie.tn\/wp-content\/uploads\/2021\/02\/depiwhite-gamme_1920x543px_6017c4c51e08b-1000x283.avif 1000w,https:\/\/www.maparatunisie.tn\/wp-content\/uploads\/2021\/02\/depiwhite-gamme_1920x543px_6017c4c51e08b-1400x396.avif 1400w,https:\/\/www.maparatunisie.tn\/wp-content\/uploads\/2021\/02\/depiwhite-gamme_1920x543px_6017c4c51e08b-768x217.avif 768w,https:\/\/www.maparatunisie.tn\/wp-content\/uploads\/2021\/02\/depiwhite-gamme_1920x543px_6017c4c51e08b-1536x434.avif 1536w,https:\/\/www.maparatunisie.tn\/wp-content\/uploads\/2021\/02\/depiwhite-gamme_1920x543px_6017c4c51e08b-354x100.avif 354w,https:\/\/www.maparatunisie.tn\/wp-content\/uploads\/2021\/02\/depiwhite-gamme_1920x543px_6017c4c51e08b-198x56.avif 198w,https:\/\/www.maparatunisie.tn\/wp-content\/uploads\/2021\/02\/depiwhite-gamme_1920x543px_6017c4c51e08b.avif 1920w\" type=\"image\/avif\" sizes=\"auto, (max-width: 800px) 100vw, 800px\" \/><source srcset=\"https:\/\/www.maparatunisie.tn\/wp-content\/uploads\/2021\/02\/depiwhite-gamme_1920x543px_6017c4c51e08b-800x226.webp 800w,https:\/\/www.maparatunisie.tn\/wp-content\/uploads\/2021\/02\/depiwhite-gamme_1920x543px_6017c4c51e08b-64x18.webp 64w,https:\/\/www.maparatunisie.tn\/wp-content\/uploads\/2021\/02\/depiwhite-gamme_1920x543px_6017c4c51e08b-1000x283.webp 1000w,https:\/\/www.maparatunisie.tn\/wp-content\/uploads\/2021\/02\/depiwhite-gamme_1920x543px_6017c4c51e08b-1400x396.webp 1400w,https:\/\/www.maparatunisie.tn\/wp-content\/uploads\/2021\/02\/depiwhite-gamme_1920x543px_6017c4c51e08b-768x217.webp 768w,https:\/\/www.maparatunisie.tn\/wp-content\/uploads\/2021\/02\/depiwhite-gamme_1920x543px_6017c4c51e08b-1536x434.webp 1536w,https:\/\/www.maparatunisie.tn\/wp-content\/uploads\/2021\/02\/depiwhite-gamme_1920x543px_6017c4c51e08b-354x100.webp 354w,https:\/\/www.maparatunisie.tn\/wp-content\/uploads\/2021\/02\/depiwhite-gamme_1920x543px_6017c4c51e08b-198x56.webp 198w,https:\/\/www.maparatunisie.tn\/wp-content\/uploads\/2021\/02\/depiwhite-gamme_1920x543px_6017c4c51e08b.webp 1920w\" type=\"image\/webp\" sizes=\"auto, (max-width: 800px) 100vw, 800px\" \/><img fetchpriority=\"high\" decoding=\"async\" class=\"size-medium wp-image-25853 sp-no-webp\" title=\"Acm depiwhite active gel anti-tache 40ml\" src=\"https:\/\/www.maparatunisie.tn\/wp-content\/uploads\/2021\/02\/depiwhite-gamme_1920x543px_6017c4c51e08b-800x226.jpg\" sizes=\"auto, (max-width: 800px) 100vw, 800px\" srcset=\"https:\/\/www.maparatunisie.tn\/wp-content\/uploads\/2021\/02\/depiwhite-gamme_1920x543px_6017c4c51e08b-800x226.jpg 800w, https:\/\/www.maparatunisie.tn\/wp-content\/uploads\/2021\/02\/depiwhite-gamme_1920x543px_6017c4c51e08b-64x18.jpg 64w, https:\/\/www.maparatunisie.tn\/wp-content\/uploads\/2021\/02\/depiwhite-gamme_1920x543px_6017c4c51e08b-1000x283.jpg 1000w, https:\/\/www.maparatunisie.tn\/wp-content\/uploads\/2021\/02\/depiwhite-gamme_1920x543px_6017c4c51e08b-1400x396.jpg 1400w, https:\/\/www.maparatunisie.tn\/wp-content\/uploads\/2021\/02\/depiwhite-gamme_1920x543px_6017c4c51e08b-768x217.jpg 768w, https:\/\/www.maparatunisie.tn\/wp-content\/uploads\/2021\/02\/depiwhite-gamme_1920x543px_6017c4c51e08b-1536x434.jpg 1536w, https:\/\/www.maparatunisie.tn\/wp-content\/uploads\/2021\/02\/depiwhite-gamme_1920x543px_6017c4c51e08b-354x100.jpg 354w, https:\/\/www.maparatunisie.tn\/wp-content\/uploads\/2021\/02\/depiwhite-gamme_1920x543px_6017c4c51e08b-198x56.jpg 198w, https:\/\/www.maparatunisie.tn\/wp-content\/uploads\/2021\/02\/depiwhite-gamme_1920x543px_6017c4c51e08b.jpg 1920w\" alt=\"Depiwhite\" width=\"800\" height=\"226\" \/><\/picture><\/a><\/p>\n<p><strong>Gel unifiant\u00a0anti-taches<\/strong><\/p>\n<p>Gr\u00e2ce \u00e0 son complexe Lumi-OX, association d\u2019actifs d\u00e9pigmentants et anti-oxydants qui limite la production de m\u00e9lanine et acc\u00e9l\u00e8re le processus naturel de d\u00e9gradation de la m\u00e9lanine, D\u00e9piwhite ActiveGel favorise la disparition des taches et pr\u00e9vient l\u2019apparition de nouvelles taches tout en prot\u00e9geant la peau des radicaux libres. Le teint est unifi\u00e9 et plus lumineux. Avec sa texture l\u00e9g\u00e8re et fondante, il p\u00e9n\u00e8tre rapidement et laisse la peau douce, plus \u00e9clatante et sans brillance pour r\u00e9pondre au besoin des peaux mixtes \u00e0 grasses.<\/p>\n<p><strong>TYPE DE PEAU<\/strong><\/p>\n<p>Peaux mixtes \u00e0 grasses sujettes aux taches pigmentaires<\/p>\n<p><strong>TEXTURE<\/strong><\/p>\n<p>Gel<\/p>\n<p><strong>QUAND<\/strong><\/p>\n<p>1 fois par jour sur les zones concern\u00e9es<\/p>\n<p><strong>B\u00c9N\u00c9FICES<\/strong><\/p>\n<p>Favorise la disparition des taches pigmentaires et unifie le teint<\/p>\n<p><strong>PR\u00c9SENTATION<\/strong><\/p>\n<p>Tube alu 40 ml<\/p>\n","protected":false},"excerpt":{"rendered":"<p>Ce gel d\u00e9pigmentant a sp\u00e9cialement \u00e9t\u00e9 con\u00e7u pour att\u00e9nuer ou \u00e9liminer les taches pigmentaires des peaux mixtes \u00e0 grasses. Gel unifiant anti-taches.<\/p>\n","protected":false},"featured_media":1920,"comment_status":"open","ping_status":"closed","template":"","meta":{"ocean_post_layout":"","ocean_both_sidebars_style":"","ocean_both_sidebars_content_width":0,"ocean_both_sidebars_sidebars_width":0,"ocean_sidebar":"0","ocean_second_sidebar":"0","ocean_disable_margins":"enable","ocean_add_body_class":"","ocean_shortcode_before_top_bar":"","ocean_shortcode_after_top_bar":"","ocean_shortcode_before_header":"","ocean_shortcode_after_header":"","ocean_has_shortcode":"","ocean_shortcode_after_title":"","ocean_shortcode_before_footer_widgets":"","ocean_shortcode_after_footer_widgets":"","ocean_shortcode_before_footer_bottom":"","ocean_shortcode_after_footer_bottom":"","ocean_display_top_bar":"default","ocean_display_header":"default","ocean_header_style":"","ocean_center_header_left_menu":"0","ocean_custom_header_template":"0","ocean_custom_logo":0,"ocean_custom_retina_logo":0,"ocean_custom_logo_max_width":0,"ocean_custom_logo_tablet_max_width":0,"ocean_custom_logo_mobile_max_width":0,"ocean_custom_logo_max_height":0,"ocean_custom_logo_tablet_max_height":0,"ocean_custom_logo_mobile_max_height":0,"ocean_header_custom_menu":"0","ocean_menu_typo_font_family":"0","ocean_menu_typo_font_subset":"","ocean_menu_typo_font_size":0,"ocean_menu_typo_font_size_tablet":0,"ocean_menu_typo_font_size_mobile":0,"ocean_menu_typo_font_size_unit":"px","ocean_menu_typo_font_weight":"","ocean_menu_typo_font_weight_tablet":"","ocean_menu_typo_font_weight_mobile":"","ocean_menu_typo_transform":"","ocean_menu_typo_transform_tablet":"","ocean_menu_typo_transform_mobile":"","ocean_menu_typo_line_height":0,"ocean_menu_typo_line_height_tablet":0,"ocean_menu_typo_line_height_mobile":0,"ocean_menu_typo_line_height_unit":"","ocean_menu_typo_spacing":0,"ocean_menu_typo_spacing_tablet":0,"ocean_menu_typo_spacing_mobile":0,"ocean_menu_typo_spacing_unit":"","ocean_menu_link_color":"","ocean_menu_link_color_hover":"","ocean_menu_link_color_active":"","ocean_menu_link_background":"","ocean_menu_link_hover_background":"","ocean_menu_link_active_background":"","ocean_menu_social_links_bg":"","ocean_menu_social_hover_links_bg":"","ocean_menu_social_links_color":"","ocean_menu_social_hover_links_color":"","ocean_disable_title":"default","ocean_disable_heading":"default","ocean_post_title":"","ocean_post_subheading":"","ocean_post_title_style":"","ocean_post_title_background_color":"","ocean_post_title_background":0,"ocean_post_title_bg_image_position":"","ocean_post_title_bg_image_attachment":"","ocean_post_title_bg_image_repeat":"","ocean_post_title_bg_image_size":"","ocean_post_title_height":0,"ocean_post_title_bg_overlay":0.5,"ocean_post_title_bg_overlay_color":"","ocean_disable_breadcrumbs":"default","ocean_breadcrumbs_color":"","ocean_breadcrumbs_separator_color":"","ocean_breadcrumbs_links_color":"","ocean_breadcrumbs_links_hover_color":"","ocean_display_footer_widgets":"default","ocean_display_footer_bottom":"default","ocean_custom_footer_template":"0"},"product_brand":[],"product_cat":[37,39,21],"product_tag":[],"class_list":{"0":"post-1919","1":"product","2":"type-product","3":"status-publish","4":"has-post-thumbnail","6":"product_cat-soins-peau-grasse","7":"product_cat-soins-anti-taches-et-depigmentants","8":"product_cat-visage","10":"entry","11":"has-media","13":"first","14":"outofstock","15":"taxable","16":"shipping-taxable","17":"purchasable","18":"product-type-simple","19":"has-product-nav","20":"col","21":"span_1_of_3","22":"owp-content-center","23":"owp-thumbs-layout-horizontal","24":"owp-btn-normal","25":"owp-tabs-layout-horizontal"},"_links":{"self":[{"href":"https:\/\/ellypara.com\/index.php\/wp-json\/wp\/v2\/product\/1919","targetHints":{"allow":["GET"]}}],"collection":[{"href":"https:\/\/ellypara.com\/index.php\/wp-json\/wp\/v2\/product"}],"about":[{"href":"https:\/\/ellypara.com\/index.php\/wp-json\/wp\/v2\/types\/product"}],"replies":[{"embeddable":true,"href":"https:\/\/ellypara.com\/index.php\/wp-json\/wp\/v2\/comments?post=1919"}],"wp:featuredmedia":[{"embeddable":true,"href":"https:\/\/ellypara.com\/index.php\/wp-json\/wp\/v2\/media\/1920"}],"wp:attachment":[{"href":"https:\/\/ellypara.com\/index.php\/wp-json\/wp\/v2\/media?parent=1919"}],"wp:term":[{"taxonomy":"product_brand","embeddable":true,"href":"https:\/\/ellypara.com\/index.php\/wp-json\/wp\/v2\/product_brand?post=1919"},{"taxonomy":"product_cat","embeddable":true,"href":"https:\/\/ellypara.com\/index.php\/wp-json\/wp\/v2\/product_cat?post=1919"},{"taxonomy":"product_tag","embeddable":true,"href":"https:\/\/ellypara.com\/index.php\/wp-json\/wp\/v2\/product_tag?post=1919"}],"curies":[{"name":"wp","href":"https:\/\/api.w.org\/{rel}","templated":true}]}}