{"id":1924,"date":"2025-07-02T18:40:24","date_gmt":"2025-07-02T16:40:24","guid":{"rendered":"https:\/\/ellypara.com\/?post_type=product&#038;p=1924"},"modified":"2025-08-27T12:41:00","modified_gmt":"2025-08-27T10:41:00","slug":"acm-depiwhite-advanced-creme-intensive-anti-taches-40ml","status":"publish","type":"product","link":"https:\/\/ellypara.com\/index.php\/produit\/acm-depiwhite-advanced-creme-intensive-anti-taches-40ml\/","title":{"rendered":"ACM D\u00e9piWhite Advanced Cr\u00e8me Intensive Anti-taches 40ml"},"content":{"rendered":"<p>Cette cr\u00e8me favorise la disparition des taches brunes type masque de grossesse, vieillissement.<\/p>\n<div class=\"tab-panels\">\n<div id=\"tab-description\" class=\"woocommerce-Tabs-panel woocommerce-Tabs-panel--description panel entry-content active\" role=\"tabpanel\" aria-labelledby=\"tab-title-description\">\n<p>Gr\u00e2ce \u00e0 son association d\u2019actifs sp\u00e9cifiques, D\u00e9piwhite Advanced att\u00e9nue ou \u00e9limine les taches brunes, limite leur r\u00e9apparition et unifie la couleur du teint en r\u00e9gulant la production de m\u00e9lanine, responsable des taches, par 3 actions synergiques :<\/p>\n<p>\u2013 Ralentissement de la production de m\u00e9lanine<\/p>\n<p>\u2013 \u00c9limination de la m\u00e9lanine \u00e9pidermique existante<\/p>\n<p>\u2013 Stimulation de la biod\u00e9gradation de la m\u00e9lanine<\/p>\n<p><strong>Conseils et astuces<\/strong><\/p>\n<p>Appliquer la cr\u00e8me intensive anti-taches D\u00e9piwhite une fois par jour, seulement sur les zones concern\u00e9es du cou, du visage ou du d\u00e9collet\u00e9 et uniquement sur de petites surfaces pendant 2 \u00e0 6 mois.<\/p>\n<p>\u00c9viter l\u2019exposition au soleil apr\u00e8s l\u2019application du produit et en cas d\u2019exposition appliquer une protection solaire adapt\u00e9e.<\/p>\n<p><iframe id=\"widget2\" title=\"[TUTO] D\u00e9piwhite Advanced - Cr\u00e8me intensive anti-tache [FR]\" src=\"https:\/\/www.youtube.com\/embed\/hvmz0PbjRXw?feature=oembed&amp;enablejsapi=1&amp;origin=https:%2F%2Fwww.maparatunisie.tn\" width=\"1020\" height=\"765\" frameborder=\"0\" allowfullscreen=\"allowfullscreen\" data-gtm-yt-inspected-9=\"true\" data-mce-fragment=\"1\"><\/iframe><\/p>\n<p><strong>COMPOSITION ET INGR\u00c9DIENTS<\/strong><\/p>\n<p>Brevet ACM : Activateurs de la biod\u00e9gradation de la m\u00e9lanine<\/p>\n<p>Complexe d\u2019actifs et d\u2019extraits v\u00e9g\u00e9taux d\u00e9pigmentants<\/p>\n<p>1,2-hexanediol, Aluminum Silicate, Aqua (Water), Arctostaphylos Uva Ursi Leaf Extract, Ascorbyl Methylsilanol Pectinate, Behenyl Alcohol, C12-13 Alkyl Lactate, Carum Petroselinum Herb Extract, Coco-Caprylate\/Caprate, Disodium EDTA, Glycerin, Glyceryl Stearate SE, Hexamidine Diisethionate, Hydrogenated Coconut Acid, Isohexadecane, Kojic Acid, Lactic Acid, Magnesium Sulfate, Manganese Sulfate, Methylpropanediol, Niacinamide, O-Cymen-5-ol, Pentylene Glycol, Polyacrylate Crosspolymer-6, Polysorbate 80, Potassium Cetyl Phosphate, Propanediol, Propylene Glycol, Reseda Luteola Extract, Sodium Acrylate\/Sodium Acryloyldimethyl Taurate Copolymer, Sodium Metabisulfite, Sorbitan Oleate, T-Butyl Alcohol, Tocopherol, Vitis Vinifera (Grape) Seed Oil<\/p>\n<\/div>\n<\/div>\n","protected":false},"excerpt":{"rendered":"<div class=\"product-short-description\">\n<p>La Cr\u00e8me D\u00e9pigmentante D\u00e9piwhite favorise la disparition des taches et unifie le teint. Elle convient aux mains, au visage et au d\u00e9collet\u00e9.<\/p>\n<\/div>\n","protected":false},"featured_media":1925,"comment_status":"open","ping_status":"closed","template":"","meta":{"ocean_post_layout":"","ocean_both_sidebars_style":"","ocean_both_sidebars_content_width":0,"ocean_both_sidebars_sidebars_width":0,"ocean_sidebar":"0","ocean_second_sidebar":"0","ocean_disable_margins":"enable","ocean_add_body_class":"","ocean_shortcode_before_top_bar":"","ocean_shortcode_after_top_bar":"","ocean_shortcode_before_header":"","ocean_shortcode_after_header":"","ocean_has_shortcode":"","ocean_shortcode_after_title":"","ocean_shortcode_before_footer_widgets":"","ocean_shortcode_after_footer_widgets":"","ocean_shortcode_before_footer_bottom":"","ocean_shortcode_after_footer_bottom":"","ocean_display_top_bar":"default","ocean_display_header":"default","ocean_header_style":"","ocean_center_header_left_menu":"0","ocean_custom_header_template":"0","ocean_custom_logo":0,"ocean_custom_retina_logo":0,"ocean_custom_logo_max_width":0,"ocean_custom_logo_tablet_max_width":0,"ocean_custom_logo_mobile_max_width":0,"ocean_custom_logo_max_height":0,"ocean_custom_logo_tablet_max_height":0,"ocean_custom_logo_mobile_max_height":0,"ocean_header_custom_menu":"0","ocean_menu_typo_font_family":"0","ocean_menu_typo_font_subset":"","ocean_menu_typo_font_size":0,"ocean_menu_typo_font_size_tablet":0,"ocean_menu_typo_font_size_mobile":0,"ocean_menu_typo_font_size_unit":"px","ocean_menu_typo_font_weight":"","ocean_menu_typo_font_weight_tablet":"","ocean_menu_typo_font_weight_mobile":"","ocean_menu_typo_transform":"","ocean_menu_typo_transform_tablet":"","ocean_menu_typo_transform_mobile":"","ocean_menu_typo_line_height":0,"ocean_menu_typo_line_height_tablet":0,"ocean_menu_typo_line_height_mobile":0,"ocean_menu_typo_line_height_unit":"","ocean_menu_typo_spacing":0,"ocean_menu_typo_spacing_tablet":0,"ocean_menu_typo_spacing_mobile":0,"ocean_menu_typo_spacing_unit":"","ocean_menu_link_color":"","ocean_menu_link_color_hover":"","ocean_menu_link_color_active":"","ocean_menu_link_background":"","ocean_menu_link_hover_background":"","ocean_menu_link_active_background":"","ocean_menu_social_links_bg":"","ocean_menu_social_hover_links_bg":"","ocean_menu_social_links_color":"","ocean_menu_social_hover_links_color":"","ocean_disable_title":"default","ocean_disable_heading":"default","ocean_post_title":"","ocean_post_subheading":"","ocean_post_title_style":"","ocean_post_title_background_color":"","ocean_post_title_background":0,"ocean_post_title_bg_image_position":"","ocean_post_title_bg_image_attachment":"","ocean_post_title_bg_image_repeat":"","ocean_post_title_bg_image_size":"","ocean_post_title_height":0,"ocean_post_title_bg_overlay":0.5,"ocean_post_title_bg_overlay_color":"","ocean_disable_breadcrumbs":"default","ocean_breadcrumbs_color":"","ocean_breadcrumbs_separator_color":"","ocean_breadcrumbs_links_color":"","ocean_breadcrumbs_links_hover_color":"","ocean_display_footer_widgets":"default","ocean_display_footer_bottom":"default","ocean_custom_footer_template":"0"},"product_brand":[],"product_cat":[22,39,47,50,21],"product_tag":[],"class_list":{"0":"post-1924","1":"product","2":"type-product","3":"status-publish","4":"has-post-thumbnail","6":"product_cat-corps","7":"product_cat-soins-anti-taches-et-depigmentants","8":"product_cat-soins-corps","9":"product_cat-soins-des-mains","10":"product_cat-visage","12":"entry","13":"has-media","15":"first","16":"instock","17":"taxable","18":"shipping-taxable","19":"purchasable","20":"product-type-simple","21":"has-product-nav","22":"col","23":"span_1_of_3","24":"owp-content-center","25":"owp-thumbs-layout-horizontal","26":"owp-btn-normal","27":"owp-tabs-layout-horizontal"},"_links":{"self":[{"href":"https:\/\/ellypara.com\/index.php\/wp-json\/wp\/v2\/product\/1924","targetHints":{"allow":["GET"]}}],"collection":[{"href":"https:\/\/ellypara.com\/index.php\/wp-json\/wp\/v2\/product"}],"about":[{"href":"https:\/\/ellypara.com\/index.php\/wp-json\/wp\/v2\/types\/product"}],"replies":[{"embeddable":true,"href":"https:\/\/ellypara.com\/index.php\/wp-json\/wp\/v2\/comments?post=1924"}],"wp:featuredmedia":[{"embeddable":true,"href":"https:\/\/ellypara.com\/index.php\/wp-json\/wp\/v2\/media\/1925"}],"wp:attachment":[{"href":"https:\/\/ellypara.com\/index.php\/wp-json\/wp\/v2\/media?parent=1924"}],"wp:term":[{"taxonomy":"product_brand","embeddable":true,"href":"https:\/\/ellypara.com\/index.php\/wp-json\/wp\/v2\/product_brand?post=1924"},{"taxonomy":"product_cat","embeddable":true,"href":"https:\/\/ellypara.com\/index.php\/wp-json\/wp\/v2\/product_cat?post=1924"},{"taxonomy":"product_tag","embeddable":true,"href":"https:\/\/ellypara.com\/index.php\/wp-json\/wp\/v2\/product_tag?post=1924"}],"curies":[{"name":"wp","href":"https:\/\/api.w.org\/{rel}","templated":true}]}}