{"id":1933,"date":"2025-07-02T20:53:19","date_gmt":"2025-07-02T18:53:19","guid":{"rendered":"https:\/\/ellypara.com\/?post_type=product&#038;p=1933"},"modified":"2025-07-02T20:53:20","modified_gmt":"2025-07-02T18:53:20","slug":"acm-depiwhite-lait-corporel-eclaircissant-200ml","status":"publish","type":"product","link":"https:\/\/ellypara.com\/index.php\/produit\/acm-depiwhite-lait-corporel-eclaircissant-200ml\/","title":{"rendered":"ACM D\u00e9piwhite Lait Corporel Eclaircissant 200ml"},"content":{"rendered":"<p><strong>ACM D\u00e9piwhite lait corporel \u00e9claircissant<\/strong>\u00a0va avoir une double action : il permet d\u2019<strong>hydrater la peau s\u00e8che et il a un effet \u00e9claircissant sur le teint<\/strong>.<\/p>\n<p>La peau s\u00e8che est marqu\u00e9e par la pr\u00e9sence de rougeurs et elle est inconfortable. La cause de ce ph\u00e9nom\u00e8ne r\u00e9side dans une alt\u00e9ration de la barri\u00e8re cutan\u00e9e. La peau retient mal l\u2019eau et elle est moins bien prot\u00e9g\u00e9e. Le lait corporel \u00e9claircissant D\u00e9piwhite du laboratoire ACM est justement formul\u00e9 avec de la\u00a0<strong>glyc\u00e9rine<\/strong>, un actif hydratant, et avec du\u00a0<strong>beurre de karit\u00e9<\/strong>\u00a0nourrissant. Il comprend de\u00a0<strong>l\u2019huile de jojoba<\/strong>\u00a0qui aide \u00e0 pr\u00e9venir la d\u00e9shydratation. Enfin, il int\u00e8gre des actifs qui vont recouvrir la peau d\u2019un film protecteur : la cire d\u2019abeille et la paraffine.<\/p>\n<p>La peau peut \u00eatre marqu\u00e9e par des taches. Elles ont pour origine soit des modifications hormonales, soit l\u2019exposition au soleil. Ces<strong>\u00a0taches brunes<\/strong>\u00a0sont dues \u00e0 une fabrication d\u00e9sordonn\u00e9e de m\u00e9lanine, le pigment colorant la peau. Ainsi, il se forme des amas de m\u00e9lanine, qui donnent les taches. Pour \u00e9viter ce ph\u00e9nom\u00e8ne, ACM a formul\u00e9 son lait corporel \u00e9claircissant avec de la R\u00e9s\u00e9da des teinturiers et de la busserole, qui poss\u00e8dent des<strong>\u00a0propri\u00e9t\u00e9s \u00e9claircissantes<\/strong>. Ainsi, ce lait est con\u00e7u pour activer la biod\u00e9gradation de la m\u00e9lanine. Le teint est \u00e9clairci\u00a0et unifi\u00e9.<\/p>\n<p>Et pour lutter contre l\u2019apparition de taches brunes, pensez \u00e0 la\u00a0ACM D\u00e9piwhite Advanced Cr\u00e8me d\u00e9pigmentante<\/p>\n<p><strong>CONSEILS D\u2019UTILISATION<\/strong><\/p>\n<p>Utiliser 1 \u00e0 2 fois par jour, le matin et\/ou le soir.<br \/>\nAppliquer particuli\u00e8rement apr\u00e8s la douche ou le bain.<\/p>\n<p><strong>COMPOSITION<\/strong><\/p>\n<p>Aqua (water), glycerin, paraffinum liquidum (mineral oil), Prunus armeniaca (apricot) kernel oil, steareth-2, Butyrospermum parkii (shea) butter, sorbitan caprylate, steareth-21, hydroxypropyl starch phosphate, Cera alba (beeswax), cetyl alcohol, Simmondsia chinensis (jojoba) seed oil, sodium lactate, allantoin; lactic acid, magnesium sulfate, manganese sulfate, Reseda luteola extract, Arctostaphylos uva ursi leaf extract, Carum petroselinum (parsley) extract, cera microcristallina (microcrystalline wax), dimethicone, paraffin, phenoxyethanol, propylene glycol, xanthan gum, cyclopentasiloxane, cyclohexasiloxane, potassium sorbate, parfum (fragrance).<\/p>\n","protected":false},"excerpt":{"rendered":"<p>ACM D\u00e9piwhite lait corporel \u00e9claircissant\u00a0va avoir une double action : il permet d\u2019hydrater la peau s\u00e8che et il a un effet \u00e9claircissant sur le teint.<\/p>\n","protected":false},"featured_media":1935,"comment_status":"open","ping_status":"closed","template":"","meta":{"ocean_post_layout":"","ocean_both_sidebars_style":"","ocean_both_sidebars_content_width":0,"ocean_both_sidebars_sidebars_width":0,"ocean_sidebar":"0","ocean_second_sidebar":"0","ocean_disable_margins":"enable","ocean_add_body_class":"","ocean_shortcode_before_top_bar":"","ocean_shortcode_after_top_bar":"","ocean_shortcode_before_header":"","ocean_shortcode_after_header":"","ocean_has_shortcode":"","ocean_shortcode_after_title":"","ocean_shortcode_before_footer_widgets":"","ocean_shortcode_after_footer_widgets":"","ocean_shortcode_before_footer_bottom":"","ocean_shortcode_after_footer_bottom":"","ocean_display_top_bar":"default","ocean_display_header":"default","ocean_header_style":"","ocean_center_header_left_menu":"0","ocean_custom_header_template":"0","ocean_custom_logo":0,"ocean_custom_retina_logo":0,"ocean_custom_logo_max_width":0,"ocean_custom_logo_tablet_max_width":0,"ocean_custom_logo_mobile_max_width":0,"ocean_custom_logo_max_height":0,"ocean_custom_logo_tablet_max_height":0,"ocean_custom_logo_mobile_max_height":0,"ocean_header_custom_menu":"0","ocean_menu_typo_font_family":"0","ocean_menu_typo_font_subset":"","ocean_menu_typo_font_size":0,"ocean_menu_typo_font_size_tablet":0,"ocean_menu_typo_font_size_mobile":0,"ocean_menu_typo_font_size_unit":"px","ocean_menu_typo_font_weight":"","ocean_menu_typo_font_weight_tablet":"","ocean_menu_typo_font_weight_mobile":"","ocean_menu_typo_transform":"","ocean_menu_typo_transform_tablet":"","ocean_menu_typo_transform_mobile":"","ocean_menu_typo_line_height":0,"ocean_menu_typo_line_height_tablet":0,"ocean_menu_typo_line_height_mobile":0,"ocean_menu_typo_line_height_unit":"","ocean_menu_typo_spacing":0,"ocean_menu_typo_spacing_tablet":0,"ocean_menu_typo_spacing_mobile":0,"ocean_menu_typo_spacing_unit":"","ocean_menu_link_color":"","ocean_menu_link_color_hover":"","ocean_menu_link_color_active":"","ocean_menu_link_background":"","ocean_menu_link_hover_background":"","ocean_menu_link_active_background":"","ocean_menu_social_links_bg":"","ocean_menu_social_hover_links_bg":"","ocean_menu_social_links_color":"","ocean_menu_social_hover_links_color":"","ocean_disable_title":"default","ocean_disable_heading":"default","ocean_post_title":"","ocean_post_subheading":"","ocean_post_title_style":"","ocean_post_title_background_color":"","ocean_post_title_background":0,"ocean_post_title_bg_image_position":"","ocean_post_title_bg_image_attachment":"","ocean_post_title_bg_image_repeat":"","ocean_post_title_bg_image_size":"","ocean_post_title_height":0,"ocean_post_title_bg_overlay":0.5,"ocean_post_title_bg_overlay_color":"","ocean_disable_breadcrumbs":"default","ocean_breadcrumbs_color":"","ocean_breadcrumbs_separator_color":"","ocean_breadcrumbs_links_color":"","ocean_breadcrumbs_links_hover_color":"","ocean_display_footer_widgets":"default","ocean_display_footer_bottom":"default","ocean_custom_footer_template":"0"},"product_brand":[],"product_cat":[22,45,47],"product_tag":[],"class_list":{"0":"post-1933","1":"product","2":"type-product","3":"status-publish","4":"has-post-thumbnail","6":"product_cat-corps","7":"product_cat-hydratation-et-nutrition-corps","8":"product_cat-soins-corps","10":"entry","11":"has-media","13":"first","14":"instock","15":"taxable","16":"shipping-taxable","17":"purchasable","18":"product-type-simple","19":"has-product-nav","20":"col","21":"span_1_of_3","22":"owp-content-center","23":"owp-thumbs-layout-horizontal","24":"owp-btn-normal","25":"owp-tabs-layout-horizontal"},"_links":{"self":[{"href":"https:\/\/ellypara.com\/index.php\/wp-json\/wp\/v2\/product\/1933","targetHints":{"allow":["GET"]}}],"collection":[{"href":"https:\/\/ellypara.com\/index.php\/wp-json\/wp\/v2\/product"}],"about":[{"href":"https:\/\/ellypara.com\/index.php\/wp-json\/wp\/v2\/types\/product"}],"replies":[{"embeddable":true,"href":"https:\/\/ellypara.com\/index.php\/wp-json\/wp\/v2\/comments?post=1933"}],"wp:featuredmedia":[{"embeddable":true,"href":"https:\/\/ellypara.com\/index.php\/wp-json\/wp\/v2\/media\/1935"}],"wp:attachment":[{"href":"https:\/\/ellypara.com\/index.php\/wp-json\/wp\/v2\/media?parent=1933"}],"wp:term":[{"taxonomy":"product_brand","embeddable":true,"href":"https:\/\/ellypara.com\/index.php\/wp-json\/wp\/v2\/product_brand?post=1933"},{"taxonomy":"product_cat","embeddable":true,"href":"https:\/\/ellypara.com\/index.php\/wp-json\/wp\/v2\/product_cat?post=1933"},{"taxonomy":"product_tag","embeddable":true,"href":"https:\/\/ellypara.com\/index.php\/wp-json\/wp\/v2\/product_tag?post=1933"}],"curies":[{"name":"wp","href":"https:\/\/api.w.org\/{rel}","templated":true}]}}