{"id":1943,"date":"2025-07-02T21:18:18","date_gmt":"2025-07-02T19:18:18","guid":{"rendered":"https:\/\/ellypara.com\/?post_type=product&#038;p=1943"},"modified":"2025-07-02T21:19:51","modified_gmt":"2025-07-02T19:19:51","slug":"acm-depiwhite-masque-pelliculable-eclaircissant-40ml","status":"publish","type":"product","link":"https:\/\/ellypara.com\/index.php\/produit\/acm-depiwhite-masque-pelliculable-eclaircissant-40ml\/","title":{"rendered":"ACM Depiwhite Masque Pelliculable \u00c9claircissant 40ml"},"content":{"rendered":"<p><a href=\"https:\/\/www.maparatunisie.tn\/wp-content\/uploads\/2021\/02\/depiwhite-gamme_1920x543px_6017c4c51e08b.jpg\"><picture><img fetchpriority=\"high\" decoding=\"async\" class=\"size-medium wp-image-25853 aligncenter sp-no-webp\" title=\"Acm depiwhite masque pelliculable \u00e9claircissant 40ml\" src=\"https:\/\/www.maparatunisie.tn\/wp-content\/uploads\/2021\/02\/depiwhite-gamme_1920x543px_6017c4c51e08b-800x226.jpg\" sizes=\"auto, (max-width: 800px) 100vw, 800px\" srcset=\"https:\/\/www.maparatunisie.tn\/wp-content\/uploads\/2021\/02\/depiwhite-gamme_1920x543px_6017c4c51e08b-800x226.jpg 800w, https:\/\/www.maparatunisie.tn\/wp-content\/uploads\/2021\/02\/depiwhite-gamme_1920x543px_6017c4c51e08b-64x18.jpg 64w, https:\/\/www.maparatunisie.tn\/wp-content\/uploads\/2021\/02\/depiwhite-gamme_1920x543px_6017c4c51e08b-1000x283.jpg 1000w, https:\/\/www.maparatunisie.tn\/wp-content\/uploads\/2021\/02\/depiwhite-gamme_1920x543px_6017c4c51e08b-1400x396.jpg 1400w, https:\/\/www.maparatunisie.tn\/wp-content\/uploads\/2021\/02\/depiwhite-gamme_1920x543px_6017c4c51e08b-768x217.jpg 768w, https:\/\/www.maparatunisie.tn\/wp-content\/uploads\/2021\/02\/depiwhite-gamme_1920x543px_6017c4c51e08b-1536x434.jpg 1536w, https:\/\/www.maparatunisie.tn\/wp-content\/uploads\/2021\/02\/depiwhite-gamme_1920x543px_6017c4c51e08b-354x100.jpg 354w, https:\/\/www.maparatunisie.tn\/wp-content\/uploads\/2021\/02\/depiwhite-gamme_1920x543px_6017c4c51e08b-198x56.jpg 198w, https:\/\/www.maparatunisie.tn\/wp-content\/uploads\/2021\/02\/depiwhite-gamme_1920x543px_6017c4c51e08b.jpg 1920w\" alt=\"Depiwhite\" width=\"800\" height=\"226\" \/><\/picture><\/a><\/p>\n<p>ACM Depiwhite Masque Pelliculable \u00c9claircissant destin\u00e9 aux peaux pr\u00e9sentant des taches brunes, le masque pelliculable \u00e9claircissant forme un film occlusif \u00e0 la surface de la peau qui permet une p\u00e9n\u00e9tration plus rapide et plus profonde des actifs.<\/p>\n<p>Les hyperpigmentations cutan\u00e9es s\u2019att\u00e9nuent et la peau s\u2019\u00e9claircit. Le teint est unifi\u00e9 gr\u00e2ce \u00e0 son action exfoliante.<\/p>\n<p><strong>Indications<\/strong><\/p>\n<p>Peaux sujettes aux taches pigmentaires<\/p>\n<p><strong>Conseils d\u2019utilisation<\/strong><\/p>\n<p>Appliquer le masque D\u00e9piwhite en couche mince sur les zones concern\u00e9es. Il se retire manuellement d\u2019un seul tenant apr\u00e8s avoir laiss\u00e9 s\u00e9cher 30 minutes. Pour un r\u00e9sultat optimal, r\u00e9p\u00e9ter l\u2019op\u00e9ration 2 \u00e0 3 fois par semaine pendant 2 \u00e0 6 mois, puis 1 fois par semaine en entretien.<\/p>\n<p><strong>Composition<\/strong><\/p>\n<p>Aqua (Water), Alcohol Denat., Polyvinyl Alcohol, Glycerin, PEG-32, Kojic Acid, PVP, Talc, Aluminum Silicate, Xanthan Gum, Phenoxyethanol, Chlorphenesin, CI 77891 (Titanium Dioxide), Disodium EDTA, Butylene Glycol, Sodium Sulfite, Sodium Metabisulfite.<\/p>\n<p>La liste des ingr\u00e9dients peut \u00eatre soumise \u00e0 des modifications, nous vous conseillons de v\u00e9rifier la liste figurant sur le produit achet\u00e9.<\/p>\n<p><strong>Conditionnement<\/strong><\/p>\n<p>Tube de 40 ml<\/p>\n","protected":false},"excerpt":{"rendered":"<p>Depiwhite est un masque pelliculable \u00e9claircissant destin\u00e9 aux peaux pr\u00e9sentant des taches brunes con\u00e7u pour att\u00e9nuer ou \u00e9liminer les taches brunes, limiter leur r\u00e9apparition et unifier la couleur du teint.<\/p>\n","protected":false},"featured_media":1944,"comment_status":"open","ping_status":"closed","template":"","meta":{"ocean_post_layout":"","ocean_both_sidebars_style":"","ocean_both_sidebars_content_width":0,"ocean_both_sidebars_sidebars_width":0,"ocean_sidebar":"0","ocean_second_sidebar":"0","ocean_disable_margins":"enable","ocean_add_body_class":"","ocean_shortcode_before_top_bar":"","ocean_shortcode_after_top_bar":"","ocean_shortcode_before_header":"","ocean_shortcode_after_header":"","ocean_has_shortcode":"","ocean_shortcode_after_title":"","ocean_shortcode_before_footer_widgets":"","ocean_shortcode_after_footer_widgets":"","ocean_shortcode_before_footer_bottom":"","ocean_shortcode_after_footer_bottom":"","ocean_display_top_bar":"default","ocean_display_header":"default","ocean_header_style":"","ocean_center_header_left_menu":"0","ocean_custom_header_template":"0","ocean_custom_logo":0,"ocean_custom_retina_logo":0,"ocean_custom_logo_max_width":0,"ocean_custom_logo_tablet_max_width":0,"ocean_custom_logo_mobile_max_width":0,"ocean_custom_logo_max_height":0,"ocean_custom_logo_tablet_max_height":0,"ocean_custom_logo_mobile_max_height":0,"ocean_header_custom_menu":"0","ocean_menu_typo_font_family":"0","ocean_menu_typo_font_subset":"","ocean_menu_typo_font_size":0,"ocean_menu_typo_font_size_tablet":0,"ocean_menu_typo_font_size_mobile":0,"ocean_menu_typo_font_size_unit":"px","ocean_menu_typo_font_weight":"","ocean_menu_typo_font_weight_tablet":"","ocean_menu_typo_font_weight_mobile":"","ocean_menu_typo_transform":"","ocean_menu_typo_transform_tablet":"","ocean_menu_typo_transform_mobile":"","ocean_menu_typo_line_height":0,"ocean_menu_typo_line_height_tablet":0,"ocean_menu_typo_line_height_mobile":0,"ocean_menu_typo_line_height_unit":"","ocean_menu_typo_spacing":0,"ocean_menu_typo_spacing_tablet":0,"ocean_menu_typo_spacing_mobile":0,"ocean_menu_typo_spacing_unit":"","ocean_menu_link_color":"","ocean_menu_link_color_hover":"","ocean_menu_link_color_active":"","ocean_menu_link_background":"","ocean_menu_link_hover_background":"","ocean_menu_link_active_background":"","ocean_menu_social_links_bg":"","ocean_menu_social_hover_links_bg":"","ocean_menu_social_links_color":"","ocean_menu_social_hover_links_color":"","ocean_disable_title":"default","ocean_disable_heading":"default","ocean_post_title":"","ocean_post_subheading":"","ocean_post_title_style":"","ocean_post_title_background_color":"","ocean_post_title_background":0,"ocean_post_title_bg_image_position":"","ocean_post_title_bg_image_attachment":"","ocean_post_title_bg_image_repeat":"","ocean_post_title_bg_image_size":"","ocean_post_title_height":0,"ocean_post_title_bg_overlay":0.5,"ocean_post_title_bg_overlay_color":"","ocean_disable_breadcrumbs":"default","ocean_breadcrumbs_color":"","ocean_breadcrumbs_separator_color":"","ocean_breadcrumbs_links_color":"","ocean_breadcrumbs_links_hover_color":"","ocean_display_footer_widgets":"default","ocean_display_footer_bottom":"default","ocean_custom_footer_template":"0"},"product_brand":[],"product_cat":[39,21],"product_tag":[],"class_list":{"0":"post-1943","1":"product","2":"type-product","3":"status-publish","4":"has-post-thumbnail","6":"product_cat-soins-anti-taches-et-depigmentants","7":"product_cat-visage","9":"entry","10":"has-media","12":"first","13":"outofstock","14":"taxable","15":"shipping-taxable","16":"purchasable","17":"product-type-simple","18":"has-product-nav","19":"col","20":"span_1_of_3","21":"owp-content-center","22":"owp-thumbs-layout-horizontal","23":"owp-btn-normal","24":"owp-tabs-layout-horizontal"},"_links":{"self":[{"href":"https:\/\/ellypara.com\/index.php\/wp-json\/wp\/v2\/product\/1943","targetHints":{"allow":["GET"]}}],"collection":[{"href":"https:\/\/ellypara.com\/index.php\/wp-json\/wp\/v2\/product"}],"about":[{"href":"https:\/\/ellypara.com\/index.php\/wp-json\/wp\/v2\/types\/product"}],"replies":[{"embeddable":true,"href":"https:\/\/ellypara.com\/index.php\/wp-json\/wp\/v2\/comments?post=1943"}],"wp:featuredmedia":[{"embeddable":true,"href":"https:\/\/ellypara.com\/index.php\/wp-json\/wp\/v2\/media\/1944"}],"wp:attachment":[{"href":"https:\/\/ellypara.com\/index.php\/wp-json\/wp\/v2\/media?parent=1943"}],"wp:term":[{"taxonomy":"product_brand","embeddable":true,"href":"https:\/\/ellypara.com\/index.php\/wp-json\/wp\/v2\/product_brand?post=1943"},{"taxonomy":"product_cat","embeddable":true,"href":"https:\/\/ellypara.com\/index.php\/wp-json\/wp\/v2\/product_cat?post=1943"},{"taxonomy":"product_tag","embeddable":true,"href":"https:\/\/ellypara.com\/index.php\/wp-json\/wp\/v2\/product_tag?post=1943"}],"curies":[{"name":"wp","href":"https:\/\/api.w.org\/{rel}","templated":true}]}}