{"id":1953,"date":"2025-07-02T22:29:15","date_gmt":"2025-07-02T20:29:15","guid":{"rendered":"https:\/\/ellypara.com\/?post_type=product&#038;p=1953"},"modified":"2025-07-02T22:31:46","modified_gmt":"2025-07-02T20:31:46","slug":"svr-sun-secure-easy-stick-spf50","status":"publish","type":"product","link":"https:\/\/ellypara.com\/index.php\/produit\/svr-sun-secure-easy-stick-spf50\/","title":{"rendered":"SVR Sun Secure Easy Stick SPF50+"},"content":{"rendered":"<p>D\u00e9couvrez\u00a0<strong>Sun Secure Easy Stick SPF50+ de SVR<\/strong>, le 1er stick solaire rechargeable qui combine innovation, praticit\u00e9 et protection optimale.<\/p>\n<p>Sa nouvelle formule gel, encore plus glissante, offre un<strong>\u00a0fini invisible et non collant<\/strong>, parfaitement adapt\u00e9 \u00e0 toutes les zones expos\u00e9es.<\/p>\n<p>Son\u00a0<strong>format nomade et pratique<\/strong>\u00a0permet une application facile et cibl\u00e9e tout au long de la journ\u00e9e, sans avoir besoin d\u2019utiliser les mains.<\/p>\n<p>Ce stick garantit une<strong>\u00a0tr\u00e8s haute protection<\/strong>\u00a0dermatologique \u00e0 large spectre tout en r\u00e9duisant son impact environnemental gr\u00e2ce \u00e0 son\u00a0<strong>format rechargeable<\/strong>, permettant une \u00e9conomie de 52% de plastique.<\/p>\n<p>Il est formul\u00e9 pour toutes les\u00a0<strong>peaux sensibles et hypersensibles au soleil<\/strong>, et convient \u00e0 toutes les zones du visage et du corps : pommettes, nez, oreilles, l\u00e8vres, mains, tatouages cicatris\u00e9s et cicatrices r\u00e9\u00e9pidermis\u00e9es.<\/p>\n<p>Test\u00e9 sous<strong>\u00a0contr\u00f4le dermatologique<\/strong>, il offre une efficacit\u00e9 prouv\u00e9e sans compromis sur le plaisir d\u2019utilisation.<\/p>\n<p>Sa formule sans parfum, non com\u00e9dog\u00e8ne et<strong>\u00a0ultra-r\u00e9sistante \u00e0 l\u2019eau et aux frottements<\/strong>, r\u00e9pond aux besoins des b\u00e9b\u00e9s, enfants, adultes, et est adapt\u00e9e aux femmes enceintes et allaitantes.<\/p>\n<p>Fruit de nombreuses ann\u00e9es de recherche, ce stick solaire combine<strong>\u00a0protection solaire avanc\u00e9e<\/strong>,\u00a0<strong>respect des peaux sensibles<\/strong>\u00a0et engagement pour\u00a0<strong>pr\u00e9server l\u2019environnement marin<\/strong>.<\/p>\n<p>Emportez-le partout pour une protection solaire pratique, s\u00fbre et durable.<\/p>\n<p><strong>Composition<\/strong><\/p>\n<p>PROPYLHEPTYL CAPRYLATE, OCTYLDODECANOL, DICAPRYLYL CARBONATE, DIETHYLAMINO HYDROXYBENZOYL HEXYL BENZOATE, TRIETHYL CITRATE, TRIBUTYL CITRATE, ETHYLHEXYL TRIAZONE, BIS-ETHYLHEXYLOXYPHENOL METHOXYPHENYL TRIAZINE, DIBUTYL LAUROYL GLUTAMIDE, DIETHYLHEXYL BUTAMIDO TRIAZONE, DIBUTYL ETHYLHEXANOYL GLUTAMIDE, LEPIDIUM SATIVUM SPROUT EXTRACT, HELIANTHUS ANNUUS (SUNFLOWER) SEED OIL, TOCOPHEROL, CAPRYLIC\/CAPRIC TRIGLYCERIDE<\/p>\n<p>La liste des ingr\u00e9dients peut \u00eatre soumise \u00e0 des modifications, nous vous conseillons de v\u00e9rifier la liste figurant sur le produit achet\u00e9.<\/p>\n<p><strong>Conseil d\u2019utilisation<\/strong><\/p>\n<p><strong>APPLIQUEZ LE MATIN G\u00c9N\u00c9REUSEMENT ET EN RETOUCHE TOUTE LA JOURN\u00c9E<\/strong><\/p>\n<p>Sur le visage, les l\u00e8vres et toutes les zones sensibles expos\u00e9es au soleil (oreilles, nez, pommettes, mains\u2026).<\/p>\n<p><strong>RENOUVELEZ FR\u00c9QUEMMENT<br \/>\n<\/strong><\/p>\n<p>Avant chaque exposition au soleil et lors d\u2019exposition prolong\u00e9e.<br \/>\nLe stick nomade permet une application sans les mains.<\/p>\n<p>Appliquer g\u00e9n\u00e9reusement et uniform\u00e9ment avant l\u2019exposition pour bien couvrir la surface expos\u00e9e. R\u00e9duire cette quantit\u00e9 diminue nettement le niveau de protection.<\/p>\n<p>Un produit solaire ne prot\u00e8ge jamais totalement. Renouveler fr\u00e9quemment l\u2019application pour maintenir la protection, surtout apr\u00e8s avoir transpir\u00e9, avoir nag\u00e9 ou s\u2019\u00eatre essuy\u00e9.<\/p>\n<p>Eviter l\u2019exposition solaire aux heures d\u2019ensoleillement maximales (entre 12 et 16h), sinon pr\u00e9voir une protection vestimentaire. Les coups de soleil sont dangereux, surtout chez l\u2019enfant.<\/p>\n<p>Utiliser des produits de protection solaire appropri\u00e9s \u00e0 votre type de peau.<br \/>\nL\u2019utilisation de ce produit ne doit pas inciter \u00e0 s\u2019exposer longtemps au soleil. L\u2019abus de soleil est dangereux. Ne pas exposer les b\u00e9b\u00e9s et les jeunes enfants directement au soleil. Toujours utiliser des v\u00eatements de protection pour votre b\u00e9b\u00e9 et appliquer la protection solaire uniquement sur les zones expos\u00e9es.<\/p>\n","protected":false},"excerpt":{"rendered":"<p>Con\u00e7u pour les zones sensibles, Sun Secure Easy Stick est un stick solaire qui garantit une tr\u00e8s haute protection. Il se pr\u00e9sente en format compact, pour une application express.<\/p>\n","protected":false},"featured_media":1954,"comment_status":"open","ping_status":"closed","template":"","meta":{"ocean_post_layout":"","ocean_both_sidebars_style":"","ocean_both_sidebars_content_width":0,"ocean_both_sidebars_sidebars_width":0,"ocean_sidebar":"0","ocean_second_sidebar":"0","ocean_disable_margins":"enable","ocean_add_body_class":"","ocean_shortcode_before_top_bar":"","ocean_shortcode_after_top_bar":"","ocean_shortcode_before_header":"","ocean_shortcode_after_header":"","ocean_has_shortcode":"","ocean_shortcode_after_title":"","ocean_shortcode_before_footer_widgets":"","ocean_shortcode_after_footer_widgets":"","ocean_shortcode_before_footer_bottom":"","ocean_shortcode_after_footer_bottom":"","ocean_display_top_bar":"default","ocean_display_header":"default","ocean_header_style":"","ocean_center_header_left_menu":"0","ocean_custom_header_template":"0","ocean_custom_logo":0,"ocean_custom_retina_logo":0,"ocean_custom_logo_max_width":0,"ocean_custom_logo_tablet_max_width":0,"ocean_custom_logo_mobile_max_width":0,"ocean_custom_logo_max_height":0,"ocean_custom_logo_tablet_max_height":0,"ocean_custom_logo_mobile_max_height":0,"ocean_header_custom_menu":"0","ocean_menu_typo_font_family":"0","ocean_menu_typo_font_subset":"","ocean_menu_typo_font_size":0,"ocean_menu_typo_font_size_tablet":0,"ocean_menu_typo_font_size_mobile":0,"ocean_menu_typo_font_size_unit":"px","ocean_menu_typo_font_weight":"","ocean_menu_typo_font_weight_tablet":"","ocean_menu_typo_font_weight_mobile":"","ocean_menu_typo_transform":"","ocean_menu_typo_transform_tablet":"","ocean_menu_typo_transform_mobile":"","ocean_menu_typo_line_height":0,"ocean_menu_typo_line_height_tablet":0,"ocean_menu_typo_line_height_mobile":0,"ocean_menu_typo_line_height_unit":"","ocean_menu_typo_spacing":0,"ocean_menu_typo_spacing_tablet":0,"ocean_menu_typo_spacing_mobile":0,"ocean_menu_typo_spacing_unit":"","ocean_menu_link_color":"","ocean_menu_link_color_hover":"","ocean_menu_link_color_active":"","ocean_menu_link_background":"","ocean_menu_link_hover_background":"","ocean_menu_link_active_background":"","ocean_menu_social_links_bg":"","ocean_menu_social_hover_links_bg":"","ocean_menu_social_links_color":"","ocean_menu_social_hover_links_color":"","ocean_disable_title":"default","ocean_disable_heading":"default","ocean_post_title":"","ocean_post_subheading":"","ocean_post_title_style":"","ocean_post_title_background_color":"","ocean_post_title_background":0,"ocean_post_title_bg_image_position":"","ocean_post_title_bg_image_attachment":"","ocean_post_title_bg_image_repeat":"","ocean_post_title_bg_image_size":"","ocean_post_title_height":0,"ocean_post_title_bg_overlay":0.5,"ocean_post_title_bg_overlay_color":"","ocean_disable_breadcrumbs":"default","ocean_breadcrumbs_color":"","ocean_breadcrumbs_separator_color":"","ocean_breadcrumbs_links_color":"","ocean_breadcrumbs_links_hover_color":"","ocean_display_footer_widgets":"default","ocean_display_footer_bottom":"default","ocean_custom_footer_template":"0"},"product_brand":[],"product_cat":[71,20],"product_tag":[],"class_list":{"0":"post-1953","1":"product","2":"type-product","3":"status-publish","4":"has-post-thumbnail","6":"product_cat-cremes-solaires","7":"product_cat-solaire","9":"entry","10":"has-media","12":"first","13":"instock","14":"taxable","15":"shipping-taxable","16":"purchasable","17":"product-type-simple","18":"has-product-nav","19":"col","20":"span_1_of_3","21":"owp-content-center","22":"owp-thumbs-layout-horizontal","23":"owp-btn-normal","24":"owp-tabs-layout-horizontal"},"_links":{"self":[{"href":"https:\/\/ellypara.com\/index.php\/wp-json\/wp\/v2\/product\/1953","targetHints":{"allow":["GET"]}}],"collection":[{"href":"https:\/\/ellypara.com\/index.php\/wp-json\/wp\/v2\/product"}],"about":[{"href":"https:\/\/ellypara.com\/index.php\/wp-json\/wp\/v2\/types\/product"}],"replies":[{"embeddable":true,"href":"https:\/\/ellypara.com\/index.php\/wp-json\/wp\/v2\/comments?post=1953"}],"wp:featuredmedia":[{"embeddable":true,"href":"https:\/\/ellypara.com\/index.php\/wp-json\/wp\/v2\/media\/1954"}],"wp:attachment":[{"href":"https:\/\/ellypara.com\/index.php\/wp-json\/wp\/v2\/media?parent=1953"}],"wp:term":[{"taxonomy":"product_brand","embeddable":true,"href":"https:\/\/ellypara.com\/index.php\/wp-json\/wp\/v2\/product_brand?post=1953"},{"taxonomy":"product_cat","embeddable":true,"href":"https:\/\/ellypara.com\/index.php\/wp-json\/wp\/v2\/product_cat?post=1953"},{"taxonomy":"product_tag","embeddable":true,"href":"https:\/\/ellypara.com\/index.php\/wp-json\/wp\/v2\/product_tag?post=1953"}],"curies":[{"name":"wp","href":"https:\/\/api.w.org\/{rel}","templated":true}]}}