{"id":1970,"date":"2025-07-02T22:35:21","date_gmt":"2025-07-02T20:35:21","guid":{"rendered":"https:\/\/ellypara.com\/?post_type=product&#038;p=1970"},"modified":"2025-07-02T22:35:21","modified_gmt":"2025-07-02T20:35:21","slug":"svr-sun-secure-recharge-easy-stick-spf50-10g","status":"publish","type":"product","link":"https:\/\/ellypara.com\/index.php\/produit\/svr-sun-secure-recharge-easy-stick-spf50-10g\/","title":{"rendered":"SVR Sun Secure Recharge Easy Stick SPF50+ 10g"},"content":{"rendered":"<p>SVR Sun Secure Stick Recharge SPF50+ 10 g\u00a0est un stick \u00e0 tr\u00e8s haute protection invisible pour peaux particuli\u00e8rement sensibles dans un mini format de poche ultra nomade.<\/p>\n<p>Il offre une texture transparente pour un fini totalement imperceptible.<br \/>\nIl cible tous types de rayons et offre une action :<\/p>\n<ul>\n<li>Anti-UVA et UVB gr\u00e2ce \u00e0 une association de filtres solaires organiques photostables performants qui forme une protection physique en surface,<\/li>\n<li>les UVA et les UVA longs, une protection renforc\u00e9e contre les effets d\u00e9l\u00e9t\u00e8res et le stress oxydatif induits par les infrarouges et la lumi\u00e8re visible (dont la lumi\u00e8re bleue) afin de lutter contre le vieillissement cutan\u00e9 acc\u00e9l\u00e9r\u00e9 gr\u00e2ce au puissant complexe anti-oxydant (extrait de cresson, vitamine E).<\/li>\n<\/ul>\n<p>Tr\u00e8s r\u00e9sistant \u00e0 l\u2019eau, ce stick r\u00e9siste aussi aux frottements et \u00e0 la transpiration.<\/p>\n<p>Non com\u00e9dog\u00e8ne.<\/p>\n<p>Sans Parfum.<\/p>\n<p><strong>Conseils d\u2019utilisation<\/strong><\/p>\n<p>Renouveler fr\u00e9quemment l\u2019application.<br \/>\nNe pas exposer les b\u00e9b\u00e9s au soleil.<\/p>\n<p><strong>Indication :<\/strong>\u00a0SPF50+<\/p>\n<p><strong>Composition<\/strong><\/p>\n<p>Propylheptyl Caprylate, Octyldodecanol, Dicaprylyl Carbonate, Diethylamino Hydroxybenzoyl Hexyl Benzoate, Triethyl Citrate, Tributyl Citrate, Ethylhexyl Triazone, Bis-Ethylhexyloxyphenol Methoxyphenyl Triazine, Dibutyl Lauroyl Glutamide, Diethylhexyl Butamido Triazone, Dibutyl Ethylhexanoyl Glutamide, Lepidium Sativum Sprout Extract, Helianthus Annuus (Sunflower) Seed Oil, Tocopherol, Caprylic\/Capric Triglyceride.<\/p>\n","protected":false},"excerpt":{"rendered":"<p>Con\u00e7u pour les zones sensibles, Sun Secure Easy Stick est un stick solaire qui garantit une tr\u00e8s haute protection. Il se pr\u00e9sente en format compact, pour une application express.<\/p>\n","protected":false},"featured_media":1968,"comment_status":"open","ping_status":"closed","template":"","meta":{"ocean_post_layout":"","ocean_both_sidebars_style":"","ocean_both_sidebars_content_width":0,"ocean_both_sidebars_sidebars_width":0,"ocean_sidebar":"0","ocean_second_sidebar":"0","ocean_disable_margins":"enable","ocean_add_body_class":"","ocean_shortcode_before_top_bar":"","ocean_shortcode_after_top_bar":"","ocean_shortcode_before_header":"","ocean_shortcode_after_header":"","ocean_has_shortcode":"","ocean_shortcode_after_title":"","ocean_shortcode_before_footer_widgets":"","ocean_shortcode_after_footer_widgets":"","ocean_shortcode_before_footer_bottom":"","ocean_shortcode_after_footer_bottom":"","ocean_display_top_bar":"default","ocean_display_header":"default","ocean_header_style":"","ocean_center_header_left_menu":"0","ocean_custom_header_template":"0","ocean_custom_logo":0,"ocean_custom_retina_logo":0,"ocean_custom_logo_max_width":0,"ocean_custom_logo_tablet_max_width":0,"ocean_custom_logo_mobile_max_width":0,"ocean_custom_logo_max_height":0,"ocean_custom_logo_tablet_max_height":0,"ocean_custom_logo_mobile_max_height":0,"ocean_header_custom_menu":"0","ocean_menu_typo_font_family":"0","ocean_menu_typo_font_subset":"","ocean_menu_typo_font_size":0,"ocean_menu_typo_font_size_tablet":0,"ocean_menu_typo_font_size_mobile":0,"ocean_menu_typo_font_size_unit":"px","ocean_menu_typo_font_weight":"","ocean_menu_typo_font_weight_tablet":"","ocean_menu_typo_font_weight_mobile":"","ocean_menu_typo_transform":"","ocean_menu_typo_transform_tablet":"","ocean_menu_typo_transform_mobile":"","ocean_menu_typo_line_height":0,"ocean_menu_typo_line_height_tablet":0,"ocean_menu_typo_line_height_mobile":0,"ocean_menu_typo_line_height_unit":"","ocean_menu_typo_spacing":0,"ocean_menu_typo_spacing_tablet":0,"ocean_menu_typo_spacing_mobile":0,"ocean_menu_typo_spacing_unit":"","ocean_menu_link_color":"","ocean_menu_link_color_hover":"","ocean_menu_link_color_active":"","ocean_menu_link_background":"","ocean_menu_link_hover_background":"","ocean_menu_link_active_background":"","ocean_menu_social_links_bg":"","ocean_menu_social_hover_links_bg":"","ocean_menu_social_links_color":"","ocean_menu_social_hover_links_color":"","ocean_disable_title":"default","ocean_disable_heading":"default","ocean_post_title":"","ocean_post_subheading":"","ocean_post_title_style":"","ocean_post_title_background_color":"","ocean_post_title_background":0,"ocean_post_title_bg_image_position":"","ocean_post_title_bg_image_attachment":"","ocean_post_title_bg_image_repeat":"","ocean_post_title_bg_image_size":"","ocean_post_title_height":0,"ocean_post_title_bg_overlay":0.5,"ocean_post_title_bg_overlay_color":"","ocean_disable_breadcrumbs":"default","ocean_breadcrumbs_color":"","ocean_breadcrumbs_separator_color":"","ocean_breadcrumbs_links_color":"","ocean_breadcrumbs_links_hover_color":"","ocean_display_footer_widgets":"default","ocean_display_footer_bottom":"default","ocean_custom_footer_template":"0"},"product_brand":[],"product_cat":[71,20],"product_tag":[],"class_list":{"0":"post-1970","1":"product","2":"type-product","3":"status-publish","4":"has-post-thumbnail","6":"product_cat-cremes-solaires","7":"product_cat-solaire","9":"entry","10":"has-media","12":"first","13":"instock","14":"taxable","15":"shipping-taxable","16":"purchasable","17":"product-type-simple","18":"has-product-nav","19":"col","20":"span_1_of_3","21":"owp-content-center","22":"owp-thumbs-layout-horizontal","23":"owp-btn-normal","24":"owp-tabs-layout-horizontal","25":"has-no-thumbnails"},"_links":{"self":[{"href":"https:\/\/ellypara.com\/index.php\/wp-json\/wp\/v2\/product\/1970","targetHints":{"allow":["GET"]}}],"collection":[{"href":"https:\/\/ellypara.com\/index.php\/wp-json\/wp\/v2\/product"}],"about":[{"href":"https:\/\/ellypara.com\/index.php\/wp-json\/wp\/v2\/types\/product"}],"replies":[{"embeddable":true,"href":"https:\/\/ellypara.com\/index.php\/wp-json\/wp\/v2\/comments?post=1970"}],"wp:featuredmedia":[{"embeddable":true,"href":"https:\/\/ellypara.com\/index.php\/wp-json\/wp\/v2\/media\/1968"}],"wp:attachment":[{"href":"https:\/\/ellypara.com\/index.php\/wp-json\/wp\/v2\/media?parent=1970"}],"wp:term":[{"taxonomy":"product_brand","embeddable":true,"href":"https:\/\/ellypara.com\/index.php\/wp-json\/wp\/v2\/product_brand?post=1970"},{"taxonomy":"product_cat","embeddable":true,"href":"https:\/\/ellypara.com\/index.php\/wp-json\/wp\/v2\/product_cat?post=1970"},{"taxonomy":"product_tag","embeddable":true,"href":"https:\/\/ellypara.com\/index.php\/wp-json\/wp\/v2\/product_tag?post=1970"}],"curies":[{"name":"wp","href":"https:\/\/api.w.org\/{rel}","templated":true}]}}