{"id":1980,"date":"2025-07-03T14:37:12","date_gmt":"2025-07-03T12:37:12","guid":{"rendered":"https:\/\/ellypara.com\/?post_type=product&#038;p=1980"},"modified":"2025-07-03T14:37:13","modified_gmt":"2025-07-03T12:37:13","slug":"acm-sebionex-actimat-soin-anti-imperfections-teinte-40ml","status":"publish","type":"product","link":"https:\/\/ellypara.com\/index.php\/produit\/acm-sebionex-actimat-soin-anti-imperfections-teinte-40ml\/","title":{"rendered":"ACM S\u00e9bionex Actimat Soin Anti-Imperfections Teint\u00e9 40ml"},"content":{"rendered":"<p>Laboratoire ACM S\u00e9bionex Actimat Soin Anti-Imperfections Teint\u00e9 40 ml teinte claire est un soin qui permet d\u2019hydrater, masquer et corriger les imperfections des peaux grasses.<\/p>\n<p>Ce soin hydrate, masque et corrige en un seul geste. Plus qu\u2019une cr\u00e8me masquant les imperfections, c\u2019est aussi un soin qui pr\u00e9vient leur apparition en limitant la prolif\u00e9ration bact\u00e9rienne et en ma\u00eetrisant les brillances.<\/p>\n<p>Sa texture fluide, l\u00e9g\u00e8re et non collante p\u00e9n\u00e8tre rapidement, prodiguant \u00e0 la fois un effet matifiant durable et une bonne couvrance.<\/p>\n<p>Non com\u00e9dog\u00e8ne.<\/p>\n<p><strong>Conseils d\u2019utilisation<\/strong><\/p>\n<p>Appliquer le matin uniform\u00e9ment sur le visage et le cou pr\u00e9alablement nettoy\u00e9 avec le gel nettoyant S\u00e9bionex ou la lotion micellaire S\u00e9bionex. Peut servir de maquillage ou de base de maquillage.<\/p>\n<p><strong>Indication :<\/strong>\u00a0Hydrater, masquer et corriger les imperfections des peaux grasses.<\/p>\n<p><strong>Composition<\/strong><\/p>\n<p>Aqua (Water), Cyclopentasiloxane, CI 77891 (Titanium Dioxide), Cyclohexasiloxane, Caprylyl Methicone, Propanediol, Dimethicone, Cetyl PEG\/PPG-10\/1 Dimethicone, Bis-PEG\/PPG-14\/14 Dimethicone, CI 77492 (Iron Oxides), Niacinamide, Ceramide NP, Ceramide AP, Ceramide EOP, Magnesium Sulfate, Tocopherol, Disteardimonium Hectorite, Gluconolactone, Dimethicone Crosspolymer, CI 77491 (Iron Oxides), Chlorphenesin, Propylene Carbonate, Sodium Benzoate, Xanthan Gum, Disodium EDTA, CI 77499 (Iron Oxides), Sodium Hydroxide, Glycine Soja (Soybean) Oil, Disodium Stearoyl Glutamate, Aluminum Hydroxide, Calcium Gluconate, Sodium Lauroyl Lactylate, Phenoxyethanol, Phytosphingosine, Pentaerythrityl Tetra-Di-T-Butyl Hydroxyhydrocinnamate, Cholesterol, Carbomer, Ethylhexylglycerin, Triisopropanolamine.<\/p>\n","protected":false},"excerpt":{"rendered":"<p>S\u00e9bionex Actimat Soin Anti-Imperfections Teint\u00e9 40ml de chez ACM est un soin anti-impefection qui va traiter et masquer instantan\u00e9ment les imperfections.<\/p>\n","protected":false},"featured_media":1981,"comment_status":"open","ping_status":"closed","template":"","meta":{"ocean_post_layout":"","ocean_both_sidebars_style":"","ocean_both_sidebars_content_width":0,"ocean_both_sidebars_sidebars_width":0,"ocean_sidebar":"0","ocean_second_sidebar":"0","ocean_disable_margins":"enable","ocean_add_body_class":"","ocean_shortcode_before_top_bar":"","ocean_shortcode_after_top_bar":"","ocean_shortcode_before_header":"","ocean_shortcode_after_header":"","ocean_has_shortcode":"","ocean_shortcode_after_title":"","ocean_shortcode_before_footer_widgets":"","ocean_shortcode_after_footer_widgets":"","ocean_shortcode_before_footer_bottom":"","ocean_shortcode_after_footer_bottom":"","ocean_display_top_bar":"default","ocean_display_header":"default","ocean_header_style":"","ocean_center_header_left_menu":"0","ocean_custom_header_template":"0","ocean_custom_logo":0,"ocean_custom_retina_logo":0,"ocean_custom_logo_max_width":0,"ocean_custom_logo_tablet_max_width":0,"ocean_custom_logo_mobile_max_width":0,"ocean_custom_logo_max_height":0,"ocean_custom_logo_tablet_max_height":0,"ocean_custom_logo_mobile_max_height":0,"ocean_header_custom_menu":"0","ocean_menu_typo_font_family":"0","ocean_menu_typo_font_subset":"","ocean_menu_typo_font_size":0,"ocean_menu_typo_font_size_tablet":0,"ocean_menu_typo_font_size_mobile":0,"ocean_menu_typo_font_size_unit":"px","ocean_menu_typo_font_weight":"","ocean_menu_typo_font_weight_tablet":"","ocean_menu_typo_font_weight_mobile":"","ocean_menu_typo_transform":"","ocean_menu_typo_transform_tablet":"","ocean_menu_typo_transform_mobile":"","ocean_menu_typo_line_height":0,"ocean_menu_typo_line_height_tablet":0,"ocean_menu_typo_line_height_mobile":0,"ocean_menu_typo_line_height_unit":"","ocean_menu_typo_spacing":0,"ocean_menu_typo_spacing_tablet":0,"ocean_menu_typo_spacing_mobile":0,"ocean_menu_typo_spacing_unit":"","ocean_menu_link_color":"","ocean_menu_link_color_hover":"","ocean_menu_link_color_active":"","ocean_menu_link_background":"","ocean_menu_link_hover_background":"","ocean_menu_link_active_background":"","ocean_menu_social_links_bg":"","ocean_menu_social_hover_links_bg":"","ocean_menu_social_links_color":"","ocean_menu_social_hover_links_color":"","ocean_disable_title":"default","ocean_disable_heading":"default","ocean_post_title":"","ocean_post_subheading":"","ocean_post_title_style":"","ocean_post_title_background_color":"","ocean_post_title_background":0,"ocean_post_title_bg_image_position":"","ocean_post_title_bg_image_attachment":"","ocean_post_title_bg_image_repeat":"","ocean_post_title_bg_image_size":"","ocean_post_title_height":0,"ocean_post_title_bg_overlay":0.5,"ocean_post_title_bg_overlay_color":"","ocean_disable_breadcrumbs":"default","ocean_breadcrumbs_color":"","ocean_breadcrumbs_separator_color":"","ocean_breadcrumbs_links_color":"","ocean_breadcrumbs_links_hover_color":"","ocean_display_footer_widgets":"default","ocean_display_footer_bottom":"default","ocean_custom_footer_template":"0"},"product_brand":[],"product_cat":[37,39,35,21],"product_tag":[],"class_list":{"0":"post-1980","1":"product","2":"type-product","3":"status-publish","4":"has-post-thumbnail","6":"product_cat-soins-peau-grasse","7":"product_cat-soins-anti-taches-et-depigmentants","8":"product_cat-soins-hydratants-et-nourrissants","9":"product_cat-visage","11":"entry","12":"has-media","14":"first","15":"outofstock","16":"taxable","17":"shipping-taxable","18":"purchasable","19":"product-type-simple","20":"has-product-nav","21":"col","22":"span_1_of_3","23":"owp-content-center","24":"owp-thumbs-layout-horizontal","25":"owp-btn-normal","26":"owp-tabs-layout-horizontal"},"_links":{"self":[{"href":"https:\/\/ellypara.com\/index.php\/wp-json\/wp\/v2\/product\/1980","targetHints":{"allow":["GET"]}}],"collection":[{"href":"https:\/\/ellypara.com\/index.php\/wp-json\/wp\/v2\/product"}],"about":[{"href":"https:\/\/ellypara.com\/index.php\/wp-json\/wp\/v2\/types\/product"}],"replies":[{"embeddable":true,"href":"https:\/\/ellypara.com\/index.php\/wp-json\/wp\/v2\/comments?post=1980"}],"wp:featuredmedia":[{"embeddable":true,"href":"https:\/\/ellypara.com\/index.php\/wp-json\/wp\/v2\/media\/1981"}],"wp:attachment":[{"href":"https:\/\/ellypara.com\/index.php\/wp-json\/wp\/v2\/media?parent=1980"}],"wp:term":[{"taxonomy":"product_brand","embeddable":true,"href":"https:\/\/ellypara.com\/index.php\/wp-json\/wp\/v2\/product_brand?post=1980"},{"taxonomy":"product_cat","embeddable":true,"href":"https:\/\/ellypara.com\/index.php\/wp-json\/wp\/v2\/product_cat?post=1980"},{"taxonomy":"product_tag","embeddable":true,"href":"https:\/\/ellypara.com\/index.php\/wp-json\/wp\/v2\/product_tag?post=1980"}],"curies":[{"name":"wp","href":"https:\/\/api.w.org\/{rel}","templated":true}]}}