{"id":1984,"date":"2025-07-03T14:47:16","date_gmt":"2025-07-03T12:47:16","guid":{"rendered":"https:\/\/ellypara.com\/?post_type=product&#038;p=1984"},"modified":"2025-07-03T14:47:16","modified_gmt":"2025-07-03T12:47:16","slug":"acm-sebionex-gel-moussant-200ml","status":"publish","type":"product","link":"https:\/\/ellypara.com\/index.php\/produit\/acm-sebionex-gel-moussant-200ml\/","title":{"rendered":"ACM S\u00e9bionex Gel Moussant 200ml"},"content":{"rendered":"<p>LES PEAUX MIXTES \u00c0 GRASSES SE CARACT\u00c9RISENT PAR UN EXC\u00c8S DE PRODUCTION DE S\u00c9BUM QUI BROUILLE LE TEINT, BOUCHE LES PORES ET CR\u00c9\u00c9 DES IMPERFECTIONS TELLES QUE POINTS NOIRS ET PAPULES.<\/p>\n<p>Le gel nettoyant S\u00e9bionex nettoie le visage sans dess\u00e9cher tout en \u00e9liminant cet exc\u00e8s de s\u00e9bum. Il respecte le film hydrolipidique de la peau gr\u00e2ce \u00e0 une association de bases lavantes douces sans savon et exfolie en douceur. Le teint retrouve sa nettet\u00e9.<\/p>\n<p><strong>Indications<\/strong><\/p>\n<p>Mixtes \u00e0 grasses<br \/>\nVisage et corps<\/p>\n<p><strong>Conseils d\u2019utilisation<\/strong><\/p>\n<p>Appliquer le gel nettoyant S\u00e9bionex matin et soir sur une peau humide, faire mousser, rincer abondamment puis s\u00e9cher. En cas de contact avec les yeux, rincer soigneusement \u00e0 l\u2019eau.<\/p>\n<p><strong>Prinicipaux actifs<\/strong><\/p>\n<p>Association de bases lavantes douces et d\u2019AHA<\/p>\n<p><strong>Composition<\/strong><br \/>\nAqua (Water), Sodium Laureth Sulfate, Ammonium Glycolate, Sodium Cocoamphoacetate, Sodium Chloride, Glycolic Acid, Ammonia, Chlorphenesin, Phenoxyethanol, Sodium Benzoate, CI 42090 (Blue 1), CI 19140 (Yellow 5), Parfum (Fragrance).<\/p>\n<p><strong>Conditionnement<\/strong><\/p>\n<p>Flacon-pompe de 200 ml<\/p>\n","protected":false},"excerpt":{"rendered":"<p>Le gel nettoyant S\u00e9bionex nettoie le visage sans dess\u00e9cher tout en \u00e9liminant cet exc\u00e8s de s\u00e9bum.<\/p>\n","protected":false},"featured_media":1985,"comment_status":"open","ping_status":"closed","template":"","meta":{"ocean_post_layout":"","ocean_both_sidebars_style":"","ocean_both_sidebars_content_width":0,"ocean_both_sidebars_sidebars_width":0,"ocean_sidebar":"0","ocean_second_sidebar":"0","ocean_disable_margins":"enable","ocean_add_body_class":"","ocean_shortcode_before_top_bar":"","ocean_shortcode_after_top_bar":"","ocean_shortcode_before_header":"","ocean_shortcode_after_header":"","ocean_has_shortcode":"","ocean_shortcode_after_title":"","ocean_shortcode_before_footer_widgets":"","ocean_shortcode_after_footer_widgets":"","ocean_shortcode_before_footer_bottom":"","ocean_shortcode_after_footer_bottom":"","ocean_display_top_bar":"default","ocean_display_header":"default","ocean_header_style":"","ocean_center_header_left_menu":"0","ocean_custom_header_template":"0","ocean_custom_logo":0,"ocean_custom_retina_logo":0,"ocean_custom_logo_max_width":0,"ocean_custom_logo_tablet_max_width":0,"ocean_custom_logo_mobile_max_width":0,"ocean_custom_logo_max_height":0,"ocean_custom_logo_tablet_max_height":0,"ocean_custom_logo_mobile_max_height":0,"ocean_header_custom_menu":"0","ocean_menu_typo_font_family":"0","ocean_menu_typo_font_subset":"","ocean_menu_typo_font_size":0,"ocean_menu_typo_font_size_tablet":0,"ocean_menu_typo_font_size_mobile":0,"ocean_menu_typo_font_size_unit":"px","ocean_menu_typo_font_weight":"","ocean_menu_typo_font_weight_tablet":"","ocean_menu_typo_font_weight_mobile":"","ocean_menu_typo_transform":"","ocean_menu_typo_transform_tablet":"","ocean_menu_typo_transform_mobile":"","ocean_menu_typo_line_height":0,"ocean_menu_typo_line_height_tablet":0,"ocean_menu_typo_line_height_mobile":0,"ocean_menu_typo_line_height_unit":"","ocean_menu_typo_spacing":0,"ocean_menu_typo_spacing_tablet":0,"ocean_menu_typo_spacing_mobile":0,"ocean_menu_typo_spacing_unit":"","ocean_menu_link_color":"","ocean_menu_link_color_hover":"","ocean_menu_link_color_active":"","ocean_menu_link_background":"","ocean_menu_link_hover_background":"","ocean_menu_link_active_background":"","ocean_menu_social_links_bg":"","ocean_menu_social_hover_links_bg":"","ocean_menu_social_links_color":"","ocean_menu_social_hover_links_color":"","ocean_disable_title":"default","ocean_disable_heading":"default","ocean_post_title":"","ocean_post_subheading":"","ocean_post_title_style":"","ocean_post_title_background_color":"","ocean_post_title_background":0,"ocean_post_title_bg_image_position":"","ocean_post_title_bg_image_attachment":"","ocean_post_title_bg_image_repeat":"","ocean_post_title_bg_image_size":"","ocean_post_title_height":0,"ocean_post_title_bg_overlay":0.5,"ocean_post_title_bg_overlay_color":"","ocean_disable_breadcrumbs":"default","ocean_breadcrumbs_color":"","ocean_breadcrumbs_separator_color":"","ocean_breadcrumbs_links_color":"","ocean_breadcrumbs_links_hover_color":"","ocean_display_footer_widgets":"default","ocean_display_footer_bottom":"default","ocean_custom_footer_template":"0"},"product_brand":[],"product_cat":[41,37,21],"product_tag":[],"class_list":{"0":"post-1984","1":"product","2":"type-product","3":"status-publish","4":"has-post-thumbnail","6":"product_cat-nettoyants-visage","7":"product_cat-soins-peau-grasse","8":"product_cat-visage","10":"entry","11":"has-media","13":"first","14":"instock","15":"taxable","16":"shipping-taxable","17":"purchasable","18":"product-type-simple","19":"has-product-nav","20":"col","21":"span_1_of_3","22":"owp-content-center","23":"owp-thumbs-layout-horizontal","24":"owp-btn-normal","25":"owp-tabs-layout-horizontal"},"_links":{"self":[{"href":"https:\/\/ellypara.com\/index.php\/wp-json\/wp\/v2\/product\/1984","targetHints":{"allow":["GET"]}}],"collection":[{"href":"https:\/\/ellypara.com\/index.php\/wp-json\/wp\/v2\/product"}],"about":[{"href":"https:\/\/ellypara.com\/index.php\/wp-json\/wp\/v2\/types\/product"}],"replies":[{"embeddable":true,"href":"https:\/\/ellypara.com\/index.php\/wp-json\/wp\/v2\/comments?post=1984"}],"wp:featuredmedia":[{"embeddable":true,"href":"https:\/\/ellypara.com\/index.php\/wp-json\/wp\/v2\/media\/1985"}],"wp:attachment":[{"href":"https:\/\/ellypara.com\/index.php\/wp-json\/wp\/v2\/media?parent=1984"}],"wp:term":[{"taxonomy":"product_brand","embeddable":true,"href":"https:\/\/ellypara.com\/index.php\/wp-json\/wp\/v2\/product_brand?post=1984"},{"taxonomy":"product_cat","embeddable":true,"href":"https:\/\/ellypara.com\/index.php\/wp-json\/wp\/v2\/product_cat?post=1984"},{"taxonomy":"product_tag","embeddable":true,"href":"https:\/\/ellypara.com\/index.php\/wp-json\/wp\/v2\/product_tag?post=1984"}],"curies":[{"name":"wp","href":"https:\/\/api.w.org\/{rel}","templated":true}]}}