{"id":1991,"date":"2025-07-03T15:03:08","date_gmt":"2025-07-03T13:03:08","guid":{"rendered":"https:\/\/ellypara.com\/?post_type=product&#038;p=1991"},"modified":"2025-09-12T15:03:49","modified_gmt":"2025-09-12T13:03:49","slug":"acm-sebionex-trio-creme-apaisante-anti-imperfections-40ml","status":"publish","type":"product","link":"https:\/\/ellypara.com\/index.php\/produit\/acm-sebionex-trio-creme-apaisante-anti-imperfections-40ml\/","title":{"rendered":"ACM S\u00c9BIONEX TRIO Cr\u00e8me Apaisante Anti-Imperfections 40ml"},"content":{"rendered":"<p>Cette cr\u00e8me correctrice pour les peaux grasses et \u00e0 imperfections s\u2019utilise sur le visage, seule ou en compl\u00e9ment des traitements anti-acn\u00e9iques.<\/p>\n<p>Tr\u00e8s efficace contre les imperfections les plus s\u00e9v\u00e8res dues \u00e0 l\u2019acn\u00e9, cette cr\u00e8me combine 3 actions compl\u00e9mentaires :<\/p>\n<p>Elle diminue les imperfections, exfolie en douceur et limite la formation des bouchons corn\u00e9s (gr\u00e2ce aux esters et sels d\u2019AHA, acide salicylique.<br \/>\nElle r\u00e9gule la production de s\u00e9bum gr\u00e2ce notamment au gluconate de zinc.<br \/>\nElle apaise, hydrate et matifie gr\u00e2ce \u00e0 la vitamine PP, le bisabolol, le lactate d\u2019ammonium et \u00e0 la glyc\u00e9rine.<\/p>\n<p>Le teint est matifi\u00e9 durablement, la peau ne brille plus, le visage retrouve sa nettet\u00e9.<\/p>\n<p><strong>Indications<\/strong><\/p>\n<p>Mixtes \u00e0 grasses, \u00e0 tendance acn\u00e9ique<\/p>\n<p><strong>Conseils d\u2019utilisation<\/strong><\/p>\n<p>Appliquer la cr\u00e8me apaisante Anti-imperfections S\u00e9bionex Trio matin et\/ou soir sur une peau pr\u00e9alablement nettoy\u00e9e et s\u00e9ch\u00e9e.<\/p>\n<p><strong>Prnicipaux actifs<\/strong><\/p>\n<p>Esters et sels d\u2019AHA, acide salicylique, gluconate de zinc, vitamine PP, bisabolol, lactate d\u2019ammonium et glyc\u00e9rine<\/p>\n<p><strong>Composition<\/strong><\/p>\n<p>Aqua (Water), Glycerin, Niacinamide, Glyceryl Stearate Citrate, Isononyl Isononanoate, Butylene Glycol, C15-19 Alkane, Potassium Cetyl Phosphate, C12-13 Alkyl Lactate, Stearic Acid, Palmitic Acid, Xanthan Gum, Glycolic Acid, Zinc Gluconate, Ammonia, Lactic Acid, Bisabolol, Biotin, Salicylic Acid, Capryloyl Glycine, Sodium Hydroxide, Caprylic Acid, Sodium Benzoate, Citric Acid, Parfum (Fragrance).<\/p>\n<p><strong>Conditionnement<\/strong><\/p>\n<p>Tube de 40 ml<\/p>\n","protected":false},"excerpt":{"rendered":"<p>La cr\u00e8me apaisante anti-imperfections S\u00e9bionex Trio ACM est un soin correcteur visage particuli\u00e8rement adapt\u00e9 aux peaux grasses et \u00e0 tendance acn\u00e9ique.<\/p>\n","protected":false},"featured_media":1992,"comment_status":"open","ping_status":"closed","template":"","meta":{"ocean_post_layout":"","ocean_both_sidebars_style":"","ocean_both_sidebars_content_width":0,"ocean_both_sidebars_sidebars_width":0,"ocean_sidebar":"0","ocean_second_sidebar":"0","ocean_disable_margins":"enable","ocean_add_body_class":"","ocean_shortcode_before_top_bar":"","ocean_shortcode_after_top_bar":"","ocean_shortcode_before_header":"","ocean_shortcode_after_header":"","ocean_has_shortcode":"","ocean_shortcode_after_title":"","ocean_shortcode_before_footer_widgets":"","ocean_shortcode_after_footer_widgets":"","ocean_shortcode_before_footer_bottom":"","ocean_shortcode_after_footer_bottom":"","ocean_display_top_bar":"default","ocean_display_header":"default","ocean_header_style":"","ocean_center_header_left_menu":"0","ocean_custom_header_template":"0","ocean_custom_logo":0,"ocean_custom_retina_logo":0,"ocean_custom_logo_max_width":0,"ocean_custom_logo_tablet_max_width":0,"ocean_custom_logo_mobile_max_width":0,"ocean_custom_logo_max_height":0,"ocean_custom_logo_tablet_max_height":0,"ocean_custom_logo_mobile_max_height":0,"ocean_header_custom_menu":"0","ocean_menu_typo_font_family":"0","ocean_menu_typo_font_subset":"","ocean_menu_typo_font_size":0,"ocean_menu_typo_font_size_tablet":0,"ocean_menu_typo_font_size_mobile":0,"ocean_menu_typo_font_size_unit":"px","ocean_menu_typo_font_weight":"","ocean_menu_typo_font_weight_tablet":"","ocean_menu_typo_font_weight_mobile":"","ocean_menu_typo_transform":"","ocean_menu_typo_transform_tablet":"","ocean_menu_typo_transform_mobile":"","ocean_menu_typo_line_height":0,"ocean_menu_typo_line_height_tablet":0,"ocean_menu_typo_line_height_mobile":0,"ocean_menu_typo_line_height_unit":"","ocean_menu_typo_spacing":0,"ocean_menu_typo_spacing_tablet":0,"ocean_menu_typo_spacing_mobile":0,"ocean_menu_typo_spacing_unit":"","ocean_menu_link_color":"","ocean_menu_link_color_hover":"","ocean_menu_link_color_active":"","ocean_menu_link_background":"","ocean_menu_link_hover_background":"","ocean_menu_link_active_background":"","ocean_menu_social_links_bg":"","ocean_menu_social_hover_links_bg":"","ocean_menu_social_links_color":"","ocean_menu_social_hover_links_color":"","ocean_disable_title":"default","ocean_disable_heading":"default","ocean_post_title":"","ocean_post_subheading":"","ocean_post_title_style":"","ocean_post_title_background_color":"","ocean_post_title_background":0,"ocean_post_title_bg_image_position":"","ocean_post_title_bg_image_attachment":"","ocean_post_title_bg_image_repeat":"","ocean_post_title_bg_image_size":"","ocean_post_title_height":0,"ocean_post_title_bg_overlay":0.5,"ocean_post_title_bg_overlay_color":"","ocean_disable_breadcrumbs":"default","ocean_breadcrumbs_color":"","ocean_breadcrumbs_separator_color":"","ocean_breadcrumbs_links_color":"","ocean_breadcrumbs_links_hover_color":"","ocean_display_footer_widgets":"default","ocean_display_footer_bottom":"default","ocean_custom_footer_template":"0"},"product_brand":[],"product_cat":[37,39,21],"product_tag":[],"class_list":{"0":"post-1991","1":"product","2":"type-product","3":"status-publish","4":"has-post-thumbnail","6":"product_cat-soins-peau-grasse","7":"product_cat-soins-anti-taches-et-depigmentants","8":"product_cat-visage","10":"entry","11":"has-media","13":"first","14":"outofstock","15":"taxable","16":"shipping-taxable","17":"purchasable","18":"product-type-simple","19":"has-product-nav","20":"col","21":"span_1_of_3","22":"owp-content-center","23":"owp-thumbs-layout-horizontal","24":"owp-btn-normal","25":"owp-tabs-layout-horizontal"},"_links":{"self":[{"href":"https:\/\/ellypara.com\/index.php\/wp-json\/wp\/v2\/product\/1991","targetHints":{"allow":["GET"]}}],"collection":[{"href":"https:\/\/ellypara.com\/index.php\/wp-json\/wp\/v2\/product"}],"about":[{"href":"https:\/\/ellypara.com\/index.php\/wp-json\/wp\/v2\/types\/product"}],"replies":[{"embeddable":true,"href":"https:\/\/ellypara.com\/index.php\/wp-json\/wp\/v2\/comments?post=1991"}],"wp:featuredmedia":[{"embeddable":true,"href":"https:\/\/ellypara.com\/index.php\/wp-json\/wp\/v2\/media\/1992"}],"wp:attachment":[{"href":"https:\/\/ellypara.com\/index.php\/wp-json\/wp\/v2\/media?parent=1991"}],"wp:term":[{"taxonomy":"product_brand","embeddable":true,"href":"https:\/\/ellypara.com\/index.php\/wp-json\/wp\/v2\/product_brand?post=1991"},{"taxonomy":"product_cat","embeddable":true,"href":"https:\/\/ellypara.com\/index.php\/wp-json\/wp\/v2\/product_cat?post=1991"},{"taxonomy":"product_tag","embeddable":true,"href":"https:\/\/ellypara.com\/index.php\/wp-json\/wp\/v2\/product_tag?post=1991"}],"curies":[{"name":"wp","href":"https:\/\/api.w.org\/{rel}","templated":true}]}}