{"id":1999,"date":"2025-07-03T15:52:44","date_gmt":"2025-07-03T13:52:44","guid":{"rendered":"https:\/\/ellypara.com\/?post_type=product&#038;p=1999"},"modified":"2025-07-03T15:52:44","modified_gmt":"2025-07-03T13:52:44","slug":"acm-sebionex-k-creme-keratoregulatrice-40ml","status":"publish","type":"product","link":"https:\/\/ellypara.com\/index.php\/produit\/acm-sebionex-k-creme-keratoregulatrice-40ml\/","title":{"rendered":"ACM S\u00e9bionex K Cr\u00e8me K\u00e9rator\u00e9gulatrice 40ml"},"content":{"rendered":"<p>La cr\u00e8me Sebionex K poss\u00e8de une triple action. Gr\u00e2ce \u00e0 son complexe AHA (acides, esters et sels d\u2019AHA), Sebionex K agit au niveau des couches superficielles de l\u2019\u00e9piderme par une action k\u00e9ratolytique.<\/p>\n<p>L\u2019alpha-bisabolol poss\u00e8de des propri\u00e9t\u00e9s apaisantes. L\u2019agent matifiant dos\u00e9 \u00e0 5% permet d\u2019absorber l\u2019exc\u00e8s de s\u00e9bum et ainsi att\u00e9nuer l\u2019aspect brillant des peaux grasses.<\/p>\n<p><strong>Conseils d\u2019utilisation<\/strong><\/p>\n<p>Appliquer la cr\u00e8me Sebionex K matin et soir sur une peau pr\u00e9alablement nettoy\u00e9e et s\u00e9ch\u00e9e.<\/p>\n<p><strong>Composition<\/strong><\/p>\n<p>Aqua (Eau), Glycolate d\u2019ammonium, Nylon-12, C12-13 Alkyl Lactate, Propanediol, Steareth-21, Acide Glycolique, Lactate d\u2019ammonium, Steareth-2, Cyclopentasiloxane, Isohexadecane, Acide St\u00e9arique, Hydroxyde d\u2019ammonium, Cyclohexasiloxane, Copolym\u00e8re PEG-150\/Alcool d\u00e9cylique\/SMDI, Bisabolol, Acide lactique, Gluconate de zinc, Gluconolactone, Gluconate de calcium, Polyacrylamide, Isoparaffine C13-14, Propyl\u00e8ne Glycol, Chlorph\u00e9n\u00e9sine, Hydroxyde de sodium, Benzoate de sodium, Laureth-7, Gomme de xanthane, Parfum (Fragrance).<\/p>\n","protected":false},"excerpt":{"rendered":"<p>La cr\u00e8me k\u00e9rator\u00e9gulatrice S\u00e9bionex ACM est un soin visage exfoliant \u00e0 utiliser au quotidien sur les peaux grasses et \u00e0 tendance acn\u00e9ique. Elle aide \u00e0 purifier la peau en r\u00e9gulant les exc\u00e8s de s\u00e9bum.<\/p>\n","protected":false},"featured_media":2000,"comment_status":"open","ping_status":"closed","template":"","meta":{"ocean_post_layout":"","ocean_both_sidebars_style":"","ocean_both_sidebars_content_width":0,"ocean_both_sidebars_sidebars_width":0,"ocean_sidebar":"0","ocean_second_sidebar":"0","ocean_disable_margins":"enable","ocean_add_body_class":"","ocean_shortcode_before_top_bar":"","ocean_shortcode_after_top_bar":"","ocean_shortcode_before_header":"","ocean_shortcode_after_header":"","ocean_has_shortcode":"","ocean_shortcode_after_title":"","ocean_shortcode_before_footer_widgets":"","ocean_shortcode_after_footer_widgets":"","ocean_shortcode_before_footer_bottom":"","ocean_shortcode_after_footer_bottom":"","ocean_display_top_bar":"default","ocean_display_header":"default","ocean_header_style":"","ocean_center_header_left_menu":"0","ocean_custom_header_template":"0","ocean_custom_logo":0,"ocean_custom_retina_logo":0,"ocean_custom_logo_max_width":0,"ocean_custom_logo_tablet_max_width":0,"ocean_custom_logo_mobile_max_width":0,"ocean_custom_logo_max_height":0,"ocean_custom_logo_tablet_max_height":0,"ocean_custom_logo_mobile_max_height":0,"ocean_header_custom_menu":"0","ocean_menu_typo_font_family":"0","ocean_menu_typo_font_subset":"","ocean_menu_typo_font_size":0,"ocean_menu_typo_font_size_tablet":0,"ocean_menu_typo_font_size_mobile":0,"ocean_menu_typo_font_size_unit":"px","ocean_menu_typo_font_weight":"","ocean_menu_typo_font_weight_tablet":"","ocean_menu_typo_font_weight_mobile":"","ocean_menu_typo_transform":"","ocean_menu_typo_transform_tablet":"","ocean_menu_typo_transform_mobile":"","ocean_menu_typo_line_height":0,"ocean_menu_typo_line_height_tablet":0,"ocean_menu_typo_line_height_mobile":0,"ocean_menu_typo_line_height_unit":"","ocean_menu_typo_spacing":0,"ocean_menu_typo_spacing_tablet":0,"ocean_menu_typo_spacing_mobile":0,"ocean_menu_typo_spacing_unit":"","ocean_menu_link_color":"","ocean_menu_link_color_hover":"","ocean_menu_link_color_active":"","ocean_menu_link_background":"","ocean_menu_link_hover_background":"","ocean_menu_link_active_background":"","ocean_menu_social_links_bg":"","ocean_menu_social_hover_links_bg":"","ocean_menu_social_links_color":"","ocean_menu_social_hover_links_color":"","ocean_disable_title":"default","ocean_disable_heading":"default","ocean_post_title":"","ocean_post_subheading":"","ocean_post_title_style":"","ocean_post_title_background_color":"","ocean_post_title_background":0,"ocean_post_title_bg_image_position":"","ocean_post_title_bg_image_attachment":"","ocean_post_title_bg_image_repeat":"","ocean_post_title_bg_image_size":"","ocean_post_title_height":0,"ocean_post_title_bg_overlay":0.5,"ocean_post_title_bg_overlay_color":"","ocean_disable_breadcrumbs":"default","ocean_breadcrumbs_color":"","ocean_breadcrumbs_separator_color":"","ocean_breadcrumbs_links_color":"","ocean_breadcrumbs_links_hover_color":"","ocean_display_footer_widgets":"default","ocean_display_footer_bottom":"default","ocean_custom_footer_template":"0"},"product_brand":[],"product_cat":[37,39,21],"product_tag":[],"class_list":{"0":"post-1999","1":"product","2":"type-product","3":"status-publish","4":"has-post-thumbnail","6":"product_cat-soins-peau-grasse","7":"product_cat-soins-anti-taches-et-depigmentants","8":"product_cat-visage","10":"entry","11":"has-media","13":"first","14":"instock","15":"taxable","16":"shipping-taxable","17":"purchasable","18":"product-type-simple","19":"has-product-nav","20":"col","21":"span_1_of_3","22":"owp-content-center","23":"owp-thumbs-layout-horizontal","24":"owp-btn-normal","25":"owp-tabs-layout-horizontal"},"_links":{"self":[{"href":"https:\/\/ellypara.com\/index.php\/wp-json\/wp\/v2\/product\/1999","targetHints":{"allow":["GET"]}}],"collection":[{"href":"https:\/\/ellypara.com\/index.php\/wp-json\/wp\/v2\/product"}],"about":[{"href":"https:\/\/ellypara.com\/index.php\/wp-json\/wp\/v2\/types\/product"}],"replies":[{"embeddable":true,"href":"https:\/\/ellypara.com\/index.php\/wp-json\/wp\/v2\/comments?post=1999"}],"wp:featuredmedia":[{"embeddable":true,"href":"https:\/\/ellypara.com\/index.php\/wp-json\/wp\/v2\/media\/2000"}],"wp:attachment":[{"href":"https:\/\/ellypara.com\/index.php\/wp-json\/wp\/v2\/media?parent=1999"}],"wp:term":[{"taxonomy":"product_brand","embeddable":true,"href":"https:\/\/ellypara.com\/index.php\/wp-json\/wp\/v2\/product_brand?post=1999"},{"taxonomy":"product_cat","embeddable":true,"href":"https:\/\/ellypara.com\/index.php\/wp-json\/wp\/v2\/product_cat?post=1999"},{"taxonomy":"product_tag","embeddable":true,"href":"https:\/\/ellypara.com\/index.php\/wp-json\/wp\/v2\/product_tag?post=1999"}],"curies":[{"name":"wp","href":"https:\/\/api.w.org\/{rel}","templated":true}]}}