{"id":2004,"date":"2025-07-03T16:33:36","date_gmt":"2025-07-03T14:33:36","guid":{"rendered":"https:\/\/ellypara.com\/?post_type=product&#038;p=2004"},"modified":"2025-07-03T16:33:36","modified_gmt":"2025-07-03T14:33:36","slug":"acm-boreade-cl-creme-lavante-200ml","status":"publish","type":"product","link":"https:\/\/ellypara.com\/index.php\/produit\/acm-boreade-cl-creme-lavante-200ml\/","title":{"rendered":"ACM BOR\u00c9ADE CL Cr\u00e8me Lavante 200ml"},"content":{"rendered":"<p>La cr\u00e8me lavante Bor\u00e9ade CL de Novederm nettoie en douceur sans dess\u00e9cher gr\u00e2ce \u00e0 des tensio-actifs anioniques tr\u00e8s doux (coco glucoside), au bisabolol et \u00e0 la glyc\u00e9rine.<\/p>\n<p>Elle nettoie et purifie le visage sans irriter la peau et aide \u00e0 contr\u00f4ler l\u2019exc\u00e8s de s\u00e9bum.<\/p>\n<p>Diminue la brillance gr\u00e2ce au 5 \u03b1 avocuta, actif qui r\u00e9gule la production de s\u00e9bum.<br \/>\nPurifie la peau gr\u00e2ce au capryloyl glycine.<br \/>\nPr\u00e9vient l\u2019apparition des imperfections gr\u00e2ce \u00e0 un complexe d\u2019actifs matifiant (5 \u03b1 avocuta), astringent (gluconate de zinc) et purifiant (capryloyl glycine).<br \/>\nApaise et r\u00e9pare la peau gr\u00e2ce aux peptides de quinoa.<\/p>\n<p>R\u00e9sultats : le visage est parfaitement nettoy\u00e9. La peau est purifi\u00e9e sans \u00eatre irrit\u00e9e. L\u2019exc\u00e8s de s\u00e9bum est limit\u00e9.<\/p>\n<p><strong>\u00c9tudes cliniques<\/strong><\/p>\n<p>\u00c9tude clinique r\u00e9alis\u00e9e sur 30 personnes pr\u00e9sentant une peau \u00e0 tendance acn\u00e9ique sous traitement<\/p>\n<p>Bor\u00e9ade CL cr\u00e8me Lavante a \u00e9t\u00e9 test\u00e9e par 30 personnes qui ont constat\u00e9 :<\/p>\n<p>Apporte une sensation de confort imm\u00e9diat : 83%<br \/>\nBien tol\u00e9r\u00e9 par la peau : 97%<br \/>\nAdapt\u00e9 aux peaux sensibilis\u00e9es par des traitements : 97%<\/p>\n<p>% de satisfaction<\/p>\n<p>\u00c9valuation par le dermatologue<\/p>\n<p>100% valident l\u2019utilisation du produit chez les sujets acn\u00e9iques pr\u00e9sentant une peau fragilis\u00e9e par les traitements dermatologiques<\/p>\n<p>*\u00c9tude clinique r\u00e9alis\u00e9e sur 21 sujets pr\u00e9sentant une peau mixte \u00e0 grasse<\/p>\n<p>Diminution de la s\u00e9borrh\u00e9e observ\u00e9e par le dermatologue (scorage): \u2013 86 %<br \/>\n-23% des glandes s\u00e9bac\u00e9es actives (visualisation par sebutape\u00ae)<\/p>\n<p><strong>Indications<\/strong><\/p>\n<p>Tous types de peaux, y compris peaux fragilis\u00e9es par les traitements<\/p>\n<p><strong>Conseils d\u2019utilisation<\/strong><\/p>\n<p>\u00c9mulsionner matin et soir sur le visage humide, puis rincez soigneusement.<\/p>\n<p>Fluide et onctueuse, la Cr\u00e8me Lavante Bor\u00e9ade se transforme en une mousse d\u00e9licate au parfum vert et frais. Elle se rince facilement et laisse la peau nette, douce et confortable pour toute la journ\u00e9e. Pratique, son flacon-pompe d\u00e9livre la juste dose de soin pour nettoyer parfaitement votre visage sans l\u2019agresser.<\/p>\n<p><strong>Certificat<\/strong><\/p>\n<p>90% d\u2019ingr\u00e9dients d\u2019origine actuelle<\/p>\n<p><strong>Principaux actifs<\/strong><\/p>\n<p>5\u00a0 avocuta<br \/>\nCapryloyl glycine<br \/>\nGluconate de zinc<br \/>\nPeptides de quinoa<\/p>\n<p><strong>Composition<\/strong><\/p>\n<p>Aqua (eau), Cetearyl Alcohol, Zea Mays (Corn) Starch, Coco-Glucoside, Disodium Cocoyl Glutamate, Sodium Cocoyl Glutamate, Glycerin, Glyceryl Caprylate, Phospholipids, Glycolipids, Glycine Soja (Soybean) Oil, Glycine Soja (Soybean) Sterols, Bisabolol, Butyl Avocadate (5 \u03b1 avocuta), Titanium Dioxide, Zinc Gluconate, Citric Acid, Sodium Chloride, Hydrolyzed Chenopodium Quinoa Seed, Maltodextrin (peptides de quinoa), Disodium Lauryl Sulfosuccinate, Sodium Cocoyl Isethionate, 1,2-Hexanediol, Hydroxypropyl Guar, Hydrogenated Castor Oil, Capryloyl Glycine, Propyl Gallate, Potassium Sorbate, Fragrance (parfum)<\/p>\n<p><strong>Conditionnement<\/strong><\/p>\n<p>Flacon-pompe de 200 ml<\/p>\n","protected":false},"excerpt":{"rendered":"<p>bor\u00e9ade cr\u00e8me lavante visage contr\u00f4le la production de s\u00e9bum de la peau, r\u00e9gule l\u2019exc\u00e8s de s\u00e9bum et pr\u00e9vient l\u2019apparition d\u2019imperfections.<\/p>\n","protected":false},"featured_media":2005,"comment_status":"open","ping_status":"closed","template":"","meta":{"ocean_post_layout":"","ocean_both_sidebars_style":"","ocean_both_sidebars_content_width":0,"ocean_both_sidebars_sidebars_width":0,"ocean_sidebar":"0","ocean_second_sidebar":"0","ocean_disable_margins":"enable","ocean_add_body_class":"","ocean_shortcode_before_top_bar":"","ocean_shortcode_after_top_bar":"","ocean_shortcode_before_header":"","ocean_shortcode_after_header":"","ocean_has_shortcode":"","ocean_shortcode_after_title":"","ocean_shortcode_before_footer_widgets":"","ocean_shortcode_after_footer_widgets":"","ocean_shortcode_before_footer_bottom":"","ocean_shortcode_after_footer_bottom":"","ocean_display_top_bar":"default","ocean_display_header":"default","ocean_header_style":"","ocean_center_header_left_menu":"0","ocean_custom_header_template":"0","ocean_custom_logo":0,"ocean_custom_retina_logo":0,"ocean_custom_logo_max_width":0,"ocean_custom_logo_tablet_max_width":0,"ocean_custom_logo_mobile_max_width":0,"ocean_custom_logo_max_height":0,"ocean_custom_logo_tablet_max_height":0,"ocean_custom_logo_mobile_max_height":0,"ocean_header_custom_menu":"0","ocean_menu_typo_font_family":"0","ocean_menu_typo_font_subset":"","ocean_menu_typo_font_size":0,"ocean_menu_typo_font_size_tablet":0,"ocean_menu_typo_font_size_mobile":0,"ocean_menu_typo_font_size_unit":"px","ocean_menu_typo_font_weight":"","ocean_menu_typo_font_weight_tablet":"","ocean_menu_typo_font_weight_mobile":"","ocean_menu_typo_transform":"","ocean_menu_typo_transform_tablet":"","ocean_menu_typo_transform_mobile":"","ocean_menu_typo_line_height":0,"ocean_menu_typo_line_height_tablet":0,"ocean_menu_typo_line_height_mobile":0,"ocean_menu_typo_line_height_unit":"","ocean_menu_typo_spacing":0,"ocean_menu_typo_spacing_tablet":0,"ocean_menu_typo_spacing_mobile":0,"ocean_menu_typo_spacing_unit":"","ocean_menu_link_color":"","ocean_menu_link_color_hover":"","ocean_menu_link_color_active":"","ocean_menu_link_background":"","ocean_menu_link_hover_background":"","ocean_menu_link_active_background":"","ocean_menu_social_links_bg":"","ocean_menu_social_hover_links_bg":"","ocean_menu_social_links_color":"","ocean_menu_social_hover_links_color":"","ocean_disable_title":"default","ocean_disable_heading":"default","ocean_post_title":"","ocean_post_subheading":"","ocean_post_title_style":"","ocean_post_title_background_color":"","ocean_post_title_background":0,"ocean_post_title_bg_image_position":"","ocean_post_title_bg_image_attachment":"","ocean_post_title_bg_image_repeat":"","ocean_post_title_bg_image_size":"","ocean_post_title_height":0,"ocean_post_title_bg_overlay":0.5,"ocean_post_title_bg_overlay_color":"","ocean_disable_breadcrumbs":"default","ocean_breadcrumbs_color":"","ocean_breadcrumbs_separator_color":"","ocean_breadcrumbs_links_color":"","ocean_breadcrumbs_links_hover_color":"","ocean_display_footer_widgets":"default","ocean_display_footer_bottom":"default","ocean_custom_footer_template":"0"},"product_brand":[],"product_cat":[41,37,21],"product_tag":[],"class_list":{"0":"post-2004","1":"product","2":"type-product","3":"status-publish","4":"has-post-thumbnail","6":"product_cat-nettoyants-visage","7":"product_cat-soins-peau-grasse","8":"product_cat-visage","10":"entry","11":"has-media","13":"first","14":"instock","15":"taxable","16":"shipping-taxable","17":"purchasable","18":"product-type-simple","19":"has-product-nav","20":"col","21":"span_1_of_3","22":"owp-content-center","23":"owp-thumbs-layout-horizontal","24":"owp-btn-normal","25":"owp-tabs-layout-horizontal"},"_links":{"self":[{"href":"https:\/\/ellypara.com\/index.php\/wp-json\/wp\/v2\/product\/2004","targetHints":{"allow":["GET"]}}],"collection":[{"href":"https:\/\/ellypara.com\/index.php\/wp-json\/wp\/v2\/product"}],"about":[{"href":"https:\/\/ellypara.com\/index.php\/wp-json\/wp\/v2\/types\/product"}],"replies":[{"embeddable":true,"href":"https:\/\/ellypara.com\/index.php\/wp-json\/wp\/v2\/comments?post=2004"}],"wp:featuredmedia":[{"embeddable":true,"href":"https:\/\/ellypara.com\/index.php\/wp-json\/wp\/v2\/media\/2005"}],"wp:attachment":[{"href":"https:\/\/ellypara.com\/index.php\/wp-json\/wp\/v2\/media?parent=2004"}],"wp:term":[{"taxonomy":"product_brand","embeddable":true,"href":"https:\/\/ellypara.com\/index.php\/wp-json\/wp\/v2\/product_brand?post=2004"},{"taxonomy":"product_cat","embeddable":true,"href":"https:\/\/ellypara.com\/index.php\/wp-json\/wp\/v2\/product_cat?post=2004"},{"taxonomy":"product_tag","embeddable":true,"href":"https:\/\/ellypara.com\/index.php\/wp-json\/wp\/v2\/product_tag?post=2004"}],"curies":[{"name":"wp","href":"https:\/\/api.w.org\/{rel}","templated":true}]}}