{"id":2008,"date":"2025-07-03T16:50:23","date_gmt":"2025-07-03T14:50:23","guid":{"rendered":"https:\/\/ellypara.com\/?post_type=product&#038;p=2008"},"modified":"2025-07-03T16:50:24","modified_gmt":"2025-07-03T14:50:24","slug":"acm-boreade-sl-soin-lissant-40ml","status":"publish","type":"product","link":"https:\/\/ellypara.com\/index.php\/produit\/acm-boreade-sl-soin-lissant-40ml\/","title":{"rendered":"ACM Boreade SL Soin Lissant 40ml"},"content":{"rendered":"<p>Ce soin lissant, \u00e0 la texture l\u00e9g\u00e8re et soyeuse, poss\u00e8de une double action anti-acn\u00e9ique et anti-\u00e2ge. Son complexe triple action S.M.A. resserre les pores dilat\u00e9s, diminue les points noirs et pr\u00e9vient l\u2019apparition des imperfections qui perdurent apr\u00e8s l\u2019adolescence.<\/p>\n<p><strong>Conseils d\u2019utilisation<\/strong><\/p>\n<p>Appliquer le soin lissant matin et ou soir apr\u00e8s nettoyage du visage.<\/p>\n<p><strong>Pr\u00e9cautions d\u2019emploi :<\/strong><\/p>\n<p>Eviter le contour des yeux.<\/p>\n<p>Eviter l\u2019exposition au soleil ou utiliser une protection adapt\u00e9e en raison du risque de sensibilit\u00e9 cutan\u00e9e accrue aux UV lors de l\u2019utilisation de produits contenant des AHA.<\/p>\n<p><strong>Composition<\/strong><\/p>\n<p>Aqua (Water), Lactic Acid, Caprylic\/Capryl Triglyceride, C10-18 Triglycerides, Dicaprylyl Carbonate, Sodium Hydroxide, Glycerin, Cetearyl Alcohol, Butyl avocadate, hydroxyethyl acrylate\/Sodium Acryloyldimethyl Taurate Copolymer, Lauryl Glucoside, Polyglyceryl-2 Dipolyhydroxystearate, Silica, Zinc Gluconate, Capryloyl Glycine, Pentaerythrityl Distearate, Ascorbyl Glucoside, Oryza Sativa (Rice) Starch, Glyceryl Caprylate, Parfum (Fragrance), Arginine, Sodium Stearoyl Glutamate, Tocopheryl Acetate, Xantahn Gum, Maltodextrin, Disodium cocoyl Glutamate, Hydrolyzed Lepidium Meyenii Root Extract, Polysorbate 60, Sorbitan Stearate, Hydrolyzed Chenopodium Quinoa Seed, Sodium Cocoyl Glutamate, Propyl Gallate.<\/p>\n","protected":false},"excerpt":{"rendered":"<p>Ce soin double action, destin\u00e9 aux peaux adultes avec de l\u2019acn\u00e9,\u00a0corrige les imperfections persistantes (boutons, com\u00e9dons, \u2026) et lisse les premi\u00e8res rides.<\/p>\n","protected":false},"featured_media":2009,"comment_status":"open","ping_status":"closed","template":"","meta":{"ocean_post_layout":"","ocean_both_sidebars_style":"","ocean_both_sidebars_content_width":0,"ocean_both_sidebars_sidebars_width":0,"ocean_sidebar":"0","ocean_second_sidebar":"0","ocean_disable_margins":"enable","ocean_add_body_class":"","ocean_shortcode_before_top_bar":"","ocean_shortcode_after_top_bar":"","ocean_shortcode_before_header":"","ocean_shortcode_after_header":"","ocean_has_shortcode":"","ocean_shortcode_after_title":"","ocean_shortcode_before_footer_widgets":"","ocean_shortcode_after_footer_widgets":"","ocean_shortcode_before_footer_bottom":"","ocean_shortcode_after_footer_bottom":"","ocean_display_top_bar":"default","ocean_display_header":"default","ocean_header_style":"","ocean_center_header_left_menu":"0","ocean_custom_header_template":"0","ocean_custom_logo":0,"ocean_custom_retina_logo":0,"ocean_custom_logo_max_width":0,"ocean_custom_logo_tablet_max_width":0,"ocean_custom_logo_mobile_max_width":0,"ocean_custom_logo_max_height":0,"ocean_custom_logo_tablet_max_height":0,"ocean_custom_logo_mobile_max_height":0,"ocean_header_custom_menu":"0","ocean_menu_typo_font_family":"0","ocean_menu_typo_font_subset":"","ocean_menu_typo_font_size":0,"ocean_menu_typo_font_size_tablet":0,"ocean_menu_typo_font_size_mobile":0,"ocean_menu_typo_font_size_unit":"px","ocean_menu_typo_font_weight":"","ocean_menu_typo_font_weight_tablet":"","ocean_menu_typo_font_weight_mobile":"","ocean_menu_typo_transform":"","ocean_menu_typo_transform_tablet":"","ocean_menu_typo_transform_mobile":"","ocean_menu_typo_line_height":0,"ocean_menu_typo_line_height_tablet":0,"ocean_menu_typo_line_height_mobile":0,"ocean_menu_typo_line_height_unit":"","ocean_menu_typo_spacing":0,"ocean_menu_typo_spacing_tablet":0,"ocean_menu_typo_spacing_mobile":0,"ocean_menu_typo_spacing_unit":"","ocean_menu_link_color":"","ocean_menu_link_color_hover":"","ocean_menu_link_color_active":"","ocean_menu_link_background":"","ocean_menu_link_hover_background":"","ocean_menu_link_active_background":"","ocean_menu_social_links_bg":"","ocean_menu_social_hover_links_bg":"","ocean_menu_social_links_color":"","ocean_menu_social_hover_links_color":"","ocean_disable_title":"default","ocean_disable_heading":"default","ocean_post_title":"","ocean_post_subheading":"","ocean_post_title_style":"","ocean_post_title_background_color":"","ocean_post_title_background":0,"ocean_post_title_bg_image_position":"","ocean_post_title_bg_image_attachment":"","ocean_post_title_bg_image_repeat":"","ocean_post_title_bg_image_size":"","ocean_post_title_height":0,"ocean_post_title_bg_overlay":0.5,"ocean_post_title_bg_overlay_color":"","ocean_disable_breadcrumbs":"default","ocean_breadcrumbs_color":"","ocean_breadcrumbs_separator_color":"","ocean_breadcrumbs_links_color":"","ocean_breadcrumbs_links_hover_color":"","ocean_display_footer_widgets":"default","ocean_display_footer_bottom":"default","ocean_custom_footer_template":"0"},"product_brand":[],"product_cat":[36,39,21],"product_tag":[],"class_list":{"0":"post-2008","1":"product","2":"type-product","3":"status-publish","4":"has-post-thumbnail","6":"product_cat-soins-anti-age-et-anti-rides","7":"product_cat-soins-anti-taches-et-depigmentants","8":"product_cat-visage","10":"entry","11":"has-media","13":"first","14":"instock","15":"taxable","16":"shipping-taxable","17":"purchasable","18":"product-type-simple","19":"has-product-nav","20":"col","21":"span_1_of_3","22":"owp-content-center","23":"owp-thumbs-layout-horizontal","24":"owp-btn-normal","25":"owp-tabs-layout-horizontal"},"_links":{"self":[{"href":"https:\/\/ellypara.com\/index.php\/wp-json\/wp\/v2\/product\/2008","targetHints":{"allow":["GET"]}}],"collection":[{"href":"https:\/\/ellypara.com\/index.php\/wp-json\/wp\/v2\/product"}],"about":[{"href":"https:\/\/ellypara.com\/index.php\/wp-json\/wp\/v2\/types\/product"}],"replies":[{"embeddable":true,"href":"https:\/\/ellypara.com\/index.php\/wp-json\/wp\/v2\/comments?post=2008"}],"wp:featuredmedia":[{"embeddable":true,"href":"https:\/\/ellypara.com\/index.php\/wp-json\/wp\/v2\/media\/2009"}],"wp:attachment":[{"href":"https:\/\/ellypara.com\/index.php\/wp-json\/wp\/v2\/media?parent=2008"}],"wp:term":[{"taxonomy":"product_brand","embeddable":true,"href":"https:\/\/ellypara.com\/index.php\/wp-json\/wp\/v2\/product_brand?post=2008"},{"taxonomy":"product_cat","embeddable":true,"href":"https:\/\/ellypara.com\/index.php\/wp-json\/wp\/v2\/product_cat?post=2008"},{"taxonomy":"product_tag","embeddable":true,"href":"https:\/\/ellypara.com\/index.php\/wp-json\/wp\/v2\/product_tag?post=2008"}],"curies":[{"name":"wp","href":"https:\/\/api.w.org\/{rel}","templated":true}]}}