{"id":2016,"date":"2025-07-03T17:32:32","date_gmt":"2025-07-03T15:32:32","guid":{"rendered":"https:\/\/ellypara.com\/?post_type=product&#038;p=2016"},"modified":"2025-07-03T17:32:32","modified_gmt":"2025-07-03T15:32:32","slug":"acm-boreade-r-soin-reparateur-apaisant-40ml","status":"publish","type":"product","link":"https:\/\/ellypara.com\/index.php\/produit\/acm-boreade-r-soin-reparateur-apaisant-40ml\/","title":{"rendered":"Acm Boreade R Soin Reparateur Apaisant 40ml"},"content":{"rendered":"<p>Le soin r\u00e9parateur apaisant Bor\u00e9ade, offre une hydration et un confort optimal \u00e0 votre \u00e9piderme. Il convient particuli\u00e8rement aux peaux grasses ou les peaux irrit\u00e9es par les traitements dermatologiques.<\/p>\n<p>Ses actifs de tournesol, de maca, de quinoa et de c\u00e9ramides permetttent la r\u00e9paration et l\u2019am\u00e9lioration de la souplesse des peaux fragilis\u00e9es. Le beurre de karit\u00e9, quant \u00e0 lui permet de nourrir et de prot\u00e9ger l\u2019\u00e9piderme.<\/p>\n<p><strong>Indications<\/strong><\/p>\n<p>Peaux \u00e0 tendance acn\u00e9ique irrit\u00e9es et dess\u00e8ch\u00e9es<\/p>\n<p><strong>Conseils d\u2019utilisation\u200b<\/strong><\/p>\n<p>Appliquer matin et soir sur le visage propre et sec.<\/p>\n<p><strong>Composition<\/strong><\/p>\n<p>Aqua (Water), Caprylic\/Capric Triglyceride, Glycerin, Propanediol Dicaprylate, C10-18 Triglycerides, Glyceryl Stearate, Helianthus Annuus (Sunflower) Seed Oil Unsaponifiables, Butyrospermum Parkii (Shea) Butter, 1,2-Hexanediol, Cetyl Acohol, Hydroxyethyl Acrylate\/Sodium Acryloyldimethyl Taurate Copolymer, Glyceryl Caprylate, Parfum (Fragrance), Xanthan Gum, Sodium Stearoyl Glutamate, Tocopheryl Acetate, Maltodextrin, Hydrolyzed Chenopodium Quinoa Seed, Citric Acid, Polysorbate 60, Sorbitan Stearate, Hydrolyzed Lepidium Meyenii Root, Ceramide 3.<\/p>\n<p><strong>Conditionnement<\/strong><\/p>\n<p>Tube de 40 ml<\/p>\n","protected":false},"excerpt":{"rendered":"<p>Le soin r\u00e9parateur apaisant Bor\u00e9ade R hydrate et restaure le confort des peaux dess\u00e9ch\u00e9es par certains traitements dermatologiques tout au long de la journ\u00e9e.<\/p>\n","protected":false},"featured_media":2017,"comment_status":"open","ping_status":"closed","template":"","meta":{"ocean_post_layout":"","ocean_both_sidebars_style":"","ocean_both_sidebars_content_width":0,"ocean_both_sidebars_sidebars_width":0,"ocean_sidebar":"0","ocean_second_sidebar":"0","ocean_disable_margins":"enable","ocean_add_body_class":"","ocean_shortcode_before_top_bar":"","ocean_shortcode_after_top_bar":"","ocean_shortcode_before_header":"","ocean_shortcode_after_header":"","ocean_has_shortcode":"","ocean_shortcode_after_title":"","ocean_shortcode_before_footer_widgets":"","ocean_shortcode_after_footer_widgets":"","ocean_shortcode_before_footer_bottom":"","ocean_shortcode_after_footer_bottom":"","ocean_display_top_bar":"default","ocean_display_header":"default","ocean_header_style":"","ocean_center_header_left_menu":"0","ocean_custom_header_template":"0","ocean_custom_logo":0,"ocean_custom_retina_logo":0,"ocean_custom_logo_max_width":0,"ocean_custom_logo_tablet_max_width":0,"ocean_custom_logo_mobile_max_width":0,"ocean_custom_logo_max_height":0,"ocean_custom_logo_tablet_max_height":0,"ocean_custom_logo_mobile_max_height":0,"ocean_header_custom_menu":"0","ocean_menu_typo_font_family":"0","ocean_menu_typo_font_subset":"","ocean_menu_typo_font_size":0,"ocean_menu_typo_font_size_tablet":0,"ocean_menu_typo_font_size_mobile":0,"ocean_menu_typo_font_size_unit":"px","ocean_menu_typo_font_weight":"","ocean_menu_typo_font_weight_tablet":"","ocean_menu_typo_font_weight_mobile":"","ocean_menu_typo_transform":"","ocean_menu_typo_transform_tablet":"","ocean_menu_typo_transform_mobile":"","ocean_menu_typo_line_height":0,"ocean_menu_typo_line_height_tablet":0,"ocean_menu_typo_line_height_mobile":0,"ocean_menu_typo_line_height_unit":"","ocean_menu_typo_spacing":0,"ocean_menu_typo_spacing_tablet":0,"ocean_menu_typo_spacing_mobile":0,"ocean_menu_typo_spacing_unit":"","ocean_menu_link_color":"","ocean_menu_link_color_hover":"","ocean_menu_link_color_active":"","ocean_menu_link_background":"","ocean_menu_link_hover_background":"","ocean_menu_link_active_background":"","ocean_menu_social_links_bg":"","ocean_menu_social_hover_links_bg":"","ocean_menu_social_links_color":"","ocean_menu_social_hover_links_color":"","ocean_disable_title":"default","ocean_disable_heading":"default","ocean_post_title":"","ocean_post_subheading":"","ocean_post_title_style":"","ocean_post_title_background_color":"","ocean_post_title_background":0,"ocean_post_title_bg_image_position":"","ocean_post_title_bg_image_attachment":"","ocean_post_title_bg_image_repeat":"","ocean_post_title_bg_image_size":"","ocean_post_title_height":0,"ocean_post_title_bg_overlay":0.5,"ocean_post_title_bg_overlay_color":"","ocean_disable_breadcrumbs":"default","ocean_breadcrumbs_color":"","ocean_breadcrumbs_separator_color":"","ocean_breadcrumbs_links_color":"","ocean_breadcrumbs_links_hover_color":"","ocean_display_footer_widgets":"default","ocean_display_footer_bottom":"default","ocean_custom_footer_template":"0"},"product_brand":[],"product_cat":[37,35,21],"product_tag":[],"class_list":{"0":"post-2016","1":"product","2":"type-product","3":"status-publish","4":"has-post-thumbnail","6":"product_cat-soins-peau-grasse","7":"product_cat-soins-hydratants-et-nourrissants","8":"product_cat-visage","10":"entry","11":"has-media","13":"first","14":"instock","15":"taxable","16":"shipping-taxable","17":"purchasable","18":"product-type-simple","19":"has-product-nav","20":"col","21":"span_1_of_3","22":"owp-content-center","23":"owp-thumbs-layout-horizontal","24":"owp-btn-normal","25":"owp-tabs-layout-horizontal"},"_links":{"self":[{"href":"https:\/\/ellypara.com\/index.php\/wp-json\/wp\/v2\/product\/2016","targetHints":{"allow":["GET"]}}],"collection":[{"href":"https:\/\/ellypara.com\/index.php\/wp-json\/wp\/v2\/product"}],"about":[{"href":"https:\/\/ellypara.com\/index.php\/wp-json\/wp\/v2\/types\/product"}],"replies":[{"embeddable":true,"href":"https:\/\/ellypara.com\/index.php\/wp-json\/wp\/v2\/comments?post=2016"}],"wp:featuredmedia":[{"embeddable":true,"href":"https:\/\/ellypara.com\/index.php\/wp-json\/wp\/v2\/media\/2017"}],"wp:attachment":[{"href":"https:\/\/ellypara.com\/index.php\/wp-json\/wp\/v2\/media?parent=2016"}],"wp:term":[{"taxonomy":"product_brand","embeddable":true,"href":"https:\/\/ellypara.com\/index.php\/wp-json\/wp\/v2\/product_brand?post=2016"},{"taxonomy":"product_cat","embeddable":true,"href":"https:\/\/ellypara.com\/index.php\/wp-json\/wp\/v2\/product_cat?post=2016"},{"taxonomy":"product_tag","embeddable":true,"href":"https:\/\/ellypara.com\/index.php\/wp-json\/wp\/v2\/product_tag?post=2016"}],"curies":[{"name":"wp","href":"https:\/\/api.w.org\/{rel}","templated":true}]}}