{"id":2022,"date":"2025-07-03T19:58:47","date_gmt":"2025-07-03T17:58:47","guid":{"rendered":"https:\/\/ellypara.com\/?post_type=product&#038;p=2022"},"modified":"2025-07-03T19:58:47","modified_gmt":"2025-07-03T17:58:47","slug":"cerave-baume-hydratant-177ml","status":"publish","type":"product","link":"https:\/\/ellypara.com\/index.php\/produit\/cerave-baume-hydratant-177ml\/","title":{"rendered":"CeraVe Baume hydratant 177ml"},"content":{"rendered":"<p>Le\u00a0<strong>baume hydratant<\/strong>\u00a0de la marque\u00a0<strong>CeraVe<\/strong>\u00a0est un\u00a0<strong>soin hydratant pour le corps<\/strong>\u00a0particuli\u00e8rement recommand\u00e9 pour les\u00a0<strong>peaux s\u00e8ches \u00e0 tr\u00e8s s\u00e8ches<\/strong>. Il peut \u00e9galement \u00eatre utilis\u00e9 pour l\u2019<strong>hydratation<\/strong>\u00a0quotidienne des peaux qui sont sujettes \u00e0 des affections cutan\u00e9es comme l\u2019ecz\u00e9ma ou le psoriasis. Ce\u00a0<strong>baume hydratant<\/strong>\u00a0peut servir \u00e0 toute la famille et \u00eatre appliqu\u00e9 sur le visage si besoin, notamment en cas de zones de s\u00e9cheresse localis\u00e9es. Il\u00a0<strong>hydrate et nourrit intens\u00e9ment<\/strong>\u00a0la peau tout en l\u2019aidant \u00e0 maintenir et \u00e0 renforcer ses d\u00e9fenses naturelles contre les \u00e9l\u00e9ments ext\u00e9rieurs.<\/p>\n<p>La formule du\u00a0<strong>baume hydratant CeraVe<\/strong>\u00a0associe des\u00a0<strong>c\u00e9ramides NP, AP et EOP<\/strong>\u00a0\u00e0 de l\u2019<strong>acide hyaluronique<\/strong>\u00a0pour apporter \u00e0 la peau toute l\u2019<strong>hydratation<\/strong>\u00a0dont elle a besoin. Les c\u00e9ramides sont des mol\u00e9cules constitu\u00e9es d\u2019acides gras qui vont installer une\u00a0<strong>pellicule protectrice<\/strong>\u00a0pour\u00a0<strong>\u00e9viter la d\u00e9shydratation et le dess\u00e8chement<\/strong>\u00a0mais aussi la p\u00e9n\u00e9tration de substances n\u00e9fastes comme les particules de pollution, la fum\u00e9e de tabac ou la poussi\u00e8re. L\u2019acide hyaluronique qui est ajout\u00e9 permet de renforcer cette action.<\/p>\n<p>Tr\u00e8s pratique \u00e0 utiliser gr\u00e2ce \u00e0 son conditionnement en tube souple ou en pot, le\u00a0<strong>baume hydratant Cerave<\/strong>\u00a0est id\u00e9al pour le quotidien mais aussi pour les d\u00e9placements. Sa texture ne laisse pas de film gras ou collant et garantit une\u00a0<strong>hydratation durable, jusqu\u2019\u00e0 24h<\/strong>.\u00a0Il est disponible en diff\u00e9rents formats : Tube, pot ou pot avec flacon-pompe.<\/p>\n<p><strong>CeraVe<\/strong>\u00a0est la marque\u00a0leader des produits de dermo-cosm\u00e9tiques aux Etats-Unis.\u00a0<strong>Recommand\u00e9e par de nombreux dermatologues<\/strong>, elle propose des produits d\u2019hygi\u00e8ne et de soin pour le corps et le visage qui peuvent \u00eatre utilis\u00e9s par tous les types de peaux.<\/p>\n<p><strong>Caract\u00e9ristiques :<\/strong><\/p>\n<ul>\n<li>Sans parfum<\/li>\n<li>Non com\u00e9dog\u00e8ne<\/li>\n<li>Hypoallerg\u00e9nique<\/li>\n<li>D\u00e9velopp\u00e9 avec des dermatologues<\/li>\n<\/ul>\n","protected":false},"excerpt":{"rendered":"<p>Convient \u00e0 toute la famille et est particuli\u00e8rement adapt\u00e9 aux<strong>\u00a0peaux s\u00e8ches \u00e0 tr\u00e8s s\u00e8ches<\/strong>.<\/p>\n","protected":false},"featured_media":2023,"comment_status":"open","ping_status":"closed","template":"","meta":{"ocean_post_layout":"","ocean_both_sidebars_style":"","ocean_both_sidebars_content_width":0,"ocean_both_sidebars_sidebars_width":0,"ocean_sidebar":"0","ocean_second_sidebar":"0","ocean_disable_margins":"enable","ocean_add_body_class":"","ocean_shortcode_before_top_bar":"","ocean_shortcode_after_top_bar":"","ocean_shortcode_before_header":"","ocean_shortcode_after_header":"","ocean_has_shortcode":"","ocean_shortcode_after_title":"","ocean_shortcode_before_footer_widgets":"","ocean_shortcode_after_footer_widgets":"","ocean_shortcode_before_footer_bottom":"","ocean_shortcode_after_footer_bottom":"","ocean_display_top_bar":"default","ocean_display_header":"default","ocean_header_style":"","ocean_center_header_left_menu":"0","ocean_custom_header_template":"0","ocean_custom_logo":0,"ocean_custom_retina_logo":0,"ocean_custom_logo_max_width":0,"ocean_custom_logo_tablet_max_width":0,"ocean_custom_logo_mobile_max_width":0,"ocean_custom_logo_max_height":0,"ocean_custom_logo_tablet_max_height":0,"ocean_custom_logo_mobile_max_height":0,"ocean_header_custom_menu":"0","ocean_menu_typo_font_family":"0","ocean_menu_typo_font_subset":"","ocean_menu_typo_font_size":0,"ocean_menu_typo_font_size_tablet":0,"ocean_menu_typo_font_size_mobile":0,"ocean_menu_typo_font_size_unit":"px","ocean_menu_typo_font_weight":"","ocean_menu_typo_font_weight_tablet":"","ocean_menu_typo_font_weight_mobile":"","ocean_menu_typo_transform":"","ocean_menu_typo_transform_tablet":"","ocean_menu_typo_transform_mobile":"","ocean_menu_typo_line_height":0,"ocean_menu_typo_line_height_tablet":0,"ocean_menu_typo_line_height_mobile":0,"ocean_menu_typo_line_height_unit":"","ocean_menu_typo_spacing":0,"ocean_menu_typo_spacing_tablet":0,"ocean_menu_typo_spacing_mobile":0,"ocean_menu_typo_spacing_unit":"","ocean_menu_link_color":"","ocean_menu_link_color_hover":"","ocean_menu_link_color_active":"","ocean_menu_link_background":"","ocean_menu_link_hover_background":"","ocean_menu_link_active_background":"","ocean_menu_social_links_bg":"","ocean_menu_social_hover_links_bg":"","ocean_menu_social_links_color":"","ocean_menu_social_hover_links_color":"","ocean_disable_title":"default","ocean_disable_heading":"default","ocean_post_title":"","ocean_post_subheading":"","ocean_post_title_style":"","ocean_post_title_background_color":"","ocean_post_title_background":0,"ocean_post_title_bg_image_position":"","ocean_post_title_bg_image_attachment":"","ocean_post_title_bg_image_repeat":"","ocean_post_title_bg_image_size":"","ocean_post_title_height":0,"ocean_post_title_bg_overlay":0.5,"ocean_post_title_bg_overlay_color":"","ocean_disable_breadcrumbs":"default","ocean_breadcrumbs_color":"","ocean_breadcrumbs_separator_color":"","ocean_breadcrumbs_links_color":"","ocean_breadcrumbs_links_hover_color":"","ocean_display_footer_widgets":"default","ocean_display_footer_bottom":"default","ocean_custom_footer_template":"0"},"product_brand":[],"product_cat":[42,35,21],"product_tag":[],"class_list":{"0":"post-2022","1":"product","2":"type-product","3":"status-publish","4":"has-post-thumbnail","6":"product_cat-peaux-seches","7":"product_cat-soins-hydratants-et-nourrissants","8":"product_cat-visage","10":"entry","11":"has-media","13":"first","14":"instock","15":"taxable","16":"shipping-taxable","17":"purchasable","18":"product-type-simple","19":"has-product-nav","20":"col","21":"span_1_of_3","22":"owp-content-center","23":"owp-thumbs-layout-horizontal","24":"owp-btn-normal","25":"owp-tabs-layout-horizontal"},"_links":{"self":[{"href":"https:\/\/ellypara.com\/index.php\/wp-json\/wp\/v2\/product\/2022","targetHints":{"allow":["GET"]}}],"collection":[{"href":"https:\/\/ellypara.com\/index.php\/wp-json\/wp\/v2\/product"}],"about":[{"href":"https:\/\/ellypara.com\/index.php\/wp-json\/wp\/v2\/types\/product"}],"replies":[{"embeddable":true,"href":"https:\/\/ellypara.com\/index.php\/wp-json\/wp\/v2\/comments?post=2022"}],"wp:featuredmedia":[{"embeddable":true,"href":"https:\/\/ellypara.com\/index.php\/wp-json\/wp\/v2\/media\/2023"}],"wp:attachment":[{"href":"https:\/\/ellypara.com\/index.php\/wp-json\/wp\/v2\/media?parent=2022"}],"wp:term":[{"taxonomy":"product_brand","embeddable":true,"href":"https:\/\/ellypara.com\/index.php\/wp-json\/wp\/v2\/product_brand?post=2022"},{"taxonomy":"product_cat","embeddable":true,"href":"https:\/\/ellypara.com\/index.php\/wp-json\/wp\/v2\/product_cat?post=2022"},{"taxonomy":"product_tag","embeddable":true,"href":"https:\/\/ellypara.com\/index.php\/wp-json\/wp\/v2\/product_tag?post=2022"}],"curies":[{"name":"wp","href":"https:\/\/api.w.org\/{rel}","templated":true}]}}