{"id":2027,"date":"2025-07-03T20:44:15","date_gmt":"2025-07-03T18:44:15","guid":{"rendered":"https:\/\/ellypara.com\/?post_type=product&#038;p=2027"},"modified":"2025-07-03T20:44:15","modified_gmt":"2025-07-03T18:44:15","slug":"cerave-baume-hydratant-peaux-seches-a-tres-seches-454g","status":"publish","type":"product","link":"https:\/\/ellypara.com\/index.php\/produit\/cerave-baume-hydratant-peaux-seches-a-tres-seches-454g\/","title":{"rendered":"CeraVe Baume Hydratant Peaux Seches A Tres Seches 454g"},"content":{"rendered":"<p>CERAVE<br \/>\nBaume hydratant<br \/>\nAux 3 c\u00e9ramides essentiels et acide hyaluronique<br \/>\nPeaux s\u00e8ches \u00e0 tr\u00e8s s\u00e8ches<br \/>\nPot de 454g<\/p>\n<p>La formule de ce\u00a0<strong>baume hydratante visage et corps grand format<\/strong>, d\u00e9velopp\u00e9 avec des\u00a0<strong>dermatologues<\/strong>\u00a0:<\/p>\n<p>\u2013\u00a0<strong>Nourrit<\/strong>\u00a0intens\u00e9ment la peau pendant\u00a0<strong>48h<\/strong>* gr\u00e2ce \u00e0 l\u2019association de 3\u00a0<strong>c\u00e9ramides<\/strong>\u00a0essentiels et d\u2019<strong>acide hyaluronique<\/strong>. Cette association aide \u00e0 renforcer la barri\u00e8re cutan\u00e9e<br \/>\n\u2013 garantit une\u00a0<strong>hydratation longue dur\u00e9e 48h<\/strong>* gr\u00e2ce \u00e0 la technologie brevet\u00e9e MVE qui permet la diffusion prolong\u00e9e des actifs<br \/>\n\u2013 offre une\u00a0<strong>texture non grasse<\/strong>,\u00a0<strong>non collante<\/strong>\u00a0pour un habillage rapide<br \/>\n\u2013 a \u00e9t\u00e9 test\u00e9e et approuv\u00e9e par l\u2019Association Fran\u00e7aise de l\u2019<strong>Eczema<\/strong>. Sa formule est\u00a0<strong>sans parfum<\/strong>,\u00a0<strong>hypoallerg\u00e9nique<\/strong>\u00a0et<strong>\u00a0non-com\u00e9dog\u00e8ne<\/strong><\/p>\n<p>Apr\u00e8s 4 semaines d\u2019utilisation, les\u00a0<strong>r\u00e9sultats<\/strong>\u00a0de ce\u00a0<strong>soin hydratant\u00a0<\/strong>sont\u00a0<strong>cliniquement prouv\u00e9s<\/strong>\u00a0avec une diminution de 80%* de s\u00e9cheresse cutan\u00e9e.<\/p>\n<p>Convient \u00e0 toute la famille et est particuli\u00e8rement adapt\u00e9 aux<strong>\u00a0peaux s\u00e8ches \u00e0 tr\u00e8s s\u00e8ches<\/strong>.<br \/>\nExiste aussi en\u00a0<strong>tube<\/strong>\u00a0pour un<strong>\u00a0format voyage<\/strong>\u00a050ml et 177ml.<\/p>\n<p>*Etude clinique de 4 semaines, monocentrique, 49 femmes de 30 \u00e0 65 ans, peaux s\u00e8ches \u00e0 tr\u00e8s s\u00e8ches. 2 applications par jour du baume hydratant.<\/p>\n<p><iframe id=\"widget2\" title=\"Comment utiliser le Baume Hydratant CeraVe ?\" src=\"https:\/\/www.youtube.com\/embed\/TuOe0MaeOjk?feature=oembed&amp;enablejsapi=1&amp;origin=https:%2F%2Fwww.maparatunisie.tn\" width=\"1020\" height=\"574\" frameborder=\"0\" allowfullscreen=\"allowfullscreen\" data-gtm-yt-inspected-9=\"true\" data-mce-fragment=\"1\"><\/iframe><\/p>\n<p><strong>COMPOSITIONS &amp; INGR\u00c9DIENTS<\/strong><\/p>\n<p>La liste des ingr\u00e9dients peut \u00eatre soumise \u00e0 des variations, nous vous conseillons de toujours v\u00e9rifier la liste figurant sur le produit achet\u00e9.<\/p>\n<p>Formule INCI: Aqua \/ Water, Glycerin, Cetearyl Alcohol, Caprylic\/Capric Triglyceride, Cetyl Alcohol, Ceteareth-20, Petrolatum, Dimethicone, Phenoxyethanol, Behentrimonium Methosulfate, Potassium Phosphate, Ethylhexylglycerin, Sodium Lauroyl Lactylate, Disodium Edta, Dipotassium Phosphate, Ceramide Np, Ceramide Ap, Phytosphingosine, Cholesterol, Xanthan Gum, Carbomer, Sodium Hyaluronate, Tocopherol, Ceramide Eop (F.I.L. D213768\/1).<\/p>\n<p><strong>CONSEILS D\u2019UTILISATION<\/strong><\/p>\n<p>Appliquez g\u00e9n\u00e9reusement, le matin et\/ou le soir, ou aussi souvent que n\u00e9cessaire, sur l\u2019ensemble du visage et corps en insistant sur les zones les plus s\u00e8ches (genoux, coudes, pieds, nez et pommettes).<br \/>\nMassez par l\u00e9gers mouvements circulaires ; sa texture non grasse permet une absorption rapide et facile. Evitez le contour des yeux.<br \/>\nDurablement hydrat\u00e9es, les peaux s\u00e8ches \u00e0 tr\u00e8s s\u00e8ches sont r\u00e9par\u00e9es.<br \/>\nId\u00e9al apr\u00e8s la douche pour nourrir intens\u00e9ment la peau de toute la famille.<\/p>\n","protected":false},"excerpt":{"rendered":"<p>Le\u00a0<strong>baume hydratant<\/strong>\u00a0de la marque\u00a0<strong>CeraVe<\/strong>\u00a0est un\u00a0<strong>soin hydratant pour le corps<\/strong>\u00a0particuli\u00e8rement recommand\u00e9 pour les\u00a0<strong>peaux s\u00e8ches \u00e0 tr\u00e8s s\u00e8ches<\/strong>.<\/p>\n","protected":false},"featured_media":2028,"comment_status":"open","ping_status":"closed","template":"","meta":{"ocean_post_layout":"","ocean_both_sidebars_style":"","ocean_both_sidebars_content_width":0,"ocean_both_sidebars_sidebars_width":0,"ocean_sidebar":"0","ocean_second_sidebar":"0","ocean_disable_margins":"enable","ocean_add_body_class":"","ocean_shortcode_before_top_bar":"","ocean_shortcode_after_top_bar":"","ocean_shortcode_before_header":"","ocean_shortcode_after_header":"","ocean_has_shortcode":"","ocean_shortcode_after_title":"","ocean_shortcode_before_footer_widgets":"","ocean_shortcode_after_footer_widgets":"","ocean_shortcode_before_footer_bottom":"","ocean_shortcode_after_footer_bottom":"","ocean_display_top_bar":"default","ocean_display_header":"default","ocean_header_style":"","ocean_center_header_left_menu":"0","ocean_custom_header_template":"0","ocean_custom_logo":0,"ocean_custom_retina_logo":0,"ocean_custom_logo_max_width":0,"ocean_custom_logo_tablet_max_width":0,"ocean_custom_logo_mobile_max_width":0,"ocean_custom_logo_max_height":0,"ocean_custom_logo_tablet_max_height":0,"ocean_custom_logo_mobile_max_height":0,"ocean_header_custom_menu":"0","ocean_menu_typo_font_family":"0","ocean_menu_typo_font_subset":"","ocean_menu_typo_font_size":0,"ocean_menu_typo_font_size_tablet":0,"ocean_menu_typo_font_size_mobile":0,"ocean_menu_typo_font_size_unit":"px","ocean_menu_typo_font_weight":"","ocean_menu_typo_font_weight_tablet":"","ocean_menu_typo_font_weight_mobile":"","ocean_menu_typo_transform":"","ocean_menu_typo_transform_tablet":"","ocean_menu_typo_transform_mobile":"","ocean_menu_typo_line_height":0,"ocean_menu_typo_line_height_tablet":0,"ocean_menu_typo_line_height_mobile":0,"ocean_menu_typo_line_height_unit":"","ocean_menu_typo_spacing":0,"ocean_menu_typo_spacing_tablet":0,"ocean_menu_typo_spacing_mobile":0,"ocean_menu_typo_spacing_unit":"","ocean_menu_link_color":"","ocean_menu_link_color_hover":"","ocean_menu_link_color_active":"","ocean_menu_link_background":"","ocean_menu_link_hover_background":"","ocean_menu_link_active_background":"","ocean_menu_social_links_bg":"","ocean_menu_social_hover_links_bg":"","ocean_menu_social_links_color":"","ocean_menu_social_hover_links_color":"","ocean_disable_title":"default","ocean_disable_heading":"default","ocean_post_title":"","ocean_post_subheading":"","ocean_post_title_style":"","ocean_post_title_background_color":"","ocean_post_title_background":0,"ocean_post_title_bg_image_position":"","ocean_post_title_bg_image_attachment":"","ocean_post_title_bg_image_repeat":"","ocean_post_title_bg_image_size":"","ocean_post_title_height":0,"ocean_post_title_bg_overlay":0.5,"ocean_post_title_bg_overlay_color":"","ocean_disable_breadcrumbs":"default","ocean_breadcrumbs_color":"","ocean_breadcrumbs_separator_color":"","ocean_breadcrumbs_links_color":"","ocean_breadcrumbs_links_hover_color":"","ocean_display_footer_widgets":"default","ocean_display_footer_bottom":"default","ocean_custom_footer_template":"0"},"product_brand":[],"product_cat":[22,45,42,35,21],"product_tag":[],"class_list":{"0":"post-2027","1":"product","2":"type-product","3":"status-publish","4":"has-post-thumbnail","6":"product_cat-corps","7":"product_cat-hydratation-et-nutrition-corps","8":"product_cat-peaux-seches","9":"product_cat-soins-hydratants-et-nourrissants","10":"product_cat-visage","12":"entry","13":"has-media","15":"first","16":"outofstock","17":"taxable","18":"shipping-taxable","19":"purchasable","20":"product-type-simple","21":"has-product-nav","22":"col","23":"span_1_of_3","24":"owp-content-center","25":"owp-thumbs-layout-horizontal","26":"owp-btn-normal","27":"owp-tabs-layout-horizontal"},"_links":{"self":[{"href":"https:\/\/ellypara.com\/index.php\/wp-json\/wp\/v2\/product\/2027","targetHints":{"allow":["GET"]}}],"collection":[{"href":"https:\/\/ellypara.com\/index.php\/wp-json\/wp\/v2\/product"}],"about":[{"href":"https:\/\/ellypara.com\/index.php\/wp-json\/wp\/v2\/types\/product"}],"replies":[{"embeddable":true,"href":"https:\/\/ellypara.com\/index.php\/wp-json\/wp\/v2\/comments?post=2027"}],"wp:featuredmedia":[{"embeddable":true,"href":"https:\/\/ellypara.com\/index.php\/wp-json\/wp\/v2\/media\/2028"}],"wp:attachment":[{"href":"https:\/\/ellypara.com\/index.php\/wp-json\/wp\/v2\/media?parent=2027"}],"wp:term":[{"taxonomy":"product_brand","embeddable":true,"href":"https:\/\/ellypara.com\/index.php\/wp-json\/wp\/v2\/product_brand?post=2027"},{"taxonomy":"product_cat","embeddable":true,"href":"https:\/\/ellypara.com\/index.php\/wp-json\/wp\/v2\/product_cat?post=2027"},{"taxonomy":"product_tag","embeddable":true,"href":"https:\/\/ellypara.com\/index.php\/wp-json\/wp\/v2\/product_tag?post=2027"}],"curies":[{"name":"wp","href":"https:\/\/api.w.org\/{rel}","templated":true}]}}