{"id":2032,"date":"2025-07-03T20:56:34","date_gmt":"2025-07-03T18:56:34","guid":{"rendered":"https:\/\/ellypara.com\/?post_type=product&#038;p=2032"},"modified":"2025-07-03T20:56:34","modified_gmt":"2025-07-03T18:56:34","slug":"cerave-creme-reparatrice-contour-des-yeux-14ml","status":"publish","type":"product","link":"https:\/\/ellypara.com\/index.php\/produit\/cerave-creme-reparatrice-contour-des-yeux-14ml\/","title":{"rendered":"CeraVe Cr\u00e8me R\u00e9paratrice Contour des Yeux 14ml"},"content":{"rendered":"<p>La<strong>\u00a0cr\u00e8me r\u00e9paratrice contour des yeux<\/strong>\u00a0de la marque\u00a0<strong>CeraVe<\/strong>\u00a0est destin\u00e9e \u00e0\u00a0<strong>diminuer les cernes et les poches sous les yeux<\/strong>. Elle convient \u00e0 tous les types de peaux. Sa formule sans parfum est \u00e9galement appropri\u00e9e pour les\u00a0<strong>\u00e9pidermes sensibles<\/strong>.<\/p>\n<p>Avec sa<strong>\u00a0texture fluide et l\u00e9g\u00e8re<\/strong>, la cr\u00e8me r\u00e9paratrice contour des yeux CeraVe p\u00e9n\u00e8tre rapidement les couches sup\u00e9rieures de la peau et participe \u00e0 r\u00e9tablir la barri\u00e8re protectrice cutan\u00e9e de cette zone sp\u00e9cifique et fragile.<br \/>\nCe soin s\u2019appuie sur\u00a0<strong>3 c\u00e9ramides essentiels<\/strong>\u00a0et la pr\u00e9sence d\u2019<strong>acide hyaluronique<\/strong>\u00a0dans sa composition pour d\u00e9ployer des<strong>\u00a0propri\u00e9t\u00e9s restructurantes et hydratantes<\/strong>. En effet, ces actifs aident \u00e0 r\u00e9duire de fa\u00e7on significative, l\u2019apparence disgracieuse\u00a0<strong>des cernes et des poches<\/strong>.<strong>\u00a0<\/strong>L\u2019acide hyaluronique restaure le film hydrolipidique protecteur naturel des tissus cutan\u00e9s, notamment en jouant la fonction d\u2019une \u00e9ponge et en offrant la possibilit\u00e9 \u00e0 la peau de conserver durablement ses r\u00e9serves en eau.<\/p>\n<p>Ainsi, renforc\u00e9e par des extraits de feuille d\u2019<strong>aloe<\/strong><strong>\u00a0vera<\/strong>, d<strong>\u2018huile d\u2019amande douce<\/strong>, mais aussi des\u00a0<strong>extraits de fleur de chrysanth\u00e8me<\/strong>, cette cr\u00e8me r\u00e9paratrice multiplie ses atouts et disposent de\u00a0<strong>qualit\u00e9s nourrissantes, adoucissantes, apaisantes, d\u00e9congestionnantes, revitalisantes et astringentes.<\/strong><\/p>\n<p>Une utilisation r\u00e9guli\u00e8re apporte tonus et fermet\u00e9\u00a0\u00e0 la peau, et tr\u00e8s vite, les vilaines poches s\u2019\u00e9moussent pour laisser r\u00e9appara\u00eetre le vif \u00e9clat du regard. Nous vous proposons \u00e9galement la\u00a0cr\u00e8me hydratante visage Cerave\u00a0pour nourrir les peaux normales \u00e0 s\u00e8ches.<\/p>\n<p><strong>Caract\u00e9ristiques :<\/strong><br \/>\nSans parfum<br \/>\nNon com\u00e9dog\u00e8ne<\/p>\n<p><strong>Composition<\/strong><\/p>\n<p>Aqua\/water, niacinamide, cetyl alcohol, caprylic\/capric triglyceride, glycerin, propanediol, isononyl isononanoate, jojoba esters, peg-20 methyl glucose sesquistearate, cetearyl alcohol, dimethicone, methyl glucose sesquistearate, phenoxyethanol, sorbitol, behentrimonium methosulfate, carbomer, laureth-4, triethanolamine, tocopherol, butylene glycol, prunus amygdalus dulcis oil\/sweet almond oil, hydrogenated vegetable oil, ethylhexylglycerin, tetrasodium edta, sodium lauroyl lactylate, sodium hydroxide, zinc citrate, asparagopsis armata extract, equisetum arvense extract, maltodextrin, aloe barbadensis leaf extract, ascophyllum nodosum extract, chrysanthellum indicum extract, ceramide np, ceramide ap, phytosphingosine, cholesterol, xanthan gum, potassium sorbate, sodium hyaluronate, ceramide eop.<\/p>\n<p><strong>Conseil d\u2019utilisation<\/strong><\/p>\n<p>Apr\u00e8s la toilette du visage, appliquer la Cr\u00e8me R\u00e9paratrice CeraVe sur le contour des yeux, en massant d\u00e9licatement la peau.<\/p>\n","protected":false},"excerpt":{"rendered":"<p>La Cr\u00e8me Contour des Yeux Cerave est un soin pour r\u00e9duire les signes visibles de la fatigue.<\/p>\n","protected":false},"featured_media":2033,"comment_status":"open","ping_status":"closed","template":"","meta":{"ocean_post_layout":"","ocean_both_sidebars_style":"","ocean_both_sidebars_content_width":0,"ocean_both_sidebars_sidebars_width":0,"ocean_sidebar":"0","ocean_second_sidebar":"0","ocean_disable_margins":"enable","ocean_add_body_class":"","ocean_shortcode_before_top_bar":"","ocean_shortcode_after_top_bar":"","ocean_shortcode_before_header":"","ocean_shortcode_after_header":"","ocean_has_shortcode":"","ocean_shortcode_after_title":"","ocean_shortcode_before_footer_widgets":"","ocean_shortcode_after_footer_widgets":"","ocean_shortcode_before_footer_bottom":"","ocean_shortcode_after_footer_bottom":"","ocean_display_top_bar":"default","ocean_display_header":"default","ocean_header_style":"","ocean_center_header_left_menu":"0","ocean_custom_header_template":"0","ocean_custom_logo":0,"ocean_custom_retina_logo":0,"ocean_custom_logo_max_width":0,"ocean_custom_logo_tablet_max_width":0,"ocean_custom_logo_mobile_max_width":0,"ocean_custom_logo_max_height":0,"ocean_custom_logo_tablet_max_height":0,"ocean_custom_logo_mobile_max_height":0,"ocean_header_custom_menu":"0","ocean_menu_typo_font_family":"0","ocean_menu_typo_font_subset":"","ocean_menu_typo_font_size":0,"ocean_menu_typo_font_size_tablet":0,"ocean_menu_typo_font_size_mobile":0,"ocean_menu_typo_font_size_unit":"px","ocean_menu_typo_font_weight":"","ocean_menu_typo_font_weight_tablet":"","ocean_menu_typo_font_weight_mobile":"","ocean_menu_typo_transform":"","ocean_menu_typo_transform_tablet":"","ocean_menu_typo_transform_mobile":"","ocean_menu_typo_line_height":0,"ocean_menu_typo_line_height_tablet":0,"ocean_menu_typo_line_height_mobile":0,"ocean_menu_typo_line_height_unit":"","ocean_menu_typo_spacing":0,"ocean_menu_typo_spacing_tablet":0,"ocean_menu_typo_spacing_mobile":0,"ocean_menu_typo_spacing_unit":"","ocean_menu_link_color":"","ocean_menu_link_color_hover":"","ocean_menu_link_color_active":"","ocean_menu_link_background":"","ocean_menu_link_hover_background":"","ocean_menu_link_active_background":"","ocean_menu_social_links_bg":"","ocean_menu_social_hover_links_bg":"","ocean_menu_social_links_color":"","ocean_menu_social_hover_links_color":"","ocean_disable_title":"default","ocean_disable_heading":"default","ocean_post_title":"","ocean_post_subheading":"","ocean_post_title_style":"","ocean_post_title_background_color":"","ocean_post_title_background":0,"ocean_post_title_bg_image_position":"","ocean_post_title_bg_image_attachment":"","ocean_post_title_bg_image_repeat":"","ocean_post_title_bg_image_size":"","ocean_post_title_height":0,"ocean_post_title_bg_overlay":0.5,"ocean_post_title_bg_overlay_color":"","ocean_disable_breadcrumbs":"default","ocean_breadcrumbs_color":"","ocean_breadcrumbs_separator_color":"","ocean_breadcrumbs_links_color":"","ocean_breadcrumbs_links_hover_color":"","ocean_display_footer_widgets":"default","ocean_display_footer_bottom":"default","ocean_custom_footer_template":"0"},"product_brand":[],"product_cat":[110,21],"product_tag":[],"class_list":{"0":"post-2032","1":"product","2":"type-product","3":"status-publish","4":"has-post-thumbnail","6":"product_cat-soins-anti-poches-et-cernes","7":"product_cat-visage","9":"entry","10":"has-media","12":"first","13":"outofstock","14":"taxable","15":"shipping-taxable","16":"purchasable","17":"product-type-simple","18":"has-product-nav","19":"col","20":"span_1_of_3","21":"owp-content-center","22":"owp-thumbs-layout-horizontal","23":"owp-btn-normal","24":"owp-tabs-layout-horizontal"},"_links":{"self":[{"href":"https:\/\/ellypara.com\/index.php\/wp-json\/wp\/v2\/product\/2032","targetHints":{"allow":["GET"]}}],"collection":[{"href":"https:\/\/ellypara.com\/index.php\/wp-json\/wp\/v2\/product"}],"about":[{"href":"https:\/\/ellypara.com\/index.php\/wp-json\/wp\/v2\/types\/product"}],"replies":[{"embeddable":true,"href":"https:\/\/ellypara.com\/index.php\/wp-json\/wp\/v2\/comments?post=2032"}],"wp:featuredmedia":[{"embeddable":true,"href":"https:\/\/ellypara.com\/index.php\/wp-json\/wp\/v2\/media\/2033"}],"wp:attachment":[{"href":"https:\/\/ellypara.com\/index.php\/wp-json\/wp\/v2\/media?parent=2032"}],"wp:term":[{"taxonomy":"product_brand","embeddable":true,"href":"https:\/\/ellypara.com\/index.php\/wp-json\/wp\/v2\/product_brand?post=2032"},{"taxonomy":"product_cat","embeddable":true,"href":"https:\/\/ellypara.com\/index.php\/wp-json\/wp\/v2\/product_cat?post=2032"},{"taxonomy":"product_tag","embeddable":true,"href":"https:\/\/ellypara.com\/index.php\/wp-json\/wp\/v2\/product_tag?post=2032"}],"curies":[{"name":"wp","href":"https:\/\/api.w.org\/{rel}","templated":true}]}}