{"id":2045,"date":"2025-07-03T21:24:31","date_gmt":"2025-07-03T19:24:31","guid":{"rendered":"https:\/\/ellypara.com\/?post_type=product&#038;p=2045"},"modified":"2025-07-03T21:24:31","modified_gmt":"2025-07-03T19:24:31","slug":"cerave-creme-lavante-hydratante-236ml","status":"publish","type":"product","link":"https:\/\/ellypara.com\/index.php\/produit\/cerave-creme-lavante-hydratante-236ml\/","title":{"rendered":"CeraVe Cr\u00e8me Lavante Hydratante 236ml"},"content":{"rendered":"<p>CERAVE<br \/>\nCr\u00e8me lavante hydratante<br \/>\nNettoie et hydrate<br \/>\nAux 3 c\u00e9ramides essentiels et acide hyaluronique<br \/>\nPeaux normales \u00e0 s\u00e8ches<br \/>\n236ml<\/p>\n<p>La formule de cette\u00a0<strong>cr\u00e8me lavante visage et corps format familial<\/strong>, d\u00e9velopp\u00e9 avec des\u00a0<strong>dermatologues<\/strong>\u00a0:<\/p>\n<p>\u2013\u00a0<strong>nettoie<\/strong>\u00a0la peau en douceur gr\u00e2ce \u00e0 l\u2019association de tensio-actifs doux, de 3\u00a0<strong>c\u00e9ramides<\/strong>\u00a0essentiels et d\u2019<strong>acide hyaluronique<\/strong>. Cette association aide \u00e0 renforcer la barri\u00e8re cutan\u00e9e<br \/>\n\u2013 garantit une\u00a0<strong>hydratation longue dur\u00e9e<\/strong>\u00a0gr\u00e2ce \u00e0 la technologie brevet\u00e9e MVE qui permet la diffusion prolong\u00e9e des actifs<br \/>\n\u2013 offre une\u00a0<strong>texture cr\u00e9meuse hydratante non moussante\u00a0<\/strong><br \/>\n\u2013 a \u00e9t\u00e9 test\u00e9e et approuv\u00e9e par l\u2019Association Fran\u00e7aise de l\u2019<strong>Eczema<\/strong>. Une formule\u00a0<strong>sans parfum<\/strong>,\u00a0<strong>hypoallerg\u00e9nique<\/strong>\u00a0 et\u00a0<strong>non-com\u00e9dog\u00e8ne<\/strong><\/p>\n<p>D\u00e8s sa premi\u00e8re utilisation, cette\u00a0<strong>cr\u00e8me nettoyante hydratante<\/strong>\u00a0offre un fini soyeux et doux \u00e0 la peau. Convient \u00e0 toute la famille et est particuli\u00e8rement adapt\u00e9\u00a0<strong>aux peaux normales<\/strong>,\u00a0<strong>s\u00e8ches \u00e0 tr\u00e8s s\u00e8ches<\/strong>.<\/p>\n<p><iframe id=\"widget2\" title=\"Comment utiliser la Cr\u00e8me Lavante Hydratante CeraVe ?\" src=\"https:\/\/www.youtube.com\/embed\/qAoUNaoyrPY?feature=oembed&amp;enablejsapi=1&amp;origin=https:%2F%2Fwww.maparatunisie.tn\" width=\"1020\" height=\"574\" frameborder=\"0\" allowfullscreen=\"allowfullscreen\" data-gtm-yt-inspected-9=\"true\" data-mce-fragment=\"1\"><\/iframe><\/p>\n<p><strong>COMPOSITIONS &amp; INGR\u00c9DIENTS<\/strong><\/p>\n<p>La liste des ingr\u00e9dients peut \u00eatre soumise \u00e0 des variations, nous vous conseillons de toujours v\u00e9rifier la liste figurant sur le produit achet\u00e9.<\/p>\n<p>Formule INCI:\u00a0Aqua \/ Water, Glycerin, Cetearyl Alcohol, Phenoxyethanol, Stearyl Alcohol, Cetyl Alcohol, Peg-40 Stearate, Behentrimonium Methosulfate, Glyceryl Stearate, Polysorbate 20, Ethylhexylglycerin, Potassium Phosphate, Disodium Edta, Dipotassium Phosphate, Sodium Lauroyl Lactylate, Ceramide Np, Ceramide Ap, Phytosphingosine, Cholesterol, Sodium Hyaluronate, Xanthan Gum, Carbomer, Tocopherol, Ceramide Eop (F.I.L. D214629\/3).<br \/>\n<strong>CONSEILS D\u2019UTILISATION<\/strong><\/p>\n<p>Appliquez quotidiennement sous la douche votre cr\u00e8me lavante.<br \/>\nD\u00e9posez une noisette de cr\u00e8me onctueuse au creux de votre main et appliquez sur votre peau humide ; visage et corps. Evitez le contour des yeux.<br \/>\nEnsuite, rincez soigneusement \u00e0 l\u2019eau claire puis s\u00e9chez d\u00e9licatement.<br \/>\nParfaitement nettoy\u00e9e et durablement hydrat\u00e9e, votre peau, qu\u2019elle soit s\u00e8che \u00e0 tr\u00e8s s\u00e8che, est douce et soyeuse.<br \/>\nCompl\u00e9tez votre routine en appliquant sur le visage et sur le corps votre cr\u00e8me \/ soin hydratants quotidiens.<br \/>\nId\u00e9al pour toute la famille.<\/p>\n","protected":false},"excerpt":{"rendered":"<p>La\u00a0cr\u00e8me lavante hydratante\u00a0de la marque\u00a0CeraVe\u00a0est un soin nettoyant pour le visage et pour le corps particuli\u00e8rement recommand\u00e9 aux\u00a0peaux normales \u00e0 s\u00e8ches\u00a0qui souhaitent un nettoyage tout en douceur.<\/p>\n","protected":false},"featured_media":2046,"comment_status":"open","ping_status":"closed","template":"","meta":{"ocean_post_layout":"","ocean_both_sidebars_style":"","ocean_both_sidebars_content_width":0,"ocean_both_sidebars_sidebars_width":0,"ocean_sidebar":"0","ocean_second_sidebar":"0","ocean_disable_margins":"enable","ocean_add_body_class":"","ocean_shortcode_before_top_bar":"","ocean_shortcode_after_top_bar":"","ocean_shortcode_before_header":"","ocean_shortcode_after_header":"","ocean_has_shortcode":"","ocean_shortcode_after_title":"","ocean_shortcode_before_footer_widgets":"","ocean_shortcode_after_footer_widgets":"","ocean_shortcode_before_footer_bottom":"","ocean_shortcode_after_footer_bottom":"","ocean_display_top_bar":"default","ocean_display_header":"default","ocean_header_style":"","ocean_center_header_left_menu":"0","ocean_custom_header_template":"0","ocean_custom_logo":0,"ocean_custom_retina_logo":0,"ocean_custom_logo_max_width":0,"ocean_custom_logo_tablet_max_width":0,"ocean_custom_logo_mobile_max_width":0,"ocean_custom_logo_max_height":0,"ocean_custom_logo_tablet_max_height":0,"ocean_custom_logo_mobile_max_height":0,"ocean_header_custom_menu":"0","ocean_menu_typo_font_family":"0","ocean_menu_typo_font_subset":"","ocean_menu_typo_font_size":0,"ocean_menu_typo_font_size_tablet":0,"ocean_menu_typo_font_size_mobile":0,"ocean_menu_typo_font_size_unit":"px","ocean_menu_typo_font_weight":"","ocean_menu_typo_font_weight_tablet":"","ocean_menu_typo_font_weight_mobile":"","ocean_menu_typo_transform":"","ocean_menu_typo_transform_tablet":"","ocean_menu_typo_transform_mobile":"","ocean_menu_typo_line_height":0,"ocean_menu_typo_line_height_tablet":0,"ocean_menu_typo_line_height_mobile":0,"ocean_menu_typo_line_height_unit":"","ocean_menu_typo_spacing":0,"ocean_menu_typo_spacing_tablet":0,"ocean_menu_typo_spacing_mobile":0,"ocean_menu_typo_spacing_unit":"","ocean_menu_link_color":"","ocean_menu_link_color_hover":"","ocean_menu_link_color_active":"","ocean_menu_link_background":"","ocean_menu_link_hover_background":"","ocean_menu_link_active_background":"","ocean_menu_social_links_bg":"","ocean_menu_social_hover_links_bg":"","ocean_menu_social_links_color":"","ocean_menu_social_hover_links_color":"","ocean_disable_title":"default","ocean_disable_heading":"default","ocean_post_title":"","ocean_post_subheading":"","ocean_post_title_style":"","ocean_post_title_background_color":"","ocean_post_title_background":0,"ocean_post_title_bg_image_position":"","ocean_post_title_bg_image_attachment":"","ocean_post_title_bg_image_repeat":"","ocean_post_title_bg_image_size":"","ocean_post_title_height":0,"ocean_post_title_bg_overlay":0.5,"ocean_post_title_bg_overlay_color":"","ocean_disable_breadcrumbs":"default","ocean_breadcrumbs_color":"","ocean_breadcrumbs_separator_color":"","ocean_breadcrumbs_links_color":"","ocean_breadcrumbs_links_hover_color":"","ocean_display_footer_widgets":"default","ocean_display_footer_bottom":"default","ocean_custom_footer_template":"0"},"product_brand":[],"product_cat":[22,45,42,35,21],"product_tag":[],"class_list":{"0":"post-2045","1":"product","2":"type-product","3":"status-publish","4":"has-post-thumbnail","6":"product_cat-corps","7":"product_cat-hydratation-et-nutrition-corps","8":"product_cat-peaux-seches","9":"product_cat-soins-hydratants-et-nourrissants","10":"product_cat-visage","12":"entry","13":"has-media","15":"first","16":"instock","17":"taxable","18":"shipping-taxable","19":"purchasable","20":"product-type-simple","21":"has-product-nav","22":"col","23":"span_1_of_3","24":"owp-content-center","25":"owp-thumbs-layout-horizontal","26":"owp-btn-normal","27":"owp-tabs-layout-horizontal"},"_links":{"self":[{"href":"https:\/\/ellypara.com\/index.php\/wp-json\/wp\/v2\/product\/2045","targetHints":{"allow":["GET"]}}],"collection":[{"href":"https:\/\/ellypara.com\/index.php\/wp-json\/wp\/v2\/product"}],"about":[{"href":"https:\/\/ellypara.com\/index.php\/wp-json\/wp\/v2\/types\/product"}],"replies":[{"embeddable":true,"href":"https:\/\/ellypara.com\/index.php\/wp-json\/wp\/v2\/comments?post=2045"}],"wp:featuredmedia":[{"embeddable":true,"href":"https:\/\/ellypara.com\/index.php\/wp-json\/wp\/v2\/media\/2046"}],"wp:attachment":[{"href":"https:\/\/ellypara.com\/index.php\/wp-json\/wp\/v2\/media?parent=2045"}],"wp:term":[{"taxonomy":"product_brand","embeddable":true,"href":"https:\/\/ellypara.com\/index.php\/wp-json\/wp\/v2\/product_brand?post=2045"},{"taxonomy":"product_cat","embeddable":true,"href":"https:\/\/ellypara.com\/index.php\/wp-json\/wp\/v2\/product_cat?post=2045"},{"taxonomy":"product_tag","embeddable":true,"href":"https:\/\/ellypara.com\/index.php\/wp-json\/wp\/v2\/product_tag?post=2045"}],"curies":[{"name":"wp","href":"https:\/\/api.w.org\/{rel}","templated":true}]}}