{"id":2062,"date":"2025-07-04T13:18:27","date_gmt":"2025-07-04T11:18:27","guid":{"rendered":"https:\/\/ellypara.com\/?post_type=product&#038;p=2062"},"modified":"2025-07-04T13:18:27","modified_gmt":"2025-07-04T11:18:27","slug":"cerave-creme-mains-reparatrice-50ml","status":"publish","type":"product","link":"https:\/\/ellypara.com\/index.php\/produit\/cerave-creme-mains-reparatrice-50ml\/","title":{"rendered":"CeraVe Cr\u00e8me Mains R\u00e9paratrice 50ml"},"content":{"rendered":"<p>La<strong>\u00a0Cr\u00e8me Mains R\u00e9paratrice\u00a0CervaVe<\/strong><a href=\"https:\/\/www.maparatunisie.tn\/nos-marques\/cerave\/\">\u00a0<\/a>est une cr\u00e8me pour les mains formul\u00e9e tout sp\u00e9cialement pour les\u00a0<strong>mains s\u00e8ches \u00e0\u00a0<\/strong><strong>tr\u00e8s s\u00e8ches<\/strong>\u00a0et rugueuses. C\u2019est notamment le cas lorsque les mains sont extr\u00eamement sollicit\u00e9es, lors de travaux manuels et\/ou expos\u00e9es \u00e0 des conditions de froid intense. En effet, ces facteurs ext\u00e9rieurs finissent par ass\u00e9cher consid\u00e9rablement les mains, endommageant leur film hydrolipidique protecteur. Les mains deviennent alors de plus en plus rugueuses et inconfortables.<\/p>\n<p><iframe id=\"widget2\" title=\"How to use the Reparative Hand Cream | CeraVe Benelux\" src=\"https:\/\/www.youtube.com\/embed\/Scq9vqGfv0Y?feature=oembed&amp;enablejsapi=1&amp;origin=https:%2F%2Fwww.maparatunisie.tn\" width=\"1020\" height=\"574\" frameborder=\"0\" allowfullscreen=\"allowfullscreen\" data-gtm-yt-inspected-9=\"true\" data-mce-fragment=\"1\"><\/iframe><\/p>\n<p>Pour r\u00e9pondre aux besoins des mains assoiff\u00e9es, CeraVe a cr\u00e9\u00e9 la Cr\u00e8me Mains R\u00e9paratrice. Cette cr\u00e8me mains s\u00e8ches met en action\u00a0<strong>3 c\u00e9ramides essentiels<\/strong>\u00a0qui vont se charger de\u00a0<strong>r\u00e9parer la barri\u00e8re cutan\u00e9e<\/strong>\u00a0des mains. Elle renferme \u00e9galement de l\u2019<strong>acide hyaluronique<\/strong>\u00a0qui, gr\u00e2ce \u00e0 sa grande capacit\u00e9 de captation de l\u2019eau, va permettre d\u2019<strong>hydrater intens\u00e9ment<\/strong>\u00a0vos mains et de maintenir cette hydratation au c\u0153ur des cellules cutan\u00e9es, pour une hydratation durable. Le trio de c\u00e9ramides essentiels et l\u2019acide hyaluronique vont agir en parfaite synergie pour r\u00e9parer et hydrater intens\u00e9ment la peau. Enfin, cette cr\u00e8me r\u00e9paratrice pour les mains renferme aussi de la\u00a0<strong>glyc\u00e9rine<\/strong>\u00a0qui va nourrir, hydrater et assouplir la peau.<\/p>\n<p>Avec la cr\u00e8me Mains R\u00e9paratrice, vos mains seront apais\u00e9es, nourries et hydrat\u00e9es. Vous pourrez emporter partout avec vous ce petit tube de cr\u00e8me r\u00e9paratrice, pour des mains toujours plus belles et confortables jour apr\u00e8s jour.<\/p>\n<p><strong>Caract\u00e9ristiques :<\/strong><br \/>\nNe contient pas de parfum.<br \/>\nNon com\u00e9dog\u00e8ne.<br \/>\nConvient aux peaux sensibles.<\/p>\n<p><strong>Conseils d\u2019utilisation<\/strong><\/p>\n<p>Appliquer g\u00e9n\u00e9reusement aussi souvent que n\u00e9cessaire.<\/p>\n<p><strong>Ingr\u00e9dients<\/strong><\/p>\n<p>2021517 \u2013 INGREDIENTS: AQUA \/ WATER<br \/>\nGLYCERIN<br \/>\nCETEARYL ALCOHOL<br \/>\nCAPRYLIC\/CAPRIC TRIGLYCERIDE<br \/>\nCETYL ALCOHOL<br \/>\nCETEARETH-20<br \/>\nPETROLATUM<br \/>\nBEHENTRIMONIUM METHOSULFATE<br \/>\nCARBOMER<br \/>\nCERAMIDE AP<br \/>\nCERAMIDE EOP<br \/>\nCERAMIDE NP<br \/>\nCHOLESTEROL<br \/>\nDIMETHICONE<br \/>\nDIPOTASSIUM PHOSPHATE<br \/>\nDISODIUM EDTA<br \/>\nETHYLHEXYLGLYCERIN<br \/>\nPHENOXYETHANOL<br \/>\nPHYTOSPHINGOSINE<br \/>\nPOTASSIUM PHOSPHATE<br \/>\nSODIUM HYALURONATE<br \/>\nSODIUM LAUROYL LACTYLATE<br \/>\nTOCOPHEROL<br \/>\nXANTHAN GUM (F.I.L. D215085\/2).<\/p>\n<p>Les listes d\u2019ingr\u00e9dients entrant dans la composition des produits de notre marque sont r\u00e9guli\u00e8rement mises \u00e0 jour. Avant d\u2019utiliser un produit de notre marque, vous \u00eates invit\u00e9s \u00e0 lire la liste d\u2019ingr\u00e9dients figurant sur son emballage afin de vous assurer que les ingr\u00e9dients sont adapt\u00e9s \u00e0 votre utilisation personnelle<\/p>\n","protected":false},"excerpt":{"rendered":"<p>Prenez soin de vos mains au quotidien pour \u00e9viter fissures et crevasses d\u00e9sagr\u00e9ables ! Formul\u00e9e \u00e0 base de c\u00e9ramides essentiels et d\u2019acide hyaluronique, la cr\u00e8me mains r\u00e9paratrice CeraVe est un soin qui r\u00e9pare, apaise et hydrate intens\u00e9ment les mains s\u00e8ches \u00e0 tr\u00e8s s\u00e8ches.<\/p>\n","protected":false},"featured_media":2063,"comment_status":"open","ping_status":"closed","template":"","meta":{"ocean_post_layout":"","ocean_both_sidebars_style":"","ocean_both_sidebars_content_width":0,"ocean_both_sidebars_sidebars_width":0,"ocean_sidebar":"0","ocean_second_sidebar":"0","ocean_disable_margins":"enable","ocean_add_body_class":"","ocean_shortcode_before_top_bar":"","ocean_shortcode_after_top_bar":"","ocean_shortcode_before_header":"","ocean_shortcode_after_header":"","ocean_has_shortcode":"","ocean_shortcode_after_title":"","ocean_shortcode_before_footer_widgets":"","ocean_shortcode_after_footer_widgets":"","ocean_shortcode_before_footer_bottom":"","ocean_shortcode_after_footer_bottom":"","ocean_display_top_bar":"default","ocean_display_header":"default","ocean_header_style":"","ocean_center_header_left_menu":"0","ocean_custom_header_template":"0","ocean_custom_logo":0,"ocean_custom_retina_logo":0,"ocean_custom_logo_max_width":0,"ocean_custom_logo_tablet_max_width":0,"ocean_custom_logo_mobile_max_width":0,"ocean_custom_logo_max_height":0,"ocean_custom_logo_tablet_max_height":0,"ocean_custom_logo_mobile_max_height":0,"ocean_header_custom_menu":"0","ocean_menu_typo_font_family":"0","ocean_menu_typo_font_subset":"","ocean_menu_typo_font_size":0,"ocean_menu_typo_font_size_tablet":0,"ocean_menu_typo_font_size_mobile":0,"ocean_menu_typo_font_size_unit":"px","ocean_menu_typo_font_weight":"","ocean_menu_typo_font_weight_tablet":"","ocean_menu_typo_font_weight_mobile":"","ocean_menu_typo_transform":"","ocean_menu_typo_transform_tablet":"","ocean_menu_typo_transform_mobile":"","ocean_menu_typo_line_height":0,"ocean_menu_typo_line_height_tablet":0,"ocean_menu_typo_line_height_mobile":0,"ocean_menu_typo_line_height_unit":"","ocean_menu_typo_spacing":0,"ocean_menu_typo_spacing_tablet":0,"ocean_menu_typo_spacing_mobile":0,"ocean_menu_typo_spacing_unit":"","ocean_menu_link_color":"","ocean_menu_link_color_hover":"","ocean_menu_link_color_active":"","ocean_menu_link_background":"","ocean_menu_link_hover_background":"","ocean_menu_link_active_background":"","ocean_menu_social_links_bg":"","ocean_menu_social_hover_links_bg":"","ocean_menu_social_links_color":"","ocean_menu_social_hover_links_color":"","ocean_disable_title":"default","ocean_disable_heading":"default","ocean_post_title":"","ocean_post_subheading":"","ocean_post_title_style":"","ocean_post_title_background_color":"","ocean_post_title_background":0,"ocean_post_title_bg_image_position":"","ocean_post_title_bg_image_attachment":"","ocean_post_title_bg_image_repeat":"","ocean_post_title_bg_image_size":"","ocean_post_title_height":0,"ocean_post_title_bg_overlay":0.5,"ocean_post_title_bg_overlay_color":"","ocean_disable_breadcrumbs":"default","ocean_breadcrumbs_color":"","ocean_breadcrumbs_separator_color":"","ocean_breadcrumbs_links_color":"","ocean_breadcrumbs_links_hover_color":"","ocean_display_footer_widgets":"default","ocean_display_footer_bottom":"default","ocean_custom_footer_template":"0"},"product_brand":[],"product_cat":[22,50],"product_tag":[],"class_list":{"0":"post-2062","1":"product","2":"type-product","3":"status-publish","4":"has-post-thumbnail","6":"product_cat-corps","7":"product_cat-soins-des-mains","9":"entry","10":"has-media","12":"first","13":"instock","14":"taxable","15":"shipping-taxable","16":"purchasable","17":"product-type-simple","18":"has-product-nav","19":"col","20":"span_1_of_3","21":"owp-content-center","22":"owp-thumbs-layout-horizontal","23":"owp-btn-normal","24":"owp-tabs-layout-horizontal"},"_links":{"self":[{"href":"https:\/\/ellypara.com\/index.php\/wp-json\/wp\/v2\/product\/2062","targetHints":{"allow":["GET"]}}],"collection":[{"href":"https:\/\/ellypara.com\/index.php\/wp-json\/wp\/v2\/product"}],"about":[{"href":"https:\/\/ellypara.com\/index.php\/wp-json\/wp\/v2\/types\/product"}],"replies":[{"embeddable":true,"href":"https:\/\/ellypara.com\/index.php\/wp-json\/wp\/v2\/comments?post=2062"}],"wp:featuredmedia":[{"embeddable":true,"href":"https:\/\/ellypara.com\/index.php\/wp-json\/wp\/v2\/media\/2063"}],"wp:attachment":[{"href":"https:\/\/ellypara.com\/index.php\/wp-json\/wp\/v2\/media?parent=2062"}],"wp:term":[{"taxonomy":"product_brand","embeddable":true,"href":"https:\/\/ellypara.com\/index.php\/wp-json\/wp\/v2\/product_brand?post=2062"},{"taxonomy":"product_cat","embeddable":true,"href":"https:\/\/ellypara.com\/index.php\/wp-json\/wp\/v2\/product_cat?post=2062"},{"taxonomy":"product_tag","embeddable":true,"href":"https:\/\/ellypara.com\/index.php\/wp-json\/wp\/v2\/product_tag?post=2062"}],"curies":[{"name":"wp","href":"https:\/\/api.w.org\/{rel}","templated":true}]}}