{"id":2066,"date":"2025-07-04T13:41:22","date_gmt":"2025-07-04T11:41:22","guid":{"rendered":"https:\/\/ellypara.com\/?post_type=product&#038;p=2066"},"modified":"2025-07-04T13:41:23","modified_gmt":"2025-07-04T11:41:23","slug":"cerave-creme-moussante-nettoyante-hydratante-236ml","status":"publish","type":"product","link":"https:\/\/ellypara.com\/index.php\/produit\/cerave-creme-moussante-nettoyante-hydratante-236ml\/","title":{"rendered":"CeraVe Cr\u00e8me Moussante Nettoyante Hydratante 236ml"},"content":{"rendered":"<p>La\u00a0<strong>cr\u00e8me moussante nettoyante hydratante CeraVe<\/strong>\u00a0est un soin du visage destin\u00e9 aux\u00a0<strong>peaux normales \u00e0 s\u00e8ches<\/strong>. Sa formule unique nettoie, d\u00e9maquille et hydrate la peau tout en pr\u00e9servant sa protection naturelle.<\/p>\n<p>La peau subit au quotidien les assauts de son environnement (pollution, poussi\u00e8re, froid, chaleur), mais \u00e9galement des produits de maquillage qui chargent la peau en impuret\u00e9s ou s\u2019attaquent directement \u00e0 son film hydrolipidique protecteur. La peau est alors plus vuln\u00e9rable, se d\u00e9shydrate et devient plus terne et fatigu\u00e9e.<\/p>\n<p><iframe id=\"widget2\" title=\"Comment utiliser le Gel Moussant CeraVe ?\" src=\"https:\/\/www.youtube.com\/embed\/C-D9v67Z6eI?feature=oembed&amp;enablejsapi=1&amp;origin=https:%2F%2Fwww.maparatunisie.tn\" width=\"1020\" height=\"574\" frameborder=\"0\" allowfullscreen=\"allowfullscreen\" data-gtm-yt-inspected-9=\"true\" data-mce-fragment=\"1\"><\/iframe><\/p>\n<p>Pour vous aider \u00e0\u00a0<strong>nettoyer<\/strong>\u00a0et\u00a0<strong>d\u00e9maquiller<\/strong>\u00a0votre visage tout en prenant soin, le laboratoire CeraVe a mis au point la cr\u00e8me moussante nettoyante hydratante. Gr\u00e2ce \u00e0 ses tensio-actifs \u00e0 base d\u2019acides amin\u00e9s, ce soin du visage nettoie et d\u00e9maquille efficacement la peau en la d\u00e9barrassant de ses impuret\u00e9s et du maquillage, m\u00eame le plus tenace.<br \/>\nLa<strong>\u00a0texture cr\u00e8me moussante<\/strong>\u00a0de ce soin nettoyant hydratant CeraVe participe \u00e0 l\u2019efficacit\u00e9 du nettoyage tout en procurant une sensation d\u2019une grande douceur. La peau est propre et d\u00e9maquill\u00e9e en un seul geste. En outre, afin de\u00a0<strong>restaurer le film hydrolipidique<\/strong>\u00a0cutan\u00e9, le laboratoire CeraVe a associ\u00e9\u00a0<strong>3 c\u00e9ramides essentiels<\/strong>\u00a0qui vont agir en synergie renforcer cette protection naturelle de la peau et pr\u00e9server son hydratation.<\/p>\n<p>Enfin, pour am\u00e9liorer cette derni\u00e8re, un complexe d\u2019acides amin\u00e9s et d\u2019acide hyaluronique vient compl\u00e9ter la formule pour hydrater la peau de sorte qu\u2019elle retrouve souplesse et \u00e9clat. La technologie MVE dont tire parti ce soin nettoyant d\u00e9maquillant permet d\u2019obtenir une hydratation diffus\u00e9e en continu\u00a0<strong>pendant 24h<\/strong>.<\/p>\n<p><strong>Caract\u00e9ristiques :<\/strong><br \/>\nVisage et yeux<br \/>\nSans parfum<br \/>\nTechnologie brevet\u00e9e MVE<br \/>\npH physiologique<br \/>\nTest\u00e9e sous contr\u00f4le ophtalmologique<br \/>\nNe pique pas les yeux<br \/>\nNon com\u00e9dog\u00e8ne<\/p>\n<p><strong>Conditionnement :<\/strong>\u00a01 flacon de 236 ml<\/p>\n","protected":false},"excerpt":{"rendered":"<p>La formule de cette\u00a0cr\u00e8me moussante visage &amp; yeux\u00a0pour les\u00a0peaux normales \u00e0 s\u00e8ches, d\u00e9velopp\u00e9 avec des\u00a0dermatologues<\/p>\n","protected":false},"featured_media":2067,"comment_status":"open","ping_status":"closed","template":"","meta":{"ocean_post_layout":"","ocean_both_sidebars_style":"","ocean_both_sidebars_content_width":0,"ocean_both_sidebars_sidebars_width":0,"ocean_sidebar":"0","ocean_second_sidebar":"0","ocean_disable_margins":"enable","ocean_add_body_class":"","ocean_shortcode_before_top_bar":"","ocean_shortcode_after_top_bar":"","ocean_shortcode_before_header":"","ocean_shortcode_after_header":"","ocean_has_shortcode":"","ocean_shortcode_after_title":"","ocean_shortcode_before_footer_widgets":"","ocean_shortcode_after_footer_widgets":"","ocean_shortcode_before_footer_bottom":"","ocean_shortcode_after_footer_bottom":"","ocean_display_top_bar":"default","ocean_display_header":"default","ocean_header_style":"","ocean_center_header_left_menu":"0","ocean_custom_header_template":"0","ocean_custom_logo":0,"ocean_custom_retina_logo":0,"ocean_custom_logo_max_width":0,"ocean_custom_logo_tablet_max_width":0,"ocean_custom_logo_mobile_max_width":0,"ocean_custom_logo_max_height":0,"ocean_custom_logo_tablet_max_height":0,"ocean_custom_logo_mobile_max_height":0,"ocean_header_custom_menu":"0","ocean_menu_typo_font_family":"0","ocean_menu_typo_font_subset":"","ocean_menu_typo_font_size":0,"ocean_menu_typo_font_size_tablet":0,"ocean_menu_typo_font_size_mobile":0,"ocean_menu_typo_font_size_unit":"px","ocean_menu_typo_font_weight":"","ocean_menu_typo_font_weight_tablet":"","ocean_menu_typo_font_weight_mobile":"","ocean_menu_typo_transform":"","ocean_menu_typo_transform_tablet":"","ocean_menu_typo_transform_mobile":"","ocean_menu_typo_line_height":0,"ocean_menu_typo_line_height_tablet":0,"ocean_menu_typo_line_height_mobile":0,"ocean_menu_typo_line_height_unit":"","ocean_menu_typo_spacing":0,"ocean_menu_typo_spacing_tablet":0,"ocean_menu_typo_spacing_mobile":0,"ocean_menu_typo_spacing_unit":"","ocean_menu_link_color":"","ocean_menu_link_color_hover":"","ocean_menu_link_color_active":"","ocean_menu_link_background":"","ocean_menu_link_hover_background":"","ocean_menu_link_active_background":"","ocean_menu_social_links_bg":"","ocean_menu_social_hover_links_bg":"","ocean_menu_social_links_color":"","ocean_menu_social_hover_links_color":"","ocean_disable_title":"default","ocean_disable_heading":"default","ocean_post_title":"","ocean_post_subheading":"","ocean_post_title_style":"","ocean_post_title_background_color":"","ocean_post_title_background":0,"ocean_post_title_bg_image_position":"","ocean_post_title_bg_image_attachment":"","ocean_post_title_bg_image_repeat":"","ocean_post_title_bg_image_size":"","ocean_post_title_height":0,"ocean_post_title_bg_overlay":0.5,"ocean_post_title_bg_overlay_color":"","ocean_disable_breadcrumbs":"default","ocean_breadcrumbs_color":"","ocean_breadcrumbs_separator_color":"","ocean_breadcrumbs_links_color":"","ocean_breadcrumbs_links_hover_color":"","ocean_display_footer_widgets":"default","ocean_display_footer_bottom":"default","ocean_custom_footer_template":"0"},"product_brand":[],"product_cat":[41,42,21],"product_tag":[],"class_list":{"0":"post-2066","1":"product","2":"type-product","3":"status-publish","4":"has-post-thumbnail","6":"product_cat-nettoyants-visage","7":"product_cat-peaux-seches","8":"product_cat-visage","10":"entry","11":"has-media","13":"first","14":"instock","15":"taxable","16":"shipping-taxable","17":"purchasable","18":"product-type-simple","19":"has-product-nav","20":"col","21":"span_1_of_3","22":"owp-content-center","23":"owp-thumbs-layout-horizontal","24":"owp-btn-normal","25":"owp-tabs-layout-horizontal"},"_links":{"self":[{"href":"https:\/\/ellypara.com\/index.php\/wp-json\/wp\/v2\/product\/2066","targetHints":{"allow":["GET"]}}],"collection":[{"href":"https:\/\/ellypara.com\/index.php\/wp-json\/wp\/v2\/product"}],"about":[{"href":"https:\/\/ellypara.com\/index.php\/wp-json\/wp\/v2\/types\/product"}],"replies":[{"embeddable":true,"href":"https:\/\/ellypara.com\/index.php\/wp-json\/wp\/v2\/comments?post=2066"}],"wp:featuredmedia":[{"embeddable":true,"href":"https:\/\/ellypara.com\/index.php\/wp-json\/wp\/v2\/media\/2067"}],"wp:attachment":[{"href":"https:\/\/ellypara.com\/index.php\/wp-json\/wp\/v2\/media?parent=2066"}],"wp:term":[{"taxonomy":"product_brand","embeddable":true,"href":"https:\/\/ellypara.com\/index.php\/wp-json\/wp\/v2\/product_brand?post=2066"},{"taxonomy":"product_cat","embeddable":true,"href":"https:\/\/ellypara.com\/index.php\/wp-json\/wp\/v2\/product_cat?post=2066"},{"taxonomy":"product_tag","embeddable":true,"href":"https:\/\/ellypara.com\/index.php\/wp-json\/wp\/v2\/product_tag?post=2066"}],"curies":[{"name":"wp","href":"https:\/\/api.w.org\/{rel}","templated":true}]}}