{"id":2073,"date":"2025-07-04T14:01:41","date_gmt":"2025-07-04T12:01:41","guid":{"rendered":"https:\/\/ellypara.com\/?post_type=product&#038;p=2073"},"modified":"2025-07-04T14:01:41","modified_gmt":"2025-07-04T12:01:41","slug":"cerave-gel-creme-hydratant-oil-control-52ml","status":"publish","type":"product","link":"https:\/\/ellypara.com\/index.php\/produit\/cerave-gel-creme-hydratant-oil-control-52ml\/","title":{"rendered":"CeraVe Gel-Cr\u00e8me Hydratant Oil Control 52ml"},"content":{"rendered":"<p>Le\u00a0<strong>Gel-Cr\u00e8me Hydratant Oil Control Visage CeraVe<\/strong>\u00a0matifie, r\u00e9\u00e9quilibre et hydrate la peau au quotidien.<\/p>\n<p>D\u00e9velopp\u00e9 avec des dermatologues, ce soin visage et cou est\u00a0<strong>enrichi aux 3 c\u00e9ramides essentiels naturellement pr\u00e9sents dans la peau et \u00e0 l\u2019acide hyaluronique,\u00a0<\/strong>pour restaurer la barri\u00e8re cutan\u00e9e.<\/p>\n<p>Sa formule contient aussi du\u00a0<strong>Niacinamide, actif anti-inflammatoire<\/strong>\u00a0pour apaiser la peau.<\/p>\n<p>Enfin, la\u00a0<strong>Technologie MVE\u00ae<\/strong>, prouesse technique et scientifique, permet\u00a0<strong>d\u2019encapsuler les actifs et de les diffuser de mani\u00e8re prolong\u00e9e dans la peau<\/strong>\u00a0: elle est hydrat\u00e9e toute la journ\u00e9e.<\/p>\n<p>&nbsp;<\/p>\n<p>Formule id\u00e9ale pour les\u00a0<strong>peaux mixtes \u00e0 grasses gr\u00e2ce \u00e0 sa texture l\u00e9g\u00e8re<\/strong>\u00a0non collante.<\/p>\n<p>Sans parfum. Hypoallerg\u00e9nique. Non com\u00e9dog\u00e8ne.<\/p>\n<p><strong>Composition<\/strong><\/p>\n<p>AQUA \/ WATER \u2022 NIACINAMIDE \u2022 GLYCERIN \u2022 CETEARYL ISONONANOATE \u2022 C14-22 ALCOHOLS \u2022 ISOPROPYL MYRISTATE \u2022 ZEA MAYS STARCH \/ CORN STARCH \u2022 CERAMIDE NP \u2022 CERAMIDE AP \u2022 CERAMIDE EOP \u2022 CARBOMER \u2022 CETEARYL ALCOHOL \u2022 BEHENTRIMONIUM METHOSULFATE \u2022 TRIETHYL CITRATE \u2022 SILICA \u2022 SODIUM HYDROXIDE \u2022 SODIUM HYALURONATE \u2022 SODIUM LAUROYL LACTYLATE \u2022 CHOLESTEROL \u2022 PHENOXYETHANOL \u2022 CITRIC ACID \u2022 CAPRYLYL GLYCOL \u2022 TRISODIUM ETHYLENEDIAMINE DISUCCINATE \u2022 XANTHAN GUM \u2022 PHYTOSPHINGOSINE \u2022 POLYACRYLATE CROSSPOLYMER-6 \u2022 BENZOIC ACID \u2022 C12-20 ALKYL GLUCOSIDE (F.I.L. Z70040235\/1).<\/p>\n<p><strong>Conseil d\u2019utilisation<\/strong><\/p>\n<p>Appliquez g\u00e9n\u00e9reusement sur le visage et le cou tous les jours. \u00c9vitez le contact direct avec les yeux. En cas de contact, rincez abondamment \u00e0 l\u2019eau.<\/p>\n<p>Le matin, appliquez ensuite un \u00e9cran solaire \u00e0 large spectre.<\/p>\n","protected":false},"excerpt":{"rendered":"<p>Le Gel-Cr\u00e8me Hydratant Oil Control CeraVe est un soin visage r\u00e9\u00e9quilibrant pour les peaux mixtes \u00e0 grasses. Sa formule d\u00e9velopp\u00e9e avec des dermatologues hydrate la peau durant toute la journ\u00e9e.<\/p>\n","protected":false},"featured_media":2074,"comment_status":"open","ping_status":"closed","template":"","meta":{"ocean_post_layout":"","ocean_both_sidebars_style":"","ocean_both_sidebars_content_width":0,"ocean_both_sidebars_sidebars_width":0,"ocean_sidebar":"0","ocean_second_sidebar":"0","ocean_disable_margins":"enable","ocean_add_body_class":"","ocean_shortcode_before_top_bar":"","ocean_shortcode_after_top_bar":"","ocean_shortcode_before_header":"","ocean_shortcode_after_header":"","ocean_has_shortcode":"","ocean_shortcode_after_title":"","ocean_shortcode_before_footer_widgets":"","ocean_shortcode_after_footer_widgets":"","ocean_shortcode_before_footer_bottom":"","ocean_shortcode_after_footer_bottom":"","ocean_display_top_bar":"default","ocean_display_header":"default","ocean_header_style":"","ocean_center_header_left_menu":"0","ocean_custom_header_template":"0","ocean_custom_logo":0,"ocean_custom_retina_logo":0,"ocean_custom_logo_max_width":0,"ocean_custom_logo_tablet_max_width":0,"ocean_custom_logo_mobile_max_width":0,"ocean_custom_logo_max_height":0,"ocean_custom_logo_tablet_max_height":0,"ocean_custom_logo_mobile_max_height":0,"ocean_header_custom_menu":"0","ocean_menu_typo_font_family":"0","ocean_menu_typo_font_subset":"","ocean_menu_typo_font_size":0,"ocean_menu_typo_font_size_tablet":0,"ocean_menu_typo_font_size_mobile":0,"ocean_menu_typo_font_size_unit":"px","ocean_menu_typo_font_weight":"","ocean_menu_typo_font_weight_tablet":"","ocean_menu_typo_font_weight_mobile":"","ocean_menu_typo_transform":"","ocean_menu_typo_transform_tablet":"","ocean_menu_typo_transform_mobile":"","ocean_menu_typo_line_height":0,"ocean_menu_typo_line_height_tablet":0,"ocean_menu_typo_line_height_mobile":0,"ocean_menu_typo_line_height_unit":"","ocean_menu_typo_spacing":0,"ocean_menu_typo_spacing_tablet":0,"ocean_menu_typo_spacing_mobile":0,"ocean_menu_typo_spacing_unit":"","ocean_menu_link_color":"","ocean_menu_link_color_hover":"","ocean_menu_link_color_active":"","ocean_menu_link_background":"","ocean_menu_link_hover_background":"","ocean_menu_link_active_background":"","ocean_menu_social_links_bg":"","ocean_menu_social_hover_links_bg":"","ocean_menu_social_links_color":"","ocean_menu_social_hover_links_color":"","ocean_disable_title":"default","ocean_disable_heading":"default","ocean_post_title":"","ocean_post_subheading":"","ocean_post_title_style":"","ocean_post_title_background_color":"","ocean_post_title_background":0,"ocean_post_title_bg_image_position":"","ocean_post_title_bg_image_attachment":"","ocean_post_title_bg_image_repeat":"","ocean_post_title_bg_image_size":"","ocean_post_title_height":0,"ocean_post_title_bg_overlay":0.5,"ocean_post_title_bg_overlay_color":"","ocean_disable_breadcrumbs":"default","ocean_breadcrumbs_color":"","ocean_breadcrumbs_separator_color":"","ocean_breadcrumbs_links_color":"","ocean_breadcrumbs_links_hover_color":"","ocean_display_footer_widgets":"default","ocean_display_footer_bottom":"default","ocean_custom_footer_template":"0"},"product_brand":[],"product_cat":[37,35,21],"product_tag":[],"class_list":{"0":"post-2073","1":"product","2":"type-product","3":"status-publish","4":"has-post-thumbnail","6":"product_cat-soins-peau-grasse","7":"product_cat-soins-hydratants-et-nourrissants","8":"product_cat-visage","10":"entry","11":"has-media","13":"first","14":"instock","15":"taxable","16":"shipping-taxable","17":"purchasable","18":"product-type-simple","19":"has-product-nav","20":"col","21":"span_1_of_3","22":"owp-content-center","23":"owp-thumbs-layout-horizontal","24":"owp-btn-normal","25":"owp-tabs-layout-horizontal"},"_links":{"self":[{"href":"https:\/\/ellypara.com\/index.php\/wp-json\/wp\/v2\/product\/2073","targetHints":{"allow":["GET"]}}],"collection":[{"href":"https:\/\/ellypara.com\/index.php\/wp-json\/wp\/v2\/product"}],"about":[{"href":"https:\/\/ellypara.com\/index.php\/wp-json\/wp\/v2\/types\/product"}],"replies":[{"embeddable":true,"href":"https:\/\/ellypara.com\/index.php\/wp-json\/wp\/v2\/comments?post=2073"}],"wp:featuredmedia":[{"embeddable":true,"href":"https:\/\/ellypara.com\/index.php\/wp-json\/wp\/v2\/media\/2074"}],"wp:attachment":[{"href":"https:\/\/ellypara.com\/index.php\/wp-json\/wp\/v2\/media?parent=2073"}],"wp:term":[{"taxonomy":"product_brand","embeddable":true,"href":"https:\/\/ellypara.com\/index.php\/wp-json\/wp\/v2\/product_brand?post=2073"},{"taxonomy":"product_cat","embeddable":true,"href":"https:\/\/ellypara.com\/index.php\/wp-json\/wp\/v2\/product_cat?post=2073"},{"taxonomy":"product_tag","embeddable":true,"href":"https:\/\/ellypara.com\/index.php\/wp-json\/wp\/v2\/product_tag?post=2073"}],"curies":[{"name":"wp","href":"https:\/\/api.w.org\/{rel}","templated":true}]}}