{"id":2079,"date":"2025-07-04T14:12:35","date_gmt":"2025-07-04T12:12:35","guid":{"rendered":"https:\/\/ellypara.com\/?post_type=product&#038;p=2079"},"modified":"2025-07-04T14:12:35","modified_gmt":"2025-07-04T12:12:35","slug":"cerave-gel-moussant-anti-imperfections-236-ml","status":"publish","type":"product","link":"https:\/\/ellypara.com\/index.php\/produit\/cerave-gel-moussant-anti-imperfections-236-ml\/","title":{"rendered":"CeraVe Gel Moussant Anti-Imperfections 236 ml"},"content":{"rendered":"<p>CeraVe Gel Moussant Anti-Imperfections 236 ml est un nettoyant qui nettoie en profondeur, purifie, d\u00e9sobstrue les pores, r\u00e9duit les points noirs, \u00e9limine les\u00a0imperfections\u00a0et l\u2019exc\u00e8s de s\u00e9bum.<br \/>\nIl est dot\u00e9 de la Technologie S\u00e9bum Contr\u00f4le qui matifie et aide \u00e0 \u00e9liminer l\u2019exc\u00e8s de s\u00e9bum. Sa formule associe :<\/p>\n<ul>\n<li>2% d\u2019acide salicylique qui exfolie en douceur, d\u00e9sobstrue les pores tout en stimulant le renouvellement cellulaire.<\/li>\n<li>L\u2019argile blanche qui aide \u00e0 absorber l\u2019exc\u00e8s de s\u00e9bum et \u00e0 \u00e9liminer les impuret\u00e9s, r\u00e9duit l\u2019aspect brillant de la peau.<\/li>\n<li>La niacinamide qui apaise la peau en douceur, aide \u00e0 r\u00e9duire les sensations d\u2019irritation et r\u00e9duit les rougeurs.<\/li>\n<li>L\u2019acide hyaluronique qui aide \u00e0 maintenir l\u2019hydratation.<\/li>\n<li>3 c\u00e9ramides essentiels (1, 3, 6-II) qui aident \u00e0 restaurer la barri\u00e8re cutan\u00e9e.<\/li>\n<\/ul>\n<p>Particuli\u00e8rement destin\u00e9 aux\u00a0peaux \u00e0 tendance acn\u00e9ique, il hydrate et restaure la barri\u00e8re protectrice de la peau pour une peau douce, lisse et hydrat\u00e9e. Il convient au visage et au corps.<\/p>\n<p>Sans parfum. Non com\u00e9dog\u00e8ne.<\/p>\n<p>Fabriqu\u00e9 en France.<\/p>\n<p><strong>CONSEIL D\u2019UTILISATION<\/strong><\/p>\n<p>Bien agiter.<br \/>\nMatin et soir, sur la peau humide, faire mousser et puis rincer.<\/p>\n<p>\u00c9viter le contact direct avec les yeux. En cas de contact, rincer abondamment \u00e0 l\u2019eau.<br \/>\n\u00c0 conserver dans un endroit frais et sec.<\/p>\n<p>Indication : Visage et corps. Peaux \u00e0 tendance acn\u00e9ique.<\/p>\n<p><iframe id=\"widget2\" title=\"Comment utiliser notre gamme anti-imperfections\" src=\"https:\/\/www.youtube.com\/embed\/6T_xiHEQbBA?feature=oembed&amp;enablejsapi=1&amp;origin=https:%2F%2Fwww.maparatunisie.tn\" width=\"1020\" height=\"574\" frameborder=\"0\" allowfullscreen=\"allowfullscreen\" data-gtm-yt-inspected-9=\"true\" data-mce-fragment=\"1\"><\/iframe><\/p>\n<p><strong>COMPOSITION<\/strong><\/p>\n<p>Aqua\/Water, Sodium Lauroyl Sarcosinate, Cocamidopropyl Hydroxysultaine, Glycerin, Niacinamide, Salicylic Acid, Gluconolactone, Sodium Methyl Cocoyl Taurate, Peg-150 Pentaerythrityl Tetrastearate, Ceramide Np, Ceramide Ap, Ceramide Eop, Carbomer, Calcium Gluconate, Triethyl Citrate, Sodium Benzoate, Sodium Hydroxide, Sodium Lauroyl Lactylate, Cholesterol, Tetrasodium Edta, Caprylyl Glycol, Hydrolyzed Hyaluronic Acid, Trisodium Ethylenediamine Disuccinate, Xanthan Gum, Hectorite, Phytosphingosine, Benzoic Acid.<\/p>\n","protected":false},"excerpt":{"rendered":"<p>Le Gel Moussant Anti-Imperfections de CeraVe nettoie en profondeur, purifie et aide \u00e0 \u00e9liminer les boutons et imperfections des peaux grasses.<\/p>\n","protected":false},"featured_media":2080,"comment_status":"open","ping_status":"closed","template":"","meta":{"ocean_post_layout":"","ocean_both_sidebars_style":"","ocean_both_sidebars_content_width":0,"ocean_both_sidebars_sidebars_width":0,"ocean_sidebar":"0","ocean_second_sidebar":"0","ocean_disable_margins":"enable","ocean_add_body_class":"","ocean_shortcode_before_top_bar":"","ocean_shortcode_after_top_bar":"","ocean_shortcode_before_header":"","ocean_shortcode_after_header":"","ocean_has_shortcode":"","ocean_shortcode_after_title":"","ocean_shortcode_before_footer_widgets":"","ocean_shortcode_after_footer_widgets":"","ocean_shortcode_before_footer_bottom":"","ocean_shortcode_after_footer_bottom":"","ocean_display_top_bar":"default","ocean_display_header":"default","ocean_header_style":"","ocean_center_header_left_menu":"0","ocean_custom_header_template":"0","ocean_custom_logo":0,"ocean_custom_retina_logo":0,"ocean_custom_logo_max_width":0,"ocean_custom_logo_tablet_max_width":0,"ocean_custom_logo_mobile_max_width":0,"ocean_custom_logo_max_height":0,"ocean_custom_logo_tablet_max_height":0,"ocean_custom_logo_mobile_max_height":0,"ocean_header_custom_menu":"0","ocean_menu_typo_font_family":"0","ocean_menu_typo_font_subset":"","ocean_menu_typo_font_size":0,"ocean_menu_typo_font_size_tablet":0,"ocean_menu_typo_font_size_mobile":0,"ocean_menu_typo_font_size_unit":"px","ocean_menu_typo_font_weight":"","ocean_menu_typo_font_weight_tablet":"","ocean_menu_typo_font_weight_mobile":"","ocean_menu_typo_transform":"","ocean_menu_typo_transform_tablet":"","ocean_menu_typo_transform_mobile":"","ocean_menu_typo_line_height":0,"ocean_menu_typo_line_height_tablet":0,"ocean_menu_typo_line_height_mobile":0,"ocean_menu_typo_line_height_unit":"","ocean_menu_typo_spacing":0,"ocean_menu_typo_spacing_tablet":0,"ocean_menu_typo_spacing_mobile":0,"ocean_menu_typo_spacing_unit":"","ocean_menu_link_color":"","ocean_menu_link_color_hover":"","ocean_menu_link_color_active":"","ocean_menu_link_background":"","ocean_menu_link_hover_background":"","ocean_menu_link_active_background":"","ocean_menu_social_links_bg":"","ocean_menu_social_hover_links_bg":"","ocean_menu_social_links_color":"","ocean_menu_social_hover_links_color":"","ocean_disable_title":"default","ocean_disable_heading":"default","ocean_post_title":"","ocean_post_subheading":"","ocean_post_title_style":"","ocean_post_title_background_color":"","ocean_post_title_background":0,"ocean_post_title_bg_image_position":"","ocean_post_title_bg_image_attachment":"","ocean_post_title_bg_image_repeat":"","ocean_post_title_bg_image_size":"","ocean_post_title_height":0,"ocean_post_title_bg_overlay":0.5,"ocean_post_title_bg_overlay_color":"","ocean_disable_breadcrumbs":"default","ocean_breadcrumbs_color":"","ocean_breadcrumbs_separator_color":"","ocean_breadcrumbs_links_color":"","ocean_breadcrumbs_links_hover_color":"","ocean_display_footer_widgets":"default","ocean_display_footer_bottom":"default","ocean_custom_footer_template":"0"},"product_brand":[],"product_cat":[41,37,21],"product_tag":[],"class_list":{"0":"post-2079","1":"product","2":"type-product","3":"status-publish","4":"has-post-thumbnail","6":"product_cat-nettoyants-visage","7":"product_cat-soins-peau-grasse","8":"product_cat-visage","10":"entry","11":"has-media","13":"first","14":"outofstock","15":"taxable","16":"shipping-taxable","17":"purchasable","18":"product-type-simple","19":"has-product-nav","20":"col","21":"span_1_of_3","22":"owp-content-center","23":"owp-thumbs-layout-horizontal","24":"owp-btn-normal","25":"owp-tabs-layout-horizontal"},"_links":{"self":[{"href":"https:\/\/ellypara.com\/index.php\/wp-json\/wp\/v2\/product\/2079","targetHints":{"allow":["GET"]}}],"collection":[{"href":"https:\/\/ellypara.com\/index.php\/wp-json\/wp\/v2\/product"}],"about":[{"href":"https:\/\/ellypara.com\/index.php\/wp-json\/wp\/v2\/types\/product"}],"replies":[{"embeddable":true,"href":"https:\/\/ellypara.com\/index.php\/wp-json\/wp\/v2\/comments?post=2079"}],"wp:featuredmedia":[{"embeddable":true,"href":"https:\/\/ellypara.com\/index.php\/wp-json\/wp\/v2\/media\/2080"}],"wp:attachment":[{"href":"https:\/\/ellypara.com\/index.php\/wp-json\/wp\/v2\/media?parent=2079"}],"wp:term":[{"taxonomy":"product_brand","embeddable":true,"href":"https:\/\/ellypara.com\/index.php\/wp-json\/wp\/v2\/product_brand?post=2079"},{"taxonomy":"product_cat","embeddable":true,"href":"https:\/\/ellypara.com\/index.php\/wp-json\/wp\/v2\/product_cat?post=2079"},{"taxonomy":"product_tag","embeddable":true,"href":"https:\/\/ellypara.com\/index.php\/wp-json\/wp\/v2\/product_tag?post=2079"}],"curies":[{"name":"wp","href":"https:\/\/api.w.org\/{rel}","templated":true}]}}