{"id":2088,"date":"2025-07-04T15:32:40","date_gmt":"2025-07-04T13:32:40","guid":{"rendered":"https:\/\/ellypara.com\/?post_type=product&#038;p=2088"},"modified":"2025-07-04T15:32:40","modified_gmt":"2025-07-04T13:32:40","slug":"cerave-gel-moussant-nettoyant-peaux-normales-a-grasses-236ml","status":"publish","type":"product","link":"https:\/\/ellypara.com\/index.php\/produit\/cerave-gel-moussant-nettoyant-peaux-normales-a-grasses-236ml\/","title":{"rendered":"CeraVe Gel Moussant Nettoyant Peaux Normales a Grasses 236ml"},"content":{"rendered":"<p>Le<strong>\u00a0gel moussant nettoyant<\/strong>\u00a0de la marque<strong>\u00a0CeraVe<\/strong><a href=\"https:\/\/www.maparatunisie.tn\/nos-marques\/cerave\/\">\u00a0<\/a>est formul\u00e9 pour convenir \u00e0 la<strong>\u00a0toilette\u00a0du visage\u00a0des peaux normales \u00e0 grasses<\/strong>\u00a0et permettre de nettoyer comme d\u2019\u00e9liminer l\u2019exc\u00e8s de s\u00e9bum sans d\u00e9t\u00e9riorer le film hydrolipidique naturel de l\u2019\u00e9piderme.<\/p>\n<p>\u00c9labor\u00e9 par des dermatologues, ce gel moussant nettoyant CeraVe est en mesure de purifier la peau en profondeur\u00a0tout en pr\u00e9servant la barri\u00e8re cutan\u00e9e protectrice, d\u2019<strong>\u00e9liminer les exc\u00e8s de s\u00e9bum<\/strong>\u00a0efficacement et toute impuret\u00e9 ou r\u00e9sidu de maquillage.<\/p>\n<p>Compos\u00e9 \u00e0 l\u2019aide de\u00a0<strong>3 c\u00e9ramides essentiels<\/strong>\u00a0dont les tissus cutan\u00e9s ont besoin pour b\u00e9n\u00e9ficier d\u2019un\u00a0renouvellement cellulaire et restaurer le film hydrolipidique, ce gel moussant est \u00e9galement dot\u00e9 d\u2019<strong>acide hyaluronique<\/strong>\u00a0qui lui conf\u00e8re de grandes\u00a0<strong>propri\u00e9t\u00e9s hydratantes<\/strong>.<br \/>\nEn effet, naturellement pr\u00e9sent dans l\u2019organisme, l\u2019acide hyaluronique telle une \u00e9ponge, contribue \u00e0 retenir l\u2019eau dans les couches sup\u00e9rieures de l\u2019\u00e9piderme afin que la peau puisse profiter d\u2019une<strong>\u00a0hydratation de l\u2019int\u00e9rieur, intense et durable<\/strong>.<br \/>\nPourvu par ailleurs de\u00a0<strong>niacinamide<\/strong>\u00a0(vitamine B3), ce produit contribue \u00e0 apaiser les rougeurs et les irritations.<\/p>\n<p>&nbsp;<\/p>\n<p>Non com\u00e9dog\u00e8ne, ce gel \u00e0 l\u2019\u00e9mulsion fine et soyeuse\u00a0livr\u00e9 dans un flacon-pompe pour une utilisation simplifi\u00e9e, va participer \u00e0 rendre la\u00a0<strong>peau saine, purifi\u00e9e, lisse, douce et apais\u00e9e<\/strong>.<\/p>\n<p>Issue d\u2019un partenariat entre dermatologues et chercheurs am\u00e9ricains, la marque\u00a0<strong>CeraVe<\/strong>\u00a0fond\u00e9e en 2005, a d\u00e9velopp\u00e9 toute une gamme de produits dermo-cosm\u00e9tiques \u00e9labor\u00e9s \u00e0 base de c\u00e9ramides essentiels, de cholest\u00e9rol et d\u2019esters gras qui contribuent \u00e0 prendre soin de la peau et \u00e0 pr\u00e9server son film naturel hydrolipidique.<\/p>\n<p><strong>Caract\u00e9ristiques :<\/strong><\/p>\n<ul>\n<li>Sans savon<\/li>\n<li>Sans parfum<\/li>\n<li>Hypoallerg\u00e9nique<\/li>\n<li>Non com\u00e9dog\u00e8ne<\/li>\n<\/ul>\n","protected":false},"excerpt":{"rendered":"<p>Utilis\u00e9e au quotidien, ce\u00a0produit nettoyant\u00a0n\u2019alt\u00e8re en aucun cas la barri\u00e8re cutan\u00e9e de la peau.\u00a0Particuli\u00e8rement adapt\u00e9\u00a0aux peaux normales \u00e0 mixtes et grasses \u00e0 tendance acn\u00e9ique.<\/p>\n","protected":false},"featured_media":2089,"comment_status":"open","ping_status":"closed","template":"","meta":{"ocean_post_layout":"","ocean_both_sidebars_style":"","ocean_both_sidebars_content_width":0,"ocean_both_sidebars_sidebars_width":0,"ocean_sidebar":"0","ocean_second_sidebar":"0","ocean_disable_margins":"enable","ocean_add_body_class":"","ocean_shortcode_before_top_bar":"","ocean_shortcode_after_top_bar":"","ocean_shortcode_before_header":"","ocean_shortcode_after_header":"","ocean_has_shortcode":"","ocean_shortcode_after_title":"","ocean_shortcode_before_footer_widgets":"","ocean_shortcode_after_footer_widgets":"","ocean_shortcode_before_footer_bottom":"","ocean_shortcode_after_footer_bottom":"","ocean_display_top_bar":"default","ocean_display_header":"default","ocean_header_style":"","ocean_center_header_left_menu":"0","ocean_custom_header_template":"0","ocean_custom_logo":0,"ocean_custom_retina_logo":0,"ocean_custom_logo_max_width":0,"ocean_custom_logo_tablet_max_width":0,"ocean_custom_logo_mobile_max_width":0,"ocean_custom_logo_max_height":0,"ocean_custom_logo_tablet_max_height":0,"ocean_custom_logo_mobile_max_height":0,"ocean_header_custom_menu":"0","ocean_menu_typo_font_family":"0","ocean_menu_typo_font_subset":"","ocean_menu_typo_font_size":0,"ocean_menu_typo_font_size_tablet":0,"ocean_menu_typo_font_size_mobile":0,"ocean_menu_typo_font_size_unit":"px","ocean_menu_typo_font_weight":"","ocean_menu_typo_font_weight_tablet":"","ocean_menu_typo_font_weight_mobile":"","ocean_menu_typo_transform":"","ocean_menu_typo_transform_tablet":"","ocean_menu_typo_transform_mobile":"","ocean_menu_typo_line_height":0,"ocean_menu_typo_line_height_tablet":0,"ocean_menu_typo_line_height_mobile":0,"ocean_menu_typo_line_height_unit":"","ocean_menu_typo_spacing":0,"ocean_menu_typo_spacing_tablet":0,"ocean_menu_typo_spacing_mobile":0,"ocean_menu_typo_spacing_unit":"","ocean_menu_link_color":"","ocean_menu_link_color_hover":"","ocean_menu_link_color_active":"","ocean_menu_link_background":"","ocean_menu_link_hover_background":"","ocean_menu_link_active_background":"","ocean_menu_social_links_bg":"","ocean_menu_social_hover_links_bg":"","ocean_menu_social_links_color":"","ocean_menu_social_hover_links_color":"","ocean_disable_title":"default","ocean_disable_heading":"default","ocean_post_title":"","ocean_post_subheading":"","ocean_post_title_style":"","ocean_post_title_background_color":"","ocean_post_title_background":0,"ocean_post_title_bg_image_position":"","ocean_post_title_bg_image_attachment":"","ocean_post_title_bg_image_repeat":"","ocean_post_title_bg_image_size":"","ocean_post_title_height":0,"ocean_post_title_bg_overlay":0.5,"ocean_post_title_bg_overlay_color":"","ocean_disable_breadcrumbs":"default","ocean_breadcrumbs_color":"","ocean_breadcrumbs_separator_color":"","ocean_breadcrumbs_links_color":"","ocean_breadcrumbs_links_hover_color":"","ocean_display_footer_widgets":"default","ocean_display_footer_bottom":"default","ocean_custom_footer_template":"0"},"product_brand":[],"product_cat":[41,37,21],"product_tag":[],"class_list":{"0":"post-2088","1":"product","2":"type-product","3":"status-publish","4":"has-post-thumbnail","6":"product_cat-nettoyants-visage","7":"product_cat-soins-peau-grasse","8":"product_cat-visage","10":"entry","11":"has-media","13":"first","14":"outofstock","15":"taxable","16":"shipping-taxable","17":"purchasable","18":"product-type-simple","19":"has-product-nav","20":"col","21":"span_1_of_3","22":"owp-content-center","23":"owp-thumbs-layout-horizontal","24":"owp-btn-normal","25":"owp-tabs-layout-horizontal"},"_links":{"self":[{"href":"https:\/\/ellypara.com\/index.php\/wp-json\/wp\/v2\/product\/2088","targetHints":{"allow":["GET"]}}],"collection":[{"href":"https:\/\/ellypara.com\/index.php\/wp-json\/wp\/v2\/product"}],"about":[{"href":"https:\/\/ellypara.com\/index.php\/wp-json\/wp\/v2\/types\/product"}],"replies":[{"embeddable":true,"href":"https:\/\/ellypara.com\/index.php\/wp-json\/wp\/v2\/comments?post=2088"}],"wp:featuredmedia":[{"embeddable":true,"href":"https:\/\/ellypara.com\/index.php\/wp-json\/wp\/v2\/media\/2089"}],"wp:attachment":[{"href":"https:\/\/ellypara.com\/index.php\/wp-json\/wp\/v2\/media?parent=2088"}],"wp:term":[{"taxonomy":"product_brand","embeddable":true,"href":"https:\/\/ellypara.com\/index.php\/wp-json\/wp\/v2\/product_brand?post=2088"},{"taxonomy":"product_cat","embeddable":true,"href":"https:\/\/ellypara.com\/index.php\/wp-json\/wp\/v2\/product_cat?post=2088"},{"taxonomy":"product_tag","embeddable":true,"href":"https:\/\/ellypara.com\/index.php\/wp-json\/wp\/v2\/product_tag?post=2088"}],"curies":[{"name":"wp","href":"https:\/\/api.w.org\/{rel}","templated":true}]}}