{"id":2090,"date":"2025-07-05T19:21:31","date_gmt":"2025-07-05T17:21:31","guid":{"rendered":"https:\/\/ellypara.com\/?post_type=product&#038;p=2090"},"modified":"2025-07-05T19:21:31","modified_gmt":"2025-07-05T17:21:31","slug":"cerave-huile-lavante-moussante-hydratante-473ml","status":"publish","type":"product","link":"https:\/\/ellypara.com\/index.php\/produit\/cerave-huile-lavante-moussante-hydratante-473ml\/","title":{"rendered":"CeraVe Huile Lavante Moussante Hydratante 473ml"},"content":{"rendered":"<p><strong>L\u2019Huile Lavante Moussante et Hydratante pour Peaux Normales \u00e0 Tr\u00e8s S\u00e8ches de CeraVe,<\/strong>\u00a0est un soin lavant formul\u00e9 pour r\u00e9pondre aux besoins des peaux normales \u00e0 tr\u00e8s s\u00e8ches et des peaux \u00e0 tendance atopique. Sa formule enrichie aux 3 c\u00e9ramides essentiels et \u00e0 l\u2019acide hyaluronique nettoie en douceur, relipide et nourrit la peau sous la douche.<\/p>\n<p>Avec son complexe de triglyc\u00e9rides et de squalane, lipides naturellement pr\u00e9sents dans la peau, d\u00e9ficitaires dans les peaux les plus s\u00e8ches et sa base lavante douce formul\u00e9e \u00e0 partir d\u2019acides amin\u00e9s, l\u2019Huile Lavante moussante et hydratante nettoie, nourrit tout en relipidant la peau. Dot\u00e9e d\u2019une texture huile moussante enveloppante, elle ne laisse pas de film gras. Con\u00e7ue au ph physiologique et sans parfum, elle pr\u00e9sente une haute tol\u00e9rance pour convenir aux peaux les plus fragiles. Le soin lavant convient au nourrisson \u00e0 partir de 1 mois comme pour l\u2019enfant et l\u2019adulte pour un usage sur le visage et le corps, y compris pour les zones intimes. Test\u00e9e sous contr\u00f4le dermatologique et gyn\u00e9cologique.<\/p>\n<p><strong>Composition<\/strong><\/p>\n<p>2021602 23 \u2013 INGREDIENTS: AQUA \/ WATER \u2022 GLYCERIN \u2022 PEG-200 HYDROGENATED GLYCERYL PALMATE \u2022 COCO-BETAINE \u2022 DISODIUM COCOYL GLUTAMATE \u2022 PEG-120 METHYL GLUCOSE DIOLEATE \u2022 POLYSORBATE 20 \u2022 PEG-7 GLYCERYL COCOATE \u2022 PEG-150 PENTAERYTHRITYL TETRASTEARATE \u2022 PPG-5-CETETH-20 \u2022 PEG-6 CAPRYLIC\/CAPRIC GLYCERIDES \u2022 SQUALANE \u2022 CERAMIDE NP \u2022 CERAMIDE AP \u2022 CERAMIDE EOP \u2022 CARBOMER \u2022 TRIETHYL CITRATE \u2022 SODIUM CHLORIDE \u2022 SODIUM HYDROXIDE \u2022 SODIUM COCOYL GLUTAMATE \u2022 SODIUM LAUROYL LACTYLATE \u2022 SODIUM HYALURONATE \u2022 CHOLESTEROL \u2022 CITRIC ACID \u2022 CAPRYLOYL GLYCINE \u2022 HYDROXYACETOPHENONE \u2022 CAPRYLYL GLYCOL \u2022 CAPRYLIC\/CAPRIC TRIGLYCERIDE \u2022 TRISODIUM ETHYLENEDIAMINE DISUCCINATE \u2022 PHYTOSPHINGOSINE \u2022 XANTHAN GUM \u2022 BENZOIC ACID (F.I.L. C273796\/1). Les listes d\u2019ingr\u00e9dients entrant dans la composition des produits de notre marque sont r\u00e9guli\u00e8rement mises \u00e0 jour. Avant d\u2019utiliser un produit de notre marque, vous \u00eates invit\u00e9s \u00e0 lire la liste d\u2019ingr\u00e9dients figurant sur son emballage afin de vous assurer que les ingr\u00e9dients sont adapt\u00e9s \u00e0 votre utilisation personnelle<\/p>\n<p><strong>Conseil d\u2019utilisation<\/strong><\/p>\n<p>Usage quotidien. Sous la douche, appliquer sur peau mouill\u00e9e, faire mousser. Rincer et s\u00e9cher d\u00e9licatement sans frotter. Pour le bain, verser l\u2019\u00e9quivalent de 5 pressions pendant le remplissage de la baignoire. Rincer et s\u00e9cher d\u00e9licatement sans frotter. Se rince facilement. Ne laisse pas de r\u00e9sidus gras, collants.<\/p>\n","protected":false},"excerpt":{"rendered":"<p>L\u2019huile lavante moussante et hydratante CeraVe a \u00e9t\u00e9 d\u00e9velopp\u00e9e avec des dermatologues pour les peaux normales \u00e0 tr\u00e8s s\u00e8ches ainsi que pour les peaux \u00e0 tendance atopique.<\/p>\n","protected":false},"featured_media":2091,"comment_status":"open","ping_status":"closed","template":"","meta":{"ocean_post_layout":"","ocean_both_sidebars_style":"","ocean_both_sidebars_content_width":0,"ocean_both_sidebars_sidebars_width":0,"ocean_sidebar":"0","ocean_second_sidebar":"0","ocean_disable_margins":"enable","ocean_add_body_class":"","ocean_shortcode_before_top_bar":"","ocean_shortcode_after_top_bar":"","ocean_shortcode_before_header":"","ocean_shortcode_after_header":"","ocean_has_shortcode":"","ocean_shortcode_after_title":"","ocean_shortcode_before_footer_widgets":"","ocean_shortcode_after_footer_widgets":"","ocean_shortcode_before_footer_bottom":"","ocean_shortcode_after_footer_bottom":"","ocean_display_top_bar":"default","ocean_display_header":"default","ocean_header_style":"","ocean_center_header_left_menu":"0","ocean_custom_header_template":"0","ocean_custom_logo":0,"ocean_custom_retina_logo":0,"ocean_custom_logo_max_width":0,"ocean_custom_logo_tablet_max_width":0,"ocean_custom_logo_mobile_max_width":0,"ocean_custom_logo_max_height":0,"ocean_custom_logo_tablet_max_height":0,"ocean_custom_logo_mobile_max_height":0,"ocean_header_custom_menu":"0","ocean_menu_typo_font_family":"0","ocean_menu_typo_font_subset":"","ocean_menu_typo_font_size":0,"ocean_menu_typo_font_size_tablet":0,"ocean_menu_typo_font_size_mobile":0,"ocean_menu_typo_font_size_unit":"px","ocean_menu_typo_font_weight":"","ocean_menu_typo_font_weight_tablet":"","ocean_menu_typo_font_weight_mobile":"","ocean_menu_typo_transform":"","ocean_menu_typo_transform_tablet":"","ocean_menu_typo_transform_mobile":"","ocean_menu_typo_line_height":0,"ocean_menu_typo_line_height_tablet":0,"ocean_menu_typo_line_height_mobile":0,"ocean_menu_typo_line_height_unit":"","ocean_menu_typo_spacing":0,"ocean_menu_typo_spacing_tablet":0,"ocean_menu_typo_spacing_mobile":0,"ocean_menu_typo_spacing_unit":"","ocean_menu_link_color":"","ocean_menu_link_color_hover":"","ocean_menu_link_color_active":"","ocean_menu_link_background":"","ocean_menu_link_hover_background":"","ocean_menu_link_active_background":"","ocean_menu_social_links_bg":"","ocean_menu_social_hover_links_bg":"","ocean_menu_social_links_color":"","ocean_menu_social_hover_links_color":"","ocean_disable_title":"default","ocean_disable_heading":"default","ocean_post_title":"","ocean_post_subheading":"","ocean_post_title_style":"","ocean_post_title_background_color":"","ocean_post_title_background":0,"ocean_post_title_bg_image_position":"","ocean_post_title_bg_image_attachment":"","ocean_post_title_bg_image_repeat":"","ocean_post_title_bg_image_size":"","ocean_post_title_height":0,"ocean_post_title_bg_overlay":0.5,"ocean_post_title_bg_overlay_color":"","ocean_disable_breadcrumbs":"default","ocean_breadcrumbs_color":"","ocean_breadcrumbs_separator_color":"","ocean_breadcrumbs_links_color":"","ocean_breadcrumbs_links_hover_color":"","ocean_display_footer_widgets":"default","ocean_display_footer_bottom":"default","ocean_custom_footer_template":"0"},"product_brand":[],"product_cat":[41,42,21],"product_tag":[],"class_list":{"0":"post-2090","1":"product","2":"type-product","3":"status-publish","4":"has-post-thumbnail","6":"product_cat-nettoyants-visage","7":"product_cat-peaux-seches","8":"product_cat-visage","10":"entry","11":"has-media","13":"first","14":"instock","15":"taxable","16":"shipping-taxable","17":"purchasable","18":"product-type-simple","19":"has-product-nav","20":"col","21":"span_1_of_3","22":"owp-content-center","23":"owp-thumbs-layout-horizontal","24":"owp-btn-normal","25":"owp-tabs-layout-horizontal"},"_links":{"self":[{"href":"https:\/\/ellypara.com\/index.php\/wp-json\/wp\/v2\/product\/2090","targetHints":{"allow":["GET"]}}],"collection":[{"href":"https:\/\/ellypara.com\/index.php\/wp-json\/wp\/v2\/product"}],"about":[{"href":"https:\/\/ellypara.com\/index.php\/wp-json\/wp\/v2\/types\/product"}],"replies":[{"embeddable":true,"href":"https:\/\/ellypara.com\/index.php\/wp-json\/wp\/v2\/comments?post=2090"}],"wp:featuredmedia":[{"embeddable":true,"href":"https:\/\/ellypara.com\/index.php\/wp-json\/wp\/v2\/media\/2091"}],"wp:attachment":[{"href":"https:\/\/ellypara.com\/index.php\/wp-json\/wp\/v2\/media?parent=2090"}],"wp:term":[{"taxonomy":"product_brand","embeddable":true,"href":"https:\/\/ellypara.com\/index.php\/wp-json\/wp\/v2\/product_brand?post=2090"},{"taxonomy":"product_cat","embeddable":true,"href":"https:\/\/ellypara.com\/index.php\/wp-json\/wp\/v2\/product_cat?post=2090"},{"taxonomy":"product_tag","embeddable":true,"href":"https:\/\/ellypara.com\/index.php\/wp-json\/wp\/v2\/product_tag?post=2090"}],"curies":[{"name":"wp","href":"https:\/\/api.w.org\/{rel}","templated":true}]}}