{"id":2096,"date":"2025-07-05T19:42:45","date_gmt":"2025-07-05T17:42:45","guid":{"rendered":"https:\/\/ellypara.com\/?post_type=product&#038;p=2096"},"modified":"2025-07-05T19:42:46","modified_gmt":"2025-07-05T17:42:46","slug":"cerave-lait-hydratant-peaux-seches-a-tres-seches-236ml","status":"publish","type":"product","link":"https:\/\/ellypara.com\/index.php\/produit\/cerave-lait-hydratant-peaux-seches-a-tres-seches-236ml\/","title":{"rendered":"CeraVe Lait Hydratant Peaux S\u00e8ches \u00e0 Tr\u00e8s S\u00e8ches 236ml"},"content":{"rendered":"<h2>Une cr\u00e8me corps et visage pour toute la famille<\/h2>\n<h3>Des c\u00e9ramides pour renforcer la barri\u00e8re cutan\u00e9e<\/h3>\n<p>Expert des peaux sensibles et s\u00e8ches, la marque\u00a0<strong>CeraVe<\/strong>\u00a0a \u00e9labor\u00e9 cette cr\u00e8me hydratante dans le respect des \u00e9pidermes sujets au dess\u00e8chement. Sa composition a ainsi \u00e9t\u00e9 \u00e9tudi\u00e9e pour apporter \u00e0 la peau douceur, hydratation, mais \u00e9galement restructurer sa surface.<\/p>\n<ul>\n<li><strong>C\u00e9ramides<\/strong>\u00a0: pr\u00e9sents \u00e0 hauteur de 50% dans la structure de la peau, les c\u00e9ramides sont des lipides qui garantissent son uniformit\u00e9 et sa souplesse.<\/li>\n<li><strong>Niacinamide<\/strong>\u00a0: ce type de vitamine B stimule la synth\u00e8se des c\u00e9ramides et contribue ainsi \u00e0 pr\u00e9server l\u2019hydratation de l\u2019\u00e9piderme.<\/li>\n<li><strong>Acide hyaluronique<\/strong>\u00a0: naturellement pr\u00e9sent dans notre corps, l\u2019acide hyaluronique capte l\u2019eau et la retient au c\u0153ur des tissus, participant ainsi \u00e0 son volume et son \u00e9clat.<\/li>\n<\/ul>\n<p>Gardez une peau douce, lisse et hydrat\u00e9e en profondeur avec\u00a0<strong>Lait Hydratant pour Peaux S\u00e8ches \u00e0 Tr\u00e8s S\u00e8ches de CeraVe<\/strong>\u00a0!<\/p>\n<h3>Une texture onctueuse et fluide<\/h3>\n<p><strong>Non-com\u00e9dog\u00e8ne<\/strong>, cette cr\u00e8me hydratante ne bouche pas les pores de la peau et la laisse respirer. Sa\u00a0<strong>texture l\u00e9g\u00e8re<\/strong>, facile \u00e0 \u00e9taler, hydrate la peau sans l\u2019\u00e9touffer. Elle ne laisse\u00a0<strong>pas de film collant<\/strong>\u00a0et procure un sentiment de r\u00e9confort intense et imm\u00e9diat.\u00a0<strong>Sans parfum<\/strong>, elle se fait discr\u00e8te sur la peau du corps et du visage et s\u2019adapte \u00e0 toutes les sensibilit\u00e9s, sans ass\u00e9cher la barri\u00e8re cutan\u00e9e.<\/p>\n<p><strong>Conseils d\u2019utilisation<\/strong><\/p>\n<p>Appliquez g\u00e9n\u00e9reusement, le matin et\/ou le soir, ou aussi souvent que n\u00e9cessaire, sur l\u2019ensemble du visage et corps en insistant sur les zones les plus s\u00e8ches (genoux, coudes, pieds, nez et pommettes).<br \/>\nMassez par l\u00e9gers mouvements circulaires jusqu\u2019\u00e0 absorption compl\u00e8te. Evitez le contour des yeux.<br \/>\nDurablement hydrat\u00e9e, les peaux s\u00e8ches \u00e0 tr\u00e8s s\u00e8ches sont r\u00e9par\u00e9es.<br \/>\nId\u00e9al apr\u00e8s la douche pour nourrir intens\u00e9ment la peau de toute la famille.<\/p>\n<p><iframe id=\"widget2\" title=\"Comment utiliser le Lait Hydratant CeraVe ?\" src=\"https:\/\/www.youtube.com\/embed\/akAVaRJxwMw?feature=oembed&amp;enablejsapi=1&amp;origin=https:%2F%2Fwww.maparatunisie.tn\" width=\"1020\" height=\"574\" frameborder=\"0\" allowfullscreen=\"allowfullscreen\" data-gtm-yt-inspected-9=\"true\" data-mce-fragment=\"1\"><\/iframe><\/p>\n","protected":false},"excerpt":{"rendered":"<p>Vous avez une peau s\u00e8che ou tr\u00e8s s\u00e8che et vous recherchez un soin du corps qui r\u00e9ponde \u00e0 ses besoins ? Comptez sur la texture fluide et la formule innovante du Lait Hydratant CeraVe pour Peaux S\u00e8ches \u00e0 Tr\u00e8s S\u00e8ches. Cette cr\u00e8me hydratante pour le corps convient au soin quotidien des adultes et des enfants.<\/p>\n","protected":false},"featured_media":2097,"comment_status":"open","ping_status":"closed","template":"","meta":{"ocean_post_layout":"","ocean_both_sidebars_style":"","ocean_both_sidebars_content_width":0,"ocean_both_sidebars_sidebars_width":0,"ocean_sidebar":"0","ocean_second_sidebar":"0","ocean_disable_margins":"enable","ocean_add_body_class":"","ocean_shortcode_before_top_bar":"","ocean_shortcode_after_top_bar":"","ocean_shortcode_before_header":"","ocean_shortcode_after_header":"","ocean_has_shortcode":"","ocean_shortcode_after_title":"","ocean_shortcode_before_footer_widgets":"","ocean_shortcode_after_footer_widgets":"","ocean_shortcode_before_footer_bottom":"","ocean_shortcode_after_footer_bottom":"","ocean_display_top_bar":"default","ocean_display_header":"default","ocean_header_style":"","ocean_center_header_left_menu":"0","ocean_custom_header_template":"0","ocean_custom_logo":0,"ocean_custom_retina_logo":0,"ocean_custom_logo_max_width":0,"ocean_custom_logo_tablet_max_width":0,"ocean_custom_logo_mobile_max_width":0,"ocean_custom_logo_max_height":0,"ocean_custom_logo_tablet_max_height":0,"ocean_custom_logo_mobile_max_height":0,"ocean_header_custom_menu":"0","ocean_menu_typo_font_family":"0","ocean_menu_typo_font_subset":"","ocean_menu_typo_font_size":0,"ocean_menu_typo_font_size_tablet":0,"ocean_menu_typo_font_size_mobile":0,"ocean_menu_typo_font_size_unit":"px","ocean_menu_typo_font_weight":"","ocean_menu_typo_font_weight_tablet":"","ocean_menu_typo_font_weight_mobile":"","ocean_menu_typo_transform":"","ocean_menu_typo_transform_tablet":"","ocean_menu_typo_transform_mobile":"","ocean_menu_typo_line_height":0,"ocean_menu_typo_line_height_tablet":0,"ocean_menu_typo_line_height_mobile":0,"ocean_menu_typo_line_height_unit":"","ocean_menu_typo_spacing":0,"ocean_menu_typo_spacing_tablet":0,"ocean_menu_typo_spacing_mobile":0,"ocean_menu_typo_spacing_unit":"","ocean_menu_link_color":"","ocean_menu_link_color_hover":"","ocean_menu_link_color_active":"","ocean_menu_link_background":"","ocean_menu_link_hover_background":"","ocean_menu_link_active_background":"","ocean_menu_social_links_bg":"","ocean_menu_social_hover_links_bg":"","ocean_menu_social_links_color":"","ocean_menu_social_hover_links_color":"","ocean_disable_title":"default","ocean_disable_heading":"default","ocean_post_title":"","ocean_post_subheading":"","ocean_post_title_style":"","ocean_post_title_background_color":"","ocean_post_title_background":0,"ocean_post_title_bg_image_position":"","ocean_post_title_bg_image_attachment":"","ocean_post_title_bg_image_repeat":"","ocean_post_title_bg_image_size":"","ocean_post_title_height":0,"ocean_post_title_bg_overlay":0.5,"ocean_post_title_bg_overlay_color":"","ocean_disable_breadcrumbs":"default","ocean_breadcrumbs_color":"","ocean_breadcrumbs_separator_color":"","ocean_breadcrumbs_links_color":"","ocean_breadcrumbs_links_hover_color":"","ocean_display_footer_widgets":"default","ocean_display_footer_bottom":"default","ocean_custom_footer_template":"0"},"product_brand":[],"product_cat":[22,45,42,21],"product_tag":[],"class_list":{"0":"post-2096","1":"product","2":"type-product","3":"status-publish","4":"has-post-thumbnail","6":"product_cat-corps","7":"product_cat-hydratation-et-nutrition-corps","8":"product_cat-peaux-seches","9":"product_cat-visage","11":"entry","12":"has-media","14":"first","15":"instock","16":"taxable","17":"shipping-taxable","18":"purchasable","19":"product-type-simple","20":"has-product-nav","21":"col","22":"span_1_of_3","23":"owp-content-center","24":"owp-thumbs-layout-horizontal","25":"owp-btn-normal","26":"owp-tabs-layout-horizontal"},"_links":{"self":[{"href":"https:\/\/ellypara.com\/index.php\/wp-json\/wp\/v2\/product\/2096","targetHints":{"allow":["GET"]}}],"collection":[{"href":"https:\/\/ellypara.com\/index.php\/wp-json\/wp\/v2\/product"}],"about":[{"href":"https:\/\/ellypara.com\/index.php\/wp-json\/wp\/v2\/types\/product"}],"replies":[{"embeddable":true,"href":"https:\/\/ellypara.com\/index.php\/wp-json\/wp\/v2\/comments?post=2096"}],"wp:featuredmedia":[{"embeddable":true,"href":"https:\/\/ellypara.com\/index.php\/wp-json\/wp\/v2\/media\/2097"}],"wp:attachment":[{"href":"https:\/\/ellypara.com\/index.php\/wp-json\/wp\/v2\/media?parent=2096"}],"wp:term":[{"taxonomy":"product_brand","embeddable":true,"href":"https:\/\/ellypara.com\/index.php\/wp-json\/wp\/v2\/product_brand?post=2096"},{"taxonomy":"product_cat","embeddable":true,"href":"https:\/\/ellypara.com\/index.php\/wp-json\/wp\/v2\/product_cat?post=2096"},{"taxonomy":"product_tag","embeddable":true,"href":"https:\/\/ellypara.com\/index.php\/wp-json\/wp\/v2\/product_tag?post=2096"}],"curies":[{"name":"wp","href":"https:\/\/api.w.org\/{rel}","templated":true}]}}