{"id":2106,"date":"2025-07-05T20:08:32","date_gmt":"2025-07-05T18:08:32","guid":{"rendered":"https:\/\/ellypara.com\/?post_type=product&#038;p=2106"},"modified":"2025-07-05T20:08:32","modified_gmt":"2025-07-05T18:08:32","slug":"cerave-pommade-reparatrice-intensive-88ml","status":"publish","type":"product","link":"https:\/\/ellypara.com\/index.php\/produit\/cerave-pommade-reparatrice-intensive-88ml\/","title":{"rendered":"CeraVe Pommade R\u00e9paratrice Intensive 88ml"},"content":{"rendered":"<p>D\u00e9velopp\u00e9 avec des dermatologues, la Pommade R\u00e9paratrice Intensive de CeraVe est un soin multi-usages qui apaise, prot\u00e8ge et r\u00e9pare imm\u00e9diatement les peaux s\u00e8ches \u00e0 tr\u00e8s s\u00e8ches.<\/p>\n<p>Ce soin r\u00e9parateur s\u2019applique sur le visage, corps et l\u00e8vres.<\/p>\n<p>Enrichi aux 3 c\u00e9ramides essentiels naturellement pr\u00e9sents dans la peau et \u00e0 l\u2019acide hyaluronique, ce soin restaure la barri\u00e8re cutan\u00e9e. Sa texture pommade semi-occlusive forme une barri\u00e8re protectrice, comme un effet pansement, pour prot\u00e9ger les peaux ab\u00eem\u00e9es tout en permettant \u00e0 la peau de \u00ab\u00a0respirer\u00a0\u00bb. Enfin, le panth\u00e9nol permet d\u2019apaiser imm\u00e9diatement les sensations d\u2019inconfort.<\/p>\n<p>Sa formule haute tol\u00e9rance test\u00e9e sous contr\u00f4le dermatologique convient pour les peaux tr\u00e8s s\u00e8ches et abim\u00e9es pour une application sur le visage, corps et l\u00e8vres. Sans parfum. Hypoallerg\u00e9nique. Texture transparente non collante.<\/p>\n<p>Pour toute la famille. B\u00e9b\u00e9 d\u00e8s 1 mois.<\/p>\n<p><strong>B\u00e9n\u00e9fices :<\/strong><\/p>\n<ul>\n<li>Adapt\u00e9e aux peaux s\u00e8ches, tr\u00e8s s\u00e8ches, ab\u00eem\u00e9es et craquel\u00e9es<\/li>\n<li>Non com\u00e9dog\u00e8ne, sans paraben, sans parfum et sans alcool<\/li>\n<li>D\u00e9velopp\u00e9e avec des dermatologues<\/li>\n<li>Cette formule contient :<br \/>\n3 c\u00e9ramides essentiels : Essentiels pour une peau saine, les c\u00e9ramides aident \u00e0 r\u00e9tablir et \u00e0 maintenir la barri\u00e8re d\u2019hydratation naturelle de la peau.<br \/>\nAcide hyaluronique + panth\u00e9nol : Aide \u00e0 maintenir l\u2019hydratation \u00e0 la surface de la peau et apaise imm\u00e9diatement les sensations d\u2019inconfort.<\/li>\n<\/ul>\n<p><strong>Application :<\/strong><\/p>\n<p>Appliquer sur le visage, le corps et les l\u00e8vres autant que n\u00e9cessaire.<\/p>\n<p>\u00c9viter le contact direct avec les yeux.<\/p>\n<p>En cas de contact, rincer abondamment \u00e0 l\u2019eau.<\/p>\n<p>Appliquer sur peau saine.<\/p>\n<p>&nbsp;<\/p>\n<p><strong>Ingr\u00e9dients :<\/strong><\/p>\n<p>PETROLATUM, PARAFFINUM LIQUIDUM \/ MINERAL OIL, CERA MICROCRISTALLINA \/ MICROCRYSTALLINE WAX, PARAFFIN, CAPRYLIC\/CAPRIC TRIGLYCERIDE, DIMETHICONE, AQUA \/ WATER, CERAMIDE NP, CERAMIDE AP, CERAMIDE EOP, CARBOMER, TRIETHYL CITRATE, SODIUM LAUROYL LACTYLATE, SODIUM HYALURONATE, CHOLESTEROL, TOCOPHERYL ACETATE, OCOPHEROL, CAPRYLYL GLYCOL, SYNTHETIC WAX, PANTHENOL, PHYTOSPHINGOSINE, XANTHAN GUM, BENZOIC ACID (F.I.L. Y70029424\/1).<\/p>\n","protected":false},"excerpt":{"rendered":"<p>La Pommade R\u00e9paratrice Intensive de CeraVe, con\u00e7ue avec des dermatologues, r\u00e9pare et apaise les peaux tr\u00e8s s\u00e8ches, ab\u00eem\u00e9es et craquel\u00e9es. Convient \u00e0 b\u00e9b\u00e9 d\u00e8s 1 mois.<\/p>\n","protected":false},"featured_media":2107,"comment_status":"open","ping_status":"closed","template":"","meta":{"ocean_post_layout":"","ocean_both_sidebars_style":"","ocean_both_sidebars_content_width":0,"ocean_both_sidebars_sidebars_width":0,"ocean_sidebar":"0","ocean_second_sidebar":"0","ocean_disable_margins":"enable","ocean_add_body_class":"","ocean_shortcode_before_top_bar":"","ocean_shortcode_after_top_bar":"","ocean_shortcode_before_header":"","ocean_shortcode_after_header":"","ocean_has_shortcode":"","ocean_shortcode_after_title":"","ocean_shortcode_before_footer_widgets":"","ocean_shortcode_after_footer_widgets":"","ocean_shortcode_before_footer_bottom":"","ocean_shortcode_after_footer_bottom":"","ocean_display_top_bar":"default","ocean_display_header":"default","ocean_header_style":"","ocean_center_header_left_menu":"0","ocean_custom_header_template":"0","ocean_custom_logo":0,"ocean_custom_retina_logo":0,"ocean_custom_logo_max_width":0,"ocean_custom_logo_tablet_max_width":0,"ocean_custom_logo_mobile_max_width":0,"ocean_custom_logo_max_height":0,"ocean_custom_logo_tablet_max_height":0,"ocean_custom_logo_mobile_max_height":0,"ocean_header_custom_menu":"0","ocean_menu_typo_font_family":"0","ocean_menu_typo_font_subset":"","ocean_menu_typo_font_size":0,"ocean_menu_typo_font_size_tablet":0,"ocean_menu_typo_font_size_mobile":0,"ocean_menu_typo_font_size_unit":"px","ocean_menu_typo_font_weight":"","ocean_menu_typo_font_weight_tablet":"","ocean_menu_typo_font_weight_mobile":"","ocean_menu_typo_transform":"","ocean_menu_typo_transform_tablet":"","ocean_menu_typo_transform_mobile":"","ocean_menu_typo_line_height":0,"ocean_menu_typo_line_height_tablet":0,"ocean_menu_typo_line_height_mobile":0,"ocean_menu_typo_line_height_unit":"","ocean_menu_typo_spacing":0,"ocean_menu_typo_spacing_tablet":0,"ocean_menu_typo_spacing_mobile":0,"ocean_menu_typo_spacing_unit":"","ocean_menu_link_color":"","ocean_menu_link_color_hover":"","ocean_menu_link_color_active":"","ocean_menu_link_background":"","ocean_menu_link_hover_background":"","ocean_menu_link_active_background":"","ocean_menu_social_links_bg":"","ocean_menu_social_hover_links_bg":"","ocean_menu_social_links_color":"","ocean_menu_social_hover_links_color":"","ocean_disable_title":"default","ocean_disable_heading":"default","ocean_post_title":"","ocean_post_subheading":"","ocean_post_title_style":"","ocean_post_title_background_color":"","ocean_post_title_background":0,"ocean_post_title_bg_image_position":"","ocean_post_title_bg_image_attachment":"","ocean_post_title_bg_image_repeat":"","ocean_post_title_bg_image_size":"","ocean_post_title_height":0,"ocean_post_title_bg_overlay":0.5,"ocean_post_title_bg_overlay_color":"","ocean_disable_breadcrumbs":"default","ocean_breadcrumbs_color":"","ocean_breadcrumbs_separator_color":"","ocean_breadcrumbs_links_color":"","ocean_breadcrumbs_links_hover_color":"","ocean_display_footer_widgets":"default","ocean_display_footer_bottom":"default","ocean_custom_footer_template":"0"},"product_brand":[],"product_cat":[24,22,45,42,35,111,57,21],"product_tag":[],"class_list":{"0":"post-2106","1":"product","2":"type-product","3":"status-publish","4":"has-post-thumbnail","6":"product_cat-bebe-et-maman","7":"product_cat-corps","8":"product_cat-hydratation-et-nutrition-corps","9":"product_cat-peaux-seches","10":"product_cat-soins-hydratants-et-nourrissants","11":"product_cat-sticks-baumes-levres-et-reparateurs","12":"product_cat-toilette-et-soin-bebe","13":"product_cat-visage","15":"entry","16":"has-media","18":"first","19":"instock","20":"taxable","21":"shipping-taxable","22":"purchasable","23":"product-type-simple","24":"has-product-nav","25":"col","26":"span_1_of_3","27":"owp-content-center","28":"owp-thumbs-layout-horizontal","29":"owp-btn-normal","30":"owp-tabs-layout-horizontal"},"_links":{"self":[{"href":"https:\/\/ellypara.com\/index.php\/wp-json\/wp\/v2\/product\/2106","targetHints":{"allow":["GET"]}}],"collection":[{"href":"https:\/\/ellypara.com\/index.php\/wp-json\/wp\/v2\/product"}],"about":[{"href":"https:\/\/ellypara.com\/index.php\/wp-json\/wp\/v2\/types\/product"}],"replies":[{"embeddable":true,"href":"https:\/\/ellypara.com\/index.php\/wp-json\/wp\/v2\/comments?post=2106"}],"wp:featuredmedia":[{"embeddable":true,"href":"https:\/\/ellypara.com\/index.php\/wp-json\/wp\/v2\/media\/2107"}],"wp:attachment":[{"href":"https:\/\/ellypara.com\/index.php\/wp-json\/wp\/v2\/media?parent=2106"}],"wp:term":[{"taxonomy":"product_brand","embeddable":true,"href":"https:\/\/ellypara.com\/index.php\/wp-json\/wp\/v2\/product_brand?post=2106"},{"taxonomy":"product_cat","embeddable":true,"href":"https:\/\/ellypara.com\/index.php\/wp-json\/wp\/v2\/product_cat?post=2106"},{"taxonomy":"product_tag","embeddable":true,"href":"https:\/\/ellypara.com\/index.php\/wp-json\/wp\/v2\/product_tag?post=2106"}],"curies":[{"name":"wp","href":"https:\/\/api.w.org\/{rel}","templated":true}]}}