{"id":2114,"date":"2025-07-05T20:42:42","date_gmt":"2025-07-05T18:42:42","guid":{"rendered":"https:\/\/ellypara.com\/?post_type=product&#038;p=2114"},"modified":"2025-07-05T20:42:42","modified_gmt":"2025-07-05T18:42:42","slug":"cerave-sa-creme-anti-rugosites-10-duree-177ml","status":"publish","type":"product","link":"https:\/\/ellypara.com\/index.php\/produit\/cerave-sa-creme-anti-rugosites-10-duree-177ml\/","title":{"rendered":"CeraVe SA Cr\u00e8me Anti Rugosit\u00e9s 10% D\u2019uree 177ml"},"content":{"rendered":"<p>Les laboratoires\u00a0<strong>CeraVe<\/strong>\u00a0ont \u00e9labor\u00e9 un soin destin\u00e9 aux\u00a0<strong>peaux s\u00e8ches<\/strong>,\u00a0<strong>rugueuses<\/strong>\u00a0et\u00a0<strong>squameuses.<\/strong>\u00a0<strong>SA Cr\u00e8me Anti-rugosit\u00e9s<\/strong>\u00a0est formul\u00e9e \u00e0 partir de 3 c\u00e9ramides essentiels \u00e0 base d\u2019ur\u00e9e dos\u00e9e \u00e0 10% et d\u2019acide salicylique. Ce soin nourrissant est destin\u00e9 aux peaux s\u00e8ches et rugueuses qui sont sujettes \u00e0 la k\u00e9ratose pilaire, donc \u00e0 des poils incarn\u00e9s, mais aussi si votre peau \u00e0 tendance\u00a0\u00e0 desquamer comme lors du psoriasis.<\/p>\n<p><strong>Les c\u00e9ramides<\/strong>\u00a0vont restaurer la barri\u00e8re cutan\u00e9e et l\u2019ur\u00e9e associ\u00e9e \u00e0 l\u2019acide salicylique va permettre de faire peau neuve.<br \/>\nL\u2019<strong>acide salicylique<\/strong>\u00a0est un agent\u00a0<strong>k\u00e9ratolytique<\/strong>\u00a0qui favorise le renouvellement cellulaire par son action\u00a0<strong>exfoliante<\/strong>\u00a0qui lisse le grain de peau.<br \/>\nL\u2019<strong>ur\u00e9e<\/strong>\u00a0est un excellent principe actif\u00a0<strong>hydratant<\/strong>\u00a0et poss\u00e8de la capacit\u00e9 de p\u00e9n\u00e9trer profond\u00e9ment. Ce fabuleux soin dermatologique est dot\u00e9 d\u2019une technologie de diffusion prolong\u00e9e des actifs permettant d\u2019hydrater la peau en continu et ainsi de pr\u00e9server le film hydrolipidique et l\u2019\u00e9quilibre de la barri\u00e8re \u00e9pidermique.<\/p>\n<p><iframe id=\"widget2\" title=\"CeraVe, le meilleur des c\u00e9ramides pour votre peau !\" src=\"https:\/\/www.youtube.com\/embed\/3xPvhPCQwpA?feature=oembed&amp;enablejsapi=1&amp;origin=https:%2F%2Fwww.maparatunisie.tn\" width=\"1020\" height=\"574\" frameborder=\"0\" allowfullscreen=\"allowfullscreen\" data-gtm-yt-inspected-9=\"true\" data-mce-fragment=\"1\"><\/iframe><\/p>\n<p>La\u00a0<strong>niacinamide<\/strong>\u00a0appel\u00e9e \u00e9galement la vitamine PP, stimule la synth\u00e8se des lipides afin de limite la perte en eau et ainsi lutter contre le\u00a0<strong>dess\u00e8chement<\/strong>\u00a0cutan\u00e9, ce qui va booster la capacit\u00e9 de la peau \u00e0\u00a0<strong>cicatriser<\/strong>\u00a0et \u00e0 se\u00a0<strong>r\u00e9g\u00e9n\u00e9rer.<\/strong>\u00a0Son action<strong>\u00a0anti-inflammatoire<\/strong>\u00a0permet de diminuer les \u00e9chauffements et les irritations.<br \/>\nLe b<strong>eurre de karit\u00e9<\/strong>\u00a0est un principe actif\u00a0<strong>antioxydant<\/strong>\u00a0riche en vitamine E qui prot\u00e8ge la peau contre les diverses agressions ext\u00e9rieures et assouplit la peau, lui donnant plus de confort et d\u2019\u00e9lasticit\u00e9.<\/p>\n<p><strong>CeraVe SA cr\u00e8me anti-rugosit\u00e9<\/strong>\u00a0est l\u2019alli\u00e9 des peaux s\u00e8ches et rugueuses lors de la p\u00e9riode hivernale. Elle vous apportera un confort cutan\u00e9 sans pareil. Elle s\u2019utilise en duo avec le\u00a0gel nettoyant Cerave SA.<\/p>\n<p><strong>Caract\u00e9ristiques :\u00a0<\/strong>sans parfum, test\u00e9 sous contr\u00f4le dermatologique.<\/p>\n<p><strong>Composition<\/strong><\/p>\n<p>AQUA \/ WATER, UREA, CETYL ALCOHOL, GLYCERYL STEARATE SE, CETEARYL ALCOHOL, NIACINAMIDE, BUTYROSPERMUM PARKII BUTTER \/ SHEA BUTTER, C12-13 ALKYL LACTATE, PEG-100 STEARATE, GLYCERIN, BEHENTRIMONIUM METHOSULFATE, DIMETHICONE, TRIACETIN, CERAMIDE NP, CERAMIDE AP, CERAMIDE EOP, CARBOMER, SODIUM LACTATE, SALICYLIC ACID, SODIUM HYDROXIDE, SODIUM LAUROYL LACTYLATE, SODIUM HYALURONATE, CHOLESTEROL, PHENOXYETHANOL, DISODIUM EDTA, CAPRYLOYL SALICYLIC ACID, HYDROXYACETOPHENONE, CITRIC ACID, LACTIC ACID, PHYTOSPHINGOSINE, XANTHAN GUM, ETHYLHEXYLGLYCERIN<\/p>\n<p><strong>Conseil d\u2019utilisation<\/strong><\/p>\n<p>Appliquer g\u00e9n\u00e9reusement la cr\u00e8me de CeraVe sur la peau en insistant sur les zones rugueuses. Renouveler l\u2019application aussi souvent que n\u00e9cessaire. \u00c9viter d\u2019utiliser ce produit sur le contour des yeux. En cas de contact avec les yeux, rincer abondamment et imm\u00e9diatement.<\/p>\n","protected":false},"excerpt":{"rendered":"<p>La SA Cr\u00e8me Anti-Rugosit\u00e9s de CeraVe est un soin non com\u00e9dog\u00e8ne et hypoallerg\u00e9nique adapt\u00e9 \u00e0 tous les types de peaux. Elle convient particuli\u00e8rement aux peaux s\u00e8ches pr\u00e9sentant des rugosit\u00e9s ou des squames.<\/p>\n","protected":false},"featured_media":2115,"comment_status":"open","ping_status":"closed","template":"","meta":{"ocean_post_layout":"","ocean_both_sidebars_style":"","ocean_both_sidebars_content_width":0,"ocean_both_sidebars_sidebars_width":0,"ocean_sidebar":"0","ocean_second_sidebar":"0","ocean_disable_margins":"enable","ocean_add_body_class":"","ocean_shortcode_before_top_bar":"","ocean_shortcode_after_top_bar":"","ocean_shortcode_before_header":"","ocean_shortcode_after_header":"","ocean_has_shortcode":"","ocean_shortcode_after_title":"","ocean_shortcode_before_footer_widgets":"","ocean_shortcode_after_footer_widgets":"","ocean_shortcode_before_footer_bottom":"","ocean_shortcode_after_footer_bottom":"","ocean_display_top_bar":"default","ocean_display_header":"default","ocean_header_style":"","ocean_center_header_left_menu":"0","ocean_custom_header_template":"0","ocean_custom_logo":0,"ocean_custom_retina_logo":0,"ocean_custom_logo_max_width":0,"ocean_custom_logo_tablet_max_width":0,"ocean_custom_logo_mobile_max_width":0,"ocean_custom_logo_max_height":0,"ocean_custom_logo_tablet_max_height":0,"ocean_custom_logo_mobile_max_height":0,"ocean_header_custom_menu":"0","ocean_menu_typo_font_family":"0","ocean_menu_typo_font_subset":"","ocean_menu_typo_font_size":0,"ocean_menu_typo_font_size_tablet":0,"ocean_menu_typo_font_size_mobile":0,"ocean_menu_typo_font_size_unit":"px","ocean_menu_typo_font_weight":"","ocean_menu_typo_font_weight_tablet":"","ocean_menu_typo_font_weight_mobile":"","ocean_menu_typo_transform":"","ocean_menu_typo_transform_tablet":"","ocean_menu_typo_transform_mobile":"","ocean_menu_typo_line_height":0,"ocean_menu_typo_line_height_tablet":0,"ocean_menu_typo_line_height_mobile":0,"ocean_menu_typo_line_height_unit":"","ocean_menu_typo_spacing":0,"ocean_menu_typo_spacing_tablet":0,"ocean_menu_typo_spacing_mobile":0,"ocean_menu_typo_spacing_unit":"","ocean_menu_link_color":"","ocean_menu_link_color_hover":"","ocean_menu_link_color_active":"","ocean_menu_link_background":"","ocean_menu_link_hover_background":"","ocean_menu_link_active_background":"","ocean_menu_social_links_bg":"","ocean_menu_social_hover_links_bg":"","ocean_menu_social_links_color":"","ocean_menu_social_hover_links_color":"","ocean_disable_title":"default","ocean_disable_heading":"default","ocean_post_title":"","ocean_post_subheading":"","ocean_post_title_style":"","ocean_post_title_background_color":"","ocean_post_title_background":0,"ocean_post_title_bg_image_position":"","ocean_post_title_bg_image_attachment":"","ocean_post_title_bg_image_repeat":"","ocean_post_title_bg_image_size":"","ocean_post_title_height":0,"ocean_post_title_bg_overlay":0.5,"ocean_post_title_bg_overlay_color":"","ocean_disable_breadcrumbs":"default","ocean_breadcrumbs_color":"","ocean_breadcrumbs_separator_color":"","ocean_breadcrumbs_links_color":"","ocean_breadcrumbs_links_hover_color":"","ocean_display_footer_widgets":"default","ocean_display_footer_bottom":"default","ocean_custom_footer_template":"0"},"product_brand":[],"product_cat":[42,43,21],"product_tag":[],"class_list":{"0":"post-2114","1":"product","2":"type-product","3":"status-publish","4":"has-post-thumbnail","6":"product_cat-peaux-seches","7":"product_cat-soins-anti-rougeurs-et-peau-sensible","8":"product_cat-visage","10":"entry","11":"has-media","13":"first","14":"instock","15":"taxable","16":"shipping-taxable","17":"purchasable","18":"product-type-simple","19":"has-product-nav","20":"col","21":"span_1_of_3","22":"owp-content-center","23":"owp-thumbs-layout-horizontal","24":"owp-btn-normal","25":"owp-tabs-layout-horizontal"},"_links":{"self":[{"href":"https:\/\/ellypara.com\/index.php\/wp-json\/wp\/v2\/product\/2114","targetHints":{"allow":["GET"]}}],"collection":[{"href":"https:\/\/ellypara.com\/index.php\/wp-json\/wp\/v2\/product"}],"about":[{"href":"https:\/\/ellypara.com\/index.php\/wp-json\/wp\/v2\/types\/product"}],"replies":[{"embeddable":true,"href":"https:\/\/ellypara.com\/index.php\/wp-json\/wp\/v2\/comments?post=2114"}],"wp:featuredmedia":[{"embeddable":true,"href":"https:\/\/ellypara.com\/index.php\/wp-json\/wp\/v2\/media\/2115"}],"wp:attachment":[{"href":"https:\/\/ellypara.com\/index.php\/wp-json\/wp\/v2\/media?parent=2114"}],"wp:term":[{"taxonomy":"product_brand","embeddable":true,"href":"https:\/\/ellypara.com\/index.php\/wp-json\/wp\/v2\/product_brand?post=2114"},{"taxonomy":"product_cat","embeddable":true,"href":"https:\/\/ellypara.com\/index.php\/wp-json\/wp\/v2\/product_cat?post=2114"},{"taxonomy":"product_tag","embeddable":true,"href":"https:\/\/ellypara.com\/index.php\/wp-json\/wp\/v2\/product_tag?post=2114"}],"curies":[{"name":"wp","href":"https:\/\/api.w.org\/{rel}","templated":true}]}}