{"id":2118,"date":"2025-07-05T20:47:23","date_gmt":"2025-07-05T18:47:23","guid":{"rendered":"https:\/\/ellypara.com\/?post_type=product&#038;p=2118"},"modified":"2025-07-05T20:47:23","modified_gmt":"2025-07-05T18:47:23","slug":"cerave-sa-creme-anti-rugosites-10-duree-340g","status":"publish","type":"product","link":"https:\/\/ellypara.com\/index.php\/produit\/cerave-sa-creme-anti-rugosites-10-duree-340g\/","title":{"rendered":"CeraVe SA Cr\u00e8me Anti-Rugosit\u00e9s 10% D\u2019uree 340g"},"content":{"rendered":"<h3>Une cr\u00e8me pour le corps hydratante et lissante<\/h3>\n<p>La\u00a0<strong>SA<\/strong>\u00a0<strong>Cr\u00e8me Anti-Rugosit\u00e9s<\/strong>\u00a0de<strong>\u00a0CeraVe<\/strong>\u00a0r\u00e9alise une triple action sur la peau s\u00e8che, sujette aux rugosit\u00e9s et aux desquamations\u00a0:<\/p>\n<ul>\n<li>elle hydrate<\/li>\n<li>elle lisse<\/li>\n<li>elle restaure la barri\u00e8re cutan\u00e9e<\/li>\n<\/ul>\n<p><strong>Sans parfum<\/strong>, non-com\u00e9dog\u00e8ne et hypoallerg\u00e9nique, cette cr\u00e8me pour le corps est adapt\u00e9e \u00e0 la\u00a0<strong>peau sensible<\/strong>. D\u00e9barrassez-vous de votre peau rugueuse et retrouver un \u00e9piderme hydrat\u00e9, \u00e9clatant et velout\u00e9\u00a0!<\/p>\n<p><iframe id=\"widget2\" title=\"Partage ton CeraVe !\" src=\"https:\/\/www.youtube.com\/embed\/uZ3a2UGQYm8?feature=oembed&amp;enablejsapi=1&amp;origin=https:%2F%2Fwww.maparatunisie.tn\" width=\"1020\" height=\"574\" frameborder=\"0\" allowfullscreen=\"allowfullscreen\" data-gtm-yt-inspected-9=\"true\" data-mce-fragment=\"1\"><\/iframe><\/p>\n<h3>Une formule enrichie en ur\u00e9e et en c\u00e9ramides<\/h3>\n<p>Pour restaurer la qualit\u00e9 de la peau tr\u00e8s s\u00e8che, renforcer sa protection naturelle et lui rendre un aspect homog\u00e8ne, la\u00a0<strong>SA<\/strong>\u00a0<strong>Cr\u00e8me Anti-Rugosit\u00e9s\u00a0<\/strong>de\u00a0<strong>CeraVe<\/strong>\u00a0pr\u00e9sente une formule sp\u00e9cifiquement adapt\u00e9e aux peaux rugueuses\u00a0:<\/p>\n<ul>\n<li><strong>C\u00e9ramides 1, 3, 6-II<\/strong>\u00a0: ces 3 c\u00e9ramides essentiels, des lipides constituants de la barri\u00e8re cutan\u00e9e, permettent de renforcer sa r\u00e9sistance et sa souplesse. Ils aident \u00e0 lier les tissus cutan\u00e9s et \u00e0 limiter la desquamation.<\/li>\n<li><strong>10% d\u2019ur\u00e9e<\/strong>\u00a0: \u00e0 la fois hydratante et k\u00e9ratolytique, l\u2019ur\u00e9e permet de r\u00e9hydrater la peau dess\u00e9ch\u00e9e et d\u2019\u00f4ter les desquamations en exc\u00e8s.<\/li>\n<li><strong>Acide salicylique<\/strong>\u00a0: anti-irritations et anti-inflammatoire, l\u2019acide salicylique\u00a0r\u00e9alise une action exfoliante douce et gomme la peau en profondeur pour la d\u00e9barrasser des peaux mortes et stimuler son renouvellement.<\/li>\n<\/ul>\n<p>Gr\u00e2ce \u00e0 la\u00a0<strong>technologie MVE<\/strong>, les actifs de cette cr\u00e8me hydratante sont diffus\u00e9s de fa\u00e7on prolong\u00e9s, pour prodiguer \u00e0 la peau une action hydratante et adoucissante de longue dur\u00e9e.<\/p>\n","protected":false},"excerpt":{"rendered":"<p>Vous avez la\u00a0<strong>peau s\u00e8che<\/strong>,\u00a0<strong>rugueuse<\/strong>, squameuse\u00a0? Lorsque la peau est\u00a0<strong>tr\u00e8s s\u00e8che<\/strong>, elle peut pr\u00e9senter un aspect craquel\u00e9 et \u00eatre source de rougeurs, irritations et\u00a0<strong>d\u00e9mangeaisons<\/strong>. Pour la soulager et restaurer sa souplesse et sa douceur, utilisez la\u00a0<strong>SA<\/strong>\u00a0<strong>Cr\u00e8me Anti-Rugosit\u00e9s CeraVe<\/strong>.<\/p>\n","protected":false},"featured_media":2119,"comment_status":"open","ping_status":"closed","template":"","meta":{"ocean_post_layout":"","ocean_both_sidebars_style":"","ocean_both_sidebars_content_width":0,"ocean_both_sidebars_sidebars_width":0,"ocean_sidebar":"0","ocean_second_sidebar":"0","ocean_disable_margins":"enable","ocean_add_body_class":"","ocean_shortcode_before_top_bar":"","ocean_shortcode_after_top_bar":"","ocean_shortcode_before_header":"","ocean_shortcode_after_header":"","ocean_has_shortcode":"","ocean_shortcode_after_title":"","ocean_shortcode_before_footer_widgets":"","ocean_shortcode_after_footer_widgets":"","ocean_shortcode_before_footer_bottom":"","ocean_shortcode_after_footer_bottom":"","ocean_display_top_bar":"default","ocean_display_header":"default","ocean_header_style":"","ocean_center_header_left_menu":"0","ocean_custom_header_template":"0","ocean_custom_logo":0,"ocean_custom_retina_logo":0,"ocean_custom_logo_max_width":0,"ocean_custom_logo_tablet_max_width":0,"ocean_custom_logo_mobile_max_width":0,"ocean_custom_logo_max_height":0,"ocean_custom_logo_tablet_max_height":0,"ocean_custom_logo_mobile_max_height":0,"ocean_header_custom_menu":"0","ocean_menu_typo_font_family":"0","ocean_menu_typo_font_subset":"","ocean_menu_typo_font_size":0,"ocean_menu_typo_font_size_tablet":0,"ocean_menu_typo_font_size_mobile":0,"ocean_menu_typo_font_size_unit":"px","ocean_menu_typo_font_weight":"","ocean_menu_typo_font_weight_tablet":"","ocean_menu_typo_font_weight_mobile":"","ocean_menu_typo_transform":"","ocean_menu_typo_transform_tablet":"","ocean_menu_typo_transform_mobile":"","ocean_menu_typo_line_height":0,"ocean_menu_typo_line_height_tablet":0,"ocean_menu_typo_line_height_mobile":0,"ocean_menu_typo_line_height_unit":"","ocean_menu_typo_spacing":0,"ocean_menu_typo_spacing_tablet":0,"ocean_menu_typo_spacing_mobile":0,"ocean_menu_typo_spacing_unit":"","ocean_menu_link_color":"","ocean_menu_link_color_hover":"","ocean_menu_link_color_active":"","ocean_menu_link_background":"","ocean_menu_link_hover_background":"","ocean_menu_link_active_background":"","ocean_menu_social_links_bg":"","ocean_menu_social_hover_links_bg":"","ocean_menu_social_links_color":"","ocean_menu_social_hover_links_color":"","ocean_disable_title":"default","ocean_disable_heading":"default","ocean_post_title":"","ocean_post_subheading":"","ocean_post_title_style":"","ocean_post_title_background_color":"","ocean_post_title_background":0,"ocean_post_title_bg_image_position":"","ocean_post_title_bg_image_attachment":"","ocean_post_title_bg_image_repeat":"","ocean_post_title_bg_image_size":"","ocean_post_title_height":0,"ocean_post_title_bg_overlay":0.5,"ocean_post_title_bg_overlay_color":"","ocean_disable_breadcrumbs":"default","ocean_breadcrumbs_color":"","ocean_breadcrumbs_separator_color":"","ocean_breadcrumbs_links_color":"","ocean_breadcrumbs_links_hover_color":"","ocean_display_footer_widgets":"default","ocean_display_footer_bottom":"default","ocean_custom_footer_template":"0"},"product_brand":[],"product_cat":[42,43,21],"product_tag":[],"class_list":{"0":"post-2118","1":"product","2":"type-product","3":"status-publish","4":"has-post-thumbnail","6":"product_cat-peaux-seches","7":"product_cat-soins-anti-rougeurs-et-peau-sensible","8":"product_cat-visage","10":"entry","11":"has-media","13":"first","14":"instock","15":"taxable","16":"shipping-taxable","17":"purchasable","18":"product-type-simple","19":"has-product-nav","20":"col","21":"span_1_of_3","22":"owp-content-center","23":"owp-thumbs-layout-horizontal","24":"owp-btn-normal","25":"owp-tabs-layout-horizontal","26":"has-no-thumbnails"},"_links":{"self":[{"href":"https:\/\/ellypara.com\/index.php\/wp-json\/wp\/v2\/product\/2118","targetHints":{"allow":["GET"]}}],"collection":[{"href":"https:\/\/ellypara.com\/index.php\/wp-json\/wp\/v2\/product"}],"about":[{"href":"https:\/\/ellypara.com\/index.php\/wp-json\/wp\/v2\/types\/product"}],"replies":[{"embeddable":true,"href":"https:\/\/ellypara.com\/index.php\/wp-json\/wp\/v2\/comments?post=2118"}],"wp:featuredmedia":[{"embeddable":true,"href":"https:\/\/ellypara.com\/index.php\/wp-json\/wp\/v2\/media\/2119"}],"wp:attachment":[{"href":"https:\/\/ellypara.com\/index.php\/wp-json\/wp\/v2\/media?parent=2118"}],"wp:term":[{"taxonomy":"product_brand","embeddable":true,"href":"https:\/\/ellypara.com\/index.php\/wp-json\/wp\/v2\/product_brand?post=2118"},{"taxonomy":"product_cat","embeddable":true,"href":"https:\/\/ellypara.com\/index.php\/wp-json\/wp\/v2\/product_cat?post=2118"},{"taxonomy":"product_tag","embeddable":true,"href":"https:\/\/ellypara.com\/index.php\/wp-json\/wp\/v2\/product_tag?post=2118"}],"curies":[{"name":"wp","href":"https:\/\/api.w.org\/{rel}","templated":true}]}}