{"id":2120,"date":"2025-07-05T20:54:58","date_gmt":"2025-07-05T18:54:58","guid":{"rendered":"https:\/\/ellypara.com\/?post_type=product&#038;p=2120"},"modified":"2025-07-05T20:54:59","modified_gmt":"2025-07-05T18:54:59","slug":"cerave-creme-pieds-regenerante-88ml","status":"publish","type":"product","link":"https:\/\/ellypara.com\/index.php\/produit\/cerave-creme-pieds-regenerante-88ml\/","title":{"rendered":"CeraVe Cr\u00e8me Pieds R\u00e9g\u00e9n\u00e9rante 88ml"},"content":{"rendered":"<p>La\u00a0<strong>cr\u00e8me pieds r\u00e9g\u00e9n\u00e9rante CeraVe<\/strong>\u00a0est con\u00e7ue pour les pieds tr\u00e8s secs, ab\u00eem\u00e9s, rugueux et fendill\u00e9s. Elle va\u00a0<strong>apaiser, nourrir et exfolier la peau.<\/strong><\/p>\n<p>Nos pieds en voient de toutes les couleurs et il est donc important d\u2019en prendre soin, en effet au cours d\u2019une vie, sur leurs surfaces r\u00e9duites, supportant tout le poids de notre corps ils parcourent des kilom\u00e8tres et m\u00e9ritent donc d\u2019\u00eatre dorlot\u00e9s !<\/p>\n<p><iframe id=\"widget2\" title=\"CeraVe: Cr\u00e8me Pieds R\u00e9g\u00e9n\u00e9rante\" src=\"https:\/\/www.youtube.com\/embed\/qjd0YFMfnTY?feature=oembed&amp;enablejsapi=1&amp;origin=https:%2F%2Fwww.maparatunisie.tn\" width=\"1020\" height=\"765\" frameborder=\"0\" allowfullscreen=\"allowfullscreen\" data-gtm-yt-inspected-9=\"true\" data-mce-fragment=\"1\"><\/iframe><\/p>\n<p>Cette cr\u00e8me r\u00e9g\u00e9n\u00e9rante Cerave\u00a0<strong>assouplit la peau<\/strong>\u00a0et aide \u00e0 restaurer la barri\u00e8re protectrice de l\u2019\u00e9piderme.<br \/>\nEnrichie en 3 c\u00e9ramides essentiels,\u00a0<strong>acide salicylique<\/strong>\u00a0et\u00a0<strong>lactate d\u2019ammonium<\/strong>, cette cr\u00e8me permet d\u2019exfolier tout en hydratant la\u00a0<strong>peau s\u00e8che et r\u00eache<\/strong>\u00a0des pieds et tend \u00e0 adoucir et am\u00e9liorer la texture de la peau. L\u2019acide salicylique est purifiant et k\u00e9ratolytique, il contribue \u00e0 stimuler le renouvellement cutan\u00e9. Le lactate d\u2019ammonium est une combinaison d\u2019acide lactique et d\u2019hydroxyde d\u2019ammonium qui est un hydratant pour la peau.<\/p>\n<p>Gr\u00e2ce \u00e0 la<strong>\u00a0technologie MVE<\/strong>, contenue dans tous les produits de la marque, cette cr\u00e8me diffuse ses actifs en continu et apporte une\u00a0<strong>hydratation qui dure toute la journ\u00e9e<\/strong>.<br \/>\nCette cr\u00e8me pieds est non grasse et non collante et est formul\u00e9e\u00a0<strong>sans parfum<\/strong>.<\/p>\n<p>La marque\u00a0<strong>Cerave<\/strong>, cr\u00e9\u00e9e en 2005 en \u00e9troite collaboration avec des dermatologues, est devenue leader en dermo-cosm\u00e9tiques sur le march\u00e9 Nord-am\u00e9ricain.<\/p>\n<p><strong>Conditionnement<\/strong>\u00a0: tube de 88 ml.<\/p>\n","protected":false},"excerpt":{"rendered":"<p>La formule de cette\u00a0<strong>creme pied r\u00e9g\u00e9n\u00e9rante\u00a0<\/strong>pour les<strong>\u00a0pieds secs<\/strong>,\u00a0<strong>ab\u00eem\u00e9s<\/strong>\u00a0et\u00a0<strong>rugueux,<\/strong>\u00a0d\u00e9velopp\u00e9 avec des\u00a0<strong>dermatologues<\/strong><\/p>\n","protected":false},"featured_media":2121,"comment_status":"open","ping_status":"closed","template":"","meta":{"ocean_post_layout":"","ocean_both_sidebars_style":"","ocean_both_sidebars_content_width":0,"ocean_both_sidebars_sidebars_width":0,"ocean_sidebar":"0","ocean_second_sidebar":"0","ocean_disable_margins":"enable","ocean_add_body_class":"","ocean_shortcode_before_top_bar":"","ocean_shortcode_after_top_bar":"","ocean_shortcode_before_header":"","ocean_shortcode_after_header":"","ocean_has_shortcode":"","ocean_shortcode_after_title":"","ocean_shortcode_before_footer_widgets":"","ocean_shortcode_after_footer_widgets":"","ocean_shortcode_before_footer_bottom":"","ocean_shortcode_after_footer_bottom":"","ocean_display_top_bar":"default","ocean_display_header":"default","ocean_header_style":"","ocean_center_header_left_menu":"0","ocean_custom_header_template":"0","ocean_custom_logo":0,"ocean_custom_retina_logo":0,"ocean_custom_logo_max_width":0,"ocean_custom_logo_tablet_max_width":0,"ocean_custom_logo_mobile_max_width":0,"ocean_custom_logo_max_height":0,"ocean_custom_logo_tablet_max_height":0,"ocean_custom_logo_mobile_max_height":0,"ocean_header_custom_menu":"0","ocean_menu_typo_font_family":"0","ocean_menu_typo_font_subset":"","ocean_menu_typo_font_size":0,"ocean_menu_typo_font_size_tablet":0,"ocean_menu_typo_font_size_mobile":0,"ocean_menu_typo_font_size_unit":"px","ocean_menu_typo_font_weight":"","ocean_menu_typo_font_weight_tablet":"","ocean_menu_typo_font_weight_mobile":"","ocean_menu_typo_transform":"","ocean_menu_typo_transform_tablet":"","ocean_menu_typo_transform_mobile":"","ocean_menu_typo_line_height":0,"ocean_menu_typo_line_height_tablet":0,"ocean_menu_typo_line_height_mobile":0,"ocean_menu_typo_line_height_unit":"","ocean_menu_typo_spacing":0,"ocean_menu_typo_spacing_tablet":0,"ocean_menu_typo_spacing_mobile":0,"ocean_menu_typo_spacing_unit":"","ocean_menu_link_color":"","ocean_menu_link_color_hover":"","ocean_menu_link_color_active":"","ocean_menu_link_background":"","ocean_menu_link_hover_background":"","ocean_menu_link_active_background":"","ocean_menu_social_links_bg":"","ocean_menu_social_hover_links_bg":"","ocean_menu_social_links_color":"","ocean_menu_social_hover_links_color":"","ocean_disable_title":"default","ocean_disable_heading":"default","ocean_post_title":"","ocean_post_subheading":"","ocean_post_title_style":"","ocean_post_title_background_color":"","ocean_post_title_background":0,"ocean_post_title_bg_image_position":"","ocean_post_title_bg_image_attachment":"","ocean_post_title_bg_image_repeat":"","ocean_post_title_bg_image_size":"","ocean_post_title_height":0,"ocean_post_title_bg_overlay":0.5,"ocean_post_title_bg_overlay_color":"","ocean_disable_breadcrumbs":"default","ocean_breadcrumbs_color":"","ocean_breadcrumbs_separator_color":"","ocean_breadcrumbs_links_color":"","ocean_breadcrumbs_links_hover_color":"","ocean_display_footer_widgets":"default","ocean_display_footer_bottom":"default","ocean_custom_footer_template":"0"},"product_brand":[],"product_cat":[22,49],"product_tag":[],"class_list":{"0":"post-2120","1":"product","2":"type-product","3":"status-publish","4":"has-post-thumbnail","6":"product_cat-corps","7":"product_cat-soins-des-pieds","9":"entry","10":"has-media","12":"first","13":"instock","14":"taxable","15":"shipping-taxable","16":"purchasable","17":"product-type-simple","18":"has-product-nav","19":"col","20":"span_1_of_3","21":"owp-content-center","22":"owp-thumbs-layout-horizontal","23":"owp-btn-normal","24":"owp-tabs-layout-horizontal"},"_links":{"self":[{"href":"https:\/\/ellypara.com\/index.php\/wp-json\/wp\/v2\/product\/2120","targetHints":{"allow":["GET"]}}],"collection":[{"href":"https:\/\/ellypara.com\/index.php\/wp-json\/wp\/v2\/product"}],"about":[{"href":"https:\/\/ellypara.com\/index.php\/wp-json\/wp\/v2\/types\/product"}],"replies":[{"embeddable":true,"href":"https:\/\/ellypara.com\/index.php\/wp-json\/wp\/v2\/comments?post=2120"}],"wp:featuredmedia":[{"embeddable":true,"href":"https:\/\/ellypara.com\/index.php\/wp-json\/wp\/v2\/media\/2121"}],"wp:attachment":[{"href":"https:\/\/ellypara.com\/index.php\/wp-json\/wp\/v2\/media?parent=2120"}],"wp:term":[{"taxonomy":"product_brand","embeddable":true,"href":"https:\/\/ellypara.com\/index.php\/wp-json\/wp\/v2\/product_brand?post=2120"},{"taxonomy":"product_cat","embeddable":true,"href":"https:\/\/ellypara.com\/index.php\/wp-json\/wp\/v2\/product_cat?post=2120"},{"taxonomy":"product_tag","embeddable":true,"href":"https:\/\/ellypara.com\/index.php\/wp-json\/wp\/v2\/product_tag?post=2120"}],"curies":[{"name":"wp","href":"https:\/\/api.w.org\/{rel}","templated":true}]}}