{"id":2125,"date":"2025-07-05T22:36:12","date_gmt":"2025-07-05T20:36:12","guid":{"rendered":"https:\/\/ellypara.com\/?post_type=product&#038;p=2125"},"modified":"2025-07-05T22:36:12","modified_gmt":"2025-07-05T20:36:12","slug":"cerave-sa-gel-nettoyant-anti-rugosites-236ml","status":"publish","type":"product","link":"https:\/\/ellypara.com\/index.php\/produit\/cerave-sa-gel-nettoyant-anti-rugosites-236ml\/","title":{"rendered":"CeraVe SA Gel Nettoyant Anti-Rugosit\u00e9s 236ml"},"content":{"rendered":"<p>Sp\u00e9cialement formul\u00e9 pour les\u00a0<strong>peaux s\u00e8ches<\/strong>\u00a0pr\u00e9sentant des zones rugueuses et des squames, le\u00a0<strong>gel nettoyant anti-rugosit\u00e9s<\/strong>\u00a0de la marque\u00a0<strong>CeraVe<\/strong>\u00a0a \u00e9t\u00e9 con\u00e7u pour nettoyer l\u2019\u00e9piderme tout en douceur. Ce nettoyant est int\u00e9ressant si vous \u00eates sujet aux poils incarn\u00e9s ou au psoriasis. Il favorise l\u2019\u00e9limination des\u00a0<strong>rugosit\u00e9s<\/strong>\u00a0sans fragiliser le film hydrolipidique ni d\u00e9s\u00e9quilibrer le microbiote cutan\u00e9. Ainsi, la peau est d\u00e9barrass\u00e9e des impuret\u00e9s qui se sont accumul\u00e9es tout au long de la journ\u00e9e, elle retrouve douceur et souplesse et ne tiraille pas.<\/p>\n<p><iframe id=\"widget2\" title=\"CeraVe, le meilleur des c\u00e9ramides pour votre peau !\" src=\"https:\/\/www.youtube.com\/embed\/fBtwO9ewGwU?feature=oembed&amp;enablejsapi=1&amp;origin=https:%2F%2Fwww.maparatunisie.tn\" width=\"1020\" height=\"574\" frameborder=\"0\" allowfullscreen=\"allowfullscreen\" data-gtm-yt-inspected-9=\"true\" data-mce-fragment=\"1\"><\/iframe><\/p>\n<p>Ce\u00a0<strong>nettoyant visage<\/strong>\u00a0est formul\u00e9 \u00e0 partir de tensio-actifs doux et de glyc\u00e9rine, qui vont \u00e9liminer les impuret\u00e9s et pr\u00e9server l\u2019hydratation de la peau. La niacinamide, plus connue sous le nom de vitamine B3 ou de vitamine PP, est r\u00e9put\u00e9e pour am\u00e9liorer la qualit\u00e9 de la peau et limiter les r\u00e9actions d\u2019inconfort telles que les rougeurs, les irritations ou les d\u00e9mangeaisons. Comme tous les produits CeraVe, ce\u00a0<strong>gel nettoyant<\/strong>\u00a0contient 3 c\u00e9ramides essentiels pour fortifier la barri\u00e8re cutan\u00e9e et prot\u00e9ger l\u2019\u00e9piderme des agressions. On retrouve aussi dans la\u00a0composition de l\u2019acide salicylique, qui aide \u00e0 \u00e9liminer les cellules mortes et \u00e0 lisser le grain de peau sans agresser.<\/p>\n<p>Pr\u00e9sent\u00e9 dans un flacon-pompe tr\u00e8s pratique pour l\u2019utilisation au quotidien, le gel nettoyant anti-rugosit\u00e9s CeraVe a une texture\u00a0<strong>sans grains<\/strong>\u00a0et une formule sans parfum, ce qui garantit une grande douceur et correspond parfaitement aux besoins des peaux s\u00e8ches et sensibles. Votre indispensable apr\u00e8s la toilette,\u00a0sera\u00a0la\u00a0cr\u00e8me SA Anti rugosit\u00e9s Cerave.<\/p>\n<p><strong>Caract\u00e9ristiques :<\/strong><\/p>\n<ul>\n<li>Sans parfum<\/li>\n<li>Non com\u00e9dog\u00e8ne<\/li>\n<li>Hypoallerg\u00e9nique<\/li>\n<li>D\u00e9velopp\u00e9 avec des dermatologues<\/li>\n<\/ul>\n","protected":false},"excerpt":{"rendered":"<p>D\u00e9velopp\u00e9e avec des dermatologues, cette formule aux tensio-actifs doux et \u00e0 l\u2019acide salicylique, nettoie et exfolie en douceur les peaux s\u00e8ches et rugueuses.<\/p>\n","protected":false},"featured_media":2126,"comment_status":"open","ping_status":"closed","template":"","meta":{"ocean_post_layout":"","ocean_both_sidebars_style":"","ocean_both_sidebars_content_width":0,"ocean_both_sidebars_sidebars_width":0,"ocean_sidebar":"0","ocean_second_sidebar":"0","ocean_disable_margins":"enable","ocean_add_body_class":"","ocean_shortcode_before_top_bar":"","ocean_shortcode_after_top_bar":"","ocean_shortcode_before_header":"","ocean_shortcode_after_header":"","ocean_has_shortcode":"","ocean_shortcode_after_title":"","ocean_shortcode_before_footer_widgets":"","ocean_shortcode_after_footer_widgets":"","ocean_shortcode_before_footer_bottom":"","ocean_shortcode_after_footer_bottom":"","ocean_display_top_bar":"default","ocean_display_header":"default","ocean_header_style":"","ocean_center_header_left_menu":"0","ocean_custom_header_template":"0","ocean_custom_logo":0,"ocean_custom_retina_logo":0,"ocean_custom_logo_max_width":0,"ocean_custom_logo_tablet_max_width":0,"ocean_custom_logo_mobile_max_width":0,"ocean_custom_logo_max_height":0,"ocean_custom_logo_tablet_max_height":0,"ocean_custom_logo_mobile_max_height":0,"ocean_header_custom_menu":"0","ocean_menu_typo_font_family":"0","ocean_menu_typo_font_subset":"","ocean_menu_typo_font_size":0,"ocean_menu_typo_font_size_tablet":0,"ocean_menu_typo_font_size_mobile":0,"ocean_menu_typo_font_size_unit":"px","ocean_menu_typo_font_weight":"","ocean_menu_typo_font_weight_tablet":"","ocean_menu_typo_font_weight_mobile":"","ocean_menu_typo_transform":"","ocean_menu_typo_transform_tablet":"","ocean_menu_typo_transform_mobile":"","ocean_menu_typo_line_height":0,"ocean_menu_typo_line_height_tablet":0,"ocean_menu_typo_line_height_mobile":0,"ocean_menu_typo_line_height_unit":"","ocean_menu_typo_spacing":0,"ocean_menu_typo_spacing_tablet":0,"ocean_menu_typo_spacing_mobile":0,"ocean_menu_typo_spacing_unit":"","ocean_menu_link_color":"","ocean_menu_link_color_hover":"","ocean_menu_link_color_active":"","ocean_menu_link_background":"","ocean_menu_link_hover_background":"","ocean_menu_link_active_background":"","ocean_menu_social_links_bg":"","ocean_menu_social_hover_links_bg":"","ocean_menu_social_links_color":"","ocean_menu_social_hover_links_color":"","ocean_disable_title":"default","ocean_disable_heading":"default","ocean_post_title":"","ocean_post_subheading":"","ocean_post_title_style":"","ocean_post_title_background_color":"","ocean_post_title_background":0,"ocean_post_title_bg_image_position":"","ocean_post_title_bg_image_attachment":"","ocean_post_title_bg_image_repeat":"","ocean_post_title_bg_image_size":"","ocean_post_title_height":0,"ocean_post_title_bg_overlay":0.5,"ocean_post_title_bg_overlay_color":"","ocean_disable_breadcrumbs":"default","ocean_breadcrumbs_color":"","ocean_breadcrumbs_separator_color":"","ocean_breadcrumbs_links_color":"","ocean_breadcrumbs_links_hover_color":"","ocean_display_footer_widgets":"default","ocean_display_footer_bottom":"default","ocean_custom_footer_template":"0"},"product_brand":[],"product_cat":[41,21],"product_tag":[],"class_list":{"0":"post-2125","1":"product","2":"type-product","3":"status-publish","4":"has-post-thumbnail","6":"product_cat-nettoyants-visage","7":"product_cat-visage","9":"entry","10":"has-media","12":"first","13":"outofstock","14":"taxable","15":"shipping-taxable","16":"purchasable","17":"product-type-simple","18":"has-product-nav","19":"col","20":"span_1_of_3","21":"owp-content-center","22":"owp-thumbs-layout-horizontal","23":"owp-btn-normal","24":"owp-tabs-layout-horizontal"},"_links":{"self":[{"href":"https:\/\/ellypara.com\/index.php\/wp-json\/wp\/v2\/product\/2125","targetHints":{"allow":["GET"]}}],"collection":[{"href":"https:\/\/ellypara.com\/index.php\/wp-json\/wp\/v2\/product"}],"about":[{"href":"https:\/\/ellypara.com\/index.php\/wp-json\/wp\/v2\/types\/product"}],"replies":[{"embeddable":true,"href":"https:\/\/ellypara.com\/index.php\/wp-json\/wp\/v2\/comments?post=2125"}],"wp:featuredmedia":[{"embeddable":true,"href":"https:\/\/ellypara.com\/index.php\/wp-json\/wp\/v2\/media\/2126"}],"wp:attachment":[{"href":"https:\/\/ellypara.com\/index.php\/wp-json\/wp\/v2\/media?parent=2125"}],"wp:term":[{"taxonomy":"product_brand","embeddable":true,"href":"https:\/\/ellypara.com\/index.php\/wp-json\/wp\/v2\/product_brand?post=2125"},{"taxonomy":"product_cat","embeddable":true,"href":"https:\/\/ellypara.com\/index.php\/wp-json\/wp\/v2\/product_cat?post=2125"},{"taxonomy":"product_tag","embeddable":true,"href":"https:\/\/ellypara.com\/index.php\/wp-json\/wp\/v2\/product_tag?post=2125"}],"curies":[{"name":"wp","href":"https:\/\/api.w.org\/{rel}","templated":true}]}}