{"id":2128,"date":"2025-07-05T22:45:00","date_gmt":"2025-07-05T20:45:00","guid":{"rendered":"https:\/\/ellypara.com\/?post_type=product&#038;p=2128"},"modified":"2025-07-05T22:45:01","modified_gmt":"2025-07-05T20:45:01","slug":"cerave-serum-hydratant-a-lacide-hyaluronique-30ml","status":"publish","type":"product","link":"https:\/\/ellypara.com\/index.php\/produit\/cerave-serum-hydratant-a-lacide-hyaluronique-30ml\/","title":{"rendered":"CeraVe S\u00e9rum Hydratant \u00e0 l\u2019Acide Hyaluronique 30ml"},"content":{"rendered":"<p>D\u00e9velopp\u00e9 avec des dermatologues, le\u00a0<strong>S\u00e9rum Hydratant \u00e0 l\u2019Acide Hyaluronique CeraVe<\/strong>\u00a0r\u00e9infuse la peau en eau, maintient l\u2019hydratation pendant 24h et restaure la barri\u00e8re cutan\u00e9e en 1h.<\/p>\n<p>Ce s\u00e9rum \u00e0 la texture l\u00e9g\u00e8re non collante s\u2019applique sur le visage et cou pour une peau hydrat\u00e9e toute la journ\u00e9e.<\/p>\n<p>Enrichi aux 3 c\u00e9ramides essentiels naturellement pr\u00e9sents dans la peau , \u00e0 l\u2019acide hyaluronique et \u00e0 la vitamine B5 ce s\u00e9rum nourrit et r\u00e9infuse la peau en eau toute la journ\u00e9e gr\u00e2ce \u00e0 la Technologie MVE\u00ae, v\u00e9ritable prouesse technique et scientifique qui permet d\u2019encapsuler les actifs et de les diffuser de mani\u00e8re prolong\u00e9e dans la peau pour une hydratation id\u00e9ale.<\/p>\n<p>Sa formule haute tol\u00e9rance test\u00e9e sous contr\u00f4le dermatologique convient\u00a0<strong>pour tous les types de peaux<\/strong>, en premi\u00e8re \u00e9tape d\u2019une routine visage, avant l\u2019application d\u2019autres soins.<\/p>\n<p>Sans parfum.<\/p>\n<p>Hypoallerg\u00e9nique.<\/p>\n<p>Non com\u00e9dog\u00e8ne.<\/p>\n<p>Texture s\u00e9rum-cr\u00e8me, l\u00e9g\u00e8re, non collante et \u00e0 absorption rapide.<\/p>\n<p><strong>B\u00e9n\u00e9fices :<\/strong><\/p>\n<ul>\n<li>Adapt\u00e9e \u00e0 tous les types de peau<\/li>\n<li>Non com\u00e9dog\u00e8ne, sans paraben et sans parfum<\/li>\n<li>D\u00e9velopp\u00e9e avec des dermatologues<\/li>\n<li>Cette formule contient :<br \/>\n3 c\u00e9ramides essentiels : Essentiels pour une peau saine, les c\u00e9ramides aident \u00e0 r\u00e9tablir et \u00e0 maintenir la barri\u00e8re d\u2019hydratation naturelle de la peau<br \/>\nAcide hyaluronique : Aide \u00e0 maintenir l\u2019hydratation \u00e0 la surface de la peau et aide celle-ci \u00e0 conserver son hydratation<br \/>\nVitamine B5 : Procure des bienfaits apaisants pour la peau.<br \/>\nTechnologie MVE : Cette technologie brevet\u00e9e lib\u00e8re graduellement des ingr\u00e9dients hydratants toute la journ\u00e9e<\/li>\n<\/ul>\n<p><strong>Application :<\/strong><\/p>\n<p>Appliquer uniform\u00e9ment sur le visage et le cou quotidiennement.<br \/>\nIl peut \u00eatre utilis\u00e9 seul ou en couches sous un hydratant.<br \/>\n\u00c9vitez le contour des yeux.<br \/>\nEn cas de contact avec les yeux, rincer abondamment \u00e0 l\u2019eau.<\/p>\n<p>&nbsp;<\/p>\n<p><strong>Ingr\u00e9dients :<\/strong><\/p>\n<p>AQUA\/WATER\/EAU, GLYCERIN, CETEARYL ETHYLHEXANOATE, DIMETHICONE, AMMONIUM POLYACRYLOYLDIMETHYL TAURATE, SODIUM HYALURONATE, PANTHENOL, CERAMIDE NP, CERAMIDE AP, CERAMIDE EOP, CARBOMER, CETEARYL ALCOHOL, BEHENTRIMONIUM METHOSULFATE, SODIUM HYDROXIDE, SODIUM LAUROYL LACTYLATE, CHOLESTEROL, PHENOXYETHANOL, DISODIUM EDTA, ISOPROPYL MYRISTATE, CAPRYLYL GLYCOL, CITRIC ACID, XANTHAN GUM, PHYTOSPHINGOSINE, ETHYLHEXYLGLYCERIN. (F.I.L Y286190\/1)<\/p>\n","protected":false},"excerpt":{"rendered":"<p>Le S\u00e9rum Hydratant \u00e0 l\u2019Acide Hyaluronique de CeraVe nourrit, hydrate et apaise la peau au quotidien. Hautement concentr\u00e9, il aide \u00e0 restaurer et renforcer la barri\u00e8re cutan\u00e9e.<\/p>\n","protected":false},"featured_media":2129,"comment_status":"open","ping_status":"closed","template":"","meta":{"ocean_post_layout":"","ocean_both_sidebars_style":"","ocean_both_sidebars_content_width":0,"ocean_both_sidebars_sidebars_width":0,"ocean_sidebar":"0","ocean_second_sidebar":"0","ocean_disable_margins":"enable","ocean_add_body_class":"","ocean_shortcode_before_top_bar":"","ocean_shortcode_after_top_bar":"","ocean_shortcode_before_header":"","ocean_shortcode_after_header":"","ocean_has_shortcode":"","ocean_shortcode_after_title":"","ocean_shortcode_before_footer_widgets":"","ocean_shortcode_after_footer_widgets":"","ocean_shortcode_before_footer_bottom":"","ocean_shortcode_after_footer_bottom":"","ocean_display_top_bar":"default","ocean_display_header":"default","ocean_header_style":"","ocean_center_header_left_menu":"0","ocean_custom_header_template":"0","ocean_custom_logo":0,"ocean_custom_retina_logo":0,"ocean_custom_logo_max_width":0,"ocean_custom_logo_tablet_max_width":0,"ocean_custom_logo_mobile_max_width":0,"ocean_custom_logo_max_height":0,"ocean_custom_logo_tablet_max_height":0,"ocean_custom_logo_mobile_max_height":0,"ocean_header_custom_menu":"0","ocean_menu_typo_font_family":"0","ocean_menu_typo_font_subset":"","ocean_menu_typo_font_size":0,"ocean_menu_typo_font_size_tablet":0,"ocean_menu_typo_font_size_mobile":0,"ocean_menu_typo_font_size_unit":"px","ocean_menu_typo_font_weight":"","ocean_menu_typo_font_weight_tablet":"","ocean_menu_typo_font_weight_mobile":"","ocean_menu_typo_transform":"","ocean_menu_typo_transform_tablet":"","ocean_menu_typo_transform_mobile":"","ocean_menu_typo_line_height":0,"ocean_menu_typo_line_height_tablet":0,"ocean_menu_typo_line_height_mobile":0,"ocean_menu_typo_line_height_unit":"","ocean_menu_typo_spacing":0,"ocean_menu_typo_spacing_tablet":0,"ocean_menu_typo_spacing_mobile":0,"ocean_menu_typo_spacing_unit":"","ocean_menu_link_color":"","ocean_menu_link_color_hover":"","ocean_menu_link_color_active":"","ocean_menu_link_background":"","ocean_menu_link_hover_background":"","ocean_menu_link_active_background":"","ocean_menu_social_links_bg":"","ocean_menu_social_hover_links_bg":"","ocean_menu_social_links_color":"","ocean_menu_social_hover_links_color":"","ocean_disable_title":"default","ocean_disable_heading":"default","ocean_post_title":"","ocean_post_subheading":"","ocean_post_title_style":"","ocean_post_title_background_color":"","ocean_post_title_background":0,"ocean_post_title_bg_image_position":"","ocean_post_title_bg_image_attachment":"","ocean_post_title_bg_image_repeat":"","ocean_post_title_bg_image_size":"","ocean_post_title_height":0,"ocean_post_title_bg_overlay":0.5,"ocean_post_title_bg_overlay_color":"","ocean_disable_breadcrumbs":"default","ocean_breadcrumbs_color":"","ocean_breadcrumbs_separator_color":"","ocean_breadcrumbs_links_color":"","ocean_breadcrumbs_links_hover_color":"","ocean_display_footer_widgets":"default","ocean_display_footer_bottom":"default","ocean_custom_footer_template":"0"},"product_brand":[],"product_cat":[37,42,35,21],"product_tag":[],"class_list":{"0":"post-2128","1":"product","2":"type-product","3":"status-publish","4":"has-post-thumbnail","6":"product_cat-soins-peau-grasse","7":"product_cat-peaux-seches","8":"product_cat-soins-hydratants-et-nourrissants","9":"product_cat-visage","11":"entry","12":"has-media","14":"first","15":"outofstock","16":"taxable","17":"shipping-taxable","18":"product-type-simple","19":"has-product-nav","20":"col","21":"span_1_of_3","22":"owp-content-center","23":"owp-thumbs-layout-horizontal","24":"owp-btn-normal","25":"owp-tabs-layout-horizontal"},"_links":{"self":[{"href":"https:\/\/ellypara.com\/index.php\/wp-json\/wp\/v2\/product\/2128","targetHints":{"allow":["GET"]}}],"collection":[{"href":"https:\/\/ellypara.com\/index.php\/wp-json\/wp\/v2\/product"}],"about":[{"href":"https:\/\/ellypara.com\/index.php\/wp-json\/wp\/v2\/types\/product"}],"replies":[{"embeddable":true,"href":"https:\/\/ellypara.com\/index.php\/wp-json\/wp\/v2\/comments?post=2128"}],"wp:featuredmedia":[{"embeddable":true,"href":"https:\/\/ellypara.com\/index.php\/wp-json\/wp\/v2\/media\/2129"}],"wp:attachment":[{"href":"https:\/\/ellypara.com\/index.php\/wp-json\/wp\/v2\/media?parent=2128"}],"wp:term":[{"taxonomy":"product_brand","embeddable":true,"href":"https:\/\/ellypara.com\/index.php\/wp-json\/wp\/v2\/product_brand?post=2128"},{"taxonomy":"product_cat","embeddable":true,"href":"https:\/\/ellypara.com\/index.php\/wp-json\/wp\/v2\/product_cat?post=2128"},{"taxonomy":"product_tag","embeddable":true,"href":"https:\/\/ellypara.com\/index.php\/wp-json\/wp\/v2\/product_tag?post=2128"}],"curies":[{"name":"wp","href":"https:\/\/api.w.org\/{rel}","templated":true}]}}