{"id":2138,"date":"2025-07-05T22:51:34","date_gmt":"2025-07-05T20:51:34","guid":{"rendered":"https:\/\/ellypara.com\/?post_type=product&#038;p=2138"},"modified":"2025-07-05T22:51:34","modified_gmt":"2025-07-05T20:51:34","slug":"cerave-soin-concentre-anti-imperfections-40ml","status":"publish","type":"product","link":"https:\/\/ellypara.com\/index.php\/produit\/cerave-soin-concentre-anti-imperfections-40ml\/","title":{"rendered":"CeraVe Soin Concentr\u00e9 Anti-Imperfections 40ml"},"content":{"rendered":"<p>CeraVe Soin Concentr\u00e9 Anti-Imperfections 40 ml est un soin con\u00e7u pour r\u00e9duire les boutons et imperfections, resserrer les pores tout en restaurant la barri\u00e8re cutan\u00e9e.<br \/>\nSa formule haute tol\u00e9rance associe :<\/p>\n<p>2% d\u2019acide salicylique (BHA) qui exfolie en douceur, d\u00e9sincruste et resserre les pores, lisse le grain de peau tout en stimulant le renouvellement cellulaire.<br \/>\nAHA (Acides glycolique et lactique) qui aident \u00e0 \u00e9liminer les cellules mortes et les imperfections, \u00e0 uniformiser la texture de la peau tout en r\u00e9duisant l\u2019inflammation.<br \/>\nLa niacinamide qui apaise la peau en douceur, aide \u00e0 r\u00e9duire les sensations d\u2019irritation.<br \/>\nL\u2019acide hyaluronique qui aide \u00e0 maintenir l\u2019hydratation.<br \/>\n3 c\u00e9ramides essentiels (1, 3, 6-II) qui aident \u00e0 restaurer la barri\u00e8re cutan\u00e9e.<br \/>\nTechnologie MVE, cette technologie brevet\u00e9e lib\u00e8re en continu des ingr\u00e9dients hydratants toute la journ\u00e9e.<br \/>\nSa texture gel frais p\u00e9n\u00e8tre rapidement dans la peau pour un fini peau non gras et non collant.<br \/>\nSon applicateur de pr\u00e9cision permet de d\u00e9livrer la juste dose recommand\u00e9e par les dermatologues.<\/p>\n<p>Test\u00e9 sous contr\u00f4le dermatologique.<br \/>\nHypoallerg\u00e9nique. Non com\u00e9dog\u00e8ne. Sans parfum.<\/p>\n<p>Fabriqu\u00e9 en France.<\/p>\n<p><strong>CONSEIL D\u2019UTILISATION<\/strong><\/p>\n<p>Appliquer quotidiennement sur le visage en effectuant de l\u00e9gers mouvements circulaires, sur peau pr\u00e9alablement nettoy\u00e9e.<br \/>\nAppliquer le soir, ou utiliser un \u00e9cran solaire (soin SPF) pour une utilisation la journ\u00e9e. Ce produit contient un alpha-hydroxyacide (AHA) qui peut augmenter la sensibilit\u00e9 de la peau \u00e0 l\u2019exposition au soleil.<\/p>\n<p>\u00c9viter le contact direct avec les yeux. En cas de contact, rincer abondamment \u00e0 l\u2019eau.<\/p>\n<p>Indication : Soin visage. Adulte et adolescent. Peaux \u00e0 imperfections \u00e0 tendance acn\u00e9ique.<\/p>\n<p><strong>COMPOSITION<\/strong><\/p>\n<p>Aqua\/Water, Glycerin, Sodium Hydroxide, Glycolic Acid, Lactic Acid, Salicylic Acid, Niacinamide, Ceramide Np, Ceramide Ap, Ceramide Eop, Carbomer, Cetearyl Alcohol, Behentrimonium Methosulfate, Triethyl Citrate, Sodium Hyaluronate, Sodium Lauroyl Lactylate, Cholesterol, Chlorphenesin, Disodium Edta, Hydroxypropyl Guar, Caprylyl Glycol, Xanthan Gum, Phytosphingosine, Benzoic Acid.<\/p>\n","protected":false},"excerpt":{"rendered":"<div class=\"product-short-description\">\n<p>Le Soin Concentr\u00e9 Anti-Imperfections de CeraVe est un soin quotidien, 40% de boutons en moins apr\u00e8s 3 jours d\u2019utilisation.<\/p>\n<\/div>\n","protected":false},"featured_media":2139,"comment_status":"open","ping_status":"closed","template":"","meta":{"ocean_post_layout":"","ocean_both_sidebars_style":"","ocean_both_sidebars_content_width":0,"ocean_both_sidebars_sidebars_width":0,"ocean_sidebar":"0","ocean_second_sidebar":"0","ocean_disable_margins":"enable","ocean_add_body_class":"","ocean_shortcode_before_top_bar":"","ocean_shortcode_after_top_bar":"","ocean_shortcode_before_header":"","ocean_shortcode_after_header":"","ocean_has_shortcode":"","ocean_shortcode_after_title":"","ocean_shortcode_before_footer_widgets":"","ocean_shortcode_after_footer_widgets":"","ocean_shortcode_before_footer_bottom":"","ocean_shortcode_after_footer_bottom":"","ocean_display_top_bar":"default","ocean_display_header":"default","ocean_header_style":"","ocean_center_header_left_menu":"0","ocean_custom_header_template":"0","ocean_custom_logo":0,"ocean_custom_retina_logo":0,"ocean_custom_logo_max_width":0,"ocean_custom_logo_tablet_max_width":0,"ocean_custom_logo_mobile_max_width":0,"ocean_custom_logo_max_height":0,"ocean_custom_logo_tablet_max_height":0,"ocean_custom_logo_mobile_max_height":0,"ocean_header_custom_menu":"0","ocean_menu_typo_font_family":"0","ocean_menu_typo_font_subset":"","ocean_menu_typo_font_size":0,"ocean_menu_typo_font_size_tablet":0,"ocean_menu_typo_font_size_mobile":0,"ocean_menu_typo_font_size_unit":"px","ocean_menu_typo_font_weight":"","ocean_menu_typo_font_weight_tablet":"","ocean_menu_typo_font_weight_mobile":"","ocean_menu_typo_transform":"","ocean_menu_typo_transform_tablet":"","ocean_menu_typo_transform_mobile":"","ocean_menu_typo_line_height":0,"ocean_menu_typo_line_height_tablet":0,"ocean_menu_typo_line_height_mobile":0,"ocean_menu_typo_line_height_unit":"","ocean_menu_typo_spacing":0,"ocean_menu_typo_spacing_tablet":0,"ocean_menu_typo_spacing_mobile":0,"ocean_menu_typo_spacing_unit":"","ocean_menu_link_color":"","ocean_menu_link_color_hover":"","ocean_menu_link_color_active":"","ocean_menu_link_background":"","ocean_menu_link_hover_background":"","ocean_menu_link_active_background":"","ocean_menu_social_links_bg":"","ocean_menu_social_hover_links_bg":"","ocean_menu_social_links_color":"","ocean_menu_social_hover_links_color":"","ocean_disable_title":"default","ocean_disable_heading":"default","ocean_post_title":"","ocean_post_subheading":"","ocean_post_title_style":"","ocean_post_title_background_color":"","ocean_post_title_background":0,"ocean_post_title_bg_image_position":"","ocean_post_title_bg_image_attachment":"","ocean_post_title_bg_image_repeat":"","ocean_post_title_bg_image_size":"","ocean_post_title_height":0,"ocean_post_title_bg_overlay":0.5,"ocean_post_title_bg_overlay_color":"","ocean_disable_breadcrumbs":"default","ocean_breadcrumbs_color":"","ocean_breadcrumbs_separator_color":"","ocean_breadcrumbs_links_color":"","ocean_breadcrumbs_links_hover_color":"","ocean_display_footer_widgets":"default","ocean_display_footer_bottom":"default","ocean_custom_footer_template":"0"},"product_brand":[],"product_cat":[37,39,35,21],"product_tag":[],"class_list":{"0":"post-2138","1":"product","2":"type-product","3":"status-publish","4":"has-post-thumbnail","6":"product_cat-soins-peau-grasse","7":"product_cat-soins-anti-taches-et-depigmentants","8":"product_cat-soins-hydratants-et-nourrissants","9":"product_cat-visage","11":"entry","12":"has-media","14":"first","15":"instock","16":"taxable","17":"shipping-taxable","18":"purchasable","19":"product-type-simple","20":"has-product-nav","21":"col","22":"span_1_of_3","23":"owp-content-center","24":"owp-thumbs-layout-horizontal","25":"owp-btn-normal","26":"owp-tabs-layout-horizontal"},"_links":{"self":[{"href":"https:\/\/ellypara.com\/index.php\/wp-json\/wp\/v2\/product\/2138","targetHints":{"allow":["GET"]}}],"collection":[{"href":"https:\/\/ellypara.com\/index.php\/wp-json\/wp\/v2\/product"}],"about":[{"href":"https:\/\/ellypara.com\/index.php\/wp-json\/wp\/v2\/types\/product"}],"replies":[{"embeddable":true,"href":"https:\/\/ellypara.com\/index.php\/wp-json\/wp\/v2\/comments?post=2138"}],"wp:featuredmedia":[{"embeddable":true,"href":"https:\/\/ellypara.com\/index.php\/wp-json\/wp\/v2\/media\/2139"}],"wp:attachment":[{"href":"https:\/\/ellypara.com\/index.php\/wp-json\/wp\/v2\/media?parent=2138"}],"wp:term":[{"taxonomy":"product_brand","embeddable":true,"href":"https:\/\/ellypara.com\/index.php\/wp-json\/wp\/v2\/product_brand?post=2138"},{"taxonomy":"product_cat","embeddable":true,"href":"https:\/\/ellypara.com\/index.php\/wp-json\/wp\/v2\/product_cat?post=2138"},{"taxonomy":"product_tag","embeddable":true,"href":"https:\/\/ellypara.com\/index.php\/wp-json\/wp\/v2\/product_tag?post=2138"}],"curies":[{"name":"wp","href":"https:\/\/api.w.org\/{rel}","templated":true}]}}