{"id":2146,"date":"2025-07-06T19:50:39","date_gmt":"2025-07-06T17:50:39","guid":{"rendered":"https:\/\/ellypara.com\/?post_type=product&#038;p=2146"},"modified":"2025-07-06T19:50:39","modified_gmt":"2025-07-06T17:50:39","slug":"la-roche-posay-anthelios-spray-dermo-pediatrics-creme-solaire-enfant-spf50-200mllipkar-huile-lavante-100ml-offert","status":"publish","type":"product","link":"https:\/\/ellypara.com\/index.php\/produit\/la-roche-posay-anthelios-spray-dermo-pediatrics-creme-solaire-enfant-spf50-200mllipkar-huile-lavante-100ml-offert\/","title":{"rendered":"LA ROCHE POSAY ANTHELIOS SPRAY DERMO-PEDIATRICS CREME SOLAIRE ENFANT SPF50+ 200ML+LIPKAR HUILE LAVANTE 100ML (OFFERT)"},"content":{"rendered":"<p style=\"font-weight: 400;\"><b><strong>Description :<\/strong><\/b><\/p>\n<h3 style=\"font-weight: 400;\"><strong>1\/Spray Solaire Enfants Tr\u00e8s Haute Protection R\u00e9sistant Eau 200ml<\/strong><\/h3>\n<p style=\"font-weight: 400;\">Une cr\u00e8me solaire tr\u00e8s haute protection \u00e0 large spectre contre les UVA\/UVB enrichie en Eau Thermale de La Roche-Posay. Formul\u00e9e pour la peau sensible de l&#8217;enfant et les peaux sujettes aux intol\u00e9rances solaires, commun\u00e9ment appel\u00e9es allergies solaires.<\/p>\n<p style=\"font-weight: 400;\">Format pratique.<\/p>\n<p style=\"font-weight: 400;\"><b><strong>B\u00e9n\u00e9fices :<\/strong><\/b><\/p>\n<p style=\"font-weight: 400;\">Haute protection corps, texture ultra l\u00e9g\u00e8re facile \u00e0 appliquer.<\/p>\n<p style=\"font-weight: 400;\">Sans traces blanches.<\/p>\n<p style=\"font-weight: 400;\">La protection \u00e0 large spectre prot\u00e8ge la peau des rayons UVA et UVB et aide \u00e0 pr\u00e9venir les dommages caus\u00e9s par l&#8217;infrarouge-A et la pollution.<\/p>\n<p style=\"font-weight: 400;\">La formule forme un solide r\u00e9seau de protection assurant une protection homog\u00e8ne, non migrante, non grasse et tr\u00e8s r\u00e9sistante.<\/p>\n<p style=\"font-weight: 400;\">Test\u00e9 sous contr\u00f4le dermatologique et p\u00e9diatrique.<\/p>\n<p style=\"font-weight: 400;\">Test\u00e9 contre les allergies.<\/p>\n<p style=\"font-weight: 400;\">Sans parfum<\/p>\n<p style=\"font-weight: 400;\">ANTHELIOS est un acteur pionnier sur le march\u00e9 des solaires. Sa protection \u00e0 tr\u00e8s large spectre et tr\u00e8s \u00e9lev\u00e9e est le r\u00e9sultat de plus de 25 ans de recherche clinique avanc\u00e9e sur les soins solaires et les peaux sensibles au soleil.<\/p>\n<p style=\"font-weight: 400;\">Produit test\u00e9 en conditions extr\u00eames pour r\u00e9pondre \u00e0 tous vos besoins de protection :<\/p>\n<p style=\"font-weight: 400;\">&#8211; 80 minutes sous l&#8217;eau (4&#215;20 min)<\/p>\n<p style=\"font-weight: 400;\">&#8211; 2 heures dans les conditions d&#8217;un Hammam \u00e0 plus de 40\u00b0C et 60% d&#8217;humidit\u00e9<\/p>\n<p style=\"font-weight: 400;\">&#8211; Frottement du sable<\/p>\n<p style=\"font-weight: 400;\">En application :<\/p>\n<p style=\"font-weight: 400;\">88%* des personnes l&#8217;ayant test\u00e9 trouvent que le spray a une texture tr\u00e8s l\u00e9g\u00e8re<\/p>\n<p style=\"font-weight: 400;\">81%* constatent que le spray ne laisse pas un fini gras sur la peau<\/p>\n<p style=\"font-weight: 400;\">98%* constatent que le spray ne laisse pas de traces blanches.<\/p>\n<p style=\"font-weight: 400;\">*\u00e9tude men\u00e9e sur 43 personnes, tous types de peaux confondus et toutes r\u00e9actives ou sensibles au soleil. Application sur le visage, le contour des yeux et le cou pendant 3 semaines.<\/p>\n<p style=\"font-weight: 400;\"><b><strong>Conseils d&#8217;utilisation :<\/strong><\/b><\/p>\n<p style=\"font-weight: 400;\">Appliquer le produit juste avant l&#8217;exposition.<\/p>\n<p style=\"font-weight: 400;\">Renouveler g\u00e9n\u00e9reusement et fr\u00e9quemment, surtout apr\u00e8s une baignade ou s&#8217;\u00eatre essuy\u00e9.<\/p>\n<p style=\"font-weight: 400;\"><b><strong>Composition :<\/strong><\/b><\/p>\n<p style=\"font-weight: 400;\">AQUA \/ WATER \u2022 ALCOHOL DENAT. \u2022 HOMOSALATE \u2022 ETHYLHEXYL SALICYLATE \u2022 BIS-ETHYLHEXYLOXYPHENOL METHOXYPHENYL TRIAZINE \u2022 ETHYLHEXYL TRIAZONE \u2022 BUTYL METHOXYDIBENZOYLMETHANE \u2022 GLYCERIN \u2022 PROPANEDIOL \u2022 C12-22 ALKYL ACRYLATE\/HYDROXYETHYLACRYLATE COPOLYMER \u2022 DROMETRIZOLE TRISILOXANE \u2022 DIISOPROPYL ADIPATE \u2022 DIISOPROPYL SEBACATE \u2022 DICAPRYLYL ETHER \u2022 TOCOPHEROL \u2022 ACRYLATES\/C10-30 ALKYL ACRYLATE CROSSPOLYMER \u2022 CAPRYLYL GLYCOL \u2022 SODIUM POLYACRYLATE \u2022 TRISODIUM ETHYLENEDIAMINE DISUCCINATE (F.I.L. C236821\/2).<\/p>\n<h3>2\/ LIPIKAR Syndet AP+ 100ml<\/h3>\n<p>LIPIKAR Syndet AP+ est une\u00a0<strong>base lavante ultra-douce<\/strong>\u00a0qui agit sur les 2 facteurs d\u00e9terminants d\u2019<strong>une peau \u00e0 tendance \u00e0 l\u2019ecz\u00e9ma atopique<\/strong>\u00a0:<\/p>\n<p><strong>1. R\u00e9tablit et stabilise l\u2019\u00e9quilibre du microbiome<\/strong>, population de micro-organismes pr\u00e9sents \u00e0 la surface de la peau, gr\u00e2ce \u00e0 l\u2019Aqua Posae Filiformis.<\/p>\n<p><strong>2. Restaure et pr\u00e9serve la barri\u00e8re cutan\u00e9e<\/strong>\u00a0gr\u00e2ce au Beurre de Karit\u00e9.<\/p>\n<p>Sa formule\u00a0est\u00a0concentr\u00e9e en Niacinamide apaisant. Elle a \u00e9t\u00e9 \u00e9labor\u00e9e avec un minimum d\u2019ingr\u00e9dients, s\u00e9lectionn\u00e9s pour leur efficacit\u00e9, leur tol\u00e9rance au pH phisiologique et pour minimiser les risques d\u2019allergies.<\/p>\n<p>Formul\u00e9 sans parfum.<\/p>\n<p>Test\u00e9 sous contr\u00f4le p\u00e9diatrique et ophtalmologique.<\/p>\n<p>Test\u00e9 sur\u00a0<strong>les peaux \u00e0 tendance \u00e0 l\u2019ecz\u00e9ma atopique ou allergique<\/strong>.<br \/>\nS\u00e9cheresses s\u00e9v\u00e8res\u00a0<strong>du nouveau-n\u00e9* \u00e0 l\u2019adulte.<\/strong><br \/>\nConvient \u00e9galement au cuir chevelu et aux cro\u00fbtes de lait des nourrissons.<\/p>\n<p>Indiqu\u00e9 pour les peaux sensibles, tr\u00e8s s\u00e8ches, irrit\u00e9es et sujettes aux sensations de d\u00e9mangeaisons, g\u00e9n\u00e9ratrices de grattage.<\/p>\n<h2 class=\"title-block\">Conseils d\u2019utilisation<\/h2>\n<p>Hygi\u00e8ne quotidienne. D\u00e9poser une noisette au creux de la main. Appliquer sur la peau pr\u00e9alablement mouill\u00e9e. Masser l\u00e9g\u00e8rement. Rincer.<\/p>\n<h2 class=\"title-block\">Composition<\/h2>\n<p>Hygi\u00e8ne haute tol\u00e9rance, sans savon, sans parfum et sans paraben.<\/p>\n<p>AQUA \/ WATER, GLYCERIN, DISODIUM COCOAMPHODIACETATE, COCO-BETAINE, PEG-7 GLYCERYL COCOATE, SODIUM CHLORIDE<\/p>\n<p>SODIUM LAURETH SULFATE, GLYCOL DISTEARATE, SODIUM GLYCOLATE, ACRYLATES COPOLYMER, CITRIC ACID, NIACINAMIDE<\/p>\n","protected":false},"excerpt":{"rendered":"<p>1\/Une cr\u00e8me solaire tr\u00e8s haute protection \u00e0 large spectre contre les UVA\/UVB enrichie en Eau Thermale de La Roche-Posay. Formul\u00e9e pour la peau sensible de l&#8217;enfant et les peaux sujettes aux intol\u00e9rances solaires, commun\u00e9ment appel\u00e9es allergies solaires.<\/p>\n<p>2\/Une huile lavante apaise imm\u00e9diatement\u00a0<strong>les sensations de d\u00e9mangeaisons\u00a0<\/strong>d\u00e8s la douche, d\u00e8s la naissance.<br \/>\nTest\u00e9 sur peau\u00a0<strong>\u00e0 tendance \u00e0 l\u2019ecz\u00e9ma atopique.<\/strong><br \/>\nConvient au cuir chevelu des nourrissons, aux cro\u00fbtes de lait et aux zones intimes. Ne pique pas les yeux.<\/p>\n","protected":false},"featured_media":2149,"comment_status":"open","ping_status":"closed","template":"","meta":{"ocean_post_layout":"","ocean_both_sidebars_style":"","ocean_both_sidebars_content_width":0,"ocean_both_sidebars_sidebars_width":0,"ocean_sidebar":"0","ocean_second_sidebar":"0","ocean_disable_margins":"enable","ocean_add_body_class":"","ocean_shortcode_before_top_bar":"","ocean_shortcode_after_top_bar":"","ocean_shortcode_before_header":"","ocean_shortcode_after_header":"","ocean_has_shortcode":"","ocean_shortcode_after_title":"","ocean_shortcode_before_footer_widgets":"","ocean_shortcode_after_footer_widgets":"","ocean_shortcode_before_footer_bottom":"","ocean_shortcode_after_footer_bottom":"","ocean_display_top_bar":"default","ocean_display_header":"default","ocean_header_style":"","ocean_center_header_left_menu":"0","ocean_custom_header_template":"0","ocean_custom_logo":0,"ocean_custom_retina_logo":0,"ocean_custom_logo_max_width":0,"ocean_custom_logo_tablet_max_width":0,"ocean_custom_logo_mobile_max_width":0,"ocean_custom_logo_max_height":0,"ocean_custom_logo_tablet_max_height":0,"ocean_custom_logo_mobile_max_height":0,"ocean_header_custom_menu":"0","ocean_menu_typo_font_family":"0","ocean_menu_typo_font_subset":"","ocean_menu_typo_font_size":0,"ocean_menu_typo_font_size_tablet":0,"ocean_menu_typo_font_size_mobile":0,"ocean_menu_typo_font_size_unit":"px","ocean_menu_typo_font_weight":"","ocean_menu_typo_font_weight_tablet":"","ocean_menu_typo_font_weight_mobile":"","ocean_menu_typo_transform":"","ocean_menu_typo_transform_tablet":"","ocean_menu_typo_transform_mobile":"","ocean_menu_typo_line_height":0,"ocean_menu_typo_line_height_tablet":0,"ocean_menu_typo_line_height_mobile":0,"ocean_menu_typo_line_height_unit":"","ocean_menu_typo_spacing":0,"ocean_menu_typo_spacing_tablet":0,"ocean_menu_typo_spacing_mobile":0,"ocean_menu_typo_spacing_unit":"","ocean_menu_link_color":"","ocean_menu_link_color_hover":"","ocean_menu_link_color_active":"","ocean_menu_link_background":"","ocean_menu_link_hover_background":"","ocean_menu_link_active_background":"","ocean_menu_social_links_bg":"","ocean_menu_social_hover_links_bg":"","ocean_menu_social_links_color":"","ocean_menu_social_hover_links_color":"","ocean_disable_title":"default","ocean_disable_heading":"default","ocean_post_title":"","ocean_post_subheading":"","ocean_post_title_style":"","ocean_post_title_background_color":"","ocean_post_title_background":0,"ocean_post_title_bg_image_position":"","ocean_post_title_bg_image_attachment":"","ocean_post_title_bg_image_repeat":"","ocean_post_title_bg_image_size":"","ocean_post_title_height":0,"ocean_post_title_bg_overlay":0.5,"ocean_post_title_bg_overlay_color":"","ocean_disable_breadcrumbs":"default","ocean_breadcrumbs_color":"","ocean_breadcrumbs_separator_color":"","ocean_breadcrumbs_links_color":"","ocean_breadcrumbs_links_hover_color":"","ocean_display_footer_widgets":"default","ocean_display_footer_bottom":"default","ocean_custom_footer_template":"0"},"product_brand":[],"product_cat":[26,71,41,20,21],"product_tag":[],"class_list":{"0":"post-2146","1":"product","2":"type-product","3":"status-publish","4":"has-post-thumbnail","6":"product_cat-promo","7":"product_cat-cremes-solaires","8":"product_cat-nettoyants-visage","9":"product_cat-solaire","10":"product_cat-visage","12":"entry","13":"has-media","15":"first","16":"instock","17":"sale","18":"taxable","19":"shipping-taxable","20":"purchasable","21":"product-type-simple","22":"has-product-nav","23":"col","24":"span_1_of_3","25":"owp-content-center","26":"owp-thumbs-layout-horizontal","27":"owp-btn-normal","28":"owp-tabs-layout-horizontal"},"_links":{"self":[{"href":"https:\/\/ellypara.com\/index.php\/wp-json\/wp\/v2\/product\/2146","targetHints":{"allow":["GET"]}}],"collection":[{"href":"https:\/\/ellypara.com\/index.php\/wp-json\/wp\/v2\/product"}],"about":[{"href":"https:\/\/ellypara.com\/index.php\/wp-json\/wp\/v2\/types\/product"}],"replies":[{"embeddable":true,"href":"https:\/\/ellypara.com\/index.php\/wp-json\/wp\/v2\/comments?post=2146"}],"wp:featuredmedia":[{"embeddable":true,"href":"https:\/\/ellypara.com\/index.php\/wp-json\/wp\/v2\/media\/2149"}],"wp:attachment":[{"href":"https:\/\/ellypara.com\/index.php\/wp-json\/wp\/v2\/media?parent=2146"}],"wp:term":[{"taxonomy":"product_brand","embeddable":true,"href":"https:\/\/ellypara.com\/index.php\/wp-json\/wp\/v2\/product_brand?post=2146"},{"taxonomy":"product_cat","embeddable":true,"href":"https:\/\/ellypara.com\/index.php\/wp-json\/wp\/v2\/product_cat?post=2146"},{"taxonomy":"product_tag","embeddable":true,"href":"https:\/\/ellypara.com\/index.php\/wp-json\/wp\/v2\/product_tag?post=2146"}],"curies":[{"name":"wp","href":"https:\/\/api.w.org\/{rel}","templated":true}]}}