{"id":2150,"date":"2025-07-06T19:57:25","date_gmt":"2025-07-06T17:57:25","guid":{"rendered":"https:\/\/ellypara.com\/?post_type=product&#038;p=2150"},"modified":"2025-07-06T19:57:25","modified_gmt":"2025-07-06T17:57:25","slug":"la-roche-posay-lipikar-syndet-ap-200ml","status":"publish","type":"product","link":"https:\/\/ellypara.com\/index.php\/produit\/la-roche-posay-lipikar-syndet-ap-200ml\/","title":{"rendered":"LA ROCHE POSAY Lipikar Syndet AP+ 200ml"},"content":{"rendered":"<p>LIPIKAR Syndet AP+ est une\u00a0<strong>base lavante ultra-douce<\/strong>\u00a0qui agit sur les 2 facteurs d\u00e9terminants d\u2019<strong>une peau \u00e0 tendance \u00e0 l\u2019ecz\u00e9ma atopique<\/strong>\u00a0:<\/p>\n<p><strong>1. R\u00e9tablit et stabilise l\u2019\u00e9quilibre du microbiome<\/strong>, population de micro-organismes pr\u00e9sents \u00e0 la surface de la peau, gr\u00e2ce \u00e0 l\u2019Aqua Posae Filiformis.<\/p>\n<p><strong>2. Restaure et pr\u00e9serve la barri\u00e8re cutan\u00e9e<\/strong>\u00a0gr\u00e2ce au Beurre de Karit\u00e9.<\/p>\n<p>Sa formule\u00a0est\u00a0concentr\u00e9e en Niacinamide apaisant. Elle a \u00e9t\u00e9 \u00e9labor\u00e9e avec un minimum d\u2019ingr\u00e9dients, s\u00e9lectionn\u00e9s pour leur efficacit\u00e9, leur tol\u00e9rance au pH phisiologique et pour minimiser les risques d\u2019allergies.<\/p>\n<p>Formul\u00e9 sans parfum.<\/p>\n<p>Test\u00e9 sous contr\u00f4le p\u00e9diatrique et ophtalmologique.<\/p>\n<p>Test\u00e9 sur\u00a0<strong>les peaux \u00e0 tendance \u00e0 l\u2019ecz\u00e9ma atopique ou allergique<\/strong>.<br \/>\nS\u00e9cheresses s\u00e9v\u00e8res\u00a0<strong>du nouveau-n\u00e9* \u00e0 l\u2019adulte.<\/strong><br \/>\nConvient \u00e9galement au cuir chevelu et aux cro\u00fbtes de lait des nourrissons.<\/p>\n<p>Indiqu\u00e9 pour les peaux sensibles, tr\u00e8s s\u00e8ches, irrit\u00e9es et sujettes aux sensations de d\u00e9mangeaisons, g\u00e9n\u00e9ratrices de grattage.<\/p>\n<h2 class=\"title-block\">Conseils d\u2019utilisation<\/h2>\n<p>Hygi\u00e8ne quotidienne. D\u00e9poser une noisette au creux de la main. Appliquer sur la peau pr\u00e9alablement mouill\u00e9e. Masser l\u00e9g\u00e8rement. Rincer.<\/p>\n<h2 class=\"title-block\">Composition<\/h2>\n<p>Hygi\u00e8ne haute tol\u00e9rance, sans savon, sans parfum et sans paraben.<\/p>\n<p>AQUA \/ WATER, GLYCERIN, DISODIUM COCOAMPHODIACETATE, COCO-BETAINE, PEG-7 GLYCERYL COCOATE, SODIUM CHLORIDE<\/p>\n<p>SODIUM LAURETH SULFATE, GLYCOL DISTEARATE, SODIUM GLYCOLATE, ACRYLATES COPOLYMER, CITRIC ACID, NIACINAMIDE<\/p>\n","protected":false},"excerpt":{"rendered":"<p>Apaise imm\u00e9diatement\u00a0<strong>les sensations de d\u00e9mangeaisons\u00a0<\/strong>d\u00e8s la douche, d\u00e8s la naissance.<br \/>\nTest\u00e9 sur peau\u00a0<strong>\u00e0 tendance \u00e0 l\u2019ecz\u00e9ma atopique.<\/strong><br \/>\nConvient au cuir chevelu des nourrissons, aux cro\u00fbtes de lait et aux zones intimes. Ne pique pas les yeux.<\/p>\n","protected":false},"featured_media":2151,"comment_status":"open","ping_status":"closed","template":"","meta":{"ocean_post_layout":"","ocean_both_sidebars_style":"","ocean_both_sidebars_content_width":0,"ocean_both_sidebars_sidebars_width":0,"ocean_sidebar":"0","ocean_second_sidebar":"0","ocean_disable_margins":"enable","ocean_add_body_class":"","ocean_shortcode_before_top_bar":"","ocean_shortcode_after_top_bar":"","ocean_shortcode_before_header":"","ocean_shortcode_after_header":"","ocean_has_shortcode":"","ocean_shortcode_after_title":"","ocean_shortcode_before_footer_widgets":"","ocean_shortcode_after_footer_widgets":"","ocean_shortcode_before_footer_bottom":"","ocean_shortcode_after_footer_bottom":"","ocean_display_top_bar":"default","ocean_display_header":"default","ocean_header_style":"","ocean_center_header_left_menu":"0","ocean_custom_header_template":"0","ocean_custom_logo":0,"ocean_custom_retina_logo":0,"ocean_custom_logo_max_width":0,"ocean_custom_logo_tablet_max_width":0,"ocean_custom_logo_mobile_max_width":0,"ocean_custom_logo_max_height":0,"ocean_custom_logo_tablet_max_height":0,"ocean_custom_logo_mobile_max_height":0,"ocean_header_custom_menu":"0","ocean_menu_typo_font_family":"0","ocean_menu_typo_font_subset":"","ocean_menu_typo_font_size":0,"ocean_menu_typo_font_size_tablet":0,"ocean_menu_typo_font_size_mobile":0,"ocean_menu_typo_font_size_unit":"px","ocean_menu_typo_font_weight":"","ocean_menu_typo_font_weight_tablet":"","ocean_menu_typo_font_weight_mobile":"","ocean_menu_typo_transform":"","ocean_menu_typo_transform_tablet":"","ocean_menu_typo_transform_mobile":"","ocean_menu_typo_line_height":0,"ocean_menu_typo_line_height_tablet":0,"ocean_menu_typo_line_height_mobile":0,"ocean_menu_typo_line_height_unit":"","ocean_menu_typo_spacing":0,"ocean_menu_typo_spacing_tablet":0,"ocean_menu_typo_spacing_mobile":0,"ocean_menu_typo_spacing_unit":"","ocean_menu_link_color":"","ocean_menu_link_color_hover":"","ocean_menu_link_color_active":"","ocean_menu_link_background":"","ocean_menu_link_hover_background":"","ocean_menu_link_active_background":"","ocean_menu_social_links_bg":"","ocean_menu_social_hover_links_bg":"","ocean_menu_social_links_color":"","ocean_menu_social_hover_links_color":"","ocean_disable_title":"default","ocean_disable_heading":"default","ocean_post_title":"","ocean_post_subheading":"","ocean_post_title_style":"","ocean_post_title_background_color":"","ocean_post_title_background":0,"ocean_post_title_bg_image_position":"","ocean_post_title_bg_image_attachment":"","ocean_post_title_bg_image_repeat":"","ocean_post_title_bg_image_size":"","ocean_post_title_height":0,"ocean_post_title_bg_overlay":0.5,"ocean_post_title_bg_overlay_color":"","ocean_disable_breadcrumbs":"default","ocean_breadcrumbs_color":"","ocean_breadcrumbs_separator_color":"","ocean_breadcrumbs_links_color":"","ocean_breadcrumbs_links_hover_color":"","ocean_display_footer_widgets":"default","ocean_display_footer_bottom":"default","ocean_custom_footer_template":"0"},"product_brand":[],"product_cat":[41,57,21],"product_tag":[],"class_list":{"0":"post-2150","1":"product","2":"type-product","3":"status-publish","4":"has-post-thumbnail","6":"product_cat-nettoyants-visage","7":"product_cat-toilette-et-soin-bebe","8":"product_cat-visage","10":"entry","11":"has-media","13":"first","14":"outofstock","15":"taxable","16":"shipping-taxable","17":"purchasable","18":"product-type-simple","19":"has-product-nav","20":"col","21":"span_1_of_3","22":"owp-content-center","23":"owp-thumbs-layout-horizontal","24":"owp-btn-normal","25":"owp-tabs-layout-horizontal","26":"has-no-thumbnails"},"_links":{"self":[{"href":"https:\/\/ellypara.com\/index.php\/wp-json\/wp\/v2\/product\/2150","targetHints":{"allow":["GET"]}}],"collection":[{"href":"https:\/\/ellypara.com\/index.php\/wp-json\/wp\/v2\/product"}],"about":[{"href":"https:\/\/ellypara.com\/index.php\/wp-json\/wp\/v2\/types\/product"}],"replies":[{"embeddable":true,"href":"https:\/\/ellypara.com\/index.php\/wp-json\/wp\/v2\/comments?post=2150"}],"wp:featuredmedia":[{"embeddable":true,"href":"https:\/\/ellypara.com\/index.php\/wp-json\/wp\/v2\/media\/2151"}],"wp:attachment":[{"href":"https:\/\/ellypara.com\/index.php\/wp-json\/wp\/v2\/media?parent=2150"}],"wp:term":[{"taxonomy":"product_brand","embeddable":true,"href":"https:\/\/ellypara.com\/index.php\/wp-json\/wp\/v2\/product_brand?post=2150"},{"taxonomy":"product_cat","embeddable":true,"href":"https:\/\/ellypara.com\/index.php\/wp-json\/wp\/v2\/product_cat?post=2150"},{"taxonomy":"product_tag","embeddable":true,"href":"https:\/\/ellypara.com\/index.php\/wp-json\/wp\/v2\/product_tag?post=2150"}],"curies":[{"name":"wp","href":"https:\/\/api.w.org\/{rel}","templated":true}]}}