{"id":2152,"date":"2025-07-06T20:12:02","date_gmt":"2025-07-06T18:12:02","guid":{"rendered":"https:\/\/ellypara.com\/?post_type=product&#038;p=2152"},"modified":"2025-07-06T20:12:03","modified_gmt":"2025-07-06T18:12:03","slug":"la-roche-posay-anthelios-dermo-pediatrics-spray-enfant-invisible-spf50-sans-parfum-200ml","status":"publish","type":"product","link":"https:\/\/ellypara.com\/index.php\/produit\/la-roche-posay-anthelios-dermo-pediatrics-spray-enfant-invisible-spf50-sans-parfum-200ml\/","title":{"rendered":"La Roche-Posay Anthelios Dermo-Pediatrics Spray Enfant Invisible SPF50+ Sans Parfum 200ml"},"content":{"rendered":"<p><strong>La Roche-Posay Anthelios Dermo-Pediatrics Spray Invisible SPF50+ Sans Parfum<\/strong>\u00a0200 ml est un soin offrant une tr\u00e8s haute protection UVA\/UVB \u00e0 la peau sensible de l\u2019enfant. Il aide \u00e0 pr\u00e9venir le stress oxydatif g\u00e9n\u00e9r\u00e9 par les infra-rouges et la pollution. Il est tr\u00e8s r\u00e9sistant \u00e0 l\u2019eau et r\u00e9sistant \u00e0 la transpiration et au sable. De texture non grasse, il ne laisse pas de traces blanches.<\/p>\n<p>Test\u00e9 sous contr\u00f4le dermatologique et p\u00e9diatrique.<\/p>\n<p>Sans parfum.<\/p>\n<p>Fabriqu\u00e9 en France.<\/p>\n<p><strong>CONSEIL D\u2019UTILISATION<\/strong><\/p>\n<p>Agiter avant emploi.<\/p>\n<p>Appliquer g\u00e9n\u00e9reusement avant l\u2019exposition et r\u00e9guli\u00e8rement surtout apr\u00e8s avoir transpir\u00e9, s\u2019\u00eatre baign\u00e9 ou essuy\u00e9.<\/p>\n<p>L\u2019abus de soleil est dangereux : ne pas exposer les b\u00e9b\u00e9s et les enfants. Les prot\u00e9ger avec un chapeau, des lunettes et un tee-shirt.<\/p>\n<p>Ne pas vaporiser directement sur le visage mais dans la main et appliquer en \u00e9vitant le contour des yeux. En cas de contact direct ou accidentel avec les yeux, rincer imm\u00e9diatement et abondamment.<\/p>\n<p>\u00c9viter le contact avec les textiles.<\/p>\n<p>Indication : Protection solaire pour enfants. Visage et corps.<\/p>\n<p><strong>COMPOSITION<\/strong><\/p>\n<p>Aqua\/Water, Alcohol Denat., Homosalate, Ethylhexyl Salicylate, Bis-Ethylhexyloxyphenol Methoxyphenyl Triazine, Ethylhexyl Triazone, Butylmethoxydibenzoylmethane, Glycerin, Propanediol, C12-22 Alkyl Acrylate\/Hydroxyethylacrylate Copolymer, Drometrizole Trisiloxane, Diisopropyl Adipate, Diisopropyl Sebacate, Dicaprylyl Ether, Tocopherol, Acrylates\/C10-30 Alkyl Acrylate Crosspolymer, Caprylyl Glycol, Sodium Polyacrylate, Trisodium Ethylenediamine Disuccinate.<\/p>\n","protected":false},"excerpt":{"rendered":"<p>La Roche-Posay Anthelios Dermo-Pediatrics Spray Invisible SPF50+ Sans Parfum<\/p>\n","protected":false},"featured_media":2153,"comment_status":"open","ping_status":"closed","template":"","meta":{"ocean_post_layout":"","ocean_both_sidebars_style":"","ocean_both_sidebars_content_width":0,"ocean_both_sidebars_sidebars_width":0,"ocean_sidebar":"0","ocean_second_sidebar":"0","ocean_disable_margins":"enable","ocean_add_body_class":"","ocean_shortcode_before_top_bar":"","ocean_shortcode_after_top_bar":"","ocean_shortcode_before_header":"","ocean_shortcode_after_header":"","ocean_has_shortcode":"","ocean_shortcode_after_title":"","ocean_shortcode_before_footer_widgets":"","ocean_shortcode_after_footer_widgets":"","ocean_shortcode_before_footer_bottom":"","ocean_shortcode_after_footer_bottom":"","ocean_display_top_bar":"default","ocean_display_header":"default","ocean_header_style":"","ocean_center_header_left_menu":"0","ocean_custom_header_template":"0","ocean_custom_logo":0,"ocean_custom_retina_logo":0,"ocean_custom_logo_max_width":0,"ocean_custom_logo_tablet_max_width":0,"ocean_custom_logo_mobile_max_width":0,"ocean_custom_logo_max_height":0,"ocean_custom_logo_tablet_max_height":0,"ocean_custom_logo_mobile_max_height":0,"ocean_header_custom_menu":"0","ocean_menu_typo_font_family":"0","ocean_menu_typo_font_subset":"","ocean_menu_typo_font_size":0,"ocean_menu_typo_font_size_tablet":0,"ocean_menu_typo_font_size_mobile":0,"ocean_menu_typo_font_size_unit":"px","ocean_menu_typo_font_weight":"","ocean_menu_typo_font_weight_tablet":"","ocean_menu_typo_font_weight_mobile":"","ocean_menu_typo_transform":"","ocean_menu_typo_transform_tablet":"","ocean_menu_typo_transform_mobile":"","ocean_menu_typo_line_height":0,"ocean_menu_typo_line_height_tablet":0,"ocean_menu_typo_line_height_mobile":0,"ocean_menu_typo_line_height_unit":"","ocean_menu_typo_spacing":0,"ocean_menu_typo_spacing_tablet":0,"ocean_menu_typo_spacing_mobile":0,"ocean_menu_typo_spacing_unit":"","ocean_menu_link_color":"","ocean_menu_link_color_hover":"","ocean_menu_link_color_active":"","ocean_menu_link_background":"","ocean_menu_link_hover_background":"","ocean_menu_link_active_background":"","ocean_menu_social_links_bg":"","ocean_menu_social_hover_links_bg":"","ocean_menu_social_links_color":"","ocean_menu_social_hover_links_color":"","ocean_disable_title":"default","ocean_disable_heading":"default","ocean_post_title":"","ocean_post_subheading":"","ocean_post_title_style":"","ocean_post_title_background_color":"","ocean_post_title_background":0,"ocean_post_title_bg_image_position":"","ocean_post_title_bg_image_attachment":"","ocean_post_title_bg_image_repeat":"","ocean_post_title_bg_image_size":"","ocean_post_title_height":0,"ocean_post_title_bg_overlay":0.5,"ocean_post_title_bg_overlay_color":"","ocean_disable_breadcrumbs":"default","ocean_breadcrumbs_color":"","ocean_breadcrumbs_separator_color":"","ocean_breadcrumbs_links_color":"","ocean_breadcrumbs_links_hover_color":"","ocean_display_footer_widgets":"default","ocean_display_footer_bottom":"default","ocean_custom_footer_template":"0"},"product_brand":[],"product_cat":[72,20,79],"product_tag":[],"class_list":{"0":"post-2152","1":"product","2":"type-product","3":"status-publish","4":"has-post-thumbnail","6":"product_cat-protection-solaire-solaire","7":"product_cat-solaire","8":"product_cat-tout-type-de-peaux","10":"entry","11":"has-media","13":"first","14":"outofstock","15":"taxable","16":"shipping-taxable","17":"purchasable","18":"product-type-simple","19":"has-product-nav","20":"col","21":"span_1_of_3","22":"owp-content-center","23":"owp-thumbs-layout-horizontal","24":"owp-btn-normal","25":"owp-tabs-layout-horizontal","26":"has-no-thumbnails"},"_links":{"self":[{"href":"https:\/\/ellypara.com\/index.php\/wp-json\/wp\/v2\/product\/2152","targetHints":{"allow":["GET"]}}],"collection":[{"href":"https:\/\/ellypara.com\/index.php\/wp-json\/wp\/v2\/product"}],"about":[{"href":"https:\/\/ellypara.com\/index.php\/wp-json\/wp\/v2\/types\/product"}],"replies":[{"embeddable":true,"href":"https:\/\/ellypara.com\/index.php\/wp-json\/wp\/v2\/comments?post=2152"}],"wp:featuredmedia":[{"embeddable":true,"href":"https:\/\/ellypara.com\/index.php\/wp-json\/wp\/v2\/media\/2153"}],"wp:attachment":[{"href":"https:\/\/ellypara.com\/index.php\/wp-json\/wp\/v2\/media?parent=2152"}],"wp:term":[{"taxonomy":"product_brand","embeddable":true,"href":"https:\/\/ellypara.com\/index.php\/wp-json\/wp\/v2\/product_brand?post=2152"},{"taxonomy":"product_cat","embeddable":true,"href":"https:\/\/ellypara.com\/index.php\/wp-json\/wp\/v2\/product_cat?post=2152"},{"taxonomy":"product_tag","embeddable":true,"href":"https:\/\/ellypara.com\/index.php\/wp-json\/wp\/v2\/product_tag?post=2152"}],"curies":[{"name":"wp","href":"https:\/\/api.w.org\/{rel}","templated":true}]}}