{"id":2158,"date":"2025-07-06T20:42:41","date_gmt":"2025-07-06T18:42:41","guid":{"rendered":"https:\/\/ellypara.com\/?post_type=product&#038;p=2158"},"modified":"2025-07-06T20:42:41","modified_gmt":"2025-07-06T18:42:41","slug":"la-roche-posay-anthelios-dermo-pediatrics-wet-skin-lotion-spf50-200ml","status":"publish","type":"product","link":"https:\/\/ellypara.com\/index.php\/produit\/la-roche-posay-anthelios-dermo-pediatrics-wet-skin-lotion-spf50-200ml\/","title":{"rendered":"La Roche Posay Anthelios Dermo-Pediatrics Wet Skin Lotion SPF50+ 200ml"},"content":{"rendered":"<p><strong>La Roche Posay Anthelios Dermo-Pediatrics Wet Skin Gel SPF 50+ : cr\u00e8me solaire pour enfants en cas d\u2019allergie solaire et de peau sensible<\/strong><\/p>\n<p>Le gel ANTHELIOS Dermo-Pediatrics Wet Skin Gel SPF 50+ (anciennement Dermo Kids Wet Skin Gel, PZN : 12510309) est un gel de protection solaire transparent dot\u00e9 de la technologie brevet\u00e9e Wetskin. La cr\u00e8me solaire pour enfants est r\u00e9sistante \u00e0 l\u2019eau et \u00e0 la transpiration et convient \u00e9galement \u00e0 une application sur peau mouill\u00e9e. Gr\u00e2ce \u00e0 la protection large spectre XL-Protect, la cr\u00e8me solaire hypoallerg\u00e9nique pour enfants sans parfum prot\u00e8ge non seulement des rayons UVA et UVB nocifs, mais aussi des rayons infrarouges et des influences environnementales externes. Gr\u00e2ce \u00e0 sa formule douce et sans parfum, contenant de la glyc\u00e9rine hydratante et de l\u2019eau thermale, la cr\u00e8me solaire convient \u00e9galement aux peaux sensibles et sujettes aux allergies solaires des enfants.<\/p>\n<p><strong>Type de peau<\/strong><\/p>\n<p>peau normale<br \/>\npeau s\u00e8che<br \/>\nPeau mixte<br \/>\npeau sensible<\/p>\n<p><strong>Application<\/strong><\/p>\n<p>Appliquer g\u00e9n\u00e9reusement le gel ANTHELIOS Dermo-Pediatrics Wet Skin Gel SPF 50+ sur le visage et le corps juste avant l\u2019exposition au soleil et l\u2019\u00e9taler uniform\u00e9ment. Gr\u00e2ce \u00e0 la technologie Wetlock, le gel de protection solaire pour enfants peut \u00e9galement \u00eatre appliqu\u00e9 sur une peau mouill\u00e9e. Renouveler la protection solaire toutes les deux heures apr\u00e8s s\u2019\u00eatre baign\u00e9, s\u00e9ch\u00e9 ou avoir transpir\u00e9. \u00c9viter le contact avec les textiles. Il est \u00e9galement recommand\u00e9 d\u2019\u00e9viter le soleil de midi et de ne pas exposer les enfants de moins de trois ans aux rayons directs du soleil. Outre la cr\u00e8me solaire pour enfants, d\u2019autres mesures de protection solaire sont utiles, comme les v\u00eatements anti-UV et les couvre-chefs, qui prot\u00e8gent davantage la peau sensible des enfants.<\/p>\n<p><strong>Ingr\u00e9dients<\/strong><\/p>\n<p>AQUA \/ WATER \u2013 HOMOSALATE \u2013 DROMETRIZOLE TRISILOXANE \u2013 ETHYLHEXYL SALICYLATE \u2013 BIS-ETHYLHEXYLOXYPHENOL METHOXYPHENYL TRIAZINE \u2013 ETHYLHEXYL TRIAZONE \u2013 BUTYL METHOXYDIBENZOYLMETHANE \u2013 ISOHEXADECANE \u2013 ALCOHOL DENAT. \u2013 PROPANEDIOL \u2013 DICAPRYLYL ETHER \u2013 STYRENE\/ACRYLATES COPOLYMER \u2013 DIMETHICONE \u2013 ACRYLATES\/DIMETHICONE COPOLYMER \u2013 p-ANISIC ACID \u2013 ASCORBYL PALMITATE \u2013 CARBOMER \u2013 DISODIUM EDTA \u2013 GLYCERYL OLEATE \u2013 HYDROGENATED PALM GLYCERIDES CITRATE \u2013 LECITHINE \u2013 NYLON-12 \u2013 PEG-8 LAURATE \u2013 PHENOXYETHANOL \u2013 TOCOPHEROL \u2013 TRIETHANOLAMINE<\/p>\n","protected":false},"excerpt":{"rendered":"<p>La Roche Posay Anthelios Dermo-Pediatrics Wet Skin Lotion cr\u00e8me solaire pour enfants \u00e0 la peau sensible et sujette aux allergies solaires.<\/p>\n","protected":false},"featured_media":2159,"comment_status":"open","ping_status":"closed","template":"","meta":{"ocean_post_layout":"","ocean_both_sidebars_style":"","ocean_both_sidebars_content_width":0,"ocean_both_sidebars_sidebars_width":0,"ocean_sidebar":"0","ocean_second_sidebar":"0","ocean_disable_margins":"enable","ocean_add_body_class":"","ocean_shortcode_before_top_bar":"","ocean_shortcode_after_top_bar":"","ocean_shortcode_before_header":"","ocean_shortcode_after_header":"","ocean_has_shortcode":"","ocean_shortcode_after_title":"","ocean_shortcode_before_footer_widgets":"","ocean_shortcode_after_footer_widgets":"","ocean_shortcode_before_footer_bottom":"","ocean_shortcode_after_footer_bottom":"","ocean_display_top_bar":"default","ocean_display_header":"default","ocean_header_style":"","ocean_center_header_left_menu":"0","ocean_custom_header_template":"0","ocean_custom_logo":0,"ocean_custom_retina_logo":0,"ocean_custom_logo_max_width":0,"ocean_custom_logo_tablet_max_width":0,"ocean_custom_logo_mobile_max_width":0,"ocean_custom_logo_max_height":0,"ocean_custom_logo_tablet_max_height":0,"ocean_custom_logo_mobile_max_height":0,"ocean_header_custom_menu":"0","ocean_menu_typo_font_family":"0","ocean_menu_typo_font_subset":"","ocean_menu_typo_font_size":0,"ocean_menu_typo_font_size_tablet":0,"ocean_menu_typo_font_size_mobile":0,"ocean_menu_typo_font_size_unit":"px","ocean_menu_typo_font_weight":"","ocean_menu_typo_font_weight_tablet":"","ocean_menu_typo_font_weight_mobile":"","ocean_menu_typo_transform":"","ocean_menu_typo_transform_tablet":"","ocean_menu_typo_transform_mobile":"","ocean_menu_typo_line_height":0,"ocean_menu_typo_line_height_tablet":0,"ocean_menu_typo_line_height_mobile":0,"ocean_menu_typo_line_height_unit":"","ocean_menu_typo_spacing":0,"ocean_menu_typo_spacing_tablet":0,"ocean_menu_typo_spacing_mobile":0,"ocean_menu_typo_spacing_unit":"","ocean_menu_link_color":"","ocean_menu_link_color_hover":"","ocean_menu_link_color_active":"","ocean_menu_link_background":"","ocean_menu_link_hover_background":"","ocean_menu_link_active_background":"","ocean_menu_social_links_bg":"","ocean_menu_social_hover_links_bg":"","ocean_menu_social_links_color":"","ocean_menu_social_hover_links_color":"","ocean_disable_title":"default","ocean_disable_heading":"default","ocean_post_title":"","ocean_post_subheading":"","ocean_post_title_style":"","ocean_post_title_background_color":"","ocean_post_title_background":0,"ocean_post_title_bg_image_position":"","ocean_post_title_bg_image_attachment":"","ocean_post_title_bg_image_repeat":"","ocean_post_title_bg_image_size":"","ocean_post_title_height":0,"ocean_post_title_bg_overlay":0.5,"ocean_post_title_bg_overlay_color":"","ocean_disable_breadcrumbs":"default","ocean_breadcrumbs_color":"","ocean_breadcrumbs_separator_color":"","ocean_breadcrumbs_links_color":"","ocean_breadcrumbs_links_hover_color":"","ocean_display_footer_widgets":"default","ocean_display_footer_bottom":"default","ocean_custom_footer_template":"0"},"product_brand":[],"product_cat":[72,20,79],"product_tag":[],"class_list":{"0":"post-2158","1":"product","2":"type-product","3":"status-publish","4":"has-post-thumbnail","6":"product_cat-protection-solaire-solaire","7":"product_cat-solaire","8":"product_cat-tout-type-de-peaux","10":"entry","11":"has-media","13":"first","14":"outofstock","15":"taxable","16":"shipping-taxable","17":"purchasable","18":"product-type-simple","19":"has-product-nav","20":"col","21":"span_1_of_3","22":"owp-content-center","23":"owp-thumbs-layout-horizontal","24":"owp-btn-normal","25":"owp-tabs-layout-horizontal"},"_links":{"self":[{"href":"https:\/\/ellypara.com\/index.php\/wp-json\/wp\/v2\/product\/2158","targetHints":{"allow":["GET"]}}],"collection":[{"href":"https:\/\/ellypara.com\/index.php\/wp-json\/wp\/v2\/product"}],"about":[{"href":"https:\/\/ellypara.com\/index.php\/wp-json\/wp\/v2\/types\/product"}],"replies":[{"embeddable":true,"href":"https:\/\/ellypara.com\/index.php\/wp-json\/wp\/v2\/comments?post=2158"}],"wp:featuredmedia":[{"embeddable":true,"href":"https:\/\/ellypara.com\/index.php\/wp-json\/wp\/v2\/media\/2159"}],"wp:attachment":[{"href":"https:\/\/ellypara.com\/index.php\/wp-json\/wp\/v2\/media?parent=2158"}],"wp:term":[{"taxonomy":"product_brand","embeddable":true,"href":"https:\/\/ellypara.com\/index.php\/wp-json\/wp\/v2\/product_brand?post=2158"},{"taxonomy":"product_cat","embeddable":true,"href":"https:\/\/ellypara.com\/index.php\/wp-json\/wp\/v2\/product_cat?post=2158"},{"taxonomy":"product_tag","embeddable":true,"href":"https:\/\/ellypara.com\/index.php\/wp-json\/wp\/v2\/product_tag?post=2158"}],"curies":[{"name":"wp","href":"https:\/\/api.w.org\/{rel}","templated":true}]}}