{"id":2174,"date":"2025-07-06T21:08:21","date_gmt":"2025-07-06T19:08:21","guid":{"rendered":"https:\/\/ellypara.com\/?post_type=product&#038;p=2174"},"modified":"2025-07-06T21:08:21","modified_gmt":"2025-07-06T19:08:21","slug":"la-roche-posay-anthelios-spray-solaire-invisible-ultra-protection-spf50-200ml","status":"publish","type":"product","link":"https:\/\/ellypara.com\/index.php\/produit\/la-roche-posay-anthelios-spray-solaire-invisible-ultra-protection-spf50-200ml\/","title":{"rendered":"La Roche Posay Anthelios Spray Solaire Invisible Ultra Protection SPF50+ 200ml"},"content":{"rendered":"<p><strong>Cr\u00e8me Solaire Corps en Spray 200ml Anthelios Tr\u00e8s Haute Protection spf 50+ Avec Parfum La Roche-Posay<\/strong><\/p>\n<p>Le\u00a0<strong>spray solaire invisible Anthelios SPF 50+ de la Roche-Posay\u00a0<\/strong>permet de prot\u00e9ger les peaux sensibles. Il s\u2019applique aussi bien sur le corps que sur le visage. Il est efficace\u00a0<strong>contre les UVA et les UVB<\/strong>. Il s\u2019agit des rayons ultraviolets \u00e9mis par le soleil et qui frappent la peau lorsque l\u2019on s\u2019expose au soleil. Ceux-ci vont agresser la peau de diff\u00e9rentes mani\u00e8res. Ainsi, les UVA sont tr\u00e8s p\u00e9n\u00e9trants. Au c\u0153ur de la peau, ils provoquent la cr\u00e9ation de radicaux libres d\u00e9stabilisateurs et ils sont responsables de son photo vieillissement et de d\u00e9sordres pigmentaires. Les UVB sont eux \u00e0 l\u2019origine des coups de soleil. Les deux types d\u2019UV sont \u00e9galement une cause de cancers cutan\u00e9s.<\/p>\n<p>Face \u00e0 ces rayons UV, le\u00a0<strong>spray invisible\u00a0Anthelios de la Roche-Posay<\/strong>\u00a0offre un\u00a0<strong>tr\u00e8s haut degr\u00e9 de protection<\/strong>. Il est d\u2019indice SPF 50+. Il est \u00e9galement d\u2019indice PA++++. Il assure une excellente\u00a0<strong>r\u00e9sistance \u00e0 l\u2019eau<\/strong>\u00a0et il peut aussi subir les assauts du\u00a0<strong>sable<\/strong>\u00a0et de la\u00a0<strong>transpiration<\/strong>, ce qui en fait l\u2019alli\u00e9 id\u00e9al pour vous accompagner \u00e0 la plage ou \u00e0 la piscine. Il ne laisse pas d\u2019inesth\u00e9tiques traces blanches sur la peau.<\/p>\n<p>Ce\u00a0<strong>spray solaire invisible Anthelios SPF 50+ de la Roche-Posay\u00a0<\/strong>est formul\u00e9 de fa\u00e7on \u00e0 pr\u00e9venir la survenue du stress oxydatif provoqu\u00e9 par les radicaux libres engendr\u00e9s par les rayonnements infra-rouges ainsi que par la pollution.<\/p>\n<p>Enfin, la formule de ce spray respecte le milieu marin.<\/p>\n<p><strong>Conditionnement :<\/strong>\u00a0Flacon spray de 200 ml<\/p>\n","protected":false},"excerpt":{"rendered":"<p>Cr\u00e8me\u00a0<strong>solaire<\/strong>\u00a0spray corps spf 50+. Formul\u00e9e pour les\u00a0<strong>peaux sensibles<\/strong>\u00a0gr\u00e2ce \u00e0 l\u2019<strong>eau thermale<\/strong>\u00a0de La Roche Posay qui est\u00a0<strong>apaisante<\/strong>\u00a0et\u00a0<strong>anti oxydante<\/strong>.<\/p>\n","protected":false},"featured_media":2175,"comment_status":"open","ping_status":"closed","template":"","meta":{"ocean_post_layout":"","ocean_both_sidebars_style":"","ocean_both_sidebars_content_width":0,"ocean_both_sidebars_sidebars_width":0,"ocean_sidebar":"0","ocean_second_sidebar":"0","ocean_disable_margins":"enable","ocean_add_body_class":"","ocean_shortcode_before_top_bar":"","ocean_shortcode_after_top_bar":"","ocean_shortcode_before_header":"","ocean_shortcode_after_header":"","ocean_has_shortcode":"","ocean_shortcode_after_title":"","ocean_shortcode_before_footer_widgets":"","ocean_shortcode_after_footer_widgets":"","ocean_shortcode_before_footer_bottom":"","ocean_shortcode_after_footer_bottom":"","ocean_display_top_bar":"default","ocean_display_header":"default","ocean_header_style":"","ocean_center_header_left_menu":"0","ocean_custom_header_template":"0","ocean_custom_logo":0,"ocean_custom_retina_logo":0,"ocean_custom_logo_max_width":0,"ocean_custom_logo_tablet_max_width":0,"ocean_custom_logo_mobile_max_width":0,"ocean_custom_logo_max_height":0,"ocean_custom_logo_tablet_max_height":0,"ocean_custom_logo_mobile_max_height":0,"ocean_header_custom_menu":"0","ocean_menu_typo_font_family":"0","ocean_menu_typo_font_subset":"","ocean_menu_typo_font_size":0,"ocean_menu_typo_font_size_tablet":0,"ocean_menu_typo_font_size_mobile":0,"ocean_menu_typo_font_size_unit":"px","ocean_menu_typo_font_weight":"","ocean_menu_typo_font_weight_tablet":"","ocean_menu_typo_font_weight_mobile":"","ocean_menu_typo_transform":"","ocean_menu_typo_transform_tablet":"","ocean_menu_typo_transform_mobile":"","ocean_menu_typo_line_height":0,"ocean_menu_typo_line_height_tablet":0,"ocean_menu_typo_line_height_mobile":0,"ocean_menu_typo_line_height_unit":"","ocean_menu_typo_spacing":0,"ocean_menu_typo_spacing_tablet":0,"ocean_menu_typo_spacing_mobile":0,"ocean_menu_typo_spacing_unit":"","ocean_menu_link_color":"","ocean_menu_link_color_hover":"","ocean_menu_link_color_active":"","ocean_menu_link_background":"","ocean_menu_link_hover_background":"","ocean_menu_link_active_background":"","ocean_menu_social_links_bg":"","ocean_menu_social_hover_links_bg":"","ocean_menu_social_links_color":"","ocean_menu_social_hover_links_color":"","ocean_disable_title":"default","ocean_disable_heading":"default","ocean_post_title":"","ocean_post_subheading":"","ocean_post_title_style":"","ocean_post_title_background_color":"","ocean_post_title_background":0,"ocean_post_title_bg_image_position":"","ocean_post_title_bg_image_attachment":"","ocean_post_title_bg_image_repeat":"","ocean_post_title_bg_image_size":"","ocean_post_title_height":0,"ocean_post_title_bg_overlay":0.5,"ocean_post_title_bg_overlay_color":"","ocean_disable_breadcrumbs":"default","ocean_breadcrumbs_color":"","ocean_breadcrumbs_separator_color":"","ocean_breadcrumbs_links_color":"","ocean_breadcrumbs_links_hover_color":"","ocean_display_footer_widgets":"default","ocean_display_footer_bottom":"default","ocean_custom_footer_template":"0"},"product_brand":[],"product_cat":[72,20],"product_tag":[],"class_list":{"0":"post-2174","1":"product","2":"type-product","3":"status-publish","4":"has-post-thumbnail","6":"product_cat-protection-solaire-solaire","7":"product_cat-solaire","9":"entry","10":"has-media","12":"first","13":"outofstock","14":"taxable","15":"shipping-taxable","16":"purchasable","17":"product-type-simple","18":"has-product-nav","19":"col","20":"span_1_of_3","21":"owp-content-center","22":"owp-thumbs-layout-horizontal","23":"owp-btn-normal","24":"owp-tabs-layout-horizontal","25":"has-no-thumbnails"},"_links":{"self":[{"href":"https:\/\/ellypara.com\/index.php\/wp-json\/wp\/v2\/product\/2174","targetHints":{"allow":["GET"]}}],"collection":[{"href":"https:\/\/ellypara.com\/index.php\/wp-json\/wp\/v2\/product"}],"about":[{"href":"https:\/\/ellypara.com\/index.php\/wp-json\/wp\/v2\/types\/product"}],"replies":[{"embeddable":true,"href":"https:\/\/ellypara.com\/index.php\/wp-json\/wp\/v2\/comments?post=2174"}],"wp:featuredmedia":[{"embeddable":true,"href":"https:\/\/ellypara.com\/index.php\/wp-json\/wp\/v2\/media\/2175"}],"wp:attachment":[{"href":"https:\/\/ellypara.com\/index.php\/wp-json\/wp\/v2\/media?parent=2174"}],"wp:term":[{"taxonomy":"product_brand","embeddable":true,"href":"https:\/\/ellypara.com\/index.php\/wp-json\/wp\/v2\/product_brand?post=2174"},{"taxonomy":"product_cat","embeddable":true,"href":"https:\/\/ellypara.com\/index.php\/wp-json\/wp\/v2\/product_cat?post=2174"},{"taxonomy":"product_tag","embeddable":true,"href":"https:\/\/ellypara.com\/index.php\/wp-json\/wp\/v2\/product_tag?post=2174"}],"curies":[{"name":"wp","href":"https:\/\/api.w.org\/{rel}","templated":true}]}}