{"id":2176,"date":"2025-07-06T21:14:35","date_gmt":"2025-07-06T19:14:35","guid":{"rendered":"https:\/\/ellypara.com\/?post_type=product&#038;p=2176"},"modified":"2025-07-06T21:14:35","modified_gmt":"2025-07-06T19:14:35","slug":"la-roche-posay-anthelios-gel-creme-toucher-sec-teinte-spf50-50ml","status":"publish","type":"product","link":"https:\/\/ellypara.com\/index.php\/produit\/la-roche-posay-anthelios-gel-creme-toucher-sec-teinte-spf50-50ml\/","title":{"rendered":"La Roche Posay Anthelios Gel-Cr\u00e8me Toucher Sec Teint\u00e9 SPF50+ 50ml"},"content":{"rendered":"<p><strong>La Roche-Posay Anthelios gel-cr\u00e8me visage anti brillance SPF50+<\/strong>\u00a0offre une protection contre les UVA et les UVB ainsi que contre le stress oxydatif gr\u00e2ce \u00e0 la technologie XL-Protect. Ce gel cr\u00e8me solaire est destin\u00e9 \u00e0 la peau sensible de l\u2019adulte, qu\u2019elle soit mixte ou grasse \u00e0 tendance acn\u00e9ique.<\/p>\n<p>Formul\u00e9 pour les<strong>\u00a0peaux sensibles ou allergiques,<\/strong>\u00a0il pr\u00e9vient les taches pigmentaires dues au soleil, durant la grossesse, ou dues \u00e0 la photosensibilisation.<\/p>\n<p>Il est enrichi en eau thermale de la Roche Posay, riche en sels min\u00e9raux et oligo-\u00e9l\u00e9ments, qui lui apporte une<strong>\u00a0action apaisante et anti-irritante.<\/strong><\/p>\n<p>La Roche-Posay Anthelios gel-cr\u00e8me visage anti brillance SPF50+ est dot\u00e9 de la technologie Airlicium qui consiste en une encapsulation de micro-particules matifiantes qui agissent sur la production de s\u00e9bum, sueur et humidit\u00e9.<br \/>\nLa glyc\u00e9rine contribue \u00e0 apporter un c\u00f4t\u00e9 hydratant et la silice exerce une action exfoliante et absorbante.<\/p>\n<p>Sa<strong>\u00a0texture toucher sec<\/strong>\u00a0permet une double action anti-brillance\u00a0: une absorption imm\u00e9diate et un fini ultra-sec. Vous pouvez profiter de vos baignades car<strong>\u00a0ce gel cr\u00e8me visage r\u00e9siste \u00e0 l\u2019eau.\u00a0<\/strong>Sa formule est sans parfum. Il\u00a0a fait l\u2019objet de test dermatologique vous garantissant\u00a0<strong>une tol\u00e9rance optimale.<\/strong><\/p>\n<p><strong>Caract\u00e9ristiques<\/strong>\u00a0:<br \/>\n<em>Sans traces blanches\u00a0\u2013 Tr\u00e8s r\u00e9sistant \u00e0 l\u2019eau \u2013 Non com\u00e9dog\u00e8ne \u2013\u00a0<\/em><em>Test\u00e9 sous contr\u00f4le dermatologique<\/em><\/p>\n<p><strong>Conditionnement<\/strong>\u00a0: tube de 50 ml<\/p>\n<p>Nous vous proposons \u00e9galement le soin solaire et anti-imperfections : c\u2019est le\u00a0gel solaire Anthelios\u00a0Oil Correct SPF 50+<\/p>\n<p><strong>CONSEILS D\u2019UTILISATION<\/strong><\/p>\n<p>Appliquer sur le visage le produit juste avant l\u2019exposition. Renouveler g\u00e9n\u00e9reusement et fr\u00e9quemment.<\/p>\n<p>Pr\u00e9cautions : l\u2019abus de soleil est dangereux. La protection offerte par un produit solaire n\u2019est jamais totale. Ne pas exposer les b\u00e9b\u00e9s et les jeunes enfants. Eviter le contour des yeux. En cas de contact avec les yeux, les rincer imm\u00e9diatement et abondamment. Eviter le contact avec les textiles. Si le produit ne sort plus, agiter puis appuyer sur le tube en actionnant la pompe t\u00eate en haut.<\/p>\n<p><strong>COMPOSITION<\/strong><\/p>\n<p>Aqua\/Water, Homosalate, Silica, Octocrylene, Ethylhexyl Salicylate, Butyl Methoxydibenzoylmethane, Ethylhexyl Triazone, Bis-Ethylhexyloxyphenol Methoxyphenyl Triazine, Drometrizole Trisiloxane, Aluminum Starch Octenylsuccinate, Glycerin, Pentylene Glycol, Styrene\/Acrylates Copolymer, Potassium Cetyl Phosphate, Dimethicone, Perlite, Propylene Glycol, Acrylates\/C10-30 alkyl Acrylate Crosspolymer, Aluminum Hydroxide, Caprylyl Glycol, Disodium EDTA, Inulin Lauryl Carbamate, Isopropyl Lauroyl Sarcosinate, p-Anisic acid, PEG-8 Laurate, Phenoxyethanol, Scuttelaria Baicalensis Extract\/Scuttelaria Baicalensis Root Extract, Silica Silylate, Sodium dodecylbenzenesulfonate, Stearic Acid, Stearyl Alcohol, Terephtalylidene Camphor Sulfonic Acid, Titanium Dioxide, Titanium Dioxide [nano]\/Titanium Dioxide, Tocopherol, Triethanolamine, Xanthan Gum, Zinc Gluconate (Code FIL : C260792\/1).<\/p>\n","protected":false},"excerpt":{"rendered":"<p>La Roche-Posay Anthelios gel-cr\u00e8me visage anti brillance SPF50+\u00a0offre une protection contre les UVA et les UVB ainsi que contre le stress oxydatif gr\u00e2ce \u00e0 la technologie XL-Protect.<\/p>\n","protected":false},"featured_media":2177,"comment_status":"open","ping_status":"closed","template":"","meta":{"ocean_post_layout":"","ocean_both_sidebars_style":"","ocean_both_sidebars_content_width":0,"ocean_both_sidebars_sidebars_width":0,"ocean_sidebar":"0","ocean_second_sidebar":"0","ocean_disable_margins":"enable","ocean_add_body_class":"","ocean_shortcode_before_top_bar":"","ocean_shortcode_after_top_bar":"","ocean_shortcode_before_header":"","ocean_shortcode_after_header":"","ocean_has_shortcode":"","ocean_shortcode_after_title":"","ocean_shortcode_before_footer_widgets":"","ocean_shortcode_after_footer_widgets":"","ocean_shortcode_before_footer_bottom":"","ocean_shortcode_after_footer_bottom":"","ocean_display_top_bar":"default","ocean_display_header":"default","ocean_header_style":"","ocean_center_header_left_menu":"0","ocean_custom_header_template":"0","ocean_custom_logo":0,"ocean_custom_retina_logo":0,"ocean_custom_logo_max_width":0,"ocean_custom_logo_tablet_max_width":0,"ocean_custom_logo_mobile_max_width":0,"ocean_custom_logo_max_height":0,"ocean_custom_logo_tablet_max_height":0,"ocean_custom_logo_mobile_max_height":0,"ocean_header_custom_menu":"0","ocean_menu_typo_font_family":"0","ocean_menu_typo_font_subset":"","ocean_menu_typo_font_size":0,"ocean_menu_typo_font_size_tablet":0,"ocean_menu_typo_font_size_mobile":0,"ocean_menu_typo_font_size_unit":"px","ocean_menu_typo_font_weight":"","ocean_menu_typo_font_weight_tablet":"","ocean_menu_typo_font_weight_mobile":"","ocean_menu_typo_transform":"","ocean_menu_typo_transform_tablet":"","ocean_menu_typo_transform_mobile":"","ocean_menu_typo_line_height":0,"ocean_menu_typo_line_height_tablet":0,"ocean_menu_typo_line_height_mobile":0,"ocean_menu_typo_line_height_unit":"","ocean_menu_typo_spacing":0,"ocean_menu_typo_spacing_tablet":0,"ocean_menu_typo_spacing_mobile":0,"ocean_menu_typo_spacing_unit":"","ocean_menu_link_color":"","ocean_menu_link_color_hover":"","ocean_menu_link_color_active":"","ocean_menu_link_background":"","ocean_menu_link_hover_background":"","ocean_menu_link_active_background":"","ocean_menu_social_links_bg":"","ocean_menu_social_hover_links_bg":"","ocean_menu_social_links_color":"","ocean_menu_social_hover_links_color":"","ocean_disable_title":"default","ocean_disable_heading":"default","ocean_post_title":"","ocean_post_subheading":"","ocean_post_title_style":"","ocean_post_title_background_color":"","ocean_post_title_background":0,"ocean_post_title_bg_image_position":"","ocean_post_title_bg_image_attachment":"","ocean_post_title_bg_image_repeat":"","ocean_post_title_bg_image_size":"","ocean_post_title_height":0,"ocean_post_title_bg_overlay":0.5,"ocean_post_title_bg_overlay_color":"","ocean_disable_breadcrumbs":"default","ocean_breadcrumbs_color":"","ocean_breadcrumbs_separator_color":"","ocean_breadcrumbs_links_color":"","ocean_breadcrumbs_links_hover_color":"","ocean_display_footer_widgets":"default","ocean_display_footer_bottom":"default","ocean_custom_footer_template":"0"},"product_brand":[],"product_cat":[72,20],"product_tag":[],"class_list":{"0":"post-2176","1":"product","2":"type-product","3":"status-publish","4":"has-post-thumbnail","6":"product_cat-protection-solaire-solaire","7":"product_cat-solaire","9":"entry","10":"has-media","12":"first","13":"outofstock","14":"taxable","15":"shipping-taxable","16":"purchasable","17":"product-type-simple","18":"has-product-nav","19":"col","20":"span_1_of_3","21":"owp-content-center","22":"owp-thumbs-layout-horizontal","23":"owp-btn-normal","24":"owp-tabs-layout-horizontal","25":"has-no-thumbnails"},"_links":{"self":[{"href":"https:\/\/ellypara.com\/index.php\/wp-json\/wp\/v2\/product\/2176","targetHints":{"allow":["GET"]}}],"collection":[{"href":"https:\/\/ellypara.com\/index.php\/wp-json\/wp\/v2\/product"}],"about":[{"href":"https:\/\/ellypara.com\/index.php\/wp-json\/wp\/v2\/types\/product"}],"replies":[{"embeddable":true,"href":"https:\/\/ellypara.com\/index.php\/wp-json\/wp\/v2\/comments?post=2176"}],"wp:featuredmedia":[{"embeddable":true,"href":"https:\/\/ellypara.com\/index.php\/wp-json\/wp\/v2\/media\/2177"}],"wp:attachment":[{"href":"https:\/\/ellypara.com\/index.php\/wp-json\/wp\/v2\/media?parent=2176"}],"wp:term":[{"taxonomy":"product_brand","embeddable":true,"href":"https:\/\/ellypara.com\/index.php\/wp-json\/wp\/v2\/product_brand?post=2176"},{"taxonomy":"product_cat","embeddable":true,"href":"https:\/\/ellypara.com\/index.php\/wp-json\/wp\/v2\/product_cat?post=2176"},{"taxonomy":"product_tag","embeddable":true,"href":"https:\/\/ellypara.com\/index.php\/wp-json\/wp\/v2\/product_tag?post=2176"}],"curies":[{"name":"wp","href":"https:\/\/api.w.org\/{rel}","templated":true}]}}