{"id":2181,"date":"2025-07-07T14:18:43","date_gmt":"2025-07-07T12:18:43","guid":{"rendered":"https:\/\/ellypara.com\/?post_type=product&#038;p=2181"},"modified":"2025-07-07T14:18:43","modified_gmt":"2025-07-07T12:18:43","slug":"la-roche-posay-anthelios-oil-correct-gel-creme-quotidien-spf-50","status":"publish","type":"product","link":"https:\/\/ellypara.com\/index.php\/produit\/la-roche-posay-anthelios-oil-correct-gel-creme-quotidien-spf-50\/","title":{"rendered":"La Roche Posay Anthelios Oil Correct Gel cr\u00e8me quotidien SPF 50+"},"content":{"rendered":"<p>Le\u00a0<strong>gel cr\u00e8me quotidien Anthelios Oil Correct\u00a0SPF50+ La Roche Posay<\/strong>\u00a0est un soin matifiant pour le visage, doubl\u00e9 d\u2019une haute protection contre les rayons nocifs du soleil. Il vise \u00e0 la d\u00e9pollution de l\u2019\u00e9piderme et \u00e0 sa pr\u00e9servation du stress oxydatif dont nous sommes tous victimes au quotidien, notamment dans les zones urbanis\u00e9es. Il s\u2019adresse particuli\u00e8rement aux personnes qui ont la peau grasse et sont sujettes \u00e0 l\u2019apparition d\u2019imperfections cutan\u00e9es.<\/p>\n<p>La bellig\u00e9rance avec laquelle notre environnement nous assaille inlassablement, que ce soit le climat, l\u2019ai conditionn\u00e9, les particules de pollution ou encore la lumi\u00e8re du soleil, contribue \u00e0 d\u00e9r\u00e9gler le fragile \u00e9quilibre cellulaire et \u00e0 acc\u00e9l\u00e9rer le vieillissement naturel, surtout si la peau est par nature d\u00e9licate.\u00a0<strong>La Roche Posay<\/strong>\u00a0mise sur sa technologie Cellbox-B3, regroupant du Mexoryl\u00a0XL, des vitamines\u00a0B3 et E et de l\u2019eau thermale, pour nourrir en profondeur le derme et former un bouclier contre \u00e0 la fois le stress oxydatif et les rayons UV, notamment les UVA plus p\u00e9n\u00e9trant et dangereux pour les cellules. Le\u00a0<strong>soin visage Anthelio Oil Correct<\/strong>\u00a0permet par ailleurs de limiter l\u2019adh\u00e9rence des particules de pollution sur l\u2019\u00e9piderme.<\/p>\n<p>Riche en actifs dermatologiques que sont l\u2019acide salicylique, le niacinamide, le zinc ou encore l\u2019airlicum, le\u00a0<strong>gel-cr\u00e8me Anthelios Oil Correct\u00a0SPF50+<\/strong>\u00a0agit aussi sur les imperfections en r\u00e9gulant la s\u00e9cr\u00e9tion de s\u00e9bum\u00a0de mani\u00e8re \u00e0 d\u00e9sobstruer les pores. Il offre un fini matifi\u00e9 qui laisse respirer la peau et redonne un \u00e9clat naturel au teint.<\/p>\n<p><strong>Conditionnement\u00a0:<\/strong>\u00a0Flacon-pompe de 50\u00a0ml<\/p>\n<p><strong>CONSEILS D\u2019UTILISATION<\/strong><\/p>\n<p>Appliquer uniform\u00e9ment sur tout le visage chaque matin, comme derni\u00e8re \u00e9tape de votre routine de soin avant le maquillage.<\/p>\n<p><strong>COMPOSITION<\/strong><\/p>\n<p>Aqua \/ water \/ eau, silica,isopropyl palmitate, bis-ethylhexyloxyphenolmethoxyphenyl triazine, ethylhexyl salicylate,ethylhexyl triazone, butyl methoxydibenzoylmethane,dicaprylyl ether, niacinamide, drometrizole trisiloxane, phenylbenzimidazole sulfonic acid, diisopropyl adipate, triethanolamine, glycerin, zea mays starch \/ cornstarch, diisopropyl sebacate, diethylaminohydroxybenzoyl hexyl benzoate, pentylene glycol, tocopherol, sodium stearoyl glutamate, perlite, acrylates\/c10-30 alkyl acrylate crosspolymer, caprylyl glycol, ci 15510 \/ orange 4, ci 16035 \/ red 40, inulin lauryl carbamate, isopropyl lauroyl sarcosinate, p-anisic acid, salicylic acid, silica silylate, sodium polyacrylate, terephthalylidene dicamphor sulfonicacid, titanium dioxide, trisodium ethylenediamine disuccinate, tromethamine, xanthan gum, zinc pca, parfum\/ fragrance. (code f.i.l. : n292036\/1)<\/p>\n","protected":false},"excerpt":{"rendered":"<p>Le\u00a0<strong>gel cr\u00e8me quotidien Anthelios Oil Correct\u00a0SPF50+ La Roche Posay<\/strong>\u00a0est un soin matifiant pour le visage, doubl\u00e9 d\u2019une haute protection contre les rayons nocifs du soleil.<\/p>\n","protected":false},"featured_media":2182,"comment_status":"open","ping_status":"closed","template":"","meta":{"ocean_post_layout":"","ocean_both_sidebars_style":"","ocean_both_sidebars_content_width":0,"ocean_both_sidebars_sidebars_width":0,"ocean_sidebar":"0","ocean_second_sidebar":"0","ocean_disable_margins":"enable","ocean_add_body_class":"","ocean_shortcode_before_top_bar":"","ocean_shortcode_after_top_bar":"","ocean_shortcode_before_header":"","ocean_shortcode_after_header":"","ocean_has_shortcode":"","ocean_shortcode_after_title":"","ocean_shortcode_before_footer_widgets":"","ocean_shortcode_after_footer_widgets":"","ocean_shortcode_before_footer_bottom":"","ocean_shortcode_after_footer_bottom":"","ocean_display_top_bar":"default","ocean_display_header":"default","ocean_header_style":"","ocean_center_header_left_menu":"0","ocean_custom_header_template":"0","ocean_custom_logo":0,"ocean_custom_retina_logo":0,"ocean_custom_logo_max_width":0,"ocean_custom_logo_tablet_max_width":0,"ocean_custom_logo_mobile_max_width":0,"ocean_custom_logo_max_height":0,"ocean_custom_logo_tablet_max_height":0,"ocean_custom_logo_mobile_max_height":0,"ocean_header_custom_menu":"0","ocean_menu_typo_font_family":"0","ocean_menu_typo_font_subset":"","ocean_menu_typo_font_size":0,"ocean_menu_typo_font_size_tablet":0,"ocean_menu_typo_font_size_mobile":0,"ocean_menu_typo_font_size_unit":"px","ocean_menu_typo_font_weight":"","ocean_menu_typo_font_weight_tablet":"","ocean_menu_typo_font_weight_mobile":"","ocean_menu_typo_transform":"","ocean_menu_typo_transform_tablet":"","ocean_menu_typo_transform_mobile":"","ocean_menu_typo_line_height":0,"ocean_menu_typo_line_height_tablet":0,"ocean_menu_typo_line_height_mobile":0,"ocean_menu_typo_line_height_unit":"","ocean_menu_typo_spacing":0,"ocean_menu_typo_spacing_tablet":0,"ocean_menu_typo_spacing_mobile":0,"ocean_menu_typo_spacing_unit":"","ocean_menu_link_color":"","ocean_menu_link_color_hover":"","ocean_menu_link_color_active":"","ocean_menu_link_background":"","ocean_menu_link_hover_background":"","ocean_menu_link_active_background":"","ocean_menu_social_links_bg":"","ocean_menu_social_hover_links_bg":"","ocean_menu_social_links_color":"","ocean_menu_social_hover_links_color":"","ocean_disable_title":"default","ocean_disable_heading":"default","ocean_post_title":"","ocean_post_subheading":"","ocean_post_title_style":"","ocean_post_title_background_color":"","ocean_post_title_background":0,"ocean_post_title_bg_image_position":"","ocean_post_title_bg_image_attachment":"","ocean_post_title_bg_image_repeat":"","ocean_post_title_bg_image_size":"","ocean_post_title_height":0,"ocean_post_title_bg_overlay":0.5,"ocean_post_title_bg_overlay_color":"","ocean_disable_breadcrumbs":"default","ocean_breadcrumbs_color":"","ocean_breadcrumbs_separator_color":"","ocean_breadcrumbs_links_color":"","ocean_breadcrumbs_links_hover_color":"","ocean_display_footer_widgets":"default","ocean_display_footer_bottom":"default","ocean_custom_footer_template":"0"},"product_brand":[],"product_cat":[71,76,20],"product_tag":[],"class_list":{"0":"post-2181","1":"product","2":"type-product","3":"status-publish","4":"has-post-thumbnail","6":"product_cat-cremes-solaires","7":"product_cat-peaux-mixtes-a-grasses","8":"product_cat-solaire","10":"entry","11":"has-media","13":"first","14":"outofstock","15":"taxable","16":"shipping-taxable","17":"purchasable","18":"product-type-simple","19":"has-product-nav","20":"col","21":"span_1_of_3","22":"owp-content-center","23":"owp-thumbs-layout-horizontal","24":"owp-btn-normal","25":"owp-tabs-layout-horizontal"},"_links":{"self":[{"href":"https:\/\/ellypara.com\/index.php\/wp-json\/wp\/v2\/product\/2181","targetHints":{"allow":["GET"]}}],"collection":[{"href":"https:\/\/ellypara.com\/index.php\/wp-json\/wp\/v2\/product"}],"about":[{"href":"https:\/\/ellypara.com\/index.php\/wp-json\/wp\/v2\/types\/product"}],"replies":[{"embeddable":true,"href":"https:\/\/ellypara.com\/index.php\/wp-json\/wp\/v2\/comments?post=2181"}],"wp:featuredmedia":[{"embeddable":true,"href":"https:\/\/ellypara.com\/index.php\/wp-json\/wp\/v2\/media\/2182"}],"wp:attachment":[{"href":"https:\/\/ellypara.com\/index.php\/wp-json\/wp\/v2\/media?parent=2181"}],"wp:term":[{"taxonomy":"product_brand","embeddable":true,"href":"https:\/\/ellypara.com\/index.php\/wp-json\/wp\/v2\/product_brand?post=2181"},{"taxonomy":"product_cat","embeddable":true,"href":"https:\/\/ellypara.com\/index.php\/wp-json\/wp\/v2\/product_cat?post=2181"},{"taxonomy":"product_tag","embeddable":true,"href":"https:\/\/ellypara.com\/index.php\/wp-json\/wp\/v2\/product_tag?post=2181"}],"curies":[{"name":"wp","href":"https:\/\/api.w.org\/{rel}","templated":true}]}}