{"id":2185,"date":"2025-07-07T14:42:45","date_gmt":"2025-07-07T12:42:45","guid":{"rendered":"https:\/\/ellypara.com\/?post_type=product&#038;p=2185"},"modified":"2025-07-07T14:42:45","modified_gmt":"2025-07-07T12:42:45","slug":"la-roche-posay-anthelios-pigment-correct-spf-50","status":"publish","type":"product","link":"https:\/\/ellypara.com\/index.php\/produit\/la-roche-posay-anthelios-pigment-correct-spf-50\/","title":{"rendered":"La Roche Posay Anthelios Pigment Correct SPF 50+"},"content":{"rendered":"<p><strong>Anthelios Pigment Correct SPF50+<\/strong>\u00a0de\u00a0<strong>La Roche-Posay<\/strong>\u00a0est une cr\u00e8me solaire con\u00e7ue tout sp\u00e9cialement pour prot\u00e9ger la peau du soleil et pr\u00e9venir l\u2019hyperpigmentation. Le soleil, m\u00eame s\u2019il permet \u00e0 la peau de synth\u00e9tiser la vitamine D, peut \u00e9galement s\u2019av\u00e9rer dangereux pour la sant\u00e9 et notamment pour la peau. Il peut \u00eatre \u00e0 l\u2019origine\u00a0de\u00a0coups de soleil, favoriser\u00a0un vieillissement cutan\u00e9 pr\u00e9coce\u00a0et\u00a0entra\u00eener une hyperpigmentation de la peau.<\/p>\n<p>Pour\u00a0<strong>prot\u00e9ger efficacement<\/strong>\u00a0votre peau contre les effets n\u00e9fastes du soleil, le laboratoire La Roche-Posay a cr\u00e9\u00e9 la cr\u00e8me quotidienne teint\u00e9e\u00a0Anthelios Pigment Correct SPF50+. Cette cr\u00e8me solaire tire parti de la technologie\u00a0<strong>Cellox-b3 Tech<\/strong>\u00a0(Meroxyl\u00a0XL) qui offre une\u00a0<strong>protection \u00e0 large spectre<\/strong> contre les UVB et les UVA\u00a0afin de\u00a0prot\u00e9ger votre peau du photo vieillissement.<\/p>\n<p>La formule int\u00e8gre \u00e9galement des\u00a0<strong>actifs correcteurs<\/strong>\u00a0(Niacinamide\u00a0+ Procerad) et des<strong>\u00a0pigments\u00a0min\u00e9raux\u00a0<\/strong>qui vont se charger de pr\u00e9venir l\u2019hyperpigmentation\u00a0et d\u2019unifier le teint. Enfin, la cr\u00e8me solaire\u00a0Anthelios Pigment Correct SPF50+ La Roche-Posay est riche en\u00a0<strong>vitamines B3<\/strong>, en\u00a0<strong>vitamine E\u00a0<\/strong>et en\u00a0<strong>eau thermale de La Roche-Posay<\/strong>, trois puissants\u00a0antioxydants qui vont prot\u00e9ger la peau contre le stress oxydatif induit par le soleil et la pollution, et limiter l\u2019adh\u00e9rence de cette derni\u00e8re sur la peau.<\/p>\n<p>La cr\u00e8me solaire teint\u00e9e Anthelios Pigment Correct SPF50+\u00a0de La Roche-Posay\u00a0poss\u00e8de une<strong>\u00a0haute couvrance<\/strong>\u00a0et sa teinte fonc\u00e9e permet de corriger naturellement les taches\u00a0les plus fonc\u00e9es et d\u2019unifier votre teint.<\/p>\n<p><strong>Caract\u00e9ristiques :<\/strong><br \/>\nTr\u00e8s haute protection<br \/>\nAnti-pollution<br \/>\nAnti-oxydation<br \/>\nPr\u00e9vient 50 % de l\u2019hyperpigmentation induite par la lumi\u00e8re visible.<br \/>\nHypoallerg\u00e9nique<br \/>\nHaute tol\u00e9rance<br \/>\nNon com\u00e9dog\u00e8ne<br \/>\nTest\u00e9 sous contr\u00f4le dermatologique<br \/>\nTeinte fonc\u00e9e<\/p>\n<p>Et\u00a0pour\u00a0lisser les rides et ridules pensez \u00e0 int\u00e9grer le\u00a0S\u00e9rum Pure vitamin C10 La Roche-Posay\u00a0dans votre routine beaut\u00e9.<\/p>\n<p><strong>Conditionnement :<\/strong>\u00a01 flacon pompe de 50 ml<\/p>\n<p><strong>CONSEILS D\u2019UTILISATION<\/strong><\/p>\n<p>Appliquez chaque matin de fa\u00e7on uniforme votre Cr\u00e8me quotidienne teint\u00e9e Anthelios Pigment Correct sur l\u2019ensemble de votre visage.<br \/>\nCette \u00e9tape constitue la derni\u00e8re de votre routine matinale, avant le maquillage.<\/p>\n<p>La surexposition au soleil est dangereuse. Ne restez pas trop longtemps au soleil. Un produit solaire ne prot\u00e8ge pas \u00e0 100 %.<br \/>\nRenouvelez fr\u00e9quemment et g\u00e9n\u00e9reusement l\u2019application pour pr\u00e9server l\u2019application.<br \/>\nEvitez le contour des yeux. En cas de contact avec les yeux, les rincer imm\u00e9diatement et abondamment.<\/p>\n<p><strong>COMPOSITION<\/strong><\/p>\n<p>INGREDIENTS : AQUA \/ WATER \/ EAU, GLYCERIN, PROPANEDIOL, CAPRYLIC\/CAPRIC TRIGLYCERIDE, ETHYLHEXYL SALICYLATE, C12-15 ALKYL BENZOATE, ALCOHOL DENAT., BIS-ETHYLHEXYLOXYPHENOL METHOXYPHENYL TRIAZINE, TITANIUM DIOXIDE [NANO] \/ TITANIUM DIOXIDE, BUTYL METHOXYDIBENZOYLMETHANE, CI 77891 \/ TITANIUM DIOXIDE, DROMETRIZOLE TRISILOXANE, STYRENE\/ACRYLATES COPOLYMER, DIMETHICONE, CI 77492 \/ IRON OXIDES, ZEA MAYS STARCH \/ CORN STARCH, PROPYLENE GLYCOL, SYNTHETIC WAX, DIETHYLHEXYL BUTAMIDO TRIAZONE, POTASSIUM CETYL PHOSPHATE, NIACINAMIDE, TOCOPHEROL, ALUMINUM HYDROXIDE, AMMONIUM POLYACRYLOYLDIMETHYL TAURATE, BUTYROSPERMUM PARKII BUTTER \/ SHEA BUTTER, CAPRYLYL GLYCOL, CI 77491 \/ IRON OXIDES, CI 77499 \/ IRON OXIDES, CITRIC ACID, GLYCERYL STEARATE, HYDROXYPROPYL METHYLCELLULOSE, MYRISTIC ACID, 2-OLEAMIDO-1,3-OCTADECANEDIOL, PALMITIC ACID, PEG-100 STEARATE, PEG-8 LAURATE, SODIUM CHLORIDE, SODIUM DODECYLBENZENESULFONATE, STEARIC ACID, TRIETHANOLAMINE, TRISODIUM ETHYLENEDIAMINE DISUCCINATE (CODE F.I.L. N283104\/1)<\/p>\n","protected":false},"excerpt":{"rendered":"<p><strong>Anthelios Pigment Correct SPF50+<\/strong>\u00a0de\u00a0<strong>La Roche-Posay<\/strong>\u00a0est une cr\u00e8me solaire con\u00e7ue tout sp\u00e9cialement pour prot\u00e9ger la peau du soleil et pr\u00e9venir l\u2019hyperpigmentation.<\/p>\n","protected":false},"featured_media":2186,"comment_status":"open","ping_status":"closed","template":"","meta":{"ocean_post_layout":"","ocean_both_sidebars_style":"","ocean_both_sidebars_content_width":0,"ocean_both_sidebars_sidebars_width":0,"ocean_sidebar":"0","ocean_second_sidebar":"0","ocean_disable_margins":"enable","ocean_add_body_class":"","ocean_shortcode_before_top_bar":"","ocean_shortcode_after_top_bar":"","ocean_shortcode_before_header":"","ocean_shortcode_after_header":"","ocean_has_shortcode":"","ocean_shortcode_after_title":"","ocean_shortcode_before_footer_widgets":"","ocean_shortcode_after_footer_widgets":"","ocean_shortcode_before_footer_bottom":"","ocean_shortcode_after_footer_bottom":"","ocean_display_top_bar":"default","ocean_display_header":"default","ocean_header_style":"","ocean_center_header_left_menu":"0","ocean_custom_header_template":"0","ocean_custom_logo":0,"ocean_custom_retina_logo":0,"ocean_custom_logo_max_width":0,"ocean_custom_logo_tablet_max_width":0,"ocean_custom_logo_mobile_max_width":0,"ocean_custom_logo_max_height":0,"ocean_custom_logo_tablet_max_height":0,"ocean_custom_logo_mobile_max_height":0,"ocean_header_custom_menu":"0","ocean_menu_typo_font_family":"0","ocean_menu_typo_font_subset":"","ocean_menu_typo_font_size":0,"ocean_menu_typo_font_size_tablet":0,"ocean_menu_typo_font_size_mobile":0,"ocean_menu_typo_font_size_unit":"px","ocean_menu_typo_font_weight":"","ocean_menu_typo_font_weight_tablet":"","ocean_menu_typo_font_weight_mobile":"","ocean_menu_typo_transform":"","ocean_menu_typo_transform_tablet":"","ocean_menu_typo_transform_mobile":"","ocean_menu_typo_line_height":0,"ocean_menu_typo_line_height_tablet":0,"ocean_menu_typo_line_height_mobile":0,"ocean_menu_typo_line_height_unit":"","ocean_menu_typo_spacing":0,"ocean_menu_typo_spacing_tablet":0,"ocean_menu_typo_spacing_mobile":0,"ocean_menu_typo_spacing_unit":"","ocean_menu_link_color":"","ocean_menu_link_color_hover":"","ocean_menu_link_color_active":"","ocean_menu_link_background":"","ocean_menu_link_hover_background":"","ocean_menu_link_active_background":"","ocean_menu_social_links_bg":"","ocean_menu_social_hover_links_bg":"","ocean_menu_social_links_color":"","ocean_menu_social_hover_links_color":"","ocean_disable_title":"default","ocean_disable_heading":"default","ocean_post_title":"","ocean_post_subheading":"","ocean_post_title_style":"","ocean_post_title_background_color":"","ocean_post_title_background":0,"ocean_post_title_bg_image_position":"","ocean_post_title_bg_image_attachment":"","ocean_post_title_bg_image_repeat":"","ocean_post_title_bg_image_size":"","ocean_post_title_height":0,"ocean_post_title_bg_overlay":0.5,"ocean_post_title_bg_overlay_color":"","ocean_disable_breadcrumbs":"default","ocean_breadcrumbs_color":"","ocean_breadcrumbs_separator_color":"","ocean_breadcrumbs_links_color":"","ocean_breadcrumbs_links_hover_color":"","ocean_display_footer_widgets":"default","ocean_display_footer_bottom":"default","ocean_custom_footer_template":"0"},"product_brand":[],"product_cat":[71,20],"product_tag":[],"class_list":{"0":"post-2185","1":"product","2":"type-product","3":"status-publish","4":"has-post-thumbnail","6":"product_cat-cremes-solaires","7":"product_cat-solaire","9":"entry","10":"has-media","12":"first","13":"outofstock","14":"taxable","15":"shipping-taxable","16":"purchasable","17":"product-type-simple","18":"has-product-nav","19":"col","20":"span_1_of_3","21":"owp-content-center","22":"owp-thumbs-layout-horizontal","23":"owp-btn-normal","24":"owp-tabs-layout-horizontal"},"_links":{"self":[{"href":"https:\/\/ellypara.com\/index.php\/wp-json\/wp\/v2\/product\/2185","targetHints":{"allow":["GET"]}}],"collection":[{"href":"https:\/\/ellypara.com\/index.php\/wp-json\/wp\/v2\/product"}],"about":[{"href":"https:\/\/ellypara.com\/index.php\/wp-json\/wp\/v2\/types\/product"}],"replies":[{"embeddable":true,"href":"https:\/\/ellypara.com\/index.php\/wp-json\/wp\/v2\/comments?post=2185"}],"wp:featuredmedia":[{"embeddable":true,"href":"https:\/\/ellypara.com\/index.php\/wp-json\/wp\/v2\/media\/2186"}],"wp:attachment":[{"href":"https:\/\/ellypara.com\/index.php\/wp-json\/wp\/v2\/media?parent=2185"}],"wp:term":[{"taxonomy":"product_brand","embeddable":true,"href":"https:\/\/ellypara.com\/index.php\/wp-json\/wp\/v2\/product_brand?post=2185"},{"taxonomy":"product_cat","embeddable":true,"href":"https:\/\/ellypara.com\/index.php\/wp-json\/wp\/v2\/product_cat?post=2185"},{"taxonomy":"product_tag","embeddable":true,"href":"https:\/\/ellypara.com\/index.php\/wp-json\/wp\/v2\/product_tag?post=2185"}],"curies":[{"name":"wp","href":"https:\/\/api.w.org\/{rel}","templated":true}]}}