{"id":2191,"date":"2025-07-07T15:14:05","date_gmt":"2025-07-07T13:14:05","guid":{"rendered":"https:\/\/ellypara.com\/?post_type=product&#038;p=2191"},"modified":"2025-07-07T15:14:06","modified_gmt":"2025-07-07T13:14:06","slug":"la-roche-posay-effaclar-duo-m-soin-triple-correction-anti-imperfections-40ml","status":"publish","type":"product","link":"https:\/\/ellypara.com\/index.php\/produit\/la-roche-posay-effaclar-duo-m-soin-triple-correction-anti-imperfections-40ml\/","title":{"rendered":"La Roche Posay Effaclar DUO+ M Soin Triple Correction Anti-Imperfections 40ml"},"content":{"rendered":"<p><strong>Effaclar Duo+M de La Roche-Posay\u00a0<\/strong>est un soin triple correction anti-imperfections, d\u00e9sormais enrichi par la science du microbiome, pour une\u00a0<strong>efficacit\u00e9 cibl\u00e9e, m\u00eame sur les imperfections s\u00e9v\u00e8res.<\/strong><\/p>\n<p>Une\u00a0<strong>d\u00e9couverte scientifique<\/strong>\u00a0nous montre que dans le microbiome de la peau, les bact\u00e9ries responsables des imperfections sont compos\u00e9es de plusieurs sous-types appel\u00e9s phylotypes. La recherche a montr\u00e9 qu\u2019un manque de diversit\u00e9 entre les phylotypes et une\u00a0<strong>pr\u00e9dominance du phylotype IA1 sont associ\u00e9s \u00e0 la prolif\u00e9ration des imperfections et \u00e0 la s\u00e9v\u00e9rit\u00e9 de l\u2019acn\u00e9<\/strong>.<\/p>\n<p>Cette nouvelle formule enrichie par la science du microbiome gr\u00e2ce au\u00a0<strong>nouvel actif Phylobioma qui agit sur le phylotype IA1 pour r\u00e9duire les imperfections et la surproduction de s\u00e9bum \u00e0 la source<\/strong>.<\/p>\n<p>Son efficacit\u00e9 a \u00e9t\u00e9 prouv\u00e9e sur les\u00a0<strong>peaux grasses \u00e0 tendance acn\u00e9ique<\/strong>. Test\u00e9 sur plus de 6700 sujets, sur tous les phototypes de peau : I, II, III, IV, V, VI.<\/p>\n<p>Ce soin offre une action\u00a0<strong>anti-boutons, anti-points noirs et anti-marques post-acn\u00e9, Anti-rechute<\/strong>.<\/p>\n<p>Sa\u00a0<strong>texture gel-cr\u00e8me frais<\/strong>\u00a0permet une matit\u00e9 longue-dur\u00e9e. Son<strong>\u00a0absorption est rapide<\/strong>\u00a0pour un fini non collant et non gras. IIl constitue une\u00a0<strong>excellente base de maquillage<\/strong>.<\/p>\n<p><strong>Composition<\/strong><\/p>\n<p>AQUA \/ WATER \/ EAU \u2022 GLYCERIN \u2022 DIMETHICONE \u2022 ISOCETYL STEARATE \u2022 NIACINAMIDE \u2022 ISOPROPYL LAUROYL SARCOSINATE \u2022 SILICA \u2022 AMMONIUM POLYACRYLOYLDIMETHYL TAURATE \u2022 ORYZA SATIVA STARCH \/ RICE STARCH \u2022 PUNICA GRANATUM PERICARP EXTRACT \u2022 POTASSIUM CETYL PHOSPHATE \u2022 SORBITAN OLEATE \u2022 ZINC PCA \u2022 GLYCERYL STEARATE SE \u2022 ISOHEXADECANE \u2022 SODIUM HYDROXIDE \u2022 MYRISTYL MYRISTATE \u2022 2-OLEAMIDO-1,3-OCTADECANEDIOL \u2022 MANNOSE \u2022 POLOXAMER 338 \u2022 PROPANEDIOL \u2022 HYDROXYETHOXYPHENYL BUTANONE \u2022 CAPRYLOYL SALICYLIC ACID \u2022 CAPRYLYL GLYCOL \u2022 VITREOSCILLA FERMENT \u2022 CITRIC ACID \u2022 TRISODIUM ETHYLENEDIAMINE DISUCCINATE \u2022 MALTODEXTRIN \u2022 XANTHAN GUM \u2022 PENTYLENE GLYCOL \u2022 POLYSORBATE 80 \u2022 ACRYLAMIDE\/SODIUM ACRYLOYLDIMETHYLTAURATE COPOLYMER \u2022 SALICYLIC ACID \u2022 PIROCTONE OLAMINE \u2022 PARFUM \/ FRAGRANCE (F.I.L. N70027100\/1).<\/p>\n<p><strong>Conseil d\u2019utilisation<\/strong><\/p>\n<p>Appliquez Effaclar Duo+M sur l\u2019ensemble du visage matin et soir apr\u00e8s sur une peau pr\u00e9alablement nettoy\u00e9e avec Effaclar Gel Moussant Purifiant. Peut s\u2019utiliser en base de maquillage.<\/p>\n<p>\u00c9viter le contour des yeux.<\/p>\n","protected":false},"excerpt":{"rendered":"<p>Effaclar Duo+ M est un soin visage complet con\u00e7u par le laboratoire La Roche-Posay. Il s\u2019adresse aux peaux grasses \u00e0 tendance acn\u00e9ique pr\u00e9sentant des boutons, des points noirs ou encore des marques r\u00e9siduelles. Ce soin dispose d\u2019une formule enrichie par la science du microbiome.<\/p>\n","protected":false},"featured_media":2190,"comment_status":"open","ping_status":"closed","template":"","meta":{"ocean_post_layout":"","ocean_both_sidebars_style":"","ocean_both_sidebars_content_width":0,"ocean_both_sidebars_sidebars_width":0,"ocean_sidebar":"0","ocean_second_sidebar":"0","ocean_disable_margins":"enable","ocean_add_body_class":"","ocean_shortcode_before_top_bar":"","ocean_shortcode_after_top_bar":"","ocean_shortcode_before_header":"","ocean_shortcode_after_header":"","ocean_has_shortcode":"","ocean_shortcode_after_title":"","ocean_shortcode_before_footer_widgets":"","ocean_shortcode_after_footer_widgets":"","ocean_shortcode_before_footer_bottom":"","ocean_shortcode_after_footer_bottom":"","ocean_display_top_bar":"default","ocean_display_header":"default","ocean_header_style":"","ocean_center_header_left_menu":"0","ocean_custom_header_template":"0","ocean_custom_logo":0,"ocean_custom_retina_logo":0,"ocean_custom_logo_max_width":0,"ocean_custom_logo_tablet_max_width":0,"ocean_custom_logo_mobile_max_width":0,"ocean_custom_logo_max_height":0,"ocean_custom_logo_tablet_max_height":0,"ocean_custom_logo_mobile_max_height":0,"ocean_header_custom_menu":"0","ocean_menu_typo_font_family":"0","ocean_menu_typo_font_subset":"","ocean_menu_typo_font_size":0,"ocean_menu_typo_font_size_tablet":0,"ocean_menu_typo_font_size_mobile":0,"ocean_menu_typo_font_size_unit":"px","ocean_menu_typo_font_weight":"","ocean_menu_typo_font_weight_tablet":"","ocean_menu_typo_font_weight_mobile":"","ocean_menu_typo_transform":"","ocean_menu_typo_transform_tablet":"","ocean_menu_typo_transform_mobile":"","ocean_menu_typo_line_height":0,"ocean_menu_typo_line_height_tablet":0,"ocean_menu_typo_line_height_mobile":0,"ocean_menu_typo_line_height_unit":"","ocean_menu_typo_spacing":0,"ocean_menu_typo_spacing_tablet":0,"ocean_menu_typo_spacing_mobile":0,"ocean_menu_typo_spacing_unit":"","ocean_menu_link_color":"","ocean_menu_link_color_hover":"","ocean_menu_link_color_active":"","ocean_menu_link_background":"","ocean_menu_link_hover_background":"","ocean_menu_link_active_background":"","ocean_menu_social_links_bg":"","ocean_menu_social_hover_links_bg":"","ocean_menu_social_links_color":"","ocean_menu_social_hover_links_color":"","ocean_disable_title":"default","ocean_disable_heading":"default","ocean_post_title":"","ocean_post_subheading":"","ocean_post_title_style":"","ocean_post_title_background_color":"","ocean_post_title_background":0,"ocean_post_title_bg_image_position":"","ocean_post_title_bg_image_attachment":"","ocean_post_title_bg_image_repeat":"","ocean_post_title_bg_image_size":"","ocean_post_title_height":0,"ocean_post_title_bg_overlay":0.5,"ocean_post_title_bg_overlay_color":"","ocean_disable_breadcrumbs":"default","ocean_breadcrumbs_color":"","ocean_breadcrumbs_separator_color":"","ocean_breadcrumbs_links_color":"","ocean_breadcrumbs_links_hover_color":"","ocean_display_footer_widgets":"default","ocean_display_footer_bottom":"default","ocean_custom_footer_template":"0"},"product_brand":[],"product_cat":[37,39,21],"product_tag":[],"class_list":{"0":"post-2191","1":"product","2":"type-product","3":"status-publish","4":"has-post-thumbnail","6":"product_cat-soins-peau-grasse","7":"product_cat-soins-anti-taches-et-depigmentants","8":"product_cat-visage","10":"entry","11":"has-media","13":"first","14":"outofstock","15":"taxable","16":"shipping-taxable","17":"purchasable","18":"product-type-simple","19":"has-product-nav","20":"col","21":"span_1_of_3","22":"owp-content-center","23":"owp-thumbs-layout-horizontal","24":"owp-btn-normal","25":"owp-tabs-layout-horizontal"},"_links":{"self":[{"href":"https:\/\/ellypara.com\/index.php\/wp-json\/wp\/v2\/product\/2191","targetHints":{"allow":["GET"]}}],"collection":[{"href":"https:\/\/ellypara.com\/index.php\/wp-json\/wp\/v2\/product"}],"about":[{"href":"https:\/\/ellypara.com\/index.php\/wp-json\/wp\/v2\/types\/product"}],"replies":[{"embeddable":true,"href":"https:\/\/ellypara.com\/index.php\/wp-json\/wp\/v2\/comments?post=2191"}],"wp:featuredmedia":[{"embeddable":true,"href":"https:\/\/ellypara.com\/index.php\/wp-json\/wp\/v2\/media\/2190"}],"wp:attachment":[{"href":"https:\/\/ellypara.com\/index.php\/wp-json\/wp\/v2\/media?parent=2191"}],"wp:term":[{"taxonomy":"product_brand","embeddable":true,"href":"https:\/\/ellypara.com\/index.php\/wp-json\/wp\/v2\/product_brand?post=2191"},{"taxonomy":"product_cat","embeddable":true,"href":"https:\/\/ellypara.com\/index.php\/wp-json\/wp\/v2\/product_cat?post=2191"},{"taxonomy":"product_tag","embeddable":true,"href":"https:\/\/ellypara.com\/index.php\/wp-json\/wp\/v2\/product_tag?post=2191"}],"curies":[{"name":"wp","href":"https:\/\/api.w.org\/{rel}","templated":true}]}}