{"id":2200,"date":"2025-07-07T15:25:50","date_gmt":"2025-07-07T13:25:50","guid":{"rendered":"https:\/\/ellypara.com\/?post_type=product&#038;p=2200"},"modified":"2025-07-07T15:25:50","modified_gmt":"2025-07-07T13:25:50","slug":"la-roche-posay-anthelios-post-uv-exposure-lait-apres-soleil-200ml","status":"publish","type":"product","link":"https:\/\/ellypara.com\/index.php\/produit\/la-roche-posay-anthelios-post-uv-exposure-lait-apres-soleil-200ml\/","title":{"rendered":"La Roche Posay Anthelios Post-UV Exposure Lait Apr\u00e8s-Soleil 200ml"},"content":{"rendered":"<p>La Roche-Posay Anthelios Post-UV Exposure Lait Apr\u00e8s-Soleil 200 ml est un soin destin\u00e9 \u00e0 apaiser et r\u00e9parer les peaux sensibles et \u00e9chauff\u00e9es apr\u00e8s une exposition au soleil.<br \/>\nEnrichi en Panthenol, en Glyc\u00e9rine et en eau thermale de La Roche-Posay, ce lait apr\u00e8s-soleil offre une triple action : il apaise et r\u00e9duit les \u00e9chauffements et tiraillements, il aide \u00e0 r\u00e9parer la s\u00e9cheresse cutan\u00e9e et renforce la fonction barri\u00e8re de la peau.<\/p>\n<p>Sa texture lact\u00e9e et fondante p\u00e9n\u00e8tre rapidement, procurant une hydratation et une sensation d\u2019apaisement imm\u00e9diat.<\/p>\n<p><strong>Conseils d\u2019utilisation<\/strong><\/p>\n<p>Appliquer apr\u00e8s le bain ou la douche et masser d\u00e9licatement.<\/p>\n<p><strong>Indication :<\/strong>\u00a0Apr\u00e8s-soleil.<\/p>\n<p><strong>Composition<\/strong><\/p>\n<p>Aqua\/Water\/Eau, Glycerin, Caprylic\/Capric Triglyceride, Alcohol Denat., Butyrospermum Parkii Butter\/Shea Butter, Glyceryl Stearate Se, Octyldodecanol, Cetearyl Alcohol, Glyceryl Stearate Citrate, Tocopherol, Hydroxyacetophenone, Sclerotium Gum, Panthenol, Xanthan Gum, Pentylene Glycol, Mentha Piperita Extract\/Peppermint Extract, Caprylyl Glycol, Citric Acid, Glycine Soja Oil\/Soybean Oil, Parfum\/Fragrance.<\/p>\n","protected":false},"excerpt":{"rendered":"<p>Le lait apr\u00e8s-soleil Anthelios Post-UV Exposure de La Roche-Posay est un soin pour les peaux sensibilis\u00e9es, \u00e9chauff\u00e9es et dess\u00e9ch\u00e9es par le soleil. Son r\u00f4le est d\u2019apaiser la peau, lutter contre la s\u00e9cheresse cutan\u00e9e et renforcer la fonction barri\u00e8re.<\/p>\n","protected":false},"featured_media":2201,"comment_status":"open","ping_status":"closed","template":"","meta":{"ocean_post_layout":"","ocean_both_sidebars_style":"","ocean_both_sidebars_content_width":0,"ocean_both_sidebars_sidebars_width":0,"ocean_sidebar":"0","ocean_second_sidebar":"0","ocean_disable_margins":"enable","ocean_add_body_class":"","ocean_shortcode_before_top_bar":"","ocean_shortcode_after_top_bar":"","ocean_shortcode_before_header":"","ocean_shortcode_after_header":"","ocean_has_shortcode":"","ocean_shortcode_after_title":"","ocean_shortcode_before_footer_widgets":"","ocean_shortcode_after_footer_widgets":"","ocean_shortcode_before_footer_bottom":"","ocean_shortcode_after_footer_bottom":"","ocean_display_top_bar":"default","ocean_display_header":"default","ocean_header_style":"","ocean_center_header_left_menu":"0","ocean_custom_header_template":"0","ocean_custom_logo":0,"ocean_custom_retina_logo":0,"ocean_custom_logo_max_width":0,"ocean_custom_logo_tablet_max_width":0,"ocean_custom_logo_mobile_max_width":0,"ocean_custom_logo_max_height":0,"ocean_custom_logo_tablet_max_height":0,"ocean_custom_logo_mobile_max_height":0,"ocean_header_custom_menu":"0","ocean_menu_typo_font_family":"0","ocean_menu_typo_font_subset":"","ocean_menu_typo_font_size":0,"ocean_menu_typo_font_size_tablet":0,"ocean_menu_typo_font_size_mobile":0,"ocean_menu_typo_font_size_unit":"px","ocean_menu_typo_font_weight":"","ocean_menu_typo_font_weight_tablet":"","ocean_menu_typo_font_weight_mobile":"","ocean_menu_typo_transform":"","ocean_menu_typo_transform_tablet":"","ocean_menu_typo_transform_mobile":"","ocean_menu_typo_line_height":0,"ocean_menu_typo_line_height_tablet":0,"ocean_menu_typo_line_height_mobile":0,"ocean_menu_typo_line_height_unit":"","ocean_menu_typo_spacing":0,"ocean_menu_typo_spacing_tablet":0,"ocean_menu_typo_spacing_mobile":0,"ocean_menu_typo_spacing_unit":"","ocean_menu_link_color":"","ocean_menu_link_color_hover":"","ocean_menu_link_color_active":"","ocean_menu_link_background":"","ocean_menu_link_hover_background":"","ocean_menu_link_active_background":"","ocean_menu_social_links_bg":"","ocean_menu_social_hover_links_bg":"","ocean_menu_social_links_color":"","ocean_menu_social_hover_links_color":"","ocean_disable_title":"default","ocean_disable_heading":"default","ocean_post_title":"","ocean_post_subheading":"","ocean_post_title_style":"","ocean_post_title_background_color":"","ocean_post_title_background":0,"ocean_post_title_bg_image_position":"","ocean_post_title_bg_image_attachment":"","ocean_post_title_bg_image_repeat":"","ocean_post_title_bg_image_size":"","ocean_post_title_height":0,"ocean_post_title_bg_overlay":0.5,"ocean_post_title_bg_overlay_color":"","ocean_disable_breadcrumbs":"default","ocean_breadcrumbs_color":"","ocean_breadcrumbs_separator_color":"","ocean_breadcrumbs_links_color":"","ocean_breadcrumbs_links_hover_color":"","ocean_display_footer_widgets":"default","ocean_display_footer_bottom":"default","ocean_custom_footer_template":"0"},"product_brand":[],"product_cat":[73,20],"product_tag":[],"class_list":{"0":"post-2200","1":"product","2":"type-product","3":"status-publish","4":"has-post-thumbnail","6":"product_cat-apres-solaire","7":"product_cat-solaire","9":"entry","10":"has-media","12":"first","13":"instock","14":"taxable","15":"shipping-taxable","16":"purchasable","17":"product-type-simple","18":"has-product-nav","19":"col","20":"span_1_of_3","21":"owp-content-center","22":"owp-thumbs-layout-horizontal","23":"owp-btn-normal","24":"owp-tabs-layout-horizontal"},"_links":{"self":[{"href":"https:\/\/ellypara.com\/index.php\/wp-json\/wp\/v2\/product\/2200","targetHints":{"allow":["GET"]}}],"collection":[{"href":"https:\/\/ellypara.com\/index.php\/wp-json\/wp\/v2\/product"}],"about":[{"href":"https:\/\/ellypara.com\/index.php\/wp-json\/wp\/v2\/types\/product"}],"replies":[{"embeddable":true,"href":"https:\/\/ellypara.com\/index.php\/wp-json\/wp\/v2\/comments?post=2200"}],"wp:featuredmedia":[{"embeddable":true,"href":"https:\/\/ellypara.com\/index.php\/wp-json\/wp\/v2\/media\/2201"}],"wp:attachment":[{"href":"https:\/\/ellypara.com\/index.php\/wp-json\/wp\/v2\/media?parent=2200"}],"wp:term":[{"taxonomy":"product_brand","embeddable":true,"href":"https:\/\/ellypara.com\/index.php\/wp-json\/wp\/v2\/product_brand?post=2200"},{"taxonomy":"product_cat","embeddable":true,"href":"https:\/\/ellypara.com\/index.php\/wp-json\/wp\/v2\/product_cat?post=2200"},{"taxonomy":"product_tag","embeddable":true,"href":"https:\/\/ellypara.com\/index.php\/wp-json\/wp\/v2\/product_tag?post=2200"}],"curies":[{"name":"wp","href":"https:\/\/api.w.org\/{rel}","templated":true}]}}