{"id":2204,"date":"2025-07-07T15:37:45","date_gmt":"2025-07-07T13:37:45","guid":{"rendered":"https:\/\/ellypara.com\/?post_type=product&#038;p=2204"},"modified":"2025-07-07T18:58:24","modified_gmt":"2025-07-07T16:58:24","slug":"anthelios-uvmune400-ecran-cr-hydra-inv-spf50-p-s-50ml-eau-thermale-50ml-offerte","status":"publish","type":"product","link":"https:\/\/ellypara.com\/index.php\/produit\/anthelios-uvmune400-ecran-cr-hydra-inv-spf50-p-s-50ml-eau-thermale-50ml-offerte\/","title":{"rendered":"LA ROCHE POSAY ANTHELIOS UVMUNE 400 ECRAN CREME HYDRATANTE INVISIBLE SPF50+ 50ML + EAU THERMALE 50ML OFFERTE"},"content":{"rendered":"<p><strong>1\/ La cr\u00e8me solaire peau sensible sans parfum Anthelios UVMUNE 400<\/strong> \u00e0 l\u2019eau thermale de La Roche-Posay est un soin visage SPF50+<\/p>\n<p>\u2022Tr\u00e8s haute protection UVA, UVB et UVA ultra-longs<br \/>\n\u2022Tr\u00e8s r\u00e9sistant \u00e0 l\u2019eau.<br \/>\n\u2022Non com\u00e9dog\u00e8ne.<br \/>\n\u2022 Format flacon-pompe<br \/>\n\u2022 Sans parfum<\/p>\n<p>TEXTURE<br \/>\nTexture fluide hydratante, au fini non gras et non collant. Ne laisse pas de traces blanches.<\/p>\n<p>Appliquez le produit juste avant de vous exposer au soleil. Renouvelez fr\u00e9quemment et g\u00e9n\u00e9reusement l\u2019application pour maintenir la protection, notamment apr\u00e8s avoir transpir\u00e9 ou vous \u00eatre essuy\u00e9. Usage externe.<br \/>\nUne surexposition au soleil est dangereuse. M\u00eame si vous utilisez un produit de protection solaire, car il ne prot\u00e8ge pas \u00e0 100 %. Les b\u00e9b\u00e9s et jeunes enfants ne doivent pas \u00eatre directement expos\u00e9s au soleil.<\/p>\n<p>MEXORYL 400 : Une r\u00e9volution en mati\u00e8re de protection UV en 30 ans ; un nouveau filtre UV exclusif qui prot\u00e8ge m\u00eame contre les rayons UV les plus insidieux: ultra-long-UVA* *[340-400nm] = UVA-longs \/ [380-400nm] = fin du spectre que l\u2019on appelle UVA ultra-longs.<\/p>\n<p>TECHNOLOGIE NETLOCK : La technologie netlock emprisonne les filtres UV dans un film ultra fin pour une tenue infaillible. Non seulement la formule est non grasse et non collante, mais ces micro-gouttes de gel se regroupent pour former une protection forte, homog\u00e8ne et tr\u00e8s r\u00e9sistante.<\/p>\n<p>GLYC\u00c9RINE : Agent hydratant. Aide \u00e0 r\u00e9parer et \u00e0 prot\u00e9ger la barri\u00e8re cutan\u00e9e.<\/p>\n<p><strong>2\/ L\u2019eau thermale de la Roche Posay<\/strong> apaise, d\u00e9congestionne et contribue \u00e0 pr\u00e9venir le vieillissement cutan\u00e9. Soin essentiel des peaux sensibles, elle apaise les peaux passag\u00e8rement irrit\u00e9es par des agressions ext\u00e9rieures (soleil, traitements dermatologiques). Charte stricte de formulation pour minimiser les risques d\u2019intol\u00e9rances. L\u2019association unique de sels min\u00e9raux et oligo-\u00e9l\u00e9ments, dont le S\u00e9l\u00e9nium conf\u00e8re \u00e0 l\u2019eau thermale de La Roche-Posay des propri\u00e9t\u00e9s anti-oxydantes, anti-irritantes apaisantes et adoucissantes scientifiquement d\u00e9montr\u00e9es. Adultes et b\u00e9b\u00e9.<br \/>\nConseil d\u2019utilisation<br \/>\nVaporiser puis laisser p\u00e9n\u00e9trer 2-3 minutes. Tamponner l\u2019exc\u00e9dent avec douceur.<br \/>\nComposition<br \/>\nEau thermale de la Roche-Posay et Min\u00e9raux. Min\u00e9ralisation caract\u00e9ristique pour 1 litre : Bicarbonates : 387 mg Calcium : 149 mg Silicates : 31,6 mg Magn\u00e9sium : 4,4 mg S\u00e9l\u00e9nium : 53 \u00b5g Cuivre, Zinc : &lt; 5 \u00b5g R\u00e9sidu sec \u00e0 180\u00b0C : 595 mg pH neutre : 7<\/p>\n<p>&nbsp;<\/p>\n","protected":false},"excerpt":{"rendered":"<ul>\n<li>La cr\u00e8me solaire peau sensible Anthelios UVMUNE 400 \u00e0 l\u2019eau thermale de La Roche-Posay est un soin visage SPF50+<\/li>\n<li>Eau thermale 50ml offerte<\/li>\n<\/ul>\n","protected":false},"featured_media":2205,"comment_status":"open","ping_status":"closed","template":"","meta":{"ocean_post_layout":"","ocean_both_sidebars_style":"","ocean_both_sidebars_content_width":0,"ocean_both_sidebars_sidebars_width":0,"ocean_sidebar":"0","ocean_second_sidebar":"0","ocean_disable_margins":"enable","ocean_add_body_class":"","ocean_shortcode_before_top_bar":"","ocean_shortcode_after_top_bar":"","ocean_shortcode_before_header":"","ocean_shortcode_after_header":"","ocean_has_shortcode":"","ocean_shortcode_after_title":"","ocean_shortcode_before_footer_widgets":"","ocean_shortcode_after_footer_widgets":"","ocean_shortcode_before_footer_bottom":"","ocean_shortcode_after_footer_bottom":"","ocean_display_top_bar":"default","ocean_display_header":"default","ocean_header_style":"","ocean_center_header_left_menu":"0","ocean_custom_header_template":"0","ocean_custom_logo":0,"ocean_custom_retina_logo":0,"ocean_custom_logo_max_width":0,"ocean_custom_logo_tablet_max_width":0,"ocean_custom_logo_mobile_max_width":0,"ocean_custom_logo_max_height":0,"ocean_custom_logo_tablet_max_height":0,"ocean_custom_logo_mobile_max_height":0,"ocean_header_custom_menu":"0","ocean_menu_typo_font_family":"0","ocean_menu_typo_font_subset":"","ocean_menu_typo_font_size":0,"ocean_menu_typo_font_size_tablet":0,"ocean_menu_typo_font_size_mobile":0,"ocean_menu_typo_font_size_unit":"px","ocean_menu_typo_font_weight":"","ocean_menu_typo_font_weight_tablet":"","ocean_menu_typo_font_weight_mobile":"","ocean_menu_typo_transform":"","ocean_menu_typo_transform_tablet":"","ocean_menu_typo_transform_mobile":"","ocean_menu_typo_line_height":0,"ocean_menu_typo_line_height_tablet":0,"ocean_menu_typo_line_height_mobile":0,"ocean_menu_typo_line_height_unit":"","ocean_menu_typo_spacing":0,"ocean_menu_typo_spacing_tablet":0,"ocean_menu_typo_spacing_mobile":0,"ocean_menu_typo_spacing_unit":"","ocean_menu_link_color":"","ocean_menu_link_color_hover":"","ocean_menu_link_color_active":"","ocean_menu_link_background":"","ocean_menu_link_hover_background":"","ocean_menu_link_active_background":"","ocean_menu_social_links_bg":"","ocean_menu_social_hover_links_bg":"","ocean_menu_social_links_color":"","ocean_menu_social_hover_links_color":"","ocean_disable_title":"default","ocean_disable_heading":"default","ocean_post_title":"","ocean_post_subheading":"","ocean_post_title_style":"","ocean_post_title_background_color":"","ocean_post_title_background":0,"ocean_post_title_bg_image_position":"","ocean_post_title_bg_image_attachment":"","ocean_post_title_bg_image_repeat":"","ocean_post_title_bg_image_size":"","ocean_post_title_height":0,"ocean_post_title_bg_overlay":0.5,"ocean_post_title_bg_overlay_color":"","ocean_disable_breadcrumbs":"default","ocean_breadcrumbs_color":"","ocean_breadcrumbs_separator_color":"","ocean_breadcrumbs_links_color":"","ocean_breadcrumbs_links_hover_color":"","ocean_display_footer_widgets":"default","ocean_display_footer_bottom":"default","ocean_custom_footer_template":"0"},"product_brand":[],"product_cat":[71,20],"product_tag":[],"class_list":{"0":"post-2204","1":"product","2":"type-product","3":"status-publish","4":"has-post-thumbnail","6":"product_cat-cremes-solaires","7":"product_cat-solaire","9":"entry","10":"has-media","12":"first","13":"instock","14":"taxable","15":"shipping-taxable","16":"purchasable","17":"product-type-simple","18":"has-product-nav","19":"col","20":"span_1_of_3","21":"owp-content-center","22":"owp-thumbs-layout-horizontal","23":"owp-btn-normal","24":"owp-tabs-layout-horizontal"},"_links":{"self":[{"href":"https:\/\/ellypara.com\/index.php\/wp-json\/wp\/v2\/product\/2204","targetHints":{"allow":["GET"]}}],"collection":[{"href":"https:\/\/ellypara.com\/index.php\/wp-json\/wp\/v2\/product"}],"about":[{"href":"https:\/\/ellypara.com\/index.php\/wp-json\/wp\/v2\/types\/product"}],"replies":[{"embeddable":true,"href":"https:\/\/ellypara.com\/index.php\/wp-json\/wp\/v2\/comments?post=2204"}],"wp:featuredmedia":[{"embeddable":true,"href":"https:\/\/ellypara.com\/index.php\/wp-json\/wp\/v2\/media\/2205"}],"wp:attachment":[{"href":"https:\/\/ellypara.com\/index.php\/wp-json\/wp\/v2\/media?parent=2204"}],"wp:term":[{"taxonomy":"product_brand","embeddable":true,"href":"https:\/\/ellypara.com\/index.php\/wp-json\/wp\/v2\/product_brand?post=2204"},{"taxonomy":"product_cat","embeddable":true,"href":"https:\/\/ellypara.com\/index.php\/wp-json\/wp\/v2\/product_cat?post=2204"},{"taxonomy":"product_tag","embeddable":true,"href":"https:\/\/ellypara.com\/index.php\/wp-json\/wp\/v2\/product_tag?post=2204"}],"curies":[{"name":"wp","href":"https:\/\/api.w.org\/{rel}","templated":true}]}}