{"id":2211,"date":"2025-07-07T20:16:40","date_gmt":"2025-07-07T18:16:40","guid":{"rendered":"https:\/\/ellypara.com\/?post_type=product&#038;p=2211"},"modified":"2025-07-07T20:30:59","modified_gmt":"2025-07-07T18:30:59","slug":"la-roche-posay-anthelios-uvmune-400-creme-hydratante-teinte-spf50-50ml","status":"publish","type":"product","link":"https:\/\/ellypara.com\/index.php\/produit\/la-roche-posay-anthelios-uvmune-400-creme-hydratante-teinte-spf50-50ml\/","title":{"rendered":"LA ROCHE POSAY Anthelios Uvmune 400 Creme Hydratante Teinte SPF50+ 50ml"},"content":{"rendered":"<p><strong>La cr\u00e8me hydratante teint\u00e9e pour le visage Anthelios\u00a0UVMune 400\u00a0<\/strong>est un soin du visage d\u00e9velopp\u00e9\u00a0par les Laboratoires La Roche Posay\u00a0\u00e0 destination des peaux particuli\u00e8rement sensibles. Dot\u00e9e d\u2019un indice de protection\u00a0<strong>SFP 50+,\u00a0<\/strong>elle\u00a0<strong>prot\u00e8ge votre peau des rayons UVA et UVB<\/strong>\u00a0gr\u00e2ce \u00e0 sa technologie large spectre qui diminue \u00e9galement les effets n\u00e9fastes du stress oxydatif et de la pollution. Elle b\u00e9n\u00e9fice de surcro\u00eet d\u2019une technologie\u00a0anti-picotement oculaire qui pr\u00e9serve la sensibilit\u00e9 du contour des yeux.<\/p>\n<p>La\u00a0<strong>cr\u00e8me teint\u00e9e pour le visage La Roche Posay Anth\u00e9lios UVMune 400<\/strong>\u00a0poss\u00e8de une teinte universelle qui va pouvoir s\u2019adapter \u00e0\u00a0<strong>tous les types de carnation<\/strong>\u00a0tout en masquant les imperfections de votre visage afin de vous offrir un teint parfait tout au long de la journ\u00e9e. Sa texture\u00a0onctueuse p\u00e9n\u00e8tre en profondeur dans le derme et laisse une sensation non grasse sur l\u2019\u00e9piderme pour une\u00a0<strong>finition mate<\/strong>\u00a0sans aucune trace r\u00e9siduelle\u00a0sur le visage.\u00a0Bien que sa formule\u00a0<strong>r\u00e9siste \u00e0 l\u2019eau et \u00e0 la transpiration<\/strong><strong>,\u00a0<\/strong>il est toutefois conseill\u00e9 de renouveler fr\u00e9quemment son application apr\u00e8s avoir nag\u00e9 ou vous \u00eatre essuy\u00e9.<\/p>\n<p>Cette\u00a0<strong>cr\u00e8me hydratante UBMune 400 Anthelios de La Roche Posay<\/strong>\u00a0a \u00e9t\u00e9 test\u00e9e sous contr\u00f4le dermatologique ainsi que sur des porteurs de lentilles de contact afin de prouver toute son innocuit\u00e9. Dans le cas o\u00f9 votre peau marque de premiers sillons, le\u00a0s\u00e9rum Hyalu B5 anti-rides La Roche Posay\u00a0saura r\u00e9hydrater et repulper votre derme.<\/p>\n<p><strong>Conditionnement<\/strong>\u00a0: un flacon pompe de 50ml<\/p>\n","protected":false},"excerpt":{"rendered":"<p>La Roche-Posay Anthelios UVMune 400 Protection ultime UVA Ultra-longs.<\/p>\n","protected":false},"featured_media":2212,"comment_status":"open","ping_status":"closed","template":"","meta":{"ocean_post_layout":"","ocean_both_sidebars_style":"","ocean_both_sidebars_content_width":0,"ocean_both_sidebars_sidebars_width":0,"ocean_sidebar":"0","ocean_second_sidebar":"0","ocean_disable_margins":"enable","ocean_add_body_class":"","ocean_shortcode_before_top_bar":"","ocean_shortcode_after_top_bar":"","ocean_shortcode_before_header":"","ocean_shortcode_after_header":"","ocean_has_shortcode":"","ocean_shortcode_after_title":"","ocean_shortcode_before_footer_widgets":"","ocean_shortcode_after_footer_widgets":"","ocean_shortcode_before_footer_bottom":"","ocean_shortcode_after_footer_bottom":"","ocean_display_top_bar":"default","ocean_display_header":"default","ocean_header_style":"","ocean_center_header_left_menu":"0","ocean_custom_header_template":"0","ocean_custom_logo":0,"ocean_custom_retina_logo":0,"ocean_custom_logo_max_width":0,"ocean_custom_logo_tablet_max_width":0,"ocean_custom_logo_mobile_max_width":0,"ocean_custom_logo_max_height":0,"ocean_custom_logo_tablet_max_height":0,"ocean_custom_logo_mobile_max_height":0,"ocean_header_custom_menu":"0","ocean_menu_typo_font_family":"0","ocean_menu_typo_font_subset":"","ocean_menu_typo_font_size":0,"ocean_menu_typo_font_size_tablet":0,"ocean_menu_typo_font_size_mobile":0,"ocean_menu_typo_font_size_unit":"px","ocean_menu_typo_font_weight":"","ocean_menu_typo_font_weight_tablet":"","ocean_menu_typo_font_weight_mobile":"","ocean_menu_typo_transform":"","ocean_menu_typo_transform_tablet":"","ocean_menu_typo_transform_mobile":"","ocean_menu_typo_line_height":0,"ocean_menu_typo_line_height_tablet":0,"ocean_menu_typo_line_height_mobile":0,"ocean_menu_typo_line_height_unit":"","ocean_menu_typo_spacing":0,"ocean_menu_typo_spacing_tablet":0,"ocean_menu_typo_spacing_mobile":0,"ocean_menu_typo_spacing_unit":"","ocean_menu_link_color":"","ocean_menu_link_color_hover":"","ocean_menu_link_color_active":"","ocean_menu_link_background":"","ocean_menu_link_hover_background":"","ocean_menu_link_active_background":"","ocean_menu_social_links_bg":"","ocean_menu_social_hover_links_bg":"","ocean_menu_social_links_color":"","ocean_menu_social_hover_links_color":"","ocean_disable_title":"default","ocean_disable_heading":"default","ocean_post_title":"","ocean_post_subheading":"","ocean_post_title_style":"","ocean_post_title_background_color":"","ocean_post_title_background":0,"ocean_post_title_bg_image_position":"","ocean_post_title_bg_image_attachment":"","ocean_post_title_bg_image_repeat":"","ocean_post_title_bg_image_size":"","ocean_post_title_height":0,"ocean_post_title_bg_overlay":0.5,"ocean_post_title_bg_overlay_color":"","ocean_disable_breadcrumbs":"default","ocean_breadcrumbs_color":"","ocean_breadcrumbs_separator_color":"","ocean_breadcrumbs_links_color":"","ocean_breadcrumbs_links_hover_color":"","ocean_display_footer_widgets":"default","ocean_display_footer_bottom":"default","ocean_custom_footer_template":"0"},"product_brand":[],"product_cat":[71,20],"product_tag":[],"class_list":{"0":"post-2211","1":"product","2":"type-product","3":"status-publish","4":"has-post-thumbnail","6":"product_cat-cremes-solaires","7":"product_cat-solaire","9":"entry","10":"has-media","12":"first","13":"instock","14":"taxable","15":"shipping-taxable","16":"purchasable","17":"product-type-simple","18":"has-product-nav","19":"col","20":"span_1_of_3","21":"owp-content-center","22":"owp-thumbs-layout-horizontal","23":"owp-btn-normal","24":"owp-tabs-layout-horizontal","25":"has-no-thumbnails"},"_links":{"self":[{"href":"https:\/\/ellypara.com\/index.php\/wp-json\/wp\/v2\/product\/2211","targetHints":{"allow":["GET"]}}],"collection":[{"href":"https:\/\/ellypara.com\/index.php\/wp-json\/wp\/v2\/product"}],"about":[{"href":"https:\/\/ellypara.com\/index.php\/wp-json\/wp\/v2\/types\/product"}],"replies":[{"embeddable":true,"href":"https:\/\/ellypara.com\/index.php\/wp-json\/wp\/v2\/comments?post=2211"}],"wp:featuredmedia":[{"embeddable":true,"href":"https:\/\/ellypara.com\/index.php\/wp-json\/wp\/v2\/media\/2212"}],"wp:attachment":[{"href":"https:\/\/ellypara.com\/index.php\/wp-json\/wp\/v2\/media?parent=2211"}],"wp:term":[{"taxonomy":"product_brand","embeddable":true,"href":"https:\/\/ellypara.com\/index.php\/wp-json\/wp\/v2\/product_brand?post=2211"},{"taxonomy":"product_cat","embeddable":true,"href":"https:\/\/ellypara.com\/index.php\/wp-json\/wp\/v2\/product_cat?post=2211"},{"taxonomy":"product_tag","embeddable":true,"href":"https:\/\/ellypara.com\/index.php\/wp-json\/wp\/v2\/product_tag?post=2211"}],"curies":[{"name":"wp","href":"https:\/\/api.w.org\/{rel}","templated":true}]}}