{"id":2213,"date":"2025-07-07T20:24:20","date_gmt":"2025-07-07T18:24:20","guid":{"rendered":"https:\/\/ellypara.com\/?post_type=product&#038;p=2213"},"modified":"2025-07-07T20:24:20","modified_gmt":"2025-07-07T18:24:20","slug":"la-roche-posay-anthelios-creme-hydratante-spf50-sans-parfum-50ml","status":"publish","type":"product","link":"https:\/\/ellypara.com\/index.php\/produit\/la-roche-posay-anthelios-creme-hydratante-spf50-sans-parfum-50ml\/","title":{"rendered":"LA ROCHE POSAY Anthelios Creme Hydratante SPF50+ Sans Parfum 50ml"},"content":{"rendered":"<p><strong>B\u00c9N\u00c9FICES<\/strong><br \/>\n<strong>1\/ PROT\u00c8GE LA PEAU DES RAYONS UV ET DES DOMMAGES CELLULAIRES PROFONDS<\/strong><br \/>\nLa cr\u00e8me solaire peau sensible Anthelios UVMUNE 400 50+ comporte le nouveau filtre MEXORYL400 qui prot\u00e8ge la peau des rayons UVA ultra-longs jusqu\u2019\u00e0 400nm.<\/p>\n<p><strong>2\/ PROT\u00c8GE LA PEAU DES RAYONS UV ET DU STRESS OXYDATIF DES CELLULES<\/strong><br \/>\nGr\u00e2ce \u00e0 XL-PROTECT, une technologie de filtrage brevet\u00e9e, la cr\u00e8me solaire peau sensible sans parfum contribue \u00e0 la protection de l\u2019apparition de radicaux libres, responsables du stress oxydatif des cellules caus\u00e9s par les rayons UVA et UVB.<br \/>\n<strong><br \/>\n3\/ FORMULATION HAUTE TOL\u00c9RANCE<\/strong><br \/>\nCette cr\u00e8me solaire visage hydratante sans parfum est formul\u00e9e avec des actifs dermatologiques de r\u00e9f\u00e9rence et sans parfum pour maximiser la tol\u00e9rance sur les peaux r\u00e9actives et sensibles au soleil. De ce fait, elle peut \u00eatre appliqu\u00e9e sur la zone fine et fragile du contour de l\u2019\u0153il.<\/p>\n<p>Pour une peau souple, confortable et lumineuse, la cr\u00e8me solaire peau sensible sans parfum Anthelios UVMUNE 400 est enrichie en\u00a0Glyc\u00e9rine, actif humectant qui procure jusqu\u2019\u00e0 24h d\u2019hydratation et en eau thermale La Roche-Posay, apaisante et antioxydante.<\/p>\n<p>Efficacit\u00e9 cliniquement prouv\u00e9e, test\u00e9e sous contr\u00f4le dermatologique et ophtalmologique sur plus de 100 personnes avec diff\u00e9rents phototypes (I-VI) :<\/p>\n<p>R\u00e9sultats visibles confirm\u00e9s par les consommateurs*\u202f:<br \/>\n<strong>imm\u00e9diatement apr\u00e8s utilisation,<\/strong><\/p>\n<ul>\n<li><span class=\"h-text-size-22-for-large h-text-size-18-for-small\">94,6%<\/span>\u00a0La peau est confortable<\/li>\n<li><span class=\"h-text-size-22-for-large h-text-size-18-for-small\">99,1%<\/span>\u00a0La peau est hydrat\u00e9e<\/li>\n<li><span class=\"h-text-size-22-for-large h-text-size-18-for-small\">93,6%<\/span>\u00a0Le produit est rapidement absorb\u00e9<\/li>\n<li><span class=\"h-text-size-22-for-large h-text-size-18-for-small\">98,2%<\/span>\u00a0Le produit ne laisse pas de marques blanches sur la peau apr\u00e8s application**<\/li>\n<\/ul>\n<p><strong>INDICATION<\/strong><br \/>\nPeaux sensibles et peaux s\u00e8ches. Test\u00e9 sous contr\u00f4le dermatologique sur peau sensible. *compar\u00e9 \u00e0 un tube en plastique similaire.<\/p>\n<p><b>Probl\u00e8mes cibl\u00e9s<\/b>\u00a0:<\/p>\n<ul>\n<li>Photo-protection<\/li>\n<li>Dommages caus\u00e9s par le soleil<\/li>\n<li>Pr\u00e9vention des taches pigmentaires et des risques de photosensibilisation<\/li>\n<\/ul>\n<p><b>Type de peau :<\/b><\/p>\n<ul>\n<li>Convient aux peaux sensibles et r\u00e9actives<\/li>\n<li>Sujettes aux intol\u00e9rances solaires<\/li>\n<\/ul>\n<p><b>\u00c2ge :<\/b><\/p>\n<ul>\n<li>\u00c0 partir de 12 ans<\/li>\n<\/ul>\n<p><strong>TEXTURE<\/strong><br \/>\nTexture fluide hydratante, au fini non gras et non collant. Ne laisse pas de traces blanches.<\/p>\n<p><strong>APPLICATION<\/strong><br \/>\nAppliquez la cr\u00e8me solaire peau sensible sans parfum Anthelios UVMUNE 400 50+ chaque matin et avant chaque exposition au soleil.<\/p>\n<p>Renouvelez fr\u00e9quemment et g\u00e9n\u00e9reusement l\u2019application de la cr\u00e8me solaire visage hydratant pour maintenir une protection optimale, notamment apr\u00e8s la baignade ou une forte transpiration.<\/p>\n<p>Il est recommand\u00e9 d\u2019appliquer une cr\u00e8me solaire avant chaque exposition au soleil afin de r\u00e9duire les risques de cancer cutan\u00e9 et de vieillissement pr\u00e9matur\u00e9 de la peau (taches pigmentaires, rides, perte de fermet\u00e9\u2026).<\/p>\n<p><img decoding=\"async\" title=\"La roche posay anthelios creme hydratante spf50+ sans parfum 50ml\" src=\"https:\/\/www.laroche-posay.fr\/on\/demandware.static\/-\/Sites-lrp-ng-master-catalog\/fr_FR\/dw57ca7c09\/Product_Picto\/Product_Sort\/8_ETUI_TUBE_TRI.png\" alt=\"Tri et environnement\" \/><\/p>\n","protected":false},"excerpt":{"rendered":"<p><b><strong>Tr\u00e8s haute protection UVA, UVB et UVA ultra-longs<\/strong><\/b><\/p>\n<p><b><strong>Ultra-r\u00e9sistance :\u00a0<\/strong><\/b>eau et sable.<\/p>\n<p><b><strong>Haute tol\u00e9rance :<\/strong><\/b>\u00a0ne pique pas les yeux<\/p>\n<p><b><strong>Texture :\u00a0<\/strong><\/b>invisible et l\u00e9g\u00e8re.<\/p>\n<p><b><strong>Sans parfum.\u00a0<\/strong><\/b><\/p>\n","protected":false},"featured_media":2214,"comment_status":"open","ping_status":"closed","template":"","meta":{"ocean_post_layout":"","ocean_both_sidebars_style":"","ocean_both_sidebars_content_width":0,"ocean_both_sidebars_sidebars_width":0,"ocean_sidebar":"0","ocean_second_sidebar":"0","ocean_disable_margins":"enable","ocean_add_body_class":"","ocean_shortcode_before_top_bar":"","ocean_shortcode_after_top_bar":"","ocean_shortcode_before_header":"","ocean_shortcode_after_header":"","ocean_has_shortcode":"","ocean_shortcode_after_title":"","ocean_shortcode_before_footer_widgets":"","ocean_shortcode_after_footer_widgets":"","ocean_shortcode_before_footer_bottom":"","ocean_shortcode_after_footer_bottom":"","ocean_display_top_bar":"default","ocean_display_header":"default","ocean_header_style":"","ocean_center_header_left_menu":"0","ocean_custom_header_template":"0","ocean_custom_logo":0,"ocean_custom_retina_logo":0,"ocean_custom_logo_max_width":0,"ocean_custom_logo_tablet_max_width":0,"ocean_custom_logo_mobile_max_width":0,"ocean_custom_logo_max_height":0,"ocean_custom_logo_tablet_max_height":0,"ocean_custom_logo_mobile_max_height":0,"ocean_header_custom_menu":"0","ocean_menu_typo_font_family":"0","ocean_menu_typo_font_subset":"","ocean_menu_typo_font_size":0,"ocean_menu_typo_font_size_tablet":0,"ocean_menu_typo_font_size_mobile":0,"ocean_menu_typo_font_size_unit":"px","ocean_menu_typo_font_weight":"","ocean_menu_typo_font_weight_tablet":"","ocean_menu_typo_font_weight_mobile":"","ocean_menu_typo_transform":"","ocean_menu_typo_transform_tablet":"","ocean_menu_typo_transform_mobile":"","ocean_menu_typo_line_height":0,"ocean_menu_typo_line_height_tablet":0,"ocean_menu_typo_line_height_mobile":0,"ocean_menu_typo_line_height_unit":"","ocean_menu_typo_spacing":0,"ocean_menu_typo_spacing_tablet":0,"ocean_menu_typo_spacing_mobile":0,"ocean_menu_typo_spacing_unit":"","ocean_menu_link_color":"","ocean_menu_link_color_hover":"","ocean_menu_link_color_active":"","ocean_menu_link_background":"","ocean_menu_link_hover_background":"","ocean_menu_link_active_background":"","ocean_menu_social_links_bg":"","ocean_menu_social_hover_links_bg":"","ocean_menu_social_links_color":"","ocean_menu_social_hover_links_color":"","ocean_disable_title":"default","ocean_disable_heading":"default","ocean_post_title":"","ocean_post_subheading":"","ocean_post_title_style":"","ocean_post_title_background_color":"","ocean_post_title_background":0,"ocean_post_title_bg_image_position":"","ocean_post_title_bg_image_attachment":"","ocean_post_title_bg_image_repeat":"","ocean_post_title_bg_image_size":"","ocean_post_title_height":0,"ocean_post_title_bg_overlay":0.5,"ocean_post_title_bg_overlay_color":"","ocean_disable_breadcrumbs":"default","ocean_breadcrumbs_color":"","ocean_breadcrumbs_separator_color":"","ocean_breadcrumbs_links_color":"","ocean_breadcrumbs_links_hover_color":"","ocean_display_footer_widgets":"default","ocean_display_footer_bottom":"default","ocean_custom_footer_template":"0"},"product_brand":[],"product_cat":[71,20],"product_tag":[],"class_list":{"0":"post-2213","1":"product","2":"type-product","3":"status-publish","4":"has-post-thumbnail","6":"product_cat-cremes-solaires","7":"product_cat-solaire","9":"entry","10":"has-media","12":"first","13":"outofstock","14":"taxable","15":"shipping-taxable","16":"purchasable","17":"product-type-simple","18":"has-product-nav","19":"col","20":"span_1_of_3","21":"owp-content-center","22":"owp-thumbs-layout-horizontal","23":"owp-btn-normal","24":"owp-tabs-layout-horizontal","25":"has-no-thumbnails"},"_links":{"self":[{"href":"https:\/\/ellypara.com\/index.php\/wp-json\/wp\/v2\/product\/2213","targetHints":{"allow":["GET"]}}],"collection":[{"href":"https:\/\/ellypara.com\/index.php\/wp-json\/wp\/v2\/product"}],"about":[{"href":"https:\/\/ellypara.com\/index.php\/wp-json\/wp\/v2\/types\/product"}],"replies":[{"embeddable":true,"href":"https:\/\/ellypara.com\/index.php\/wp-json\/wp\/v2\/comments?post=2213"}],"wp:featuredmedia":[{"embeddable":true,"href":"https:\/\/ellypara.com\/index.php\/wp-json\/wp\/v2\/media\/2214"}],"wp:attachment":[{"href":"https:\/\/ellypara.com\/index.php\/wp-json\/wp\/v2\/media?parent=2213"}],"wp:term":[{"taxonomy":"product_brand","embeddable":true,"href":"https:\/\/ellypara.com\/index.php\/wp-json\/wp\/v2\/product_brand?post=2213"},{"taxonomy":"product_cat","embeddable":true,"href":"https:\/\/ellypara.com\/index.php\/wp-json\/wp\/v2\/product_cat?post=2213"},{"taxonomy":"product_tag","embeddable":true,"href":"https:\/\/ellypara.com\/index.php\/wp-json\/wp\/v2\/product_tag?post=2213"}],"curies":[{"name":"wp","href":"https:\/\/api.w.org\/{rel}","templated":true}]}}